{"id":972,"date":"2016-11-09T10:24:37","date_gmt":"2016-11-09T10:24:37","guid":{"rendered":"http:\/\/fumed-silica.net\/?page_id=972"},"modified":"2021-01-08T05:52:00","modified_gmt":"2021-01-08T05:52:00","slug":"home-page","status":"publish","type":"page","link":"https:\/\/fumed-silica.net\/fr\/","title":{"rendered":"Accueil"},"content":{"rendered":"<div id=\"pl-972\"  class=\"panel-layout\" ><div id=\"pg-972-0\"  class=\"panel-grid panel-no-style\" ><div id=\"pgc-972-0-0\"  class=\"panel-grid-cell\" ><div id=\"panel-972-0-0-1\" class=\"so-panel widget widget_sow-features panel-last-child\" data-index=\"1\" ><div\n\t\t\t\n\t\t\tclass=\"so-widget-sow-features so-widget-sow-features-default-00569ef648d7-972\"\n\t\t\t\n\t\t><ul\n\tclass=\"sow-features-list\n\tsow-features-responsive\">\n\n\t\t\t<li\n\t\t\tclass=\"sow-features-feature sow-icon-container-position-top\"\n\t\t\tstyle=\"display: flex; flex-direction: column; width: calc(33.333% - 25px);\"\n\t\t>\n\t\t\t\n\t\t\t\t\t\t<div\t\t\t\tclass=\"sow-icon-container sow-container-rounded-square\"\n\t\t\t\tstyle=\"color: #404040; \"\n\t\t\t\t\n\t\t\t\t\t\t\t>\n\t\t\t\t<span class=\"sow-icon-elegantline\" data-sow-icon=\"&#xe02b;\"\n\t\tstyle=\"font-size: 34px; color: #FFFFFF\" \n\t\taria-hidden=\"true\"><\/span>\t\t\t<\/div>\n\n\t\t\t<div class=\"textwidget\">\n\t\t\t\t\n\t\t\t\t\t\t\t\t\t<h5 class=\"sow-features-feature-title\">\n\t\t\t\t\t\tTECHNOLOGIE AVANC\u00c9E\t\t\t\t\t<\/h5>\n\t\t\t\t\n\t\t\t\t\t\t\t\t\t<div class=\"sow-features-feature-text\">\n\t\t\t\t\tIntroduction et d\u00e9veloppement d'une technologie de pointe, une gamme compl\u00e8te de produits de haute qualit\u00e9 par rapport aux meilleurs fabricants. <br \/> <a href=\"\/fr\/technique-quality\/technique\/\"> More ... <\/a>\t\t\t\t\t<\/div>\n\t\t\t\t\t\t\t\t<\/div>\n\t\t\t\t\t\t\t\t<\/li>\n\n\t\t\t<li\n\t\t\tclass=\"sow-features-feature sow-icon-container-position-top\"\n\t\t\tstyle=\"display: flex; flex-direction: column; width: calc(33.333% - 25px);\"\n\t\t>\n\t\t\t\n\t\t\t\t\t\t<div\t\t\t\tclass=\"sow-icon-container sow-container-rounded-square\"\n\t\t\t\tstyle=\"color: #404040; \"\n\t\t\t\t\n\t\t\t\t\t\t\t>\n\t\t\t\t<span class=\"sow-icon-fontawesome sow-fas\" data-sow-icon=\"&#xf0c3;\"\n\t\tstyle=\"font-size: 34px\" \n\t\taria-hidden=\"true\"><\/span>\t\t\t<\/div>\n\n\t\t\t<div class=\"textwidget\">\n\t\t\t\t\n\t\t\t\t\t\t\t\t\t<h5 class=\"sow-features-feature-title\">\n\t\t\t\t\t\tCONTR\u00d4LE DE QUALIT\u00c9 STRICTE\t\t\t\t\t<\/h5>\n\t\t\t\t\n\t\t\t\t\t\t\t\t\t<div class=\"sow-features-feature-text\">\n\t\t\t\t\tAnalyser l'\u00e9quipement, une politique standardis\u00e9e et d'excellents techniciens garantissent la haute qualit\u00e9 de chaque lot. <br \/> <a href=\"\/fr\/technique-quality\/quality-control\/\"> More... <\/a>\t\t\t\t\t<\/div>\n\t\t\t\t\t\t\t\t<\/div>\n\t\t\t\t\t\t\t\t<\/li>\n\n\t\t\t<li\n\t\t\tclass=\"sow-features-feature sow-icon-container-position-top\"\n\t\t\tstyle=\"display: flex; flex-direction: column; width: calc(33.333% - 25px);\"\n\t\t>\n\t\t\t\n\t\t\t\t\t\t<div\t\t\t\tclass=\"sow-icon-container sow-container-rounded-square\"\n\t\t\t\tstyle=\"color: #404040; \"\n\t\t\t\t\n\t\t\t\t\t\t\t>\n\t\t\t\t<span class=\"sow-icon-fontawesome sow-fas\" data-sow-icon=\"&#xf0c0;\"\n\t\tstyle=\"font-size: 34px\" \n\t\taria-hidden=\"true\"><\/span>\t\t\t<\/div>\n\n\t\t\t<div class=\"textwidget\">\n\t\t\t\t\n\t\t\t\t\t\t\t\t\t<h5 class=\"sow-features-feature-title\">\n\t\t\t\t\t\tPRIX COMP\u00c9TITIF\t\t\t\t\t<\/h5>\n\t\t\t\t\n\t\t\t\t\t\t\t\t\t<div class=\"sow-features-feature-text\">\n\t\t\t\t\tLe prix comp\u00e9titif de notre produit de haute qualit\u00e9 vous assure, ainsi qu'\u00e0 vos clients, la comp\u00e9titivit\u00e9 sur le march\u00e9.<br \/>\n<a href=\"\/fr\/products\/introduction\/\"> More ... <\/a>\t\t\t\t\t<\/div>\n\t\t\t\t\t\t\t\t<\/div>\n\t\t\t\t\t\t\t\t<\/li>\n\n\t<\/ul>\n<\/div><\/div><\/div><\/div><div id=\"pg-972-1\"  class=\"panel-grid panel-has-style\" ><div class=\"siteorigin-panels-stretch panel-row-style panel-row-style-for-972-1\" data-stretch-type=\"full\" ><div id=\"pgc-972-1-0\"  class=\"panel-grid-cell\" ><div id=\"panel-972-1-0-0\" class=\"so-panel widget widget_black-studio-tinymce widget_black_studio_tinymce panel-first-child panel-last-child\" data-index=\"2\" ><div class=\"panel-widget-style panel-widget-style-for-972-1-0-0\" ><div class=\"textwidget\"><p><\/br><\/p>\n<h3 style=\"text-align: center;\">SILICE PYROG\u00c9N\u00c9E PRO<\/h3>\n<hr style=\"max-width: 400px;\" \/>\n<h6 style=\"font-weight: normal; text-align: center;\">Fournit de la silice pyrog\u00e9n\u00e9e de haute qualit\u00e9 depuis 2006<\/h6>\n<p><\/br><\/br><\/p>\n<\/div><\/div><\/div><\/div><\/div><\/div><div id=\"pg-972-2\"  class=\"panel-grid panel-no-style\" ><div id=\"pgc-972-2-0\"  class=\"panel-grid-cell\" ><div id=\"panel-972-2-0-0\" class=\"so-panel widget widget_sow-post-carousel panel-first-child panel-last-child\" data-index=\"3\" ><div\n\t\t\t\n\t\t\tclass=\"so-widget-sow-post-carousel so-widget-sow-post-carousel-base-16185f985534-972\"\n\t\t\t\n\t\t>\t<div\n\t\tclass=\"sow-post-carousel-wrapper sow-post-carousel-theme-base\"\n\t\tstyle=\"overflow: hidden; max-width: 100%; min-height: 182px\"\n\t>\n\t\t<div class=\"sow-carousel-title has-title\">\n\t<h3 class=\"widget-title\">Plus de d\u00e9tails<\/h3>\t\t<div class=\"sow-carousel-navigation \">\n\t\t\t\t\t\t<a href=\"#\" class=\"sow-carousel-next\" title=\"Suivant\" aria-label=\"Next Posts\" role=\"button\"><\/a>\n\t\t\t\t\t\t<a href=\"#\" class=\"sow-carousel-previous\" title=\"Pr\u00e9c\u00e9dent\" aria-label=\"Previous Posts\" role=\"button\"><\/a>\n\t\t\t\t\t<\/div>\n\t<\/div>\n\n<div class=\"sow-carousel-container \">\n\t\t<div class=\"sow-carousel-wrapper\"\n\t\tdata-dir=\"ltr\"\n\t\tstyle=\"opacity: 0;\"\n\t\tdata-widget=\"post\" data-fetching=\"false\" data-page=\"1\" data-ajax-url=\"https:\/\/fumed-silica.net\/fr\/wp-admin\/admin-ajax.php?_widgets_nonce=2f8cb3de8e\" data-item_count=\"6\" data-carousel_settings=\"{&quot;loop&quot;:true,&quot;animation&quot;:&quot;Ease&quot;,&quot;animation_speed&quot;:400,&quot;autoplay&quot;:&quot;&quot;,&quot;pauseOnHover&quot;:&quot;&quot;,&quot;autoplaySpeed&quot;:8000,&quot;item_overflow&quot;:true,&quot;autoplay_continuous_scroll&quot;:false}\" data-responsive=\"{&quot;desktop_slides_to_scroll&quot;:1,&quot;tablet_landscape_breakpoint&quot;:1366,&quot;tablet_landscape_slides_to_scroll&quot;:2,&quot;tablet_portrait_breakpoint&quot;:1025,&quot;tablet_portrait_slides_to_scroll&quot;:2,&quot;mobile_breakpoint&quot;:480,&quot;mobile_slides_to_scroll&quot;:1}\" data-variable_width=\"true\" \t>\n\t\t<div\n\t\t\tclass=\"sow-carousel-items\"\n\t\t\t\t\t>\n\t\t\t\t<div class=\"sow-carousel-item\" tabindex=\"-1\" style=\"float: left;\">\n\t\t<div class=\"sow-carousel-thumbnail\">\n\t\t\t\t\t\t\t<a\n\t\t\t\t\thref=\"https:\/\/fumed-silica.net\/fr\/products\/\"\n\t\t\t\t\t\t\t\t\t\tstyle=\"background-image: url( https:\/\/fumed-silica.net\/fr\/wp-content\/uploads\/2018\/04\/Fumed-Silica-Warehouse-06-272x182.jpg )\"\n\t\t\t\t\taria-labelledby=\"sow-carousel-id-11\"\n\t\t\t\t\ttabindex=\"-1\"\n\t\t\t\t>\n\t\t\t\t\t<span class=\"overlay\"><\/span>\n\t\t\t\t<\/a>\n\t\t\t\t\t<\/div>\n\t\t<h3 class=\"sow-carousel-item-title\">\n\t\t\t<a\n\t\t\t\thref=\"https:\/\/fumed-silica.net\/fr\/products\/\"\n\t\t\t\tid=\"sow-carousel-id-11\"\n\t\t\t\t\t\t\t\ttabindex=\"-1\"\n\t\t\t>\n\n\t\t\t\tProduits\t\t\t<\/a>\n\t\t<\/h3>\n\t<\/div>\n\t\t<div class=\"sow-carousel-item\" tabindex=\"-1\" style=\"float: left;\">\n\t\t<div class=\"sow-carousel-thumbnail\">\n\t\t\t\t\t\t\t<a\n\t\t\t\t\thref=\"https:\/\/fumed-silica.net\/fr\/factory-gallery\/\"\n\t\t\t\t\t\t\t\t\t\tstyle=\"background-image: url( https:\/\/fumed-silica.net\/fr\/wp-content\/uploads\/2018\/04\/fumed-silica-factory-272x182.jpg )\"\n\t\t\t\t\taria-labelledby=\"sow-carousel-id-351\"\n\t\t\t\t\ttabindex=\"-1\"\n\t\t\t\t>\n\t\t\t\t\t<span class=\"overlay\"><\/span>\n\t\t\t\t<\/a>\n\t\t\t\t\t<\/div>\n\t\t<h3 class=\"sow-carousel-item-title\">\n\t\t\t<a\n\t\t\t\thref=\"https:\/\/fumed-silica.net\/fr\/factory-gallery\/\"\n\t\t\t\tid=\"sow-carousel-id-351\"\n\t\t\t\t\t\t\t\ttabindex=\"-1\"\n\t\t\t>\n\n\t\t\t\tGalerie des installations\t\t\t<\/a>\n\t\t<\/h3>\n\t<\/div>\n\t\t<div class=\"sow-carousel-item\" tabindex=\"-1\" style=\"float: left;\">\n\t\t<div class=\"sow-carousel-thumbnail\">\n\t\t\t\t\t\t\t<a\n\t\t\t\t\thref=\"https:\/\/fumed-silica.net\/fr\/delivery-gallery\/\"\n\t\t\t\t\t\t\t\t\t\tstyle=\"background-image: url( https:\/\/fumed-silica.net\/fr\/wp-content\/uploads\/2018\/04\/fumed-silica-loading-by-trucker_thumb-272x182.jpg )\"\n\t\t\t\t\taria-labelledby=\"sow-carousel-id-465\"\n\t\t\t\t\ttabindex=\"-1\"\n\t\t\t\t>\n\t\t\t\t\t<span class=\"overlay\"><\/span>\n\t\t\t\t<\/a>\n\t\t\t\t\t<\/div>\n\t\t<h3 class=\"sow-carousel-item-title\">\n\t\t\t<a\n\t\t\t\thref=\"https:\/\/fumed-silica.net\/fr\/delivery-gallery\/\"\n\t\t\t\tid=\"sow-carousel-id-465\"\n\t\t\t\t\t\t\t\ttabindex=\"-1\"\n\t\t\t>\n\n\t\t\t\tGalerie de livraison\t\t\t<\/a>\n\t\t<\/h3>\n\t<\/div>\n\t\t<div class=\"sow-carousel-item\" tabindex=\"-1\" style=\"float: left;\">\n\t\t<div class=\"sow-carousel-thumbnail\">\n\t\t\t\t\t\t\t<a\n\t\t\t\t\thref=\"https:\/\/fumed-silica.net\/fr\/warehouse-gallery\/\"\n\t\t\t\t\t\t\t\t\t\tstyle=\"background-image: url( https:\/\/fumed-silica.net\/fr\/wp-content\/uploads\/2018\/04\/Fumed-Silica-Warehouse-05-272x182.jpg )\"\n\t\t\t\t\taria-labelledby=\"sow-carousel-id-303\"\n\t\t\t\t\ttabindex=\"-1\"\n\t\t\t\t>\n\t\t\t\t\t<span class=\"overlay\"><\/span>\n\t\t\t\t<\/a>\n\t\t\t\t\t<\/div>\n\t\t<h3 class=\"sow-carousel-item-title\">\n\t\t\t<a\n\t\t\t\thref=\"https:\/\/fumed-silica.net\/fr\/warehouse-gallery\/\"\n\t\t\t\tid=\"sow-carousel-id-303\"\n\t\t\t\t\t\t\t\ttabindex=\"-1\"\n\t\t\t>\n\n\t\t\t\tGalerie d&rsquo;entrep\u00f4t de silice pyrog\u00e9n\u00e9e\t\t\t<\/a>\n\t\t<\/h3>\n\t<\/div>\n\t\t<div class=\"sow-carousel-item\" tabindex=\"-1\" style=\"float: left;\">\n\t\t<div class=\"sow-carousel-thumbnail\">\n\t\t\t\t\t\t\t<a\n\t\t\t\t\thref=\"https:\/\/fumed-silica.net\/fr\/technique-quality\/quality-control\/\"\n\t\t\t\t\t\t\t\t\t\tstyle=\"background-image: url( https:\/\/fumed-silica.net\/fr\/wp-content\/uploads\/2018\/04\/fumed-silica-lab_thumb-272x182.jpg )\"\n\t\t\t\t\taria-labelledby=\"sow-carousel-id-28\"\n\t\t\t\t\ttabindex=\"-1\"\n\t\t\t\t>\n\t\t\t\t\t<span class=\"overlay\"><\/span>\n\t\t\t\t<\/a>\n\t\t\t\t\t<\/div>\n\t\t<h3 class=\"sow-carousel-item-title\">\n\t\t\t<a\n\t\t\t\thref=\"https:\/\/fumed-silica.net\/fr\/technique-quality\/quality-control\/\"\n\t\t\t\tid=\"sow-carousel-id-28\"\n\t\t\t\t\t\t\t\ttabindex=\"-1\"\n\t\t\t>\n\n\t\t\t\tContr\u00f4le de qualit\u00e9\t\t\t<\/a>\n\t\t<\/h3>\n\t<\/div>\n\t\t<div class=\"sow-carousel-item\" tabindex=\"-1\" style=\"float: left;\">\n\t\t<div class=\"sow-carousel-thumbnail\">\n\t\t\t\t\t\t\t<a\n\t\t\t\t\thref=\"https:\/\/fumed-silica.net\/fr\/samples-gallery\/\"\n\t\t\t\t\t\t\t\t\t\tstyle=\"background-image: url( https:\/\/fumed-silica.net\/fr\/wp-content\/uploads\/2019\/02\/sample-bottle-xysil-fumed-silica-272x182.jpg )\"\n\t\t\t\t\taria-labelledby=\"sow-carousel-id-464\"\n\t\t\t\t\ttabindex=\"-1\"\n\t\t\t\t>\n\t\t\t\t\t<span class=\"overlay\"><\/span>\n\t\t\t\t<\/a>\n\t\t\t\t\t<\/div>\n\t\t<h3 class=\"sow-carousel-item-title\">\n\t\t\t<a\n\t\t\t\thref=\"https:\/\/fumed-silica.net\/fr\/samples-gallery\/\"\n\t\t\t\tid=\"sow-carousel-id-464\"\n\t\t\t\t\t\t\t\ttabindex=\"-1\"\n\t\t\t>\n\n\t\t\t\tGalerie d&rsquo;\u00e9chantillons\t\t\t<\/a>\n\t\t<\/h3>\n\t<\/div>\n\t\t\t<\/div>\n\t\t\t<\/div>\n\n\t<\/div>\n\t\t<input type=\"hidden\" name=\"instance_hash\" value=\"2393f31c\"\/>\n\t<\/div>\n<\/div><\/div><\/div><\/div><\/div>","protected":false},"excerpt":{"rendered":"<p>SILICE PYROG\u00c9N\u00c9E PRO Fournit de la silice pyrog\u00e9n\u00e9e de haute qualit\u00e9 depuis 2006<\/p>\n","protected":false},"author":2,"featured_media":0,"parent":0,"menu_order":0,"comment_status":"closed","ping_status":"closed","template":"home-panels.php","meta":{"_exactmetrics_skip_tracking":false,"_exactmetrics_sitenote_active":false,"_exactmetrics_sitenote_note":"","_exactmetrics_sitenote_category":0},"psp_head":"<title>XYSIL\u00ae Silice Pyrog\u00e9n\u00e9e \u2013 XYSIL\u00ae Silice Pyrog\u00e9n\u00e9e- XUNYU CHEM<\/title>\r\n<meta name=\"description\" content=\"Xunyuchem produit de la silice pyrog\u00e9n\u00e9e hydrophile et hydrophobe XYSIL\u00ae, des produits d&#039;alumine fum\u00e9e\" \/>\r\n<meta name=\"robots\" content=\"index,follow\" \/>\r\n<link rel=\"canonical\" href=\"https:\/\/fumed-silica.net\/fr\/\" \/>\r\n","_links":{"self":[{"href":"https:\/\/fumed-silica.net\/fr\/wp-json\/wp\/v2\/pages\/972"}],"collection":[{"href":"https:\/\/fumed-silica.net\/fr\/wp-json\/wp\/v2\/pages"}],"about":[{"href":"https:\/\/fumed-silica.net\/fr\/wp-json\/wp\/v2\/types\/page"}],"author":[{"embeddable":true,"href":"https:\/\/fumed-silica.net\/fr\/wp-json\/wp\/v2\/users\/2"}],"replies":[{"embeddable":true,"href":"https:\/\/fumed-silica.net\/fr\/wp-json\/wp\/v2\/comments?post=972"}],"version-history":[{"count":92,"href":"https:\/\/fumed-silica.net\/fr\/wp-json\/wp\/v2\/pages\/972\/revisions"}],"predecessor-version":[{"id":8734,"href":"https:\/\/fumed-silica.net\/fr\/wp-json\/wp\/v2\/pages\/972\/revisions\/8734"}],"wp:attachment":[{"href":"https:\/\/fumed-silica.net\/fr\/wp-json\/wp\/v2\/media?parent=972"}],"curies":[{"name":"wp","href":"https:\/\/api.w.org\/{rel}","templated":true}]}}