{"id":953,"date":"2016-11-01T03:17:17","date_gmt":"2016-11-01T03:17:17","guid":{"rendered":"https:\/\/fumed-silica.net\/?page_id=953"},"modified":"2021-01-11T09:04:07","modified_gmt":"2021-01-11T09:04:07","slug":"fumed-alumina","status":"publish","type":"page","link":"https:\/\/fumed-silica.net\/fr\/products\/fumed-alumina\/","title":{"rendered":"Alumine Fum\u00e9e"},"content":{"rendered":"<p>Bas\u00e9 sur la technologie de fabrication de la silice pyrog\u00e9n\u00e9e, Xunyuchem a d\u00e9velopp\u00e9 l&rsquo;alumine fum\u00e9e. XYAL100 est un oxyde d&rsquo;aluminium de haute puret\u00e9. Il a une surface BET \u00e9lev\u00e9e et une charge de surface positive, ce qui apporte des fonctions puissantes dans diff\u00e9rentes applications.<\/p>\n<h2> Application et fonctions <\/h2>\n<p><img decoding=\"async\" loading=\"lazy\" width=\"300\" height=\"169\" src=\"\/fr\/wp-content\/uploads\/2014\/11\/XYAL-application-s-300x169.jpg\" class=\"alignright size-medium wp-image-964\" srcset=\"https:\/\/fumed-silica.net\/fr\/wp-content\/uploads\/2014\/11\/XYAL-application-s-300x169.jpg 300w, https:\/\/fumed-silica.net\/fr\/wp-content\/uploads\/2014\/11\/XYAL-application-s.jpg 628w\" sizes=\"(max-width: 300px) 100vw, 300px\" \/><\/p>\n<ul>\n<li> <strong> Industrie de l&rsquo;\u00e9clairage <\/strong>: l&rsquo;alumine fum\u00e9e agit comme liant entre les mat\u00e9riaux fluorescents,<br \/>\n        les mat\u00e9riaux fluorescents et le verre, les rend assembl\u00e9s; comme couche de protection, emp\u00eache le mercure de<br \/>\n        p\u00e9n\u00e9trer dans les mat\u00e9riaux fluorescents et le verre, am\u00e9liore l&rsquo;effet d&rsquo;\u00e9clairage et prolonge la dur\u00e9e de vie<br \/>\n        du produit <\/li>\n<li> <strong> Peinture en poudre, toner <\/strong>: augmentez la fluidit\u00e9 et le taux de charge <\/li>\n<li> <strong> Papier photographique <\/strong>: augmentez le lustre et l&rsquo;impressionnabilit\u00e9 <\/li>\n<li> <strong> PP &#038; PE <\/strong>: utilis\u00e9 comme agent anti-blocage, emp\u00eache la couche de plastique de coller <\/li>\n<\/ul>\n<h2> Donn\u00e9es physico-chimiques de l&rsquo;alumine fum\u00e9e <\/h2>\n<table id=\"fumedalumina\" class=\"display nowrap\" style=\"width: 100%\">\n<thead>\n<tr>\n<th> Propri\u00e9t\u00e9s <\/th>\n<th> Unit\u00e9s <\/th>\n<th> Valeur typique <\/th>\n<th> Normalisation <\/th>\n<\/tr>\n<\/thead>\n<tbody>\n<tr>\n<td> Surface sp\u00e9cifique <\/br> (BET) <\/td>\n<td> m2\/g <\/td>\n<td> 100 \u00b1 15 <\/td>\n<td> GB\/T10722 <\/td>\n<\/tr>\n<tr>\n<td> Valeur pH <\/br> (en dispersion \u00e0 4%) <\/td>\n<td> <\/td>\n<td> 3.7-4.5 <\/td>\n<td> GB\/T 1717 <\/td>\n<\/tr>\n<tr>\n<td> Perte au s\u00e9chage, d\u00e9part usine <\/br> (2h@&nbsp; 105 \u2103) <\/td>\n<td>% en poids <\/td>\n<td> &lt; 1.5 <\/td>\n<td> GB\/T 5211.3 <\/td>\n<\/tr>\n<tr>\n<td> Teneur en alumine <\/br> (bas\u00e9e sur la &nbsp; substance chauff\u00e9e \u00e0 1000 \u2103 pendant 2h) <\/td>\n<td>% en poids <\/td>\n<td> &gt; 99,5 <\/td>\n<td> GB\/T20020 <\/td>\n<\/tr>\n<tr>\n<td> Indice de r\u00e9fraction <\/td>\n<td> <\/td>\n<td> 1,69 <\/td>\n<td> <\/td>\n<\/tr>\n<\/tbody>\n<\/table>\n<p><script type=\"text\/javascript\">jQuery(document).ready(function () { jQuery('#fumedalumina').DataTable({\nsearching: false,\nresponsive: true,\npaging: false,\nbInfo : false,\nordering: false,\n                columnDefs: [{\n                        responsivePriority: 0,\n                        targets: 0\n                    },\n                    {\n                        responsivePriority: 0,\n                        targets: 1\n                    }\n                ],\n}); });<\/script><\/p>\n<h2>TDS<\/h2>\n<p>Fiche technique(TDS): <a href=\"\/fr\/downloads\/TDS-XYAL100_rev06-Xunyu-Fumed-Alumina.pdf\">XYAL100(Anglais)<\/a><br \/>\nFiche de donn\u00e9es de s\u00e9curit\u00e9 (MSDS): <a href=\"\/fr\/downloads\/MSDS-Fumed-Alumina_xunyuchem.pdf\">XYAL100(Anglais)<\/a><\/p>\n","protected":false},"excerpt":{"rendered":"<p>Bas\u00e9 sur la technologie de fabrication de la silice pyrog\u00e9n\u00e9e, Xunyuchem a d\u00e9velopp\u00e9 l&rsquo;alumine fum\u00e9e. XYAL100 est un oxyde d&rsquo;aluminium de haute puret\u00e9. Il a une surface BET \u00e9lev\u00e9e et une charge de surface positive, ce qui apporte des fonctions puissantes dans diff\u00e9rentes applications. Application et fonctions Industrie de l&rsquo;\u00e9clairage : l&rsquo;alumine fum\u00e9e agit comme\u2026<\/p>\n","protected":false},"author":2,"featured_media":0,"parent":11,"menu_order":130,"comment_status":"closed","ping_status":"closed","template":"","meta":{"_exactmetrics_skip_tracking":false,"_exactmetrics_sitenote_active":false,"_exactmetrics_sitenote_note":"","_exactmetrics_sitenote_category":0},"psp_head":"<title>XYAL100 - Oxyde d&#039;aluminium hydrophile \u2013 XYSIL\u00ae Silice Pyrog\u00e9n\u00e9e- XUNYU CHEM<\/title>\r\n<meta name=\"description\" content=\"XYAL100 - Oxyde d&#039;aluminium hydrophile L&#039;alumine fum\u00e9e XYAL100 est un oxyde d&#039;aluminium hydrophile de haute puret\u00e9 avec une tr\u00e8s petite taille de particules et une charge de surface positive\" \/>\r\n<meta name=\"robots\" content=\"index,follow\" \/>\r\n<link rel=\"canonical\" href=\"https:\/\/fumed-silica.net\/fr\/products\/fumed-alumina\/\" \/>\r\n","_links":{"self":[{"href":"https:\/\/fumed-silica.net\/fr\/wp-json\/wp\/v2\/pages\/953"}],"collection":[{"href":"https:\/\/fumed-silica.net\/fr\/wp-json\/wp\/v2\/pages"}],"about":[{"href":"https:\/\/fumed-silica.net\/fr\/wp-json\/wp\/v2\/types\/page"}],"author":[{"embeddable":true,"href":"https:\/\/fumed-silica.net\/fr\/wp-json\/wp\/v2\/users\/2"}],"replies":[{"embeddable":true,"href":"https:\/\/fumed-silica.net\/fr\/wp-json\/wp\/v2\/comments?post=953"}],"version-history":[{"count":22,"href":"https:\/\/fumed-silica.net\/fr\/wp-json\/wp\/v2\/pages\/953\/revisions"}],"predecessor-version":[{"id":8768,"href":"https:\/\/fumed-silica.net\/fr\/wp-json\/wp\/v2\/pages\/953\/revisions\/8768"}],"up":[{"embeddable":true,"href":"https:\/\/fumed-silica.net\/fr\/wp-json\/wp\/v2\/pages\/11"}],"wp:attachment":[{"href":"https:\/\/fumed-silica.net\/fr\/wp-json\/wp\/v2\/media?parent=953"}],"curies":[{"name":"wp","href":"https:\/\/api.w.org\/{rel}","templated":true}]}}