{"id":8,"date":"2010-08-22T02:33:45","date_gmt":"2010-08-22T02:33:45","guid":{"rendered":"https:\/\/fumed-silica.net\/en"},"modified":"2021-01-13T02:15:45","modified_gmt":"2021-01-13T02:15:45","slug":"about-xunyu-chem","status":"publish","type":"page","link":"https:\/\/fumed-silica.net\/fr\/about\/about-xunyu-chem\/","title":{"rendered":"\u00c0 propos de Xunyu Chem"},"content":{"rendered":"<p><strong> Henan Xunyu Chemical Co., Ltd. <\/strong> est une entreprise de haute technologie qui se consacre \u00e0 la recherche, \u00e0 la fabrication et \u00e0 la commercialisation de la silice pyrog\u00e8nee. Nous avons apport\u00e9 des techniques de fabrication avanc\u00e9es et nous avons un syst\u00e8me de production complet, un \u00e9quipement de laboratoire de premi\u00e8re classe et des produits arrondis. Gr\u00e2ce aux efforts constants de tout le personnel, Xunyu a d\u00e9j\u00e0 \u00e9t\u00e9 le c\u00e9l\u00e8bre fournisseur en Chine et offre de la silice pyrog\u00e8nee en Europe, en Am\u00e9rique, en Inde, au Moyen-Orient et dans d&rsquo;autres pays\/r\u00e9gions, et gagne une r\u00e9putation sur le march\u00e9 international.<\/p>\n<p>Le produit principal est la silice pyrog\u00e8nee hydrophile, et la capacit\u00e9 annuelle est de 6 000 Mt. Le mod\u00e8le principal de silice pyrog\u00e8nee hydrophile est XYSIL150, XYSIL200, XYSIL300 et XYSIL380, et la silice pyrog\u00e8nee hydrophobe est XYSIL R120, XYSIL R170 et XYSIL R200. Ces produits sont de haute qualit\u00e9 \u00e0 des prix tr\u00e8s comp\u00e9titifs, qui peuvent remplacer certains produits c\u00e9l\u00e8bres. La silice pyrog\u00e8nee XYSIL est largement utilis\u00e9e dans l&rsquo;industrie chimique comme le caoutchouc de silicium, les rev\u00eatements et les r\u00e9sines, etc. En outre, Xunyu Chemical dispose d&rsquo;une \u00e9quipe de techniciens travaillant sur la recherche et le d\u00e9veloppement de nouveaux produits et les applications de diff\u00e9rents domaines d&rsquo;application.<\/p>\n<p>La m\u00e9thode en phase vapeur que nous avons utilis\u00e9e est avanc\u00e9e et la technologie de production est mature; l&rsquo;ensemble du syst\u00e8me de production est avanc\u00e9 avec la surveillance des donn\u00e9es num\u00e9riques \u00e0 travers la ligne de production. Ce syst\u00e8me de contr\u00f4le de qualit\u00e9 parfait assure la stabilit\u00e9 de la qualit\u00e9 du produit.<\/p>\n<p>Tout le personnel de Xunyu Chemical maintient le principe de \u00ab\u00a0Doit pratiquer ce que nous promettons; Ne pratiquez que ce qui est bon\u00a0\u00bb, en fournissant constamment des produits de haute qualit\u00e9 et un service complet pour r\u00e9pondre aux diff\u00e9rents besoins des clients du monde entier.<\/p>\n<p>Bienvenue, tous les clients \u00e0 visiter et \u00e0 coop\u00e9rer, et nous aspirons \u00e0 coop\u00e9rer avec d&rsquo;autres organisations de R&#038;D pour am\u00e9liorer les produits, d\u00e9couvrir de nouvelles applications et d&rsquo;autres recherches.<\/p>\n","protected":false},"excerpt":{"rendered":"<p>Henan Xunyu Chemical Co., Ltd. est une entreprise de haute technologie qui se consacre \u00e0 la recherche, \u00e0 la fabrication et \u00e0 la commercialisation de la silice pyrog\u00e8nee. Nous avons apport\u00e9 des techniques de fabrication avanc\u00e9es et nous avons un syst\u00e8me de production complet, un \u00e9quipement de laboratoire de premi\u00e8re classe et des produits arrondis.\u2026<\/p>\n","protected":false},"author":2,"featured_media":0,"parent":2,"menu_order":401,"comment_status":"closed","ping_status":"closed","template":"","meta":{"_exactmetrics_skip_tracking":false,"_exactmetrics_sitenote_active":false,"_exactmetrics_sitenote_note":"","_exactmetrics_sitenote_category":0},"psp_head":"<title>Fabricant de silice pyrog\u00e8nee de Chine \u2013 XYSIL\u00ae Silice Pyrog\u00e9n\u00e9e- XUNYU CHEM<\/title>\r\n<meta name=\"description\" content=\"Henan Xunyu Chemical Co., Ltd.est une entreprise professionnelle d\u00e9di\u00e9e \u00e0 la recherche, la fabrication et la commercialisation de la silice pyrog\u00e8n\u00e8e\" \/>\r\n<meta name=\"robots\" content=\"index,follow\" \/>\r\n<link rel=\"canonical\" href=\"https:\/\/fumed-silica.net\/fr\/about\/about-xunyu-chem\/\" \/>\r\n","_links":{"self":[{"href":"https:\/\/fumed-silica.net\/fr\/wp-json\/wp\/v2\/pages\/8"}],"collection":[{"href":"https:\/\/fumed-silica.net\/fr\/wp-json\/wp\/v2\/pages"}],"about":[{"href":"https:\/\/fumed-silica.net\/fr\/wp-json\/wp\/v2\/types\/page"}],"author":[{"embeddable":true,"href":"https:\/\/fumed-silica.net\/fr\/wp-json\/wp\/v2\/users\/2"}],"replies":[{"embeddable":true,"href":"https:\/\/fumed-silica.net\/fr\/wp-json\/wp\/v2\/comments?post=8"}],"version-history":[{"count":8,"href":"https:\/\/fumed-silica.net\/fr\/wp-json\/wp\/v2\/pages\/8\/revisions"}],"predecessor-version":[{"id":8794,"href":"https:\/\/fumed-silica.net\/fr\/wp-json\/wp\/v2\/pages\/8\/revisions\/8794"}],"up":[{"embeddable":true,"href":"https:\/\/fumed-silica.net\/fr\/wp-json\/wp\/v2\/pages\/2"}],"wp:attachment":[{"href":"https:\/\/fumed-silica.net\/fr\/wp-json\/wp\/v2\/media?parent=8"}],"curies":[{"name":"wp","href":"https:\/\/api.w.org\/{rel}","templated":true}]}}