{"id":7550,"date":"2020-10-13T02:32:46","date_gmt":"2020-10-13T02:32:46","guid":{"rendered":"https:\/\/fumed-silica.net\/?page_id=7550"},"modified":"2021-01-18T06:38:47","modified_gmt":"2021-01-18T06:38:47","slug":"xysil-fumed-silica-applications","status":"publish","type":"page","link":"https:\/\/fumed-silica.net\/fr\/applications\/xysil-fumed-silica-applications\/","title":{"rendered":"Conseiller produit"},"content":{"rendered":"<table>\n<thead>\n<th colspan=\"2\"> Application <\/th>\n<th> Crit\u00e8res de performance principaux <\/th>\n<th> Sugg\u00e9rer une note <\/th>\n<th> Sugg\u00e9rer un ajout (M \/ M%) <\/th>\n<\/thead>\n<tbody>\n<tr>\n<td colspan=\"2\"> Caoutchouc de silicone HTV <\/td>\n<td> R\u00e9sistance \u00e0 l&rsquo;allongement; Facilit\u00e9 de composition <\/td>\n<td> XYSIL150 XYSIL200 <\/td>\n<td> 15 ~ 50 <\/td>\n<\/tr>\n<tr>\n<td rowspan=\"3\"> Caoutchouc de silicone RTV <\/td>\n<td> Mastic silicone RTV<br \/>\n                (1 composant) <\/td>\n<td rowspan=\"3\"> Renforcement; Thixotropie, contr\u00f4le de rh\u00e9ologie, dispersibilit\u00e9 <\/td>\n<td rowspan=\"3\"> XYSIL150 XYSIL200 <\/td>\n<td> 3,0 ~ 30 <\/td>\n<\/tr>\n<tr>\n<td> Compos\u00e9 de moulage RTV <\/td>\n<td> 3,0 ~ 30 <\/td>\n<\/tr>\n<tr>\n<td> Caoutchouc de silicone liquide <\/td>\n<td> 15 ~ 35 <\/td>\n<\/tr>\n<tr>\n<td rowspan=\"3\"> Adh\u00e9sif <\/td>\n<td> Polychloropr\u00e8ne <\/td>\n<td rowspan=\"3\"> Thixotropie; Anti-d\u00e9cantation; R\u00e9sistance \u00e0 l&rsquo;affaissement; Taux d&rsquo;extrusion; Contr\u00f4le de<br \/>\n                la rh\u00e9ologie <\/td>\n<td rowspan=\"3\"> XYSIL200 XYSIL300 XYSIL380 <\/td>\n<td rowspan=\"3\"> 1.0 ~ 2.0 <\/td>\n<\/tr>\n<tr>\n<td> R\u00e9sine \u00e9poxyde <\/td>\n<\/tr>\n<tr>\n<td> Latex <\/td>\n<\/tr>\n<tr>\n<td rowspan=\"5\"> PVC <\/td>\n<td> Plastisol <\/td>\n<td rowspan=\"5\"> Thixotropie; Anti-d\u00e9cantation; Libre circulation; Isolation <\/td>\n<td rowspan=\"5\"> XYSIL200 XYSIL300 <\/td>\n<td rowspan=\"2\"> 0,3 ~ 2,5 <\/td>\n<\/tr>\n<tr>\n<td> Organosol <\/td>\n<\/tr>\n<tr>\n<td> M\u00e9lange Plastisol PVC <\/td>\n<td> 0,1 ~ 1 <\/td>\n<\/tr>\n<tr>\n<td> Compos\u00e9 de c\u00e2ble <\/td>\n<td> 1.0 ~ 2.0 <\/td>\n<\/tr>\n<tr>\n<td> Membrane <\/td>\n<td> 0,1 ~ 1 <\/td>\n<\/tr>\n<tr>\n<td rowspan=\"6\"> Peintures &#038; amp; Rev\u00eatement <\/td>\n<td> Peintures riches en zinc <\/td>\n<td> Thixotropie; <\/td>\n<td> XYSIL200 <\/td>\n<td> 0,5 ~ 2 <\/td>\n<\/tr>\n<tr>\n<td> Peintures \u00e0 l&rsquo;alkyde <\/td>\n<td rowspan=\"5\"> Thixotropie anti-s\u00e9dimentation; Flux libre <\/td>\n<td> XYSIL200 <\/td>\n<td> 0,5 ~ 5 <\/td>\n<\/tr>\n<tr>\n<td> Peintures acryliques <\/td>\n<td rowspan=\"4\"> XYSIL200 XYSIL300 XYSIL380 <\/td>\n<td> 0,3 ~ 2,5 <\/td>\n<\/tr>\n<tr>\n<td> Peintures polyester <\/td>\n<td> 0,5 ~ 2,5 <\/td>\n<\/tr>\n<tr>\n<td> Rev\u00eatement en poudre <\/td>\n<td> 0,5 ~ 5 <\/td>\n<\/tr>\n<tr>\n<td> Rev\u00eatement de gel (polyester) <\/td>\n<td> 2.0 ~ 3.0 <\/td>\n<\/tr>\n<tr>\n<td rowspan=\"3\"> R\u00e9sine <\/a>\n            <\/td>\n<td> R\u00e9sine de stratification <\/td>\n<td rowspan=\"3\"> Thixotropie; Anti-tassement; <\/td>\n<td rowspan=\"3\"> XYSIL200 \/ 200LS XYSIL300 XYSIL380 <\/td>\n<td> 0,8 ~ 1,5 <\/td>\n<\/tr>\n<tr>\n<td> Rev\u00eatement en gel <\/td>\n<td> 2.0 ~ 3.0 <\/td>\n<\/tr>\n<tr>\n<td> M\u00e9lange de jointoiement <\/td>\n<td> 0,5 ~ 2,0 <\/td>\n<\/tr>\n<tr>\n<td rowspan=\"3\"> Encre d&rsquo;impression <\/td>\n<td> Impression en relief <\/td>\n<td rowspan=\"3\"> Thixotropie; Anti-d\u00e9cantation; R\u00e9sistance \u00e0 l&rsquo;affaissement; Contr\u00f4le de la rh\u00e9ologie <\/td>\n<td rowspan=\"2\"> XYSIL200 XYSIL380 <\/td>\n<td rowspan=\"2\"> 0,5 ~ 2,0 <\/td>\n<\/tr>\n<tr>\n<td> Impression en taille-douce <\/td>\n<\/tr>\n<tr>\n<td> Hectographe <\/td>\n<td> XYSIL150 XYSIL200 <\/td>\n<td> 0,5 ~ 2,5 <\/td>\n<\/tr>\n<tr valign=\"top\">\n<td colspan=\"2\"> Colle isolante <\/td>\n<td> Thixotropie; <\/td>\n<td> XYSIL200 <\/td>\n<td> 5,0 ~ 10 <\/td>\n<\/tr>\n<tr>\n<td rowspan=\"2\"> Mat\u00e9riau d&rsquo;isolation thermique <\/td>\n<td> Panneau d&rsquo;isolation sous vide <\/td>\n<td rowspan=\"2\"> Isolation thermique et phonique <\/td>\n<td rowspan=\"2\"> XYSIL150 XYSIL200 XYSIL380 <\/td>\n<td> 70-95 <\/td>\n<\/tr>\n<tr>\n<td> Table de cuisson en c\u00e9ramique <\/td>\n<td> 60-80 <\/td>\n<\/tr>\n<tr>\n<td rowspan=\"2\"> Produits pharmaceutiques <\/td>\n<td> Tablettes <\/td>\n<td rowspan=\"2\"> Flux libre, traitement adi, d\u00e9sint\u00e9grant, force de compactage r\u00e9duite, \u00e9paississement,<br \/>\n                stabilit\u00e9 thermique <\/td>\n<td rowspan=\"2\"> XYSIL200P XYSIL300P XYSIL380P <\/td>\n<td> 1.5-10 <\/td>\n<\/tr>\n<tr>\n<td> Drag\u00e9es <\/td>\n<td> 3.0-12 <\/td>\n<\/tr>\n<tr>\n<td> Batteries <\/td>\n<td> Gels de batterie, batteries au lithium-ion <\/td>\n<td> \u00c9paississement, thixotropie, formation de gel, stabilit\u00e9 thermique, mouillabilit\u00e9 d&rsquo;\u00e9lectrolyte <\/td>\n<td> XYSIL200 XYSIL380 <\/td>\n<td> 2.0-6.0 <\/td>\n<\/tr>\n<tr>\n<td> Cosm\u00e9tiques, soins personnels <\/td>\n<td> Maquillage de couleur; Vernis \u00e0 ongles, soins des cheveux et du corps <\/td>\n<td> \u00c9paississement, thixotropie, antis\u00e9dimentation, \u00e9coulement libre <\/td>\n<td> XYSIL200 XYSIL200P <\/td>\n<td> 0,2-10 <\/td>\n<\/tr>\n<tr>\n<td> Nourriture <\/td>\n<td> Poudres alimentaires; glucides <\/td>\n<td> Saveurs, soupe s\u00e8che, \u00e9pices, saveurs <\/td>\n<td> XYSIL200F <\/td>\n<td> 0,5-3,0 <\/td>\n<\/tr>\n<\/tbody>\n<\/table>\n<h2> Produits de silice pyrog\u00e9n\u00e9e XYSIL <\/h2>\n<ul>\n<li> <a href=\"https:\/\/fumed-silica.net\/fr\/hydrophilic-fumed-silica\/\" rel=\"noopener noreferrer\" target=\"_blank\">silice pyrog\u00e9n\u00e9e hydrophile <\/a> <\/li>\n<li> <a href=\"https:\/\/fumed-silica.net\/fr\/products\/hydrophobic-fumed-silica\/\" rel=\"noopener noreferrer\" target=\"_blank\"> silice pyrog\u00e9n\u00e9e hydrophobe <\/a> <\/ li>\n<\/ul>\n","protected":false},"excerpt":{"rendered":"<p>Application Crit\u00e8res de performance principaux Sugg\u00e9rer une note Sugg\u00e9rer un ajout (M \/ M%) Caoutchouc de silicone HTV R\u00e9sistance \u00e0 l&rsquo;allongement; Facilit\u00e9 de composition XYSIL150 XYSIL200 15 ~ 50 Caoutchouc de silicone RTV Mastic silicone RTV (1 composant) Renforcement; Thixotropie, contr\u00f4le de rh\u00e9ologie, dispersibilit\u00e9 XYSIL150 XYSIL200 3,0 ~ 30 Compos\u00e9 de moulage RTV 3,0 ~\u2026<\/p>\n","protected":false},"author":2,"featured_media":0,"parent":21,"menu_order":300,"comment_status":"closed","ping_status":"closed","template":"page-templates\/full-width.php","meta":{"_exactmetrics_skip_tracking":false,"_exactmetrics_sitenote_active":false,"_exactmetrics_sitenote_note":"","_exactmetrics_sitenote_category":0},"psp_head":"<title>Conseiller produit \u2013 XYSIL\u00ae Silice Pyrog\u00e9n\u00e9e- XUNYU CHEM<\/title>\r\n<meta name=\"description\" content=\"Application Crit\u00e8res de performance principaux Sugg\u00e9rer une note Sugg\u00e9rer un ajout (M \/ M%) Caoutchouc de silicone HTV R\u00e9sistance \u00e0 l&#039;allongement; Facilit\u00e9 de composition XYSIL150 XYSIL200 15 ~ 50 Caoutchouc de silicone RTV Mastic silicone RTV (1 composant) Renforcement; Thixotropie, contr\u00f4le de rh\u00e9ologie, dispersibilit\u00e9 XYSIL150 XYSIL200 3,0 ~ 30 Compos\u00e9 de moulage RTV 3,0 ~ 30 Caoutchouc de silicone liquide 15 ~ 35 Adh\u00e9sif Polychloropr\u00e8ne Thixotropie; Anti-d\u00e9cantation; R\u00e9sistance \u00e0 l&#039;affaissement; Taux d&#039;extrusion; Contr\u00f4le de la rh\u00e9ologie XYSIL200 XYSIL300 XYSIL380 1.\" \/>\r\n<meta name=\"robots\" content=\"index,follow\" \/>\r\n<link rel=\"canonical\" href=\"https:\/\/fumed-silica.net\/fr\/applications\/xysil-fumed-silica-applications\/\" \/>\r\n","_links":{"self":[{"href":"https:\/\/fumed-silica.net\/fr\/wp-json\/wp\/v2\/pages\/7550"}],"collection":[{"href":"https:\/\/fumed-silica.net\/fr\/wp-json\/wp\/v2\/pages"}],"about":[{"href":"https:\/\/fumed-silica.net\/fr\/wp-json\/wp\/v2\/types\/page"}],"author":[{"embeddable":true,"href":"https:\/\/fumed-silica.net\/fr\/wp-json\/wp\/v2\/users\/2"}],"replies":[{"embeddable":true,"href":"https:\/\/fumed-silica.net\/fr\/wp-json\/wp\/v2\/comments?post=7550"}],"version-history":[{"count":7,"href":"https:\/\/fumed-silica.net\/fr\/wp-json\/wp\/v2\/pages\/7550\/revisions"}],"predecessor-version":[{"id":8814,"href":"https:\/\/fumed-silica.net\/fr\/wp-json\/wp\/v2\/pages\/7550\/revisions\/8814"}],"up":[{"embeddable":true,"href":"https:\/\/fumed-silica.net\/fr\/wp-json\/wp\/v2\/pages\/21"}],"wp:attachment":[{"href":"https:\/\/fumed-silica.net\/fr\/wp-json\/wp\/v2\/media?parent=7550"}],"curies":[{"name":"wp","href":"https:\/\/api.w.org\/{rel}","templated":true}]}}