{"id":7524,"date":"2020-10-12T09:23:35","date_gmt":"2020-10-12T09:23:35","guid":{"rendered":"https:\/\/fumed-silica.net\/?page_id=7524"},"modified":"2021-01-12T05:48:07","modified_gmt":"2021-01-12T05:48:07","slug":"xysil-fumed-silica-for-pharma","status":"publish","type":"page","link":"https:\/\/fumed-silica.net\/fr\/applications\/xysil-fumed-silica-for-pharma\/","title":{"rendered":"Pharma"},"content":{"rendered":"<p>La silice pyrog\u00e9n\u00e9e XYSIL <sup> \u00ae <\/sup> est un excipient cl\u00e9 dans une large gamme de suppl\u00e9ments pharmaceutiques et nutritionnels.<\/p>\n<p>Ce produit est un agent glissant ou un additif \u00e0 \u00e9coulement libre pour am\u00e9liorer l&rsquo;efficacit\u00e9 de la production de comprim\u00e9s et l&rsquo;uniformit\u00e9 et la r\u00e9sistance des comprim\u00e9s. Il am\u00e9liore la libre circulation des poudres et des granulations &#8211; facilitant le remplissage des capsules. Pour les g\u00e9lules molles, XYSIL\u00ae200P fournit un anti-s\u00e9dimentation des ingr\u00e9dients insolubles dans le liquide ou le gel avant et pendant le remplissage de la g\u00e9lule.<\/p>\n<h3> APPLICATION: <\/h3>\n<h4> Sous forme posologique solide (comprim\u00e9s et g\u00e9lules) <\/h4>\n<div class=\"su-row\">\n<div class=\"su-column su-column-size-2-5\"><div class=\"su-column-inner su-u-clearfix su-u-trim\">\n<ul>\n<li> Am\u00e9lioration du d\u00e9bit de poudre et des caract\u00e9ristiques de tassement <\/li>\n<li> R\u00e9duit l&rsquo;agglom\u00e9ration <\/li>\n<li> Am\u00e9liorer les propri\u00e9t\u00e9s de la tablette <\/li>\n<li> Duret\u00e9 <\/li>\n<li> Uniformit\u00e9 du poids <\/li>\n<li> Uniformit\u00e9 du contenu <\/li>\n<li> Augmentation de la r\u00e9sistance \u00e0 la traction <\/li>\n<li> Dissolution am\u00e9lior\u00e9e <\/li>\n<li> Op\u00e9ration de compression am\u00e9lior\u00e9e <\/li>\n<\/ul>\n<h4> Sous forme posologique semi-solide <\/h4>\n<ul>\n<li> \u00c9paississant inorganique <\/li>\n<li> Am\u00e9liorateur de viscosit\u00e9 <\/li>\n<li> Maintient l&rsquo;ingr\u00e9dient actif uniform\u00e9ment distribu\u00e9 <\/li>\n<\/ul>\n<h4> Sous forme posologique liquide <\/h4>\n<ul>\n<li> \u00c9paissit les supports \u00e0 faible polarit\u00e9 <\/li>\n<li> Forme un gel transparent <\/li>\n<li> Aide au comportement d&rsquo;\u00e9coulement pseudoplastique <\/li>\n<li> Maintient les particules en suspension <\/li>\n<li> Emp\u00eache la s\u00e9dimentation <\/li>\n<\/ul>\n<\/div><\/div>\n<div class=\"su-column su-column-size-3-5\"><div class=\"su-column-inner su-u-clearfix su-u-trim\">\n<figure id=\"attachment_7531\" aria-describedby=\"caption-attachment-7531\" style=\"width: 821px\" class=\"wp-caption alignleft\"><img decoding=\"async\" loading=\"lazy\" src=\"\/fr\/wp-content\/uploads\/2020\/10\/medicine-1024x695.jpg\" alt=\"\" width=\"821\" height=\"557\" class=\"size-large wp-image-7531\" srcset=\"https:\/\/fumed-silica.net\/fr\/wp-content\/uploads\/2020\/10\/medicine-1024x695.jpg 1024w, https:\/\/fumed-silica.net\/fr\/wp-content\/uploads\/2020\/10\/medicine-300x203.jpg 300w, https:\/\/fumed-silica.net\/fr\/wp-content\/uploads\/2020\/10\/medicine-768x521.jpg 768w, https:\/\/fumed-silica.net\/fr\/wp-content\/uploads\/2020\/10\/medicine-500x339.jpg 500w, https:\/\/fumed-silica.net\/fr\/wp-content\/uploads\/2020\/10\/medicine-1536x1042.jpg 1536w, https:\/\/fumed-silica.net\/fr\/wp-content\/uploads\/2020\/10\/medicine.jpg 2048w\" sizes=\"(max-width: 821px) 100vw, 821px\" \/><figcaption id=\"caption-attachment-7531\" class=\"wp-caption-text\">silice pyrog\u00e9n\u00e9e appliqu\u00e9e en pharmacie<\/figcaption><\/figure>\n<\/div><\/div>\n<\/div>\n<hr \/>\n<h3> Fonctions dans Pharma <\/h3>\n<h4> Hygroscopicit\u00e9 <\/h4>\n<p>les particules de silice pyrog\u00e9n\u00e9e ne sont pas poreuses et leur teneur en humidit\u00e9 est g\u00e9n\u00e9ralement inf\u00e9rieure \u00e0 1% au moment de l&#8217;emballage, ce qui peut \u00eatre \u00e9limin\u00e9 par chauffage \u00e0 110 \u00b0 C. Une granulom\u00e9trie fine et un grand nombre de groupes hydroxyle de surface font de la silice pyrog\u00e9n\u00e9e un excellent dessicant. Il absorbe l&rsquo;humidit\u00e9 mais ne se liqu\u00e9fie pas, ce qui aide \u00e0 stabiliser les ingr\u00e9dients sensibles \u00e0 l&rsquo;humidit\u00e9 dans les m\u00e9dicaments, les comprim\u00e9s et les capsules emp\u00eachant l&rsquo;agglom\u00e9ration des m\u00e9langes de poudre.<\/p>\n<h4> Propri\u00e9t\u00e9s du flux <\/h4>\n<p>la silice pyrog\u00e9n\u00e9e est utilis\u00e9e comme agent de glissement et anti-agglom\u00e9rant pour am\u00e9liorer les propri\u00e9t\u00e9s d&rsquo;\u00e9coulement de la granulation dans la machine \u00e0 comprim\u00e9s et \u00e0 capsules \u00e0 grande vitesse. Le flux de particules a un effet direct sur l&rsquo;uniformit\u00e9 du poids et joue un r\u00f4le important dans le m\u00e9lange solide-solide et l&rsquo;homog\u00e9n\u00e9it\u00e9 de la poudre.<\/p>\n<h4> R\u00e9duit la friction entre les particules<\/p>\n<h4> Am\u00e9liore le flux de granulations <\/h4>\n<h4> Am\u00e9liore le remplissage des irr\u00e9gularit\u00e9s de surface dans les granul\u00e9s <\/h4>\n<h4> Emp\u00eache la s\u00e9gr\u00e9gation et la s\u00e9paration des granul\u00e9s <\/h4>\n<h4> Aide \u00e0 pr\u00e9venir les cavitations ou la pouss\u00e9e de granulation des comprim\u00e9s dans un m\u00e9lange de poudre <\/h4>\n","protected":false},"excerpt":{"rendered":"<p>La silice pyrog\u00e9n\u00e9e XYSIL \u00ae est un excipient cl\u00e9 dans une large gamme de suppl\u00e9ments pharmaceutiques et nutritionnels. Ce produit est un agent glissant ou un additif \u00e0 \u00e9coulement libre pour am\u00e9liorer l&rsquo;efficacit\u00e9 de la production de comprim\u00e9s et l&rsquo;uniformit\u00e9 et la r\u00e9sistance des comprim\u00e9s. Il am\u00e9liore la libre circulation des poudres et des granulations\u2026<\/p>\n","protected":false},"author":2,"featured_media":0,"parent":21,"menu_order":305,"comment_status":"closed","ping_status":"closed","template":"page-templates\/full-width.php","meta":{"_exactmetrics_skip_tracking":false,"_exactmetrics_sitenote_active":false,"_exactmetrics_sitenote_note":"","_exactmetrics_sitenote_category":0},"psp_head":"<title>Pharma \u2013 XYSIL\u00ae Silice Pyrog\u00e9n\u00e9e- XUNYU CHEM<\/title>\r\n<meta name=\"description\" content=\"La silice pyrog\u00e9n\u00e9e XYSIL \u00ae est un excipient cl\u00e9 dans une large gamme de suppl\u00e9ments pharmaceutiques et nutritionnels. Ce produit est un agent glissant ou un additif \u00e0 \u00e9coulement libre pour am\u00e9liorer l&#039;efficacit\u00e9 de la production de comprim\u00e9s et l&#039;uniformit\u00e9 et la r\u00e9sistance des comprim\u00e9s.\" \/>\r\n<meta name=\"robots\" content=\"index,follow\" \/>\r\n<link rel=\"canonical\" href=\"https:\/\/fumed-silica.net\/fr\/applications\/xysil-fumed-silica-for-pharma\/\" \/>\r\n","_links":{"self":[{"href":"https:\/\/fumed-silica.net\/fr\/wp-json\/wp\/v2\/pages\/7524"}],"collection":[{"href":"https:\/\/fumed-silica.net\/fr\/wp-json\/wp\/v2\/pages"}],"about":[{"href":"https:\/\/fumed-silica.net\/fr\/wp-json\/wp\/v2\/types\/page"}],"author":[{"embeddable":true,"href":"https:\/\/fumed-silica.net\/fr\/wp-json\/wp\/v2\/users\/2"}],"replies":[{"embeddable":true,"href":"https:\/\/fumed-silica.net\/fr\/wp-json\/wp\/v2\/comments?post=7524"}],"version-history":[{"count":9,"href":"https:\/\/fumed-silica.net\/fr\/wp-json\/wp\/v2\/pages\/7524\/revisions"}],"predecessor-version":[{"id":8778,"href":"https:\/\/fumed-silica.net\/fr\/wp-json\/wp\/v2\/pages\/7524\/revisions\/8778"}],"up":[{"embeddable":true,"href":"https:\/\/fumed-silica.net\/fr\/wp-json\/wp\/v2\/pages\/21"}],"wp:attachment":[{"href":"https:\/\/fumed-silica.net\/fr\/wp-json\/wp\/v2\/media?parent=7524"}],"curies":[{"name":"wp","href":"https:\/\/api.w.org\/{rel}","templated":true}]}}