{"id":7496,"date":"2020-10-12T05:38:42","date_gmt":"2020-10-12T05:38:42","guid":{"rendered":"https:\/\/fumed-silica.net\/?page_id=7496"},"modified":"2021-01-12T05:37:19","modified_gmt":"2021-01-12T05:37:19","slug":"battery","status":"publish","type":"page","link":"https:\/\/fumed-silica.net\/fr\/applications\/battery\/","title":{"rendered":"Batterie"},"content":{"rendered":"<h3> Dans la batterie au gel <\/h3>\n<p>G\u00e9lification \/ \u00e9paississement de l&rsquo;acide sulfurique pour accumulateurs avec de la silice pyrog\u00e9n\u00e9e XYSIL. La silice pyrog\u00e9n\u00e9e<br \/>\nXYSIL est utilis\u00e9e dans des batteries plomb-acide sp\u00e9ciales pour g\u00e9lifier l&rsquo;\u00e9lectrolyte (c&rsquo;est-\u00e0-dire un \u00e9paississement<br \/>\ntr\u00e8s fort).<\/p>\n<div class=\"su-row\">\n<div class=\"su-column su-column-size-2-3\"><div class=\"su-column-inner su-u-clearfix su-u-trim\">\n<h4> Principaux avantages <\/h4>\n<ul>\n<li> Augmentation significative de la dur\u00e9e de vie de l&rsquo;accumulateur gr\u00e2ce \u00e0 la pr\u00e9vention de la stratification<br \/>\n        acide m\u00eame en cas de d\u00e9charge profonde <\/li>\n<li> Am\u00e9lioration de la r\u00e9sistance aux temp\u00e9ratures extr\u00eames, aux chocs et aux vibrations <\/li>\n<li> Batterie \u00e9tanche m\u00eame si elle n&rsquo;est pas mont\u00e9e en position verticale <\/li>\n<\/ul>\n<p>Les batteries au gel fabriqu\u00e9es avec de la silice pyrog\u00e9n\u00e9e Xysil ne n\u00e9cessitent aucun entretien en ce qui concerne<br \/>\nl&rsquo;arrosage et peuvent \u00eatre utilis\u00e9es comme batteries \u00e0 d\u00e9charge profonde. Ces propri\u00e9t\u00e9s en font un excellent choix pour<br \/>\ndes applications telles que les chariots \u00e9l\u00e9vateurs, les bateaux, le stockage d&rsquo;\u00e9nergie verte et l&rsquo;alimentation de<br \/>\nsecours comme les syst\u00e8mes d&rsquo;alarme et les t\u00e9l\u00e9communications.<\/p>\n<p><strong> Effets <\/strong>: \u00e9paississement, thixotropie, formation de gel<br \/>\n<\/div><\/div>\n<div class=\"su-column su-column-size-1-3\"><div class=\"su-column-inner su-u-clearfix su-u-trim\">\n<img decoding=\"async\" loading=\"lazy\" src=\"\/fr\/wp-content\/uploads\/2021\/01\/gel-battery-300x195-1.jpg\" alt=\"\" width=\"400\" height=\"267\"\n    class=\"alignleft size-full wp-image-8773\" srcset=\"https:\/\/fumed-silica.net\/fr\/wp-content\/uploads\/2021\/01\/gel-battery-300x195-1.jpg 400w, https:\/\/fumed-silica.net\/fr\/wp-content\/uploads\/2021\/01\/gel-battery-300x195-1-300x200.jpg 300w, https:\/\/fumed-silica.net\/fr\/wp-content\/uploads\/2021\/01\/gel-battery-300x195-1-272x182.jpg 272w\" sizes=\"(max-width: 400px) 100vw, 400px\" \/><br \/>\n<\/div><\/div>\n<\/div>\n<hr \/>\n<h3> Dans les batteries au lithium-ion <\/h3>\n<p>La technologie des batteries Li-ion offre des avantages distincts par rapport aux autres batteries, en particulier leur<br \/>\nexcellent rapport \u00e9nergie \/ poids et leur faible taux d&rsquo;auto-d\u00e9charge.<br \/>\n<div class=\"su-row\">\n<div class=\"su-column su-column-size-1-3\"><div class=\"su-column-inner su-u-clearfix su-u-trim\">\n<img decoding=\"async\" loading=\"lazy\" src=\"\/fr\/wp-content\/uploads\/2020\/10\/Lithium-Battery.jpg\" alt=\"\" width=\"400\" height=\"284\"\n    class=\"alignleft size-full wp-image-7498\" srcset=\"https:\/\/fumed-silica.net\/fr\/wp-content\/uploads\/2020\/10\/Lithium-Battery.jpg 400w, https:\/\/fumed-silica.net\/fr\/wp-content\/uploads\/2020\/10\/Lithium-Battery-300x213.jpg 300w\" sizes=\"(max-width: 400px) 100vw, 400px\" \/><br \/>\n<\/div><\/div>\n<div class=\"su-column su-column-size-2-3\"><div class=\"su-column-inner su-u-clearfix su-u-trim\">\nPar cons\u00e9quent, elles sont plus minces, plus l\u00e9g\u00e8res et atteignent g\u00e9n\u00e9ralement des dur\u00e9es de fonctionnement plus<br \/>\nlongues que de nombreuses autres batteries rechargeables. Les batteries au lithium polym\u00e8re sont une sous-classe de<br \/>\nbatteries Li-ion, comportant un \u00e9lectrolyte solide ou g\u00e9lifi\u00e9, ininflammable et anti-\u00e9claboussures. Les batteries au<br \/>\nlithium-ion (LIB) sont utilis\u00e9es pour diverses applications, y compris l&rsquo;\u00e9lectronique grand public et les outils<br \/>\n\u00e9lectriques, mais \u00e9galement en tant que gros assemblage de batteries sur le nouveau march\u00e9 \u00e0 venir des v\u00e9hicules<br \/>\n\u00e9lectriques.<\/p>\n<h4> Principaux avantages <\/h4>\n<ul>\n<li> Augmentation de la capacit\u00e9 de la batterie et de la capacit\u00e9 de d\u00e9bit <\/li>\n<li> Am\u00e9lioration de l&rsquo;efficacit\u00e9 de la batterie \u00e0 des temp\u00e9ratures de travail plus basses <\/li>\n<li> Augmentation de la dur\u00e9e de vie de la batterie <\/li>\n<\/ul>\n<p><strong> Effet <\/strong>: stabilit\u00e9 thermique, r\u00e9sistance m\u00e9canique, mouillabilit\u00e9 \u00e9lectrolytique<br \/>\n<\/div><\/div>\n<\/div>\n","protected":false},"excerpt":{"rendered":"<p>Dans la batterie au gel G\u00e9lification \/ \u00e9paississement de l&rsquo;acide sulfurique pour accumulateurs avec de la silice pyrog\u00e9n\u00e9e XYSIL. La silice pyrog\u00e9n\u00e9e XYSIL est utilis\u00e9e dans des batteries plomb-acide sp\u00e9ciales pour g\u00e9lifier l&rsquo;\u00e9lectrolyte (c&rsquo;est-\u00e0-dire un \u00e9paississement tr\u00e8s fort). Dans les batteries au lithium-ion La technologie des batteries Li-ion offre des avantages distincts par rapport aux\u2026<\/p>\n","protected":false},"author":2,"featured_media":0,"parent":21,"menu_order":302,"comment_status":"closed","ping_status":"closed","template":"page-templates\/full-width.php","meta":{"_exactmetrics_skip_tracking":false,"_exactmetrics_sitenote_active":false,"_exactmetrics_sitenote_note":"","_exactmetrics_sitenote_category":0},"psp_head":"<title>Batterie \u2013 XYSIL\u00ae Silice Pyrog\u00e9n\u00e9e- XUNYU CHEM<\/title>\r\n<meta name=\"description\" content=\"Dans la batterie au gel G\u00e9lification \/ \u00e9paississement de l&#039;acide sulfurique pour accumulateurs avec de la silice pyrog\u00e9n\u00e9e XYSIL. La silice pyrog\u00e9n\u00e9e XYSIL est utilis\u00e9e dans des batteries plomb-acide sp\u00e9ciales pour g\u00e9lifier l&#039;\u00e9lectrolyte (c&#039;est-\u00e0-dire un \u00e9paississement tr\u00e8s fort).\" \/>\r\n<meta name=\"robots\" content=\"index,follow\" \/>\r\n<link rel=\"canonical\" href=\"https:\/\/fumed-silica.net\/fr\/applications\/battery\/\" \/>\r\n","_links":{"self":[{"href":"https:\/\/fumed-silica.net\/fr\/wp-json\/wp\/v2\/pages\/7496"}],"collection":[{"href":"https:\/\/fumed-silica.net\/fr\/wp-json\/wp\/v2\/pages"}],"about":[{"href":"https:\/\/fumed-silica.net\/fr\/wp-json\/wp\/v2\/types\/page"}],"author":[{"embeddable":true,"href":"https:\/\/fumed-silica.net\/fr\/wp-json\/wp\/v2\/users\/2"}],"replies":[{"embeddable":true,"href":"https:\/\/fumed-silica.net\/fr\/wp-json\/wp\/v2\/comments?post=7496"}],"version-history":[{"count":7,"href":"https:\/\/fumed-silica.net\/fr\/wp-json\/wp\/v2\/pages\/7496\/revisions"}],"predecessor-version":[{"id":8776,"href":"https:\/\/fumed-silica.net\/fr\/wp-json\/wp\/v2\/pages\/7496\/revisions\/8776"}],"up":[{"embeddable":true,"href":"https:\/\/fumed-silica.net\/fr\/wp-json\/wp\/v2\/pages\/21"}],"wp:attachment":[{"href":"https:\/\/fumed-silica.net\/fr\/wp-json\/wp\/v2\/media?parent=7496"}],"curies":[{"name":"wp","href":"https:\/\/api.w.org\/{rel}","templated":true}]}}