{"id":7483,"date":"2020-10-12T05:11:36","date_gmt":"2020-10-12T05:11:36","guid":{"rendered":"https:\/\/fumed-silica.net\/?page_id=7483"},"modified":"2021-01-12T05:43:23","modified_gmt":"2021-01-12T05:43:23","slug":"personal-care-and-food","status":"publish","type":"page","link":"https:\/\/fumed-silica.net\/fr\/applications\/personal-care-and-food\/","title":{"rendered":"Soins personnels et alimentation"},"content":{"rendered":"<h3> Dans les soins personnels et les cosm\u00e9tiques <\/h3>\n<div class=\"su-row\">\n<div class=\"su-column su-column-size-1-3\"><div class=\"su-column-inner su-u-clearfix su-u-trim\">\n<img decoding=\"async\" loading=\"lazy\" src=\"\/fr\/wp-content\/uploads\/2020\/10\/personal-care-products-300x195-1.jpg\" alt=\"\" width=\"300\" height=\"195\" class=\"alignleft size-full wp-image-7488\" \/><br \/>\n<\/div><\/div>\n<div class=\"su-column su-column-size-2-3\"><div class=\"su-column-inner su-u-clearfix su-u-trim\">\nLa silice pyrog\u00e9n\u00e9e est une mati\u00e8re premi\u00e8re importante pour les soins personnels et les domaines cosm\u00e9tiques. Savon, shampooing, d\u00e9odorant, cr\u00e8me pour le visage, maquillage, rouge \u00e0 l\u00e8vres, etc. C&rsquo;est un gel-formateur efficace qui peut augmenter la viscosit\u00e9 des huiles, des cires et des \u00e9mulsions, am\u00e9liorant ainsi la structure et la stabilit\u00e9 des cr\u00e8mes, lotions, rouges \u00e0 l\u00e8vres et pr\u00e9parations de maquillage de mani\u00e8re significative. Il s&rsquo;agit d&rsquo;aides \u00e0 l&rsquo;\u00e9coulement efficaces, b\u00e9n\u00e9fiques dans la production et l&rsquo;application de poudres et de produits de soins capillaires. La silice pyrog\u00e9n\u00e9e Xysil facilite \u00e9galement le traitement des pigments et emp\u00eache la s\u00e9dimentation des composants solides des suspensions.<\/p>\n<p>La silice pyrog\u00e9n\u00e9e est des substances inorganiques (min\u00e9rales); ces produits compl\u00e8tement amorphes r\u00e9pondent aux exigences des consommateurs en mati\u00e8re de mati\u00e8res premi\u00e8res fiables et s\u00fbres.<br \/>\n<\/div><\/div>\n<\/div>\n<hr>\n<h3> Dans l&rsquo;industrie alimentaire <\/h3>\n<div class=\"su-row\">\n<div class=\"su-column su-column-size-2-3\"><div class=\"su-column-inner su-u-clearfix su-u-trim\">\nMaintenant, toutes sortes d&rsquo;aliments pratiques sont tr\u00e8s populaires, dans cet aliment pratique, des ingr\u00e9dients en poudre (tels que le sel, les \u00e9pices, les assaisonnements, les \u0153ufs ou le lait en poudre) sont largement utilis\u00e9s. Mais en raison de leur granulom\u00e9trie fine ou de leur caract\u00e8re collant, certaines poudres pr\u00e9sentent de mauvaises propri\u00e9t\u00e9s d&rsquo;\u00e9coulement et un g\u00e2teau au stockage, ce qui rend la manipulation et le dosage correct difficiles. La silice pyrog\u00e9n\u00e9e offre un moyen efficace et peu co\u00fbteux de relever ce d\u00e9fi. Il garantit la qualit\u00e9 des produits et am\u00e9liore la productivit\u00e9.<br \/>\n<\/div><\/div>\n<div class=\"su-column su-column-size-1-3\"><div class=\"su-column-inner su-u-clearfix su-u-trim\">\n<img decoding=\"async\" loading=\"lazy\" src=\"\/fr\/wp-content\/uploads\/2020\/10\/convenient-food-300x200-1.jpg\" alt=\"\" width=\"300\" height=\"200\" class=\"alignleft size-full wp-image-7489\" srcset=\"https:\/\/fumed-silica.net\/fr\/wp-content\/uploads\/2020\/10\/convenient-food-300x200-1.jpg 300w, https:\/\/fumed-silica.net\/fr\/wp-content\/uploads\/2020\/10\/convenient-food-300x200-1-272x182.jpg 272w\" sizes=\"(max-width: 300px) 100vw, 300px\" \/><br \/>\n<\/div><\/div>\n<\/div>\n<div class=\"su-row\">\n<div class=\"su-column su-column-size-1-2\"><div class=\"su-column-inner su-u-clearfix su-u-trim\">\n<h4> Applications <\/h4>\n<p>     \u2022 Les saveurs<br \/>\n     \u2022 Poudre de fruits<br \/>\n     \u2022 Poudre d&rsquo;ail<br \/>\n     \u2022 une boisson instantan\u00e9e<br \/>\n     \u2022 Poudre d&rsquo;oignon<br \/>\n     \u2022 Poudre de paprika<br \/>\n     \u2022 Concentr\u00e9 de prot\u00e9ines<br \/>\n     \u2022 M\u00e9lange d&rsquo;\u00e9pices<br \/>\n     \u2022 Tomate en poudre<br \/>\n     \u2022 Poudre v\u00e9g\u00e9tale<br \/>\n     \u2022 Poudre de chili<br \/>\n<\/div><\/div>\n<div class=\"su-column su-column-size-1-2\"><div class=\"su-column-inner su-u-clearfix su-u-trim\">\n<h4> Fonctions <\/h4>\n<p>     \u2022 Am\u00e9lioration de la fluidit\u00e9 de la poudre<br \/>\n     \u2022 Tendance r\u00e9duite au mottage<br \/>\n     \u2022 Dosage exact<br \/>\n     \u2022 Am\u00e9lioration de la stabilit\u00e9 de stockage<br \/>\n     \u2022 Augmentation de la productivit\u00e9<br \/>\n     \u2022 Qualit\u00e9 constante<br \/>\n     \u2022 G\u00e9n\u00e9ration de poussi\u00e8re minimis\u00e9e<br \/>\n     \u2022 Qualit\u00e9 de silice fiable de qualit\u00e9 alimentaire<br \/>\n     \u2022 Haute puret\u00e9<br \/>\n     \u2022 \u00c9conomies de co\u00fbts<\/p>\n<\/div><\/div>\n<\/div>\n","protected":false},"excerpt":{"rendered":"<p>Dans les soins personnels et les cosm\u00e9tiques Dans l&rsquo;industrie alimentaire<\/p>\n","protected":false},"author":2,"featured_media":0,"parent":21,"menu_order":304,"comment_status":"closed","ping_status":"closed","template":"","meta":{"_exactmetrics_skip_tracking":false,"_exactmetrics_sitenote_active":false,"_exactmetrics_sitenote_note":"","_exactmetrics_sitenote_category":0},"psp_head":"<title>Soins personnels et alimentation \u2013 XYSIL\u00ae Silice Pyrog\u00e9n\u00e9e- XUNYU CHEM<\/title>\r\n<meta name=\"description\" content=\"Dans les soins personnels et les cosm\u00e9tiques [su_row] [su_column size=&quot;1\/3&quot;] [\/su_column] [su_column size=&quot;2\/3&quot;] La silice pyrog\u00e9n\u00e9e est une mati\u00e8re premi\u00e8re importante pour les soins personnels et les domaines cosm\u00e9tiques.\" \/>\r\n<meta name=\"robots\" content=\"index,follow\" \/>\r\n<link rel=\"canonical\" href=\"https:\/\/fumed-silica.net\/fr\/applications\/personal-care-and-food\/\" \/>\r\n","_links":{"self":[{"href":"https:\/\/fumed-silica.net\/fr\/wp-json\/wp\/v2\/pages\/7483"}],"collection":[{"href":"https:\/\/fumed-silica.net\/fr\/wp-json\/wp\/v2\/pages"}],"about":[{"href":"https:\/\/fumed-silica.net\/fr\/wp-json\/wp\/v2\/types\/page"}],"author":[{"embeddable":true,"href":"https:\/\/fumed-silica.net\/fr\/wp-json\/wp\/v2\/users\/2"}],"replies":[{"embeddable":true,"href":"https:\/\/fumed-silica.net\/fr\/wp-json\/wp\/v2\/comments?post=7483"}],"version-history":[{"count":9,"href":"https:\/\/fumed-silica.net\/fr\/wp-json\/wp\/v2\/pages\/7483\/revisions"}],"predecessor-version":[{"id":8777,"href":"https:\/\/fumed-silica.net\/fr\/wp-json\/wp\/v2\/pages\/7483\/revisions\/8777"}],"up":[{"embeddable":true,"href":"https:\/\/fumed-silica.net\/fr\/wp-json\/wp\/v2\/pages\/21"}],"wp:attachment":[{"href":"https:\/\/fumed-silica.net\/fr\/wp-json\/wp\/v2\/media?parent=7483"}],"curies":[{"name":"wp","href":"https:\/\/api.w.org\/{rel}","templated":true}]}}