{"id":683,"date":"2014-11-28T05:53:40","date_gmt":"2014-11-28T05:53:40","guid":{"rendered":"https:\/\/fumed-silica.net\/?page_id=683"},"modified":"2021-01-13T02:22:52","modified_gmt":"2021-01-13T02:22:52","slug":"history-and-development","status":"publish","type":"page","link":"https:\/\/fumed-silica.net\/fr\/about\/history-and-development\/","title":{"rendered":"Histoire et d\u00e9veloppement"},"content":{"rendered":"<p><strong>2006<\/strong><br \/>\nL&rsquo;entreprise a \u00e9t\u00e9 cr\u00e9\u00e9e. La construction du premier projet (capacit\u00e9 annuelle de 2000 tonnes) a d\u00e9but\u00e9 en juin et s&rsquo;est achev\u00e9e en d\u00e9cembre. Le premier lot de produit qualifi\u00e9 est produit.<\/p>\n<p><strong>2007<\/strong><br \/>\nLa capacit\u00e9 annuelle r\u00e9elle a atteint 1850 tonnes. Les principaux mod\u00e8les de produits sont XYSIL150 et XYSIL200. La qualit\u00e9 du produit avait \u00e9t\u00e9 accept\u00e9e sur le march\u00e9 int\u00e9rieur et les produits s&rsquo;\u00e9taient bien vendus sur le march\u00e9 chinois, principalement pour les utilisateurs finals avec un emballage neutre.<br \/>\n<a href=\"\/fr\/wp-content\/uploads\/2014\/11\/image089.jpg\"><img decoding=\"async\" loading=\"lazy\" src=\"\/fr\/wp-content\/uploads\/2014\/11\/image089-300x174.jpg\" alt=\"domestic and international sale percentage\" width=\"300\" height=\"174\" class=\"alignright size-medium wp-image-697\" srcset=\"https:\/\/fumed-silica.net\/fr\/wp-content\/uploads\/2014\/11\/image089-300x174.jpg 300w, https:\/\/fumed-silica.net\/fr\/wp-content\/uploads\/2014\/11\/image089.jpg 597w\" sizes=\"(max-width: 300px) 100vw, 300px\" \/><\/a><\/p>\n<p><strong>2008<\/strong><br \/>\nIntroduction d&rsquo;un ensemble complet d&rsquo;\u00e9quipements de contr\u00f4le de qualit\u00e9 avanc\u00e9s et d&rsquo;une partie am\u00e9lior\u00e9e de l&rsquo;\u00e9quipement de production pour am\u00e9liorer la qualit\u00e9 des produits.<\/p>\n<p><strong>2009<\/strong><br \/>\nCoop\u00e9r\u00e9 avec des instituts de conception nationaux bien connus pour mettre \u00e0 niveau la technologie et augmenter la productivit\u00e9. Les XYSIL300 et XYSIL380 ont \u00e9t\u00e9 produits et la gamme compl\u00e8te de produits a \u00e9t\u00e9 form\u00e9e.<\/p>\n<p><strong>2010<\/strong><br \/>\nLa capacit\u00e9 avait atteint 3 000 tonnes \/ an. La qualit\u00e9 peut \u00eatre comparable \u00e0 celle des marques de renomm\u00e9e internationale. A commenc\u00e9 \u00e0 entrer sur le march\u00e9 international (principalement en Extr\u00eame-Orient), la qualit\u00e9 des produits avait \u00e9t\u00e9 accept\u00e9e par les utilisateurs internationaux. Participation \u00e0 l&rsquo;International Coatings Show \u00e0 Duba\u00ef.<\/p>\n<p><strong>2011<\/strong><br \/>\n\u00c9largissement du march\u00e9 international vers l&rsquo;Italie, l&rsquo;Espagne, l&rsquo;Inde et d&rsquo;autres pays. Peu \u00e0 peu \u00e9tabli un r\u00e9seau de vente et a commenc\u00e9 \u00e0 nommer des agences r\u00e9gionales.<br \/>\n<a href=\"\/fr\/wp-content\/uploads\/2014\/11\/geo.png\"><img decoding=\"async\" loading=\"lazy\" src=\"\/fr\/wp-content\/uploads\/2014\/11\/geo-300x150.png\" alt=\"client geo chart\" width=\"300\" height=\"150\" class=\"alignright size-medium wp-image-704\" srcset=\"https:\/\/fumed-silica.net\/fr\/wp-content\/uploads\/2014\/11\/geo-300x150.png 300w, https:\/\/fumed-silica.net\/fr\/wp-content\/uploads\/2014\/11\/geo-1024x513.png 1024w, https:\/\/fumed-silica.net\/fr\/wp-content\/uploads\/2014\/11\/geo.png 1257w\" sizes=\"(max-width: 300px) 100vw, 300px\" \/><\/a><\/p>\n<p><strong>2012<\/strong><br \/>\nIdentifi\u00e9 comme des marques bien connues et une entreprise de l&rsquo;industrie de haute technologie par la province du Henan.<\/p>\n<p><strong>2013<\/strong><br \/>\nCoop\u00e9r\u00e9 avec certaines entreprises internationales bien connues. Xysil avait occup\u00e9 une certaine part de march\u00e9 dans de nombreux pays. D\u00e9but de la construction du deuxi\u00e8me projet (3000 tonnes \/ an) et de la ligne de production hydrophobe.<\/p>\n<p><strong>2014<\/strong><br \/>\nTerminer la deuxi\u00e8me construction du projet, atteignant une capacit\u00e9 de 6 000 tonnes. Les mod\u00e8les hydrophobes ont gagn\u00e9 la reconnaissance de plus de clients et de march\u00e9s.<br \/>\nAgents et leur r\u00e9seau de vente dans plus de 20 pays. Commencez \u00e0 construire la 3\u00e8me phase (5000 tonnes \/ an).<\/p>\n<p><strong>2016<\/strong><br \/>\nD\u00e9veloppement du produit d&rsquo;alumine fum\u00e9e, XYAL100.<br \/>\nPr\u00e9sentation du nouveau big bag (capacit\u00e9 150 kg) pour les produits de silice pyrog\u00e9n\u00e9e<\/p>\n","protected":false},"excerpt":{"rendered":"<p>2006 L&rsquo;entreprise a \u00e9t\u00e9 cr\u00e9\u00e9e. La construction du premier projet (capacit\u00e9 annuelle de 2000 tonnes) a d\u00e9but\u00e9 en juin et s&rsquo;est achev\u00e9e en d\u00e9cembre. Le premier lot de produit qualifi\u00e9 est produit. 2007 La capacit\u00e9 annuelle r\u00e9elle a atteint 1850 tonnes. Les principaux mod\u00e8les de produits sont XYSIL150 et XYSIL200. La qualit\u00e9 du produit avait\u2026<\/p>\n","protected":false},"author":2,"featured_media":0,"parent":2,"menu_order":402,"comment_status":"closed","ping_status":"closed","template":"","meta":{"_exactmetrics_skip_tracking":false,"_exactmetrics_sitenote_active":false,"_exactmetrics_sitenote_note":"","_exactmetrics_sitenote_category":0},"psp_head":"<title>Histoire et d\u00e9veloppement de Henan Xunyu Chemical Co., Ltd. \u2013 XYSIL\u00ae Silice Pyrog\u00e9n\u00e9e- XUNYU CHEM<\/title>\r\n<meta name=\"description\" content=\"histoire et d\u00e9veloppement de Henan Xunyu Chemical Co., Ltd.\" \/>\r\n<meta name=\"robots\" content=\"index,follow\" \/>\r\n<link rel=\"canonical\" href=\"https:\/\/fumed-silica.net\/fr\/about\/history-and-development\/\" \/>\r\n","_links":{"self":[{"href":"https:\/\/fumed-silica.net\/fr\/wp-json\/wp\/v2\/pages\/683"}],"collection":[{"href":"https:\/\/fumed-silica.net\/fr\/wp-json\/wp\/v2\/pages"}],"about":[{"href":"https:\/\/fumed-silica.net\/fr\/wp-json\/wp\/v2\/types\/page"}],"author":[{"embeddable":true,"href":"https:\/\/fumed-silica.net\/fr\/wp-json\/wp\/v2\/users\/2"}],"replies":[{"embeddable":true,"href":"https:\/\/fumed-silica.net\/fr\/wp-json\/wp\/v2\/comments?post=683"}],"version-history":[{"count":26,"href":"https:\/\/fumed-silica.net\/fr\/wp-json\/wp\/v2\/pages\/683\/revisions"}],"predecessor-version":[{"id":8796,"href":"https:\/\/fumed-silica.net\/fr\/wp-json\/wp\/v2\/pages\/683\/revisions\/8796"}],"up":[{"embeddable":true,"href":"https:\/\/fumed-silica.net\/fr\/wp-json\/wp\/v2\/pages\/2"}],"wp:attachment":[{"href":"https:\/\/fumed-silica.net\/fr\/wp-json\/wp\/v2\/media?parent=683"}],"curies":[{"name":"wp","href":"https:\/\/api.w.org\/{rel}","templated":true}]}}