{"id":641,"date":"2014-11-04T05:50:04","date_gmt":"2014-11-04T05:50:04","guid":{"rendered":"https:\/\/fumed-silica.net\/?page_id=641"},"modified":"2021-07-27T08:36:44","modified_gmt":"2021-07-27T08:36:44","slug":"hydrophobic-fumed-silica","status":"publish","type":"page","link":"https:\/\/fumed-silica.net\/fr\/products\/hydrophobic-fumed-silica\/","title":{"rendered":"Silice Pyrog\u00e9n\u00e9e Hydrophobe"},"content":{"rendered":"<p>La silice pyrog\u00e9n\u00e9e  hydrophobe XYSIL<sup>\u00ae<\/sup> est \u00e0 base de produits de silice pyrog\u00e9n\u00e9e hydrophile apr\u00e8s traitement superficiel \u00e0 base de HMDS (hexam\u00e9thyldisilazane) et DDS (dim\u00e9thyldichlorosilane), ou structure modifi\u00e9e.<\/p>\n<table id=\"fumedsilica\" class=\"display nowrap\" style=\"width: 100%\">\n<thead>\n<tr>\n<th> Note <\/th>\n<th> Surface BET <\/br> [m2\/g] <\/th>\n<th> Perte au s\u00e9chage <\/br> [%] <\/th>\n<th> valeur pH <\/th>\n<th> Teneur en carbone <\/br> [%] <\/th>\n<th> Modification de la surface <\/th>\n<\/tr>\n<\/thead>\n<tbody>\n<tr>\n<td>XYSIL<sup>\u00ae<\/sup> R120H<\/td>\n<td>120 \u00b1 20<\/td>\n<td>\u2264 0.5<\/td>\n<td>4.5-6.5<\/td>\n<td>3.5-5.5<\/td>\n<td>PDMS<\/td>\n<\/tr>\n<tr>\n<td>XYSIL<sup>\u00ae<\/sup> R120B<\/td>\n<td>120 \u00b1 20<\/td>\n<td>\u2264 0.7<\/td>\n<td>3.7-4.5<\/td>\n<td>0.6-1.2<\/td>\n<td>DDS<\/td>\n<\/tr>\n<tr>\n<td>XYSIL<sup>\u00ae<\/sup> R170H<\/td>\n<td>170 \u00b1 20<\/td>\n<td>\u2264 0.7<\/td>\n<td>3.7-4.5<\/td>\n<td>0.7-1.5<\/td>\n<td>DDS<\/td>\n<\/tr>\n<tr>\n<td>XYSIL<sup>\u00ae<\/sup> R170B<\/td>\n<td>170 \u00b1 20<\/td>\n<td>\u2264 0.9<\/td>\n<td>5.0-8.0<\/td>\n<td>2.0-4.0<\/td>\n<td>HMDS<\/td>\n<\/tr>\n<tr>\n<td>XYSIL<sup>\u00ae<\/sup> R230<\/td>\n<td>260 \u00b1 20<\/td>\n<td>\u2264 0.5<\/td>\n<td>5.5-8.0<\/td>\n<td>2.5-4.0<\/td>\n<td>HMDS<\/td>\n<\/tr>\n<\/tbody>\n<\/table>\n<p><script type=\"text\/javascript\">jQuery(document).ready(function () { jQuery('#fumedsilica').DataTable({\nsearching: false,\nresponsive: true,\npaging: false,\nbInfo : false,\nordering: false,\n                columnDefs: [{\n                        responsivePriority: 0,\n                        targets: 0\n                    },\n                    {\n                        responsivePriority: 0,\n                        targets: 1\n                    }\n                ],\n}); });<\/script><\/p>\n<h3>TDS &#038; MSDS<\/h3>\n<ul>\n<li>Fiche de donn\u00e9es de s\u00e9curit\u00e9(MSDS): <a href=\"\/fr\/downloads\/MSDS-hydrophobic-fumed-silica_xunyuchem.pdf\">MSDS <\/a>\n    <\/li>\n<li>Fiche technique (TDS): <a href=\"\/downloads\/TDS-XYSILR120H_rev09-Xunyu-Fumed-Silica.pdf\">XYSILR120H<\/a>,        <a href=\"\/downloads\/TDS-XYSILR120B_rev06-Xunyu-Fumed-Silica.pdf\">XYSILR120B<\/a>,        <a href=\"\/downloads\/TDS-XYSIL_R170H_rev06-Xunyu-Fumed-Silica.pdf\">XYSILR170H<\/a>,        <a href=\"\/downloads\/TDS-XYSILR170B_rev06-Xunyu-Fumed-Silica.pdf\">XYSILR170B<\/a>,        <a href=\"\/downloads\/rev07\/TDS-XYSIL_R230-Xunyu-Fumed-Silica.pdf\">XYSILR230<\/a>\n    <\/li>\n<\/ul>\n<p>En outre, vous pouvez obtenir plus d&rsquo;informations sur la <strong> silice pyrog\u00e9n\u00e9e <\/strong> dans le centre de service, <a href=\"\/fr\/support-center\/\" > Service Centre <\/a>; s&rsquo;il n&rsquo;y a pas de documents disponibles, veuillez <a href=\"\/fr\/contact-us\"> nous contacter <\/a><\/p>\n<h3>Silice Pyrog\u00e9n\u00e9e<\/h3>\n<p>Dans la page galerie, vous pouvez voir directement les diff\u00e9rentes images sur l&#8217;emballage de la silice pyrog\u00e9n\u00e9e , les conditions de transport et d&rsquo;\u00e9chantillonnage, etc.<br \/>\nLa <a href=\"\/fr\/fumed-silica-gallery\/\" > Entrez dans la galerie XYSIL <sup> \u00ae <\/sup> de silice pyrog\u00e9n\u00e9e<\/a>.<\/p>\n","protected":false},"excerpt":{"rendered":"<p>La silice pyrog\u00e9n\u00e9e hydrophobe XYSIL\u00ae est \u00e0 base de produits de silice pyrog\u00e9n\u00e9e hydrophile apr\u00e8s traitement superficiel \u00e0 base de HMDS (hexam\u00e9thyldisilazane) et DDS (dim\u00e9thyldichlorosilane), ou structure modifi\u00e9e. Note Surface BET [m2\/g] Perte au s\u00e9chage [%] valeur pH Teneur en carbone [%] Modification de la surface XYSIL\u00ae R120H 120 \u00b1 20 \u2264 0.5 4.5-6.5 3.5-5.5\u2026<\/p>\n","protected":false},"author":2,"featured_media":0,"parent":11,"menu_order":120,"comment_status":"closed","ping_status":"closed","template":"","meta":{"_exactmetrics_skip_tracking":false,"_exactmetrics_sitenote_active":false,"_exactmetrics_sitenote_note":"","_exactmetrics_sitenote_category":0},"psp_head":"<title>Silice Pyrog\u00e9n\u00e9e Hydrophobe \u2013 XYSIL\u00ae Silice Pyrog\u00e9n\u00e9e- XUNYU CHEM<\/title>\r\n<meta name=\"description\" content=\"La hydrophobe XYSIL\u00ae silice Pyrog\u00e9n\u00e9e est bas\u00e9e sur des produits de silice yrog\u00e9n\u00e9e modification de surface, pour structure modifi\u00e9e\" \/>\r\n<meta name=\"robots\" content=\"index,follow\" \/>\r\n<link rel=\"canonical\" href=\"https:\/\/fumed-silica.net\/fr\/products\/hydrophobic-fumed-silica\/\" \/>\r\n","_links":{"self":[{"href":"https:\/\/fumed-silica.net\/fr\/wp-json\/wp\/v2\/pages\/641"}],"collection":[{"href":"https:\/\/fumed-silica.net\/fr\/wp-json\/wp\/v2\/pages"}],"about":[{"href":"https:\/\/fumed-silica.net\/fr\/wp-json\/wp\/v2\/types\/page"}],"author":[{"embeddable":true,"href":"https:\/\/fumed-silica.net\/fr\/wp-json\/wp\/v2\/users\/2"}],"replies":[{"embeddable":true,"href":"https:\/\/fumed-silica.net\/fr\/wp-json\/wp\/v2\/comments?post=641"}],"version-history":[{"count":54,"href":"https:\/\/fumed-silica.net\/fr\/wp-json\/wp\/v2\/pages\/641\/revisions"}],"predecessor-version":[{"id":8827,"href":"https:\/\/fumed-silica.net\/fr\/wp-json\/wp\/v2\/pages\/641\/revisions\/8827"}],"up":[{"embeddable":true,"href":"https:\/\/fumed-silica.net\/fr\/wp-json\/wp\/v2\/pages\/11"}],"wp:attachment":[{"href":"https:\/\/fumed-silica.net\/fr\/wp-json\/wp\/v2\/media?parent=641"}],"curies":[{"name":"wp","href":"https:\/\/api.w.org\/{rel}","templated":true}]}}