{"id":4,"date":"2010-08-22T02:30:14","date_gmt":"2010-08-22T02:30:14","guid":{"rendered":"https:\/\/fumed-silica.net\/en"},"modified":"2021-01-13T02:25:14","modified_gmt":"2021-01-13T02:25:14","slug":"enterprise-culture","status":"publish","type":"page","link":"https:\/\/fumed-silica.net\/fr\/about\/enterprise-culture\/","title":{"rendered":"La culture d&rsquo;entreprise"},"content":{"rendered":"<h3> Cr\u00e9dibilit\u00e9, cr\u00e9ativit\u00e9, coop\u00e9ration <\/h3>\n<p><strong> Philosophie de l&rsquo;entreprise: <\/strong> Nous nous sommes engag\u00e9s \u00e0 l&rsquo;esprit de cr\u00e9dibilit\u00e9, de cr\u00e9ativit\u00e9, de coop\u00e9ration et l&rsquo;avons int\u00e9gr\u00e9 dans le fonctionnement quotidien de l&rsquo;entreprise. En outre, nous poursuivons la croissance et l&rsquo;auto-perc\u00e9e, en nous concentrant sur la R&#038;D des nouveaux produits; continuer \u00e0 promouvoir la qualit\u00e9 des produits; ainsi que le d\u00e9veloppement du march\u00e9 et la fourniture de services.<\/p>\n<h3> Cr\u00e9er sans cesse la nouvelle valeur pour le client <\/h3>\n<p><strong> Objectif de l&rsquo;entreprise: <\/strong> Nous prenons sans cesse la cr\u00e9ation de valeur pour le client comme notre objectif. Nous prenons la demande des clients comme la racine du d\u00e9veloppement, de la promotion des produits au service client, en passant par la R&#038;D et la fabrication des produits.<\/p>\n<h3> De renomm\u00e9e mondiale, servez la soci\u00e9t\u00e9 <\/h3>\n<p><strong> Objectif de l&rsquo;entreprise: <\/strong> Nous avons un d\u00e9veloppement stable et allons progressivement construire le centre de distribution partout dans le monde. Nous int\u00e9grerons l&rsquo;esprit d&rsquo;innovation, la meilleure qualit\u00e9 et le service \u00e0 l&rsquo;op\u00e9ration globale. et essayez d&rsquo;\u00eatre l&rsquo;entreprise de renomm\u00e9e mondiale dans l&rsquo;industrie. Nous connaissons sinc\u00e8rement la responsabilit\u00e9 de la soci\u00e9t\u00e9, nous continuerons donc \u00e0 poursuivre la brillance et \u00e0 contribuer autant que possible au d\u00e9veloppement social.<\/p>\n","protected":false},"excerpt":{"rendered":"<p>Cr\u00e9dibilit\u00e9, cr\u00e9ativit\u00e9, coop\u00e9ration Philosophie de l&rsquo;entreprise: Nous nous sommes engag\u00e9s \u00e0 l&rsquo;esprit de cr\u00e9dibilit\u00e9, de cr\u00e9ativit\u00e9, de coop\u00e9ration et l&rsquo;avons int\u00e9gr\u00e9 dans le fonctionnement quotidien de l&rsquo;entreprise. En outre, nous poursuivons la croissance et l&rsquo;auto-perc\u00e9e, en nous concentrant sur la R&#038;D des nouveaux produits; continuer \u00e0 promouvoir la qualit\u00e9 des produits; ainsi que le d\u00e9veloppement\u2026<\/p>\n","protected":false},"author":2,"featured_media":0,"parent":2,"menu_order":403,"comment_status":"closed","ping_status":"closed","template":"","meta":{"_exactmetrics_skip_tracking":false,"_exactmetrics_sitenote_active":false,"_exactmetrics_sitenote_note":"","_exactmetrics_sitenote_category":0},"psp_head":"<title>Culture d&#039;entreprise - Henan Xunyu Chemical Co., Ltd. \u2013 XYSIL\u00ae Silice Pyrog\u00e9n\u00e9e- XUNYU CHEM<\/title>\r\n<meta name=\"description\" content=\"Henan Xunyu Chemical Co., Ltd. s&#039;est engag\u00e9 \u00e0 l&#039;esprit de cr\u00e9dibilit\u00e9, de cr\u00e9ativit\u00e9, de coop\u00e9ration et l&#039;a int\u00e9gr\u00e9 dans le fonctionnement quotidien de l&#039;entreprise\" \/>\r\n<meta name=\"robots\" content=\"index,follow\" \/>\r\n<link rel=\"canonical\" href=\"https:\/\/fumed-silica.net\/fr\/about\/enterprise-culture\/\" \/>\r\n","_links":{"self":[{"href":"https:\/\/fumed-silica.net\/fr\/wp-json\/wp\/v2\/pages\/4"}],"collection":[{"href":"https:\/\/fumed-silica.net\/fr\/wp-json\/wp\/v2\/pages"}],"about":[{"href":"https:\/\/fumed-silica.net\/fr\/wp-json\/wp\/v2\/types\/page"}],"author":[{"embeddable":true,"href":"https:\/\/fumed-silica.net\/fr\/wp-json\/wp\/v2\/users\/2"}],"replies":[{"embeddable":true,"href":"https:\/\/fumed-silica.net\/fr\/wp-json\/wp\/v2\/comments?post=4"}],"version-history":[{"count":3,"href":"https:\/\/fumed-silica.net\/fr\/wp-json\/wp\/v2\/pages\/4\/revisions"}],"predecessor-version":[{"id":8798,"href":"https:\/\/fumed-silica.net\/fr\/wp-json\/wp\/v2\/pages\/4\/revisions\/8798"}],"up":[{"embeddable":true,"href":"https:\/\/fumed-silica.net\/fr\/wp-json\/wp\/v2\/pages\/2"}],"wp:attachment":[{"href":"https:\/\/fumed-silica.net\/fr\/wp-json\/wp\/v2\/media?parent=4"}],"curies":[{"name":"wp","href":"https:\/\/api.w.org\/{rel}","templated":true}]}}