{"id":303,"date":"2011-04-13T08:09:20","date_gmt":"2011-04-13T08:09:20","guid":{"rendered":"https:\/\/fumed-silica.net\/fumed-silica-gallery\/fumed-silica"},"modified":"2021-01-14T06:40:47","modified_gmt":"2021-01-14T06:40:47","slug":"warehouse-gallery","status":"publish","type":"page","link":"https:\/\/fumed-silica.net\/fr\/warehouse-gallery\/","title":{"rendered":"Galerie d&rsquo;entrep\u00f4t de silice pyrog\u00e9n\u00e9e"},"content":{"rendered":"<script type=\"text\/javascript\">\r\ndocument.addEventListener(\"DOMContentLoaded\", function(event) { \r\n\tjQuery( '#example3_1476' ).sliderPro({\r\n\t\t\/\/width\r\n\t\t\t\twidth: 720,\r\n\t\t\t\t\r\n\t\t\/\/height\r\n\t\t\t\tautoHeight: true,\r\n\t\t\t\t\r\n\t\t\/\/autoplay\r\n\t\t\t\t\t\tautoplay: true,\r\n\t\tautoplayOnHover: 'pause',\r\n\t\t\t\t\t\tautoplayDelay: 5000,\r\n\t\t\r\n\t\t\r\n\t\tarrows: true,\r\n\t\tbuttons: true,\r\n\t\tsmallSize: 500,\r\n\t\tmediumSize: 1000,\r\n\t\tlargeSize: 3000,\r\n\t\tfade: true,\r\n\t\t\r\n\t\t\/\/thumbnail\r\n\t\tthumbnailArrows: true,\r\n\t\tthumbnailWidth: 120,\r\n\t\tthumbnailHeight: 120,\r\n\t\t\t\t\t\tthumbnailsPosition: 'bottom',\r\n\t\t\t\t\t\tcenterImage: true,\r\n\t\timageScaleMode: 'cover',\r\n\t\tallowScaleUp: true,\r\n\t\t\t\tstartSlide: 0,\r\n\t\tloop: true,\r\n\t\tslideDistance: 5,\r\n\t\tautoplayDirection: 'normal',\r\n\t\ttouchSwipe: true,\r\n\t\tfullScreen: false,\r\n\t});\r\n});\r\n<\/script>\r\n<style>\r\n\/* Layout 3 *\/\r\n\/* border *\/\r\n#example3_1476 .sp-selected-thumbnail {\r\n\tborder: 4px solid #000000;\r\n}\r\n\r\n\/* font + color *\/\r\n.title-in  {\r\n\tfont-family: Arial !important;\r\n\tcolor: #000000 !important;\r\n\tbackground-color: #FFFFFF !important;\r\n\topacity: 0.7 !important;\r\n}\r\n.desc-in  {\r\n\tfont-family: Arial !important;\r\n\tcolor: #FFFFFF !important;\r\n\tbackground-color: #000000 !important;\r\n\topacity: 0.7 !important;\r\n}\r\n\r\n\/* bullets color *\/\r\n.sp-button  {\r\n\tborder: 2px solid #000000 !important;\r\n}\r\n.sp-selected-button  {\r\n\tbackground-color: #000000 !important;\r\n}\r\n\r\n\/* pointer color - bottom *\/\r\n.sp-selected-thumbnail::before {\r\n\tborder-bottom: 5px solid #000000 !important;\r\n}\r\n.sp-selected-thumbnail::after {\r\n\tborder-bottom: 13px solid #000000 !important;\r\n}\r\n\r\n\/* pointer color - top *\/\r\n\r\n\/* full screen icon *\/\r\n.sp-full-screen-button::before {\r\n    color: #FFFFFF !important;\r\n}\r\n\r\n\/* hover navigation icon color *\/\r\n.sp-next-arrow::after, .sp-next-arrow::before {\r\n\tbackground-color: #FFFFFF !important;\r\n}\r\n.sp-previous-arrow::after, .sp-previous-arrow::before {\r\n\tbackground-color: #FFFFFF !important;\r\n}\r\n\r\n#example3_1476 .title-in {\r\n\tcolor: #000000 !important;\r\n\tfont-weight: bolder;\r\n\ttext-align: center;\r\n}\r\n\r\n#example3_1476 .title-in-bg {\r\n\tbackground: rgba(255, 255, 255, 0.7); !important;\r\n\twhite-space: unset !important;\r\n\tmax-width: 90%;\r\n\tmin-width: 40%;\r\n\ttransform: initial !important;\r\n\t-webkit-transform: initial !important;\r\n\tfont-size: 14px !important;\r\n}\r\n\r\n#example3_1476 .desc-in {\r\n\tcolor: #FFFFFF !important;\r\n\ttext-align: center;\r\n}\r\n#example3_1476 .desc-in-bg {\r\n\tbackground: rgba(#000000, 0.7) !important;\r\n\twhite-space: unset !important;\r\n\twidth: 80% !important;\r\n\tmin-width: 30%;\r\n\ttransform: initial !important;\r\n\t-webkit-transform: initial !important;\r\n\tfont-size: 13px !important;\r\n}\r\n\r\n.uris-title{\r\n\tfont-family: Arial;\r\n\t\ttext-align: center;\r\n}\r\n\r\n@media (max-width: 640px) {\r\n\t#example3_1476 .hide-small-screen {\r\n\t\tdisplay: none;\r\n\t}\r\n}\r\n\r\n@media (max-width: 860px) {\r\n\t#example3_1476 .sp-layer {\r\n\t\tfont-size: 18px;\r\n\t}\r\n\t\r\n\t#example3_1476 .hide-medium-screen {\r\n\t\tdisplay: none;\r\n\t}\r\n}\r\n.fnf{\r\n\tbackground-color: #a92929;\r\n\tborder-radius: 5px;\r\n\tcolor: #fff;\r\n\tfont-family: initial;\r\n\ttext-align: center;\r\n\tpadding:12px;\r\n}\r\n\/* Custom CSS *\/\r\n#example3_1476 .title-in{ visibility: hidden !important; } #example3_1476 .desc-in{ margin: auto !important; top: 90%!important;}<\/style>\r\n\t\t<div id=\"example3_1476\" class=\"slider-pro\">\r\n\t\t\t<!---- slides div start ---->\r\n\t\t\t<div class=\"sp-slides\">\r\n\t\t\t\t\t\t\t\r\n\t\t\t\t\t\t<div class=\"sp-slide\">\r\n\t\t\t\t\t\t\t<img class=\"sp-image\" alt=\"XYSIL-fumed-silica-201808_6\" src=\"https:\/\/fumed-silica.net\/fr\/wp-content\/plugins\/ultimate-responsive-image-slider\/css\/images\/blank.gif\" data-src=\"https:\/\/fumed-silica.net\/wp-content\/uploads\/2018\/08\/XYSIL-fumed-silica-201808_6.jpg\" \/>\r\n\r\n\t\t\t\t\t\t\t\r\n\t\t\t\t\t\t\t\r\n\t\t\t\t\t\t\t\t\t\t\t\t\t<\/div>\r\n\t\t\t\t\t\t\t\t\t\r\n\t\t\t\t\t\t<div class=\"sp-slide\">\r\n\t\t\t\t\t\t\t<img class=\"sp-image\" alt=\"XYSIL-fumed-silica-201808_6\" src=\"https:\/\/fumed-silica.net\/fr\/wp-content\/plugins\/ultimate-responsive-image-slider\/css\/images\/blank.gif\" data-src=\"https:\/\/2018.fumed-silica.net\/wp-content\/uploads\/2018\/04\/Fumed-Silica-Warehouse-06.jpg\" \/>\r\n\r\n\t\t\t\t\t\t\t\r\n\t\t\t\t\t\t\t\r\n\t\t\t\t\t\t\t\t\t\t\t\t\t<\/div>\r\n\t\t\t\t\t\t\t\t\t\r\n\t\t\t\t\t\t<div class=\"sp-slide\">\r\n\t\t\t\t\t\t\t<img class=\"sp-image\" alt=\"XYSIL-fumed-silica-201808_2\" src=\"https:\/\/fumed-silica.net\/fr\/wp-content\/plugins\/ultimate-responsive-image-slider\/css\/images\/blank.gif\" data-src=\"https:\/\/fumed-silica.net\/wp-content\/uploads\/2018\/08\/XYSIL-fumed-silica-201808_2.jpg\" \/>\r\n\r\n\t\t\t\t\t\t\t\r\n\t\t\t\t\t\t\t\r\n\t\t\t\t\t\t\t\t\t\t\t\t\t<\/div>\r\n\t\t\t\t\t\t\t\t\t\r\n\t\t\t\t\t\t<div class=\"sp-slide\">\r\n\t\t\t\t\t\t\t<img class=\"sp-image\" alt=\"XYSIL-fumed-silica-201808_5\" src=\"https:\/\/fumed-silica.net\/fr\/wp-content\/plugins\/ultimate-responsive-image-slider\/css\/images\/blank.gif\" data-src=\"https:\/\/fumed-silica.net\/wp-content\/uploads\/2018\/08\/XYSIL-fumed-silica-201808_5.jpg\" \/>\r\n\r\n\t\t\t\t\t\t\t\r\n\t\t\t\t\t\t\t\r\n\t\t\t\t\t\t\t\t\t\t\t\t\t<\/div>\r\n\t\t\t\t\t\t\t\t\t\r\n\t\t\t\t\t\t<div class=\"sp-slide\">\r\n\t\t\t\t\t\t\t<img class=\"sp-image\" alt=\"Fumed-Silica-Warehouse-04\" src=\"https:\/\/fumed-silica.net\/fr\/wp-content\/plugins\/ultimate-responsive-image-slider\/css\/images\/blank.gif\" data-src=\"https:\/\/fumed-silica.net\/wp-content\/uploads\/2018\/04\/Fumed-Silica-Warehouse-04.jpg\" \/>\r\n\r\n\t\t\t\t\t\t\t\r\n\t\t\t\t\t\t\t\r\n\t\t\t\t\t\t\t\t\t\t\t\t\t<\/div>\r\n\t\t\t\t\t\t\t\t\t\r\n\t\t\t\t\t\t<div class=\"sp-slide\">\r\n\t\t\t\t\t\t\t<img class=\"sp-image\" alt=\"Fumed-Silica-Warehouse-05\" src=\"https:\/\/fumed-silica.net\/fr\/wp-content\/plugins\/ultimate-responsive-image-slider\/css\/images\/blank.gif\" data-src=\"https:\/\/fumed-silica.net\/wp-content\/uploads\/2018\/04\/Fumed-Silica-Warehouse-05.jpg\" \/>\r\n\r\n\t\t\t\t\t\t\t\r\n\t\t\t\t\t\t\t\r\n\t\t\t\t\t\t\t\t\t\t\t\t\t<\/div>\r\n\t\t\t\t\t\t\t\t\r\n\t\t\t<\/div>\r\n\t\t\t\r\n\t\t\t<!---- slides div end ---->\r\n\t\t\t\t\t\t<!-- slides thumbnails div start -->\r\n\t\t\t<div class=\"sp-thumbnails\">\r\n\t\t\t\t\t\t\t\t\t\t<img class=\"sp-thumbnail\" src=\"https:\/\/fumed-silica.net\/fr\/wp-content\/plugins\/ultimate-responsive-image-slider\/img\/loading.gif\" data-src=\"https:\/\/fumed-silica.net\/wp-content\/uploads\/2018\/08\/XYSIL-fumed-silica-201808_6-300x300.jpg\" alt=\"Loading image...\"\/>\r\n\t\t\t\t\t\t\t\t\t\t\t<img class=\"sp-thumbnail\" src=\"https:\/\/fumed-silica.net\/fr\/wp-content\/plugins\/ultimate-responsive-image-slider\/img\/loading.gif\" data-src=\"https:\/\/2018.fumed-silica.net\/wp-content\/uploads\/2018\/04\/Fumed-Silica-Warehouse-06-300x300.jpg\" alt=\"Loading image...\"\/>\r\n\t\t\t\t\t\t\t\t\t\t\t<img class=\"sp-thumbnail\" src=\"https:\/\/fumed-silica.net\/fr\/wp-content\/plugins\/ultimate-responsive-image-slider\/img\/loading.gif\" data-src=\"https:\/\/fumed-silica.net\/wp-content\/uploads\/2018\/08\/XYSIL-fumed-silica-201808_2-300x300.jpg\" alt=\"Loading image...\"\/>\r\n\t\t\t\t\t\t\t\t\t\t\t<img class=\"sp-thumbnail\" src=\"https:\/\/fumed-silica.net\/fr\/wp-content\/plugins\/ultimate-responsive-image-slider\/img\/loading.gif\" data-src=\"https:\/\/fumed-silica.net\/wp-content\/uploads\/2018\/08\/XYSIL-fumed-silica-201808_5-300x300.jpg\" alt=\"Loading image...\"\/>\r\n\t\t\t\t\t\t\t\t\t\t\t<img class=\"sp-thumbnail\" src=\"https:\/\/fumed-silica.net\/fr\/wp-content\/plugins\/ultimate-responsive-image-slider\/img\/loading.gif\" data-src=\"https:\/\/fumed-silica.net\/wp-content\/uploads\/2018\/04\/Fumed-Silica-Warehouse-04-300x300.jpg\" alt=\"Loading image...\"\/>\r\n\t\t\t\t\t\t\t\t\t\t\t<img class=\"sp-thumbnail\" src=\"https:\/\/fumed-silica.net\/fr\/wp-content\/plugins\/ultimate-responsive-image-slider\/img\/loading.gif\" data-src=\"https:\/\/fumed-silica.net\/wp-content\/uploads\/2018\/04\/Fumed-Silica-Warehouse-05-300x300.jpg\" alt=\"Loading image...\"\/>\r\n\t\t\t\t\t\t\t\t<\/div>\r\n\t\t\t\t\t\t<!-- slides thumbnails div end -->\t\r\n\t\t<\/div>\r\n\n* Cette galerie pr\u00e9sente les situations g\u00e9n\u00e9rales d&rsquo;entrep\u00f4t et d&#8217;emballage de silice pyrog\u00e9n\u00e9e sur palettes.<\/p>\n","protected":false},"excerpt":{"rendered":"<p>* Cette galerie pr\u00e9sente les situations g\u00e9n\u00e9rales d&rsquo;entrep\u00f4t et d&#8217;emballage de silice pyrog\u00e9n\u00e9e sur palettes.<\/p>\n","protected":false},"author":2,"featured_media":1481,"parent":0,"menu_order":504,"comment_status":"closed","ping_status":"closed","template":"","meta":{"_exactmetrics_skip_tracking":false,"_exactmetrics_sitenote_active":false,"_exactmetrics_sitenote_note":"","_exactmetrics_sitenote_category":0},"psp_head":"<title>Galerie d&#039;entrep\u00f4t de silice pyrog\u00e9n\u00e9e \u2013 XYSIL\u00ae Silice Pyrog\u00e9n\u00e9e- XUNYU CHEM<\/title>\r\n<meta name=\"description\" content=\"Cette galerie pr\u00e9sente les situations g\u00e9n\u00e9rales de stockage et d&#039;emballage de silice pyrog\u00e9n\u00e9e sur palettes.\" \/>\r\n<meta name=\"robots\" content=\"index,follow\" \/>\r\n<link rel=\"canonical\" href=\"https:\/\/fumed-silica.net\/fr\/warehouse-gallery\/\" \/>\r\n","_links":{"self":[{"href":"https:\/\/fumed-silica.net\/fr\/wp-json\/wp\/v2\/pages\/303"}],"collection":[{"href":"https:\/\/fumed-silica.net\/fr\/wp-json\/wp\/v2\/pages"}],"about":[{"href":"https:\/\/fumed-silica.net\/fr\/wp-json\/wp\/v2\/types\/page"}],"author":[{"embeddable":true,"href":"https:\/\/fumed-silica.net\/fr\/wp-json\/wp\/v2\/users\/2"}],"replies":[{"embeddable":true,"href":"https:\/\/fumed-silica.net\/fr\/wp-json\/wp\/v2\/comments?post=303"}],"version-history":[{"count":18,"href":"https:\/\/fumed-silica.net\/fr\/wp-json\/wp\/v2\/pages\/303\/revisions"}],"predecessor-version":[{"id":8809,"href":"https:\/\/fumed-silica.net\/fr\/wp-json\/wp\/v2\/pages\/303\/revisions\/8809"}],"wp:featuredmedia":[{"embeddable":true,"href":"https:\/\/fumed-silica.net\/fr\/wp-json\/wp\/v2\/media\/1481"}],"wp:attachment":[{"href":"https:\/\/fumed-silica.net\/fr\/wp-json\/wp\/v2\/media?parent=303"}],"curies":[{"name":"wp","href":"https:\/\/api.w.org\/{rel}","templated":true}]}}