{"id":28,"date":"2010-08-22T02:42:59","date_gmt":"2010-08-22T02:42:59","guid":{"rendered":"https:\/\/fumed-silica.net\/en"},"modified":"2021-01-13T02:36:33","modified_gmt":"2021-01-13T02:36:33","slug":"quality-control","status":"publish","type":"page","link":"https:\/\/fumed-silica.net\/fr\/technique-quality\/quality-control\/","title":{"rendered":"Contr\u00f4le de qualit\u00e9"},"content":{"rendered":"<p><img decoding=\"async\" loading=\"lazy\" src=\"https:\/\/fumed-silica.net\/fr\/wp-content\/uploads\/2018\/04\/fumed-silica-lab_thumb-300x200.jpg\" alt=\"\" width=\"300\" height=\"200\" class=\"alignright size-medium wp-image-1305\" srcset=\"https:\/\/fumed-silica.net\/fr\/wp-content\/uploads\/2018\/04\/fumed-silica-lab_thumb-300x200.jpg 300w, https:\/\/fumed-silica.net\/fr\/wp-content\/uploads\/2018\/04\/fumed-silica-lab_thumb-272x182.jpg 272w, https:\/\/fumed-silica.net\/fr\/wp-content\/uploads\/2018\/04\/fumed-silica-lab_thumb.jpg 640w\" sizes=\"(max-width: 300px) 100vw, 300px\" \/>Xunyu Chemical dispose d&rsquo;un ensemble complet d&rsquo;\u00e9quipements, d&rsquo;un fonctionnement normalis\u00e9 du syst\u00e8me de gestion de la qualit\u00e9, d&rsquo;excellents techniciens et d&rsquo;instruments d&rsquo;inspection avanc\u00e9s pour assurer la haute qualit\u00e9 et la stabilit\u00e9 de nos produits.<\/p>\n<p>Nous avons le br\u00fbleur en titane, la tour de d\u00e9sacidification, l&rsquo;\u00e9quipement de classification de la taille des particules, la machine d&#8217;emballage sous vide et nous pr\u00e9sentons l&rsquo;instrument de test avanc\u00e9, tel que l&rsquo;analyseur de surface, l&rsquo;analyseur d&rsquo;humidit\u00e9 et d&rsquo;autres \u00e9quipements.<\/p>\n<p>Dans tout le processus de production, du pr\u00e9traitement des mati\u00e8res premi\u00e8res \u00e0 la combinaison selon une certaine \u00e9chelle\/proportion, de l&rsquo;accumulation des particules primaires \u00e0 la s\u00e9paration du SiO2 et des gaz r\u00e9siduaires, en passant par la d\u00e9sacidification des progr\u00e8s, le centre de contr\u00f4le surveille et enregistre toujours toutes les donn\u00e9es. <\/p>\n","protected":false},"excerpt":{"rendered":"<p>Xunyu Chemical dispose d&rsquo;un ensemble complet d&rsquo;\u00e9quipements, d&rsquo;un fonctionnement normalis\u00e9 du syst\u00e8me de gestion de la qualit\u00e9, d&rsquo;excellents techniciens et d&rsquo;instruments d&rsquo;inspection avanc\u00e9s pour assurer la haute qualit\u00e9 et la stabilit\u00e9 de nos produits. Nous avons le br\u00fbleur en titane, la tour de d\u00e9sacidification, l&rsquo;\u00e9quipement de classification de la taille des particules, la machine d&#8217;emballage\u2026<\/p>\n","protected":false},"author":2,"featured_media":1305,"parent":23,"menu_order":0,"comment_status":"closed","ping_status":"open","template":"","meta":{"_exactmetrics_skip_tracking":false,"_exactmetrics_sitenote_active":false,"_exactmetrics_sitenote_note":"","_exactmetrics_sitenote_category":0},"psp_head":"<title>Un contr\u00f4le de qualit\u00e9 strict garantit la haute qualit\u00e9 de la silice pyrog\u00e9n\u00e9e XYSIL\u00ae \u2013 XYSIL\u00ae Silice Pyrog\u00e9n\u00e9e- XUNYU CHEM<\/title>\r\n<meta name=\"description\" content=\"Un contr\u00f4le de qualit\u00e9 strict garantit la haute qualit\u00e9 de la silice pyrog\u00e9n\u00e9e XYSIL\u00ae\" \/>\r\n<meta name=\"robots\" content=\"index,follow\" \/>\r\n<link rel=\"canonical\" href=\"https:\/\/fumed-silica.net\/fr\/technique-quality\/quality-control\/\" \/>\r\n","_links":{"self":[{"href":"https:\/\/fumed-silica.net\/fr\/wp-json\/wp\/v2\/pages\/28"}],"collection":[{"href":"https:\/\/fumed-silica.net\/fr\/wp-json\/wp\/v2\/pages"}],"about":[{"href":"https:\/\/fumed-silica.net\/fr\/wp-json\/wp\/v2\/types\/page"}],"author":[{"embeddable":true,"href":"https:\/\/fumed-silica.net\/fr\/wp-json\/wp\/v2\/users\/2"}],"replies":[{"embeddable":true,"href":"https:\/\/fumed-silica.net\/fr\/wp-json\/wp\/v2\/comments?post=28"}],"version-history":[{"count":7,"href":"https:\/\/fumed-silica.net\/fr\/wp-json\/wp\/v2\/pages\/28\/revisions"}],"predecessor-version":[{"id":8800,"href":"https:\/\/fumed-silica.net\/fr\/wp-json\/wp\/v2\/pages\/28\/revisions\/8800"}],"up":[{"embeddable":true,"href":"https:\/\/fumed-silica.net\/fr\/wp-json\/wp\/v2\/pages\/23"}],"wp:featuredmedia":[{"embeddable":true,"href":"https:\/\/fumed-silica.net\/fr\/wp-json\/wp\/v2\/media\/1305"}],"wp:attachment":[{"href":"https:\/\/fumed-silica.net\/fr\/wp-json\/wp\/v2\/media?parent=28"}],"curies":[{"name":"wp","href":"https:\/\/api.w.org\/{rel}","templated":true}]}}