{"id":25,"date":"2010-08-22T02:42:15","date_gmt":"2010-08-22T02:42:15","guid":{"rendered":"https:\/\/fumed-silica.net\/en"},"modified":"2021-01-13T02:38:41","modified_gmt":"2021-01-13T02:38:41","slug":"technique","status":"publish","type":"page","link":"https:\/\/fumed-silica.net\/fr\/technique-quality\/technique\/","title":{"rendered":"Technique"},"content":{"rendered":"<p>Xunyu Chemical introduit la technique de fabrication en phase gazeuse, qui comprend sept cours: pr\u00e9traitement de la mati\u00e8re premi\u00e8re, agr\u00e9gat, m\u00e9lange, s\u00e9paration gaz-solide, d\u00e9sacidification, emballage, traitement des gaz r\u00e9siduaires.<br \/>\n<img decoding=\"async\" loading=\"lazy\" src=\"\/fr\/wp-content\/uploads\/2010\/08\/process-flow.jpg\" alt=\"fumed silica producing process\" width=\"520\" height=\"161\" class=\"alignright size-full wp-image-55\" \/><\/p>\n<p>En hydrolysant SiCl4 (un sous-produit dans la production de poly-silicium) dans une flamme oxyhydrog\u00e8ne \u00e0 haute temp\u00e9rature, nous obtenons les particules primaires, une particule de 7 \u00e0 40 nm. Les particules primaires forment un agglom\u00e9rat mesur\u00e9 au micron, apr\u00e8s avoir \u00e9t\u00e9 accumul\u00e9es et heurt\u00e9es, puis, l&rsquo;agglom\u00e9rat et les gaz r\u00e9siduaires produits dans la production de particules primaires \u00e0 haute temp\u00e9rature, entrent dans le s\u00e9parateur \u00e0 haute efficacit\u00e9, appel\u00e9 gaz-solide s\u00e9paration. Ensuite, SiO2 du bas du s\u00e9parateur \u00e0 haute efficacit\u00e9 entre dans la tour Deacidiy pour d\u00e9sacidifier, apr\u00e8s cela, les produits vont dans le bac de stockage pour \u00eatre emball\u00e9s. Les gaz r\u00e9siduaires provenant du haut du s\u00e9parateur \u00e0 haut rendement vont \u00e0 nouveau dans le syst\u00e8me de traitement des gaz de fin. Le gaz non pollu\u00e9 va directement dans l&rsquo;air.<\/p>\n<p><strong>L&rsquo;\u00e9quation chimique comme suit<\/strong>: 2H<sub>2<\/sub> + O<sub>2<\/sub> + SiCl<sub>4<\/sub> \u2192 SiO<sub>2<\/sub> + 4HCl<\/p>\n","protected":false},"excerpt":{"rendered":"<p>Xunyu Chemical introduit la technique de fabrication en phase gazeuse, qui comprend sept cours: pr\u00e9traitement de la mati\u00e8re premi\u00e8re, agr\u00e9gat, m\u00e9lange, s\u00e9paration gaz-solide, d\u00e9sacidification, emballage, traitement des gaz r\u00e9siduaires. En hydrolysant SiCl4 (un sous-produit dans la production de poly-silicium) dans une flamme oxyhydrog\u00e8ne \u00e0 haute temp\u00e9rature, nous obtenons les particules primaires, une particule de 7\u2026<\/p>\n","protected":false},"author":2,"featured_media":0,"parent":23,"menu_order":0,"comment_status":"closed","ping_status":"open","template":"","meta":{"_exactmetrics_skip_tracking":false,"_exactmetrics_sitenote_active":false,"_exactmetrics_sitenote_note":"","_exactmetrics_sitenote_category":0},"psp_head":"<title>Technique \u2013 XYSIL\u00ae Silice Pyrog\u00e9n\u00e9e- XUNYU CHEM<\/title>\r\n<meta name=\"description\" content=\"Xunyu Chemical introduit la technique de fabrication en phase gazeuse, qui comprend sept cours: pr\u00e9traitement de la mati\u00e8re premi\u00e8re, agr\u00e9gat, m\u00e9lange, s\u00e9paration gaz-solide, d\u00e9sacidification, emballage, traitement des gaz r\u00e9siduaires.\" \/>\r\n<meta name=\"robots\" content=\"index,follow\" \/>\r\n<link rel=\"canonical\" href=\"https:\/\/fumed-silica.net\/fr\/technique-quality\/technique\/\" \/>\r\n","_links":{"self":[{"href":"https:\/\/fumed-silica.net\/fr\/wp-json\/wp\/v2\/pages\/25"}],"collection":[{"href":"https:\/\/fumed-silica.net\/fr\/wp-json\/wp\/v2\/pages"}],"about":[{"href":"https:\/\/fumed-silica.net\/fr\/wp-json\/wp\/v2\/types\/page"}],"author":[{"embeddable":true,"href":"https:\/\/fumed-silica.net\/fr\/wp-json\/wp\/v2\/users\/2"}],"replies":[{"embeddable":true,"href":"https:\/\/fumed-silica.net\/fr\/wp-json\/wp\/v2\/comments?post=25"}],"version-history":[{"count":7,"href":"https:\/\/fumed-silica.net\/fr\/wp-json\/wp\/v2\/pages\/25\/revisions"}],"predecessor-version":[{"id":8801,"href":"https:\/\/fumed-silica.net\/fr\/wp-json\/wp\/v2\/pages\/25\/revisions\/8801"}],"up":[{"embeddable":true,"href":"https:\/\/fumed-silica.net\/fr\/wp-json\/wp\/v2\/pages\/23"}],"wp:attachment":[{"href":"https:\/\/fumed-silica.net\/fr\/wp-json\/wp\/v2\/media?parent=25"}],"curies":[{"name":"wp","href":"https:\/\/api.w.org\/{rel}","templated":true}]}}