{"id":21,"date":"2010-08-22T02:40:52","date_gmt":"2010-08-22T02:40:52","guid":{"rendered":"https:\/\/fumed-silica.net\/en"},"modified":"2021-01-12T01:56:43","modified_gmt":"2021-01-12T01:56:43","slug":"applications","status":"publish","type":"page","link":"https:\/\/fumed-silica.net\/fr\/applications\/","title":{"rendered":"Applications"},"content":{"rendered":"<p>XYSIL, une silice pyrog\u00e9n\u00e9e (fum\u00e9e) amorphe synth\u00e9tique, est appliqu\u00e9 comme agent \u00e9paississant et thixotrope dans de nombreux syst\u00e8mes organiques, par ex. dans les polyesters insatur\u00e9s, les rev\u00eatements, la peinture, les encres d&rsquo;imprimerie, les adh\u00e9sifs, les scellants et autres. Il est utilis\u00e9 comme charge renfor\u00e7ante dans les \u00e9lastom\u00e8res, principalement le silicone RTV et le silicone HTV. Il agit comme un additif \u00e0 \u00e9coulement libre dans la production de poudres techniques.<\/p>\n<p>XYSIL fumed silica can be used in different applications and can replace Aerosil and Cabosil&rsquo;s hydrophilic products in some fields, for details please contact us or download <a href=\"\/fr\/downloads\/XYSIL-Fumed-Silica-Application-And-Selection-Guide_rev01.pdf\" target=\"_blank\" rel=\"noopener noreferrer\">Guide d&rsquo;application et de s\u00e9lection de la silice pyrog\u00e9n\u00e9e XYSIL<\/a><\/p>\n<h3>Fuctions<\/h3>\n<div class=\"su-row\">\n<div class=\"su-column su-column-size-3-5\"><div class=\"su-column-inner su-u-clearfix su-u-trim\">\n<ul>\n<li> Renforcement <\/li>\n<li> Facilit\u00e9 de composition <\/li>\n<li> R\u00e9sistance \u00e0 l&rsquo;allongement <\/li>\n<li> Thixotropie <\/li>\n<li> Dispersabilit\u00e9 <\/li>\n<li> Contr\u00f4le de rh\u00e9ologie <\/li>\n<li> Caoutchouc silicone HTV <\/li>\n<li> \u00c9paississement <\/li>\n<li> Anti-tassement <\/li>\n<li> Flux libre <\/li>\n<li> Isolation thermique et acoustique <\/li>\n<li> Anti-affaissement <\/li>\n<li> Stabilit\u00e9 thermique <\/li>\n<\/ul>\n<\/div><\/div>\n<div class=\"su-column su-column-size-2-5\"><div class=\"su-column-inner su-u-clearfix su-u-trim\">\n<img decoding=\"async\" loading=\"lazy\" src=\"\/fr\/wp-content\/uploads\/2020\/10\/xysil-fumed-silica-powder_11.jpg\" alt=\"\" width=\"800\" height=\"533\" class=\"alignleft size-full wp-image-7442\" srcset=\"https:\/\/fumed-silica.net\/fr\/wp-content\/uploads\/2020\/10\/xysil-fumed-silica-powder_11.jpg 800w, https:\/\/fumed-silica.net\/fr\/wp-content\/uploads\/2020\/10\/xysil-fumed-silica-powder_11-300x200.jpg 300w, https:\/\/fumed-silica.net\/fr\/wp-content\/uploads\/2020\/10\/xysil-fumed-silica-powder_11-768x512.jpg 768w, https:\/\/fumed-silica.net\/fr\/wp-content\/uploads\/2020\/10\/xysil-fumed-silica-powder_11-500x333.jpg 500w, https:\/\/fumed-silica.net\/fr\/wp-content\/uploads\/2020\/10\/xysil-fumed-silica-powder_11-272x182.jpg 272w\" sizes=\"(max-width: 800px) 100vw, 800px\" \/><br \/>\n<\/div><\/div>\n<\/div>\n<hr>\n<h3> Applications <\/h3>\n<div class=\"su-row\">\n<div class=\"su-column su-column-size-3-5\"><div class=\"su-column-inner su-u-clearfix su-u-trim\">\n<ul>\n<li> Peintures, enduits et encres d\u2019impression <\/li>\n<li> R\u00e9sines polyester insatur\u00e9es <\/li>\n<li> Caoutchouc silicone HTV <\/li>\n<li> Caoutchouc de silicone liquide <\/li>\n<li> Mastic silicone RTV <\/li>\n<li> Adh\u00e9sif, par ex. colle instantan\u00e9e et adh\u00e9sifs thermofusibles <\/li>\n<li> Toners pour photocopieuses <\/li>\n<li> Mat\u00e9riau d&rsquo;isolation thermique <\/li>\n<li> Panneau isolant sous vide <\/li>\n<li> Isolateur \u00e9lectrique <\/li>\n<li> Batterie de stockage <\/li>\n<li> Compos\u00e9s de c\u00e2bles <\/li>\n<li> Produit chimique agricole <\/li>\n<li> Polissage m\u00e9canique <\/li>\n<li> Produits pharmaceutiques <\/li>\n<li> Cosm\u00e9tique <\/li>\n<li> Nourriture <\/li>\n<\/ul>\n<\/div><\/div>\n<div class=\"su-column su-column-size-2-5\"><div class=\"su-column-inner su-u-clearfix su-u-trim\">\n<img decoding=\"async\" loading=\"lazy\" src=\"\/fr\/wp-content\/uploads\/2018\/07\/applications.jpg\" alt=\"\" width=\"600\" height=\"600\" class=\"alignleft size-full wp-image-1886\" srcset=\"https:\/\/fumed-silica.net\/fr\/wp-content\/uploads\/2018\/07\/applications.jpg 2000w, https:\/\/fumed-silica.net\/fr\/wp-content\/uploads\/2018\/07\/applications-150x150.jpg 150w, https:\/\/fumed-silica.net\/fr\/wp-content\/uploads\/2018\/07\/applications-300x300.jpg 300w, https:\/\/fumed-silica.net\/fr\/wp-content\/uploads\/2018\/07\/applications-768x768.jpg 768w, https:\/\/fumed-silica.net\/fr\/wp-content\/uploads\/2018\/07\/applications-1024x1024.jpg 1024w, https:\/\/fumed-silica.net\/fr\/wp-content\/uploads\/2018\/07\/applications-500x500.jpg 500w\" sizes=\"(max-width: 600px) 100vw, 600px\" \/><br \/>\n<\/div><\/div>\n<\/div>\n<hr>\n<p>Dans notre centre de recherche, la technique am\u00e9liore toujours la qualit\u00e9 et explore de nouvelles caract\u00e9ristiques pour les diff\u00e9rents domaines d&rsquo;application. La silice pyrog\u00e9n\u00e9e XYSIL\u00ae pr\u00e9sente des fonctions plus excellentes dans tant de domaines d&rsquo;application, mais nous sommes s\u00fbrs que de nombreuses fonctions se trouvent dans d&rsquo;autres terra incognita.<\/p>\n","protected":false},"excerpt":{"rendered":"<p>XYSIL, une silice pyrog\u00e9n\u00e9e (fum\u00e9e) amorphe synth\u00e9tique, est appliqu\u00e9 comme agent \u00e9paississant et thixotrope dans de nombreux syst\u00e8mes organiques, par ex. dans les polyesters insatur\u00e9s, les rev\u00eatements, la peinture, les encres d&rsquo;imprimerie, les adh\u00e9sifs, les scellants et autres. Il est utilis\u00e9 comme charge renfor\u00e7ante dans les \u00e9lastom\u00e8res, principalement le silicone RTV et le silicone HTV.\u2026<\/p>\n","protected":false},"author":2,"featured_media":0,"parent":0,"menu_order":300,"comment_status":"closed","ping_status":"closed","template":"","meta":{"_exactmetrics_skip_tracking":false,"_exactmetrics_sitenote_active":false,"_exactmetrics_sitenote_note":"","_exactmetrics_sitenote_category":0},"psp_head":"<title>Caract\u00e9ristiques et applications de la silice pyrog\u00e9n\u00e9e \u2013 XYSIL\u00ae Silice Pyrog\u00e9n\u00e9e- XUNYU CHEM<\/title>\r\n<meta name=\"description\" content=\"XYSIL, une silice pyrog\u00e9n\u00e9e (fum\u00e9e) amorphe synth\u00e9tique, est appliqu\u00e9 comme agent \u00e9paississant et thixotrope dans de nombreux syst\u00e8mes organiques, par ex. dans les polyesters insatur\u00e9s, les rev\u00eatements, la peinture, les encres d&#039;imprimerie, les adh\u00e9sifs, les scellants et autres.\" \/>\r\n<meta name=\"robots\" content=\"index,follow\" \/>\r\n<link rel=\"canonical\" href=\"https:\/\/fumed-silica.net\/fr\/applications\/\" \/>\r\n","_links":{"self":[{"href":"https:\/\/fumed-silica.net\/fr\/wp-json\/wp\/v2\/pages\/21"}],"collection":[{"href":"https:\/\/fumed-silica.net\/fr\/wp-json\/wp\/v2\/pages"}],"about":[{"href":"https:\/\/fumed-silica.net\/fr\/wp-json\/wp\/v2\/types\/page"}],"author":[{"embeddable":true,"href":"https:\/\/fumed-silica.net\/fr\/wp-json\/wp\/v2\/users\/2"}],"replies":[{"embeddable":true,"href":"https:\/\/fumed-silica.net\/fr\/wp-json\/wp\/v2\/comments?post=21"}],"version-history":[{"count":64,"href":"https:\/\/fumed-silica.net\/fr\/wp-json\/wp\/v2\/pages\/21\/revisions"}],"predecessor-version":[{"id":8769,"href":"https:\/\/fumed-silica.net\/fr\/wp-json\/wp\/v2\/pages\/21\/revisions\/8769"}],"wp:attachment":[{"href":"https:\/\/fumed-silica.net\/fr\/wp-json\/wp\/v2\/media?parent=21"}],"curies":[{"name":"wp","href":"https:\/\/api.w.org\/{rel}","templated":true}]}}