{"id":19,"date":"2010-08-22T02:40:10","date_gmt":"2010-08-22T02:40:10","guid":{"rendered":"https:\/\/fumed-silica.net\/en"},"modified":"2021-01-11T09:01:49","modified_gmt":"2021-01-11T09:01:49","slug":"packing-storage-transportation","status":"publish","type":"page","link":"https:\/\/fumed-silica.net\/fr\/products\/packing-storage-transportation\/","title":{"rendered":"Stockage et transport"},"content":{"rendered":"<h2> Stockage de silice pyrog\u00e9n\u00e9e <\/h2>\n<div class=\"su-row\">\n<div class=\"su-column su-column-size-1-2\"><div class=\"su-column-inner su-u-clearfix su-u-trim\">\n<ul>\n<li> Le grand volume n\u00e9cessite un entrep\u00f4t sp\u00e9cifi\u00e9. <\/li>\n<li> Une ventilation s\u00e8che et excellente est requise. <\/li>\n<li> Conservez le package complet avant de l&rsquo;utiliser. <\/li>\n<\/ul>\n<\/div><\/div>\n<div class=\"su-column su-column-size-1-2\"><div class=\"su-column-inner su-u-clearfix su-u-trim\"><a href=\"\/fr\/warehouse-gallery\/\"> <img decoding=\"async\" loading=\"lazy\" src=\"\/fr\/wp-content\/uploads\/2010\/08\/pallets-in-warehouse-300x226.jpg\" alt=\"Palettes de silice pyrog\u00e9n\u00e9e XYSIL dans l'entrep\u00f4t\" width=\"300\" height=\"226\" class=\"aligncenter size-medium wp-image-824\" srcset=\"https:\/\/fumed-silica.net\/fr\/wp-content\/uploads\/2010\/08\/pallets-in-warehouse-300x226.jpg 300w, https:\/\/fumed-silica.net\/fr\/wp-content\/uploads\/2010\/08\/pallets-in-warehouse-1024x773.jpg 1024w\" sizes=\"(max-width: 300px) 100vw, 300px\" \/><\/a><br \/>\n<\/div><\/div>\n<\/div>\n<h2> Emballage 10 KG <\/h2>\n<div class=\"su-row\">\n<div class=\"su-column su-column-size-1-2\"><div class=\"su-column-inner su-u-clearfix su-u-trim\">\nEmballage: emballage sous vide, avec papier kraft multicouche, 10kg\/sac.<br \/>\n<strong> Transport <\/strong><\/p>\n<ul>\n<li> Transport terrestre (pour le domestique): 10 couches de produit \/ palette, 200Kg \/ palette; la quantit\u00e9 minimale de<br \/>\n    livraison est de 3Mt. <\/li>\n<li> Par mer:\n<ol>\n<li> 20&rsquo;GP: 1,8 tonnes, 10 palettes, 180KG \/ palette <\/li>\n<li> 40&rsquo;GP: 3,6 tonnes, 20 palettes, 180 kg \/ palette <\/li>\n<li> 40&rsquo;HQ: 4,0 tonnes, 20 palettes, 200KG \/ palette <\/li>\n<\/ol>\n<\/li>\n<\/ul>\n<p>* La quantit\u00e9 minimale de livraison sugg\u00e9r\u00e9e est de 1,8 Mt pour la commande par lots.<\/div><\/div>\n<div class=\"su-column su-column-size-1-2\"><div class=\"su-column-inner su-u-clearfix su-u-trim\">\n<a href=\"\/fr\/delivery-gallery\/\"><img decoding=\"async\" loading=\"lazy\" src=\"\/fr\/wp-content\/uploads\/2018\/04\/Fumed-Silica-Transport-06-300x225.jpg\" alt=\"\" width=\"300\" height=\"225\" class=\"aligncenter size-medium wp-image-1459\" srcset=\"https:\/\/fumed-silica.net\/fr\/wp-content\/uploads\/2018\/04\/Fumed-Silica-Transport-06-300x225.jpg 300w, https:\/\/fumed-silica.net\/fr\/wp-content\/uploads\/2018\/04\/Fumed-Silica-Transport-06-500x375.jpg 500w, https:\/\/fumed-silica.net\/fr\/wp-content\/uploads\/2018\/04\/Fumed-Silica-Transport-06.jpg 720w\" sizes=\"(max-width: 300px) 100vw, 300px\" \/><\/a><br \/>\n<\/div><\/div>\n<\/div>\n<h2> Big Bag 150 KG <\/h2>\n<div class=\"su-row\">\n<div class=\"su-column su-column-size-1-2\"><div class=\"su-column-inner su-u-clearfix su-u-trim\">\nDepuis 2016, nous introduisons une nouvelle ligne d&#8217;emballage et capable d&#8217;emballer 150 kg de silice pyrog\u00e9n\u00e9e dans un sac. Il y a un trou de d\u00e9charge dans le fond qui permet de d\u00e9charger la quantit\u00e9 en vrac de silice pyrog\u00e9n\u00e9e en peu de temps.<\/p>\n<ul>\n<li> TAILLE: 1050 * 1050 * 2500mm \/ 41,34 * 41,34 * 98,43 pouces <\/li>\n<li> Capacit\u00e9: 150 kg \/ 330,69 lb par sac, 1 sac par palette <\/li>\n<li> En conteneur: 20 palettes (3Mt) chacune 40&rsquo;HQ <\/li>\n<li> D\u00e9charge enti\u00e8re: \u00d8 500 mm (19,69 pouces) <\/li>\n<\/ul>\n<\/div><\/div>\n<div class=\"su-column su-column-size-1-2\"><div class=\"su-column-inner su-u-clearfix su-u-trim\">\n<figure id=\"attachment_936\" aria-describedby=\"caption-attachment-936\" style=\"width: 294px\" class=\"wp-caption aligncenter\"><img decoding=\"async\" loading=\"lazy\" src=\"\/fr\/wp-content\/uploads\/2010\/08\/fumed-silica-150kg-bag-294x300.jpg\" alt=\"silice pyrog\u00e9n\u00e9e en sachet de 150 kg\" width=\"294\" height=\"300\" class=\"size-medium wp-image-936\" srcset=\"https:\/\/fumed-silica.net\/fr\/wp-content\/uploads\/2010\/08\/fumed-silica-150kg-bag-294x300.jpg 294w, https:\/\/fumed-silica.net\/fr\/wp-content\/uploads\/2010\/08\/fumed-silica-150kg-bag-768x782.jpg 768w, https:\/\/fumed-silica.net\/fr\/wp-content\/uploads\/2010\/08\/fumed-silica-150kg-bag.jpg 800w\" sizes=\"(max-width: 294px) 100vw, 294px\" \/><figcaption id=\"caption-attachment-936\" class=\"wp-caption-text\">silice pyrog\u00e9n\u00e9e en sachet de 150 kg<\/figcaption><\/figure>\n<\/div><\/div>\n<\/div>\n<p>Pour plus d&rsquo;informations sur l&#8217;emballage et le transport, veuillez <a href=\"\/contact_us\/\" title=\"contacter Henan Xunyu Chemical pour obtenir plus d'informations sur la silice pyrog\u00e9n\u00e9e XYSIL\"> nous contacter <\/a>.<\/p>\n","protected":false},"excerpt":{"rendered":"<p>Stockage de silice pyrog\u00e9n\u00e9e Emballage 10 KG Big Bag 150 KG Pour plus d&rsquo;informations sur l&#8217;emballage et le transport, veuillez nous contacter .<\/p>\n","protected":false},"author":2,"featured_media":0,"parent":11,"menu_order":140,"comment_status":"closed","ping_status":"closed","template":"","meta":{"_exactmetrics_skip_tracking":false,"_exactmetrics_sitenote_active":false,"_exactmetrics_sitenote_note":"","_exactmetrics_sitenote_category":0},"psp_head":"<title>Emballage, stockage et transport des produits XYSIL \u2013 XYSIL\u00ae Silice Pyrog\u00e9n\u00e9e- XUNYU CHEM<\/title>\r\n<meta name=\"description\" content=\"d\u00e9tails sur l&#039;emballage, le stockage et le transport du produit XYSIL\" \/>\r\n<meta name=\"robots\" content=\"index,follow\" \/>\r\n<link rel=\"canonical\" href=\"https:\/\/fumed-silica.net\/fr\/products\/packing-storage-transportation\/\" \/>\r\n","_links":{"self":[{"href":"https:\/\/fumed-silica.net\/fr\/wp-json\/wp\/v2\/pages\/19"}],"collection":[{"href":"https:\/\/fumed-silica.net\/fr\/wp-json\/wp\/v2\/pages"}],"about":[{"href":"https:\/\/fumed-silica.net\/fr\/wp-json\/wp\/v2\/types\/page"}],"author":[{"embeddable":true,"href":"https:\/\/fumed-silica.net\/fr\/wp-json\/wp\/v2\/users\/2"}],"replies":[{"embeddable":true,"href":"https:\/\/fumed-silica.net\/fr\/wp-json\/wp\/v2\/comments?post=19"}],"version-history":[{"count":41,"href":"https:\/\/fumed-silica.net\/fr\/wp-json\/wp\/v2\/pages\/19\/revisions"}],"predecessor-version":[{"id":8767,"href":"https:\/\/fumed-silica.net\/fr\/wp-json\/wp\/v2\/pages\/19\/revisions\/8767"}],"up":[{"embeddable":true,"href":"https:\/\/fumed-silica.net\/fr\/wp-json\/wp\/v2\/pages\/11"}],"wp:attachment":[{"href":"https:\/\/fumed-silica.net\/fr\/wp-json\/wp\/v2\/media?parent=19"}],"curies":[{"name":"wp","href":"https:\/\/api.w.org\/{rel}","templated":true}]}}