{"id":1720,"date":"2018-05-22T10:09:25","date_gmt":"2018-05-22T10:09:25","guid":{"rendered":"https:\/\/fumed-silica.net\/?page_id=1720"},"modified":"2021-01-11T08:32:02","modified_gmt":"2021-01-11T08:32:02","slug":"xysil-r210","status":"publish","type":"page","link":"https:\/\/fumed-silica.net\/fr\/products\/hydrophobic-fumed-silica\/xysil-r210\/","title":{"rendered":"XYSIL R210"},"content":{"rendered":"<p>XYSIL <sup>\u00ae<\/sup> R210 est une silice pyrog\u00e9n\u00e9e hydrophobe \u00e0 structure modifi\u00e9e, \u00e0 base de silice pyrog\u00e9n\u00e9e hydrophile d&rsquo;une surface sp\u00e9cifique de 230m<sup>2<\/sup>\/g.<\/p>\n<div class=\"su-row\">\n<div class=\"su-column su-column-size-2-3\"><div class=\"su-column-inner su-u-clearfix su-u-trim\">\n<h4>Application:<\/h4>\n<ul>\n<li> Peinture et rev\u00eatement <\/li>\n<li> Mastic silicone RTV <\/li>\n<li> Caoutchouc de silicone <\/li>\n<li> Adh\u00e9sif <\/li>\n<\/ul>\n<h4> Fonctions: <\/h4>\n<ul>\n<li> \u00e9paississant, agent thixotrope <\/li>\n<li> agent anti-tassement <\/li>\n<\/ul>\n<h4> Emballage et stockage: <\/h4>\n<ul>\n<li> Emball\u00e9 dans du papier kraft multicouche <\/li>\n<li> Sacs de 10 kg sur palette <\/li>\n<li> Doit \u00eatre conserv\u00e9 dans son emballage d&rsquo;origine au sec <\/li>\n<li> Prot\u00e9g\u00e9 contre les substances volatiles <\/li>\n<\/ul>\n<\/div><\/div>\n<div class=\"su-column su-column-size-1-3\"><div class=\"su-column-inner su-u-clearfix su-u-trim\">\n<div class=\"su-spoiler su-spoiler-style-fancy su-spoiler-icon-folder-1\" data-scroll-offset=\"0\" data-anchor-in-url=\"no\"><div class=\"su-spoiler-title\" tabindex=\"0\" role=\"button\"><span class=\"su-spoiler-icon\"><\/span>TDS &amp; MSDS<\/div><div class=\"su-spoiler-content su-u-clearfix su-u-trim\">\n<a href=\"\/downloads\/TDS-XYSIL_R210_rev06-Xunyu-Fumed-Silica.pdf\" rel=\"noopener noreferrer\" target=\"_blank\">TDS(Anglais)<\/a><br \/>\n<a href=\"\/downloads\/MSDS-hydrophobic-fumed-silica_xunyuchem.pdf\" rel=\"noopener noreferrer\" target=\"_blank\">MSDS(Anglais)<\/a><br \/>\n<\/div><\/div>\n<div class=\"su-accordion su-u-trim\">\n<div class=\"su-spoiler su-spoiler-style-fancy su-spoiler-icon-folder-1\" data-scroll-offset=\"0\" data-anchor-in-url=\"no\"><div class=\"su-spoiler-title\" tabindex=\"0\" role=\"button\"><span class=\"su-spoiler-icon\"><\/span>Galerie<\/div><div class=\"su-spoiler-content su-u-clearfix su-u-trim\">\n<div id=\"su_slider_69d259b0842aa\" class=\"su-slider su-slider-centered su-slider-pages-no su-slider-responsive-yes\" style=\"width:100%\" data-autoplay=\"3000\" data-speed=\"600\" data-mousewheel=\"true\"><div class=\"su-slider-slides\"><div class=\"su-slider-slide\"><a><img src=\"https:\/\/fumed-silica.net\/fr\/wp-content\/uploads\/2018\/04\/Fumed-Silica-Transport-07-600x600.jpg\" alt=\"Fumed-Silica-Transport-07\" \/><\/a><\/div><div class=\"su-slider-slide\"><a><img src=\"https:\/\/fumed-silica.net\/fr\/wp-content\/uploads\/2018\/04\/fumed-silica-factory-02-600x600.jpg\" alt=\"fumed-silica-factory-02\" \/><\/a><\/div><div class=\"su-slider-slide\"><a><img src=\"https:\/\/fumed-silica.net\/fr\/wp-content\/uploads\/2018\/04\/fumed-silica-facility-06-600x600.jpg\" alt=\"fumed-silica-facility-06\" \/><\/a><\/div><div class=\"su-slider-slide\"><a><img src=\"https:\/\/fumed-silica.net\/fr\/wp-content\/uploads\/2018\/04\/Test-Lab-Equipments-04-600x600.jpg\" alt=\"Test-Lab-Equipments-04\" \/><\/a><\/div><div class=\"su-slider-slide\"><a><img src=\"https:\/\/fumed-silica.net\/fr\/wp-content\/uploads\/2018\/04\/Fumed-Silica-Warehouse-04-600x600.jpg\" alt=\"Fumed-Silica-Warehouse-04\" \/><\/a><\/div><div class=\"su-slider-slide\"><a><img src=\"https:\/\/fumed-silica.net\/fr\/wp-content\/uploads\/2018\/04\/Fumed-Silica-Transport-01-600x600.jpg\" alt=\"Fumed-Silica-Transport-01\" \/><\/a><\/div><\/div><div class=\"su-slider-nav\"><div class=\"su-slider-direction\"><span class=\"su-slider-prev\"><\/span><span class=\"su-slider-next\"><\/span><\/div><div class=\"su-slider-pagination\"><\/div><\/div><\/div>\n<\/div><\/div>\n<div class=\"su-spoiler su-spoiler-style-fancy su-spoiler-icon-folder-1 inquiry su-spoiler-closed\" data-scroll-offset=\"0\" data-anchor-in-url=\"no\"><div class=\"su-spoiler-title\" tabindex=\"0\" role=\"button\"><span class=\"su-spoiler-icon\"><\/span>ENQU\u00caTE<\/div><div class=\"su-spoiler-content su-u-clearfix su-u-trim\">\n\n<div class=\"wpcf7 no-js\" id=\"wpcf7-f1308-o1\" lang=\"en-US\" dir=\"ltr\">\n<div class=\"screen-reader-response\"><p role=\"status\" aria-live=\"polite\" aria-atomic=\"true\"><\/p> <ul><\/ul><\/div>\n<form action=\"\/fr\/wp-json\/wp\/v2\/pages\/1720#wpcf7-f1308-o1\" method=\"post\" class=\"wpcf7-form init\" aria-label=\"Contact form\" novalidate=\"novalidate\" data-status=\"init\">\n<div style=\"display: none;\">\n<input type=\"hidden\" name=\"_wpcf7\" value=\"1308\" \/>\n<input type=\"hidden\" name=\"_wpcf7_version\" value=\"5.7.7\" \/>\n<input type=\"hidden\" name=\"_wpcf7_locale\" value=\"en_US\" \/>\n<input type=\"hidden\" name=\"_wpcf7_unit_tag\" value=\"wpcf7-f1308-o1\" \/>\n<input type=\"hidden\" name=\"_wpcf7_container_post\" value=\"0\" \/>\n<input type=\"hidden\" name=\"_wpcf7_posted_data_hash\" value=\"\" \/>\n<\/div>\n<p><label>Nom (required)<span class=\"wpcf7-form-control-wrap\" data-name=\"your-name\"><input size=\"40\" class=\"wpcf7-form-control wpcf7-text wpcf7-validates-as-required\" aria-required=\"true\" aria-invalid=\"false\" value=\"\" type=\"text\" name=\"your-name\" \/><\/span><\/label><label>Email (required)<span class=\"wpcf7-form-control-wrap\" data-name=\"your-email\"><input size=\"40\" class=\"wpcf7-form-control wpcf7-text wpcf7-email wpcf7-validates-as-required wpcf7-validates-as-email\" aria-required=\"true\" aria-invalid=\"false\" value=\"\" type=\"email\" name=\"your-email\" \/><\/span><\/label><label>Cell phone (required)<span class=\"wpcf7-form-control-wrap\" data-name=\"your-mobile-phone\"><input size=\"40\" class=\"wpcf7-form-control wpcf7-text wpcf7-tel wpcf7-validates-as-required wpcf7-validates-as-tel\" aria-required=\"true\" aria-invalid=\"false\" value=\"\" type=\"tel\" name=\"your-mobile-phone\" \/><\/span><\/label><label>Mati\u00e8re (required)<span class=\"wpcf7-form-control-wrap\" data-name=\"your-subject\"><input size=\"40\" class=\"wpcf7-form-control wpcf7-text wpcf7-validates-as-required\" aria-required=\"true\" aria-invalid=\"false\" value=\"\" type=\"text\" name=\"your-subject\" \/><\/span><\/label><label>Message<span class=\"wpcf7-form-control-wrap\" data-name=\"your-message\"><textarea cols=\"40\" rows=\"4\" class=\"wpcf7-form-control wpcf7-textarea wpcf7-validates-as-required\" aria-required=\"true\" aria-invalid=\"false\" name=\"your-message\"><\/textarea><\/span> <\/label><input class=\"wpcf7-form-control has-spinner wpcf7-submit\" type=\"submit\" value=\"Send\" \/>\n<\/p><p style=\"display: none !important;\" class=\"akismet-fields-container\" data-prefix=\"_wpcf7_ak_\"><label>&#916;<textarea name=\"_wpcf7_ak_hp_textarea\" cols=\"45\" rows=\"8\" maxlength=\"100\"><\/textarea><\/label><input type=\"hidden\" id=\"ak_js_1\" name=\"_wpcf7_ak_js\" value=\"54\"\/><script>document.getElementById( \"ak_js_1\" ).setAttribute( \"value\", ( new Date() ).getTime() );<\/script><\/p><div class=\"wpcf7-response-output\" aria-hidden=\"true\"><\/div>\n<\/form>\n<\/div>\n\n<\/div><\/div>\n<\/div>\n<\/div><\/div>\n<\/div>\n<style type=\"text\/css\">\n.wpcf7 label,textarea,input\n{\nfont-size: 100% !important;\nfont-weight: 200 !important;\nmargin: 0 !important;\npadding: 2% !important; \n}\n<\/style>\n<h4> Donn\u00e9es physico-chimiques <\/h4>\n<table id=\"xysil-r210\" class=\"display nowrap\" style=\"width: 100%\">\n<thead>\n<tr>\n<th> Propri\u00e9t\u00e9s <\/th>\n<th> Valeur typique <\/th>\n<th> Normalisation <\/th>\n<\/tr>\n<\/thead>\n<tbody>\n<tr>\n<td> Surface BET [m2\/g] <\/td>\n<td> 210 \u00b1 20 <\/td>\n<td> GB\/T10722 <\/td>\n<\/tr>\n<tr>\n<td> valeur pH <\/td>\n<td> 7,0 \u00e0 8,5 <\/td>\n<td> GB\/T10722 <\/td>\n<\/tr>\n<tr>\n<td> Perte au s\u00e9chage [%] <\/td>\n<td> &lt; 0,5 <\/td>\n<td> GB\/T1717 <\/td>\n<\/tr>\n<tr>\n<td> Perte au contact <\/td>\n<td> &lt; 8.0 <\/td>\n<td> GB\/T5211.3 <\/td>\n<\/tr>\n<tr>\n<td> Densit\u00e9 tass\u00e9e [g\/L] <\/td>\n<td> 40 ~ 60 <\/td>\n<td> GB\/T5211.14 <\/td>\n<\/tr>\n<tr>\n<td> Contenu SiO2 <\/td>\n<td> \u226599.8 <\/td>\n<td> GB\/T20020 <\/td>\n<\/tr>\n<tr>\n<td> Teneur en carbone [wt%] <\/td>\n<td>> 3,5 \u00e0 6,5 <\/td>\n<td> GB\/T5211.4 <\/td>\n<\/tr>\n<\/tbody>\n<\/table>\n<p><script type=\"text\/javascript\">jQuery(document).ready(function () { jQuery('#xysil-r210').DataTable({\nsearching: false,\nresponsive: true,\npaging: false,\nbInfo : false,\nordering: false,\n                columnDefs: [{\n                        responsivePriority: 0,\n                        targets: 0\n                    },\n                    {\n                        responsivePriority: 0,\n                        targets: 1\n                    }\n                ],\n}); });<\/script><\/p>\n","protected":false},"excerpt":{"rendered":"<p>XYSIL \u00ae R210 est une silice pyrog\u00e9n\u00e9e hydrophobe \u00e0 structure modifi\u00e9e, \u00e0 base de silice pyrog\u00e9n\u00e9e hydrophile d&rsquo;une surface sp\u00e9cifique de 230m2\/g. Donn\u00e9es physico-chimiques Propri\u00e9t\u00e9s Valeur typique Normalisation Surface BET [m2\/g] 210 \u00b1 20 GB\/T10722 valeur pH 7,0 \u00e0 8,5 GB\/T10722 Perte au s\u00e9chage [%] &lt; 0,5 GB\/T1717 Perte au contact &lt; 8.0 GB\/T5211.3 Densit\u00e9\u2026<\/p>\n","protected":false},"author":2,"featured_media":0,"parent":641,"menu_order":125,"comment_status":"closed","ping_status":"closed","template":"","meta":{"_exactmetrics_skip_tracking":false,"_exactmetrics_sitenote_active":false,"_exactmetrics_sitenote_note":"","_exactmetrics_sitenote_category":0},"psp_head":"<title>Silice pyrog\u00e9n\u00e9ee hydrophobe XYSIL\u00ae R210 \u2013 XYSIL\u00ae Silice Pyrog\u00e9n\u00e9e- XUNYU CHEM<\/title>\r\n<meta name=\"description\" content=\"XYSIL\u00ae R210 est utilis\u00e9 dans le mastic silicone RTV, le caoutchouc silicone, les adh\u00e9sifs, la peinture et les rev\u00eatements en tant qu&#039;agents \u00e9paississants, thixotropes et anti-d\u00e9cantants.\" \/>\r\n<meta name=\"robots\" content=\"index,follow\" \/>\r\n<link rel=\"canonical\" href=\"https:\/\/fumed-silica.net\/fr\/products\/hydrophobic-fumed-silica\/xysil-r210\/\" \/>\r\n","_links":{"self":[{"href":"https:\/\/fumed-silica.net\/fr\/wp-json\/wp\/v2\/pages\/1720"}],"collection":[{"href":"https:\/\/fumed-silica.net\/fr\/wp-json\/wp\/v2\/pages"}],"about":[{"href":"https:\/\/fumed-silica.net\/fr\/wp-json\/wp\/v2\/types\/page"}],"author":[{"embeddable":true,"href":"https:\/\/fumed-silica.net\/fr\/wp-json\/wp\/v2\/users\/2"}],"replies":[{"embeddable":true,"href":"https:\/\/fumed-silica.net\/fr\/wp-json\/wp\/v2\/comments?post=1720"}],"version-history":[{"count":8,"href":"https:\/\/fumed-silica.net\/fr\/wp-json\/wp\/v2\/pages\/1720\/revisions"}],"predecessor-version":[{"id":8763,"href":"https:\/\/fumed-silica.net\/fr\/wp-json\/wp\/v2\/pages\/1720\/revisions\/8763"}],"up":[{"embeddable":true,"href":"https:\/\/fumed-silica.net\/fr\/wp-json\/wp\/v2\/pages\/641"}],"wp:attachment":[{"href":"https:\/\/fumed-silica.net\/fr\/wp-json\/wp\/v2\/media?parent=1720"}],"curies":[{"name":"wp","href":"https:\/\/api.w.org\/{rel}","templated":true}]}}