{"id":17,"date":"2010-08-22T02:38:57","date_gmt":"2010-08-22T02:38:57","guid":{"rendered":"https:\/\/fumed-silica.net\/en"},"modified":"2021-01-08T03:52:46","modified_gmt":"2021-01-08T03:52:46","slug":"hydrophilic-fumed-silica","status":"publish","type":"page","link":"https:\/\/fumed-silica.net\/fr\/products\/hydrophilic-fumed-silica\/","title":{"rendered":"Silice Pyrog\u00e9n\u00e9e Hydrophile"},"content":{"rendered":"<p>La <strong> silice pyrog\u00e9n\u00e9e <\/strong> hydrophile XYSIL <sup>\u00ae<\/sup> produite par Henan Xunyu Chemical est une silice pyrog\u00e9n\u00e9e amorphe synth\u00e9tique avec une surface BET de 150 \u00e0 380 m2\/g. C&rsquo;est un nanomat\u00e9riau \u00e0 forte hygroscopicit\u00e9 (absorption d&rsquo;humidit\u00e9). Il peut \u00eatre mouill\u00e9 par l&rsquo;eau et dispers\u00e9 dans l&rsquo;eau formant une suspension.<br \/>\nLa silice pyrog\u00e9n\u00e9e XYSIL <sup>\u00ae<\/sup> est produite \u00e0 la flamme sans traitement superficiel. Nos produits sont class\u00e9s en quatre grades principalement selon la surface BET: XYSIL150, XYSIL200, XYSIL300 et XYSIL380.<br \/>\nChoisissez des produits appropri\u00e9s en suivant <a href = \"https:\/\/fumed-silica.net\/fr\/downloads\/XYSIL-Fumed-Silica-Application-And-Selection-Guide_rev01.pdf\" title = \"une br\u00e8ve direction sur la fa\u00e7on de s\u00e9lectionner XYSIL fumed silice pour votre produit, y compris l'application, les principaux crit\u00e8res de performance, sugg\u00e9rer le grade et sugg\u00e9rer l'ajout \"target =\" _ blank \"rel =\" noopener noreferrer \"> Guide d&rsquo;application et de s\u00e9lection de la silice pyrog\u00e9n\u00e9e XYSIL <\/a><\/p>\n<h3>Sp\u00e9cifications de la silice pyrog\u00e9n\u00e9e hydrophile:<\/h3>\n<ul>\n<li> Num\u00e9ro CAS: 112945-52-5 <\/li>\n<li> Nom chimique: Dioxyde de silicium, silice pyrog\u00e9n\u00e9e<\/li>\n<li> Formule chimique: SiO2 <\/li>\n<li> Code SH: 28112200 <\/li>\n<li> Apparence: poudre solide blanche <\/li>\n<\/ul>\n<table id=\"fumedsilica\" class=\"display nowrap\" style=\"width:100%\">\n<thead>\n<tr>\n<th> Notes <\/th>\n<th> Surface BET [m2 \/ g] <\/th>\n<th> Perte au s\u00e9chage [%] <\/th>\n<th> valeur pH <\/th>\n<\/tr>\n<\/thead>\n<tbody>\n<tr>\n<td> <a href=\"\/fr\/products\/hydrophilic-fumed-silica\/xysil-150\/\" rel=\"noopener noreferrer\" target=\"_blank\">XYSIL150<\/a> <\/td>\n<td> 150 \u00b1 25 <\/td>\n<td> &lt; 1.5 <\/td>\n<td> 3.8 \u2013 4.5 <\/td>\n<\/tr>\n<tr>\n<td> <a href=\"\/fr\/products\/hydrophilic-fumed-silica\/xysil-200\/\" rel=\"noopener noreferrer\" target=\"_blank\">XYSIL200<\/a> <\/td>\n<td> 200 \u00b1 25 <\/td>\n<td> &lt; 1.5 <\/td>\n<td> 3.8 \u2013 4.5 <\/td>\n<\/tr>\n<tr>\n<td> <a href=\"\/fr\/products\/hydrophilic-fumed-silica\/xysil-300\/\" rel=\"noopener noreferrer\" target=\"_blank\">XYSIL300<\/a> <\/td>\n<td> 300 \u00b1 25 <\/td>\n<td> &lt; 1.5 <\/td>\n<td> 3.8 \u2013 4.5 <\/td>\n<\/tr>\n<tr>\n<td> <a href=\"\/fr\/products\/hydrophilic-fumed-silica\/xysil-380\/\" rel=\"noopener noreferrer\" target=\"_blank\">XYSIL380<\/a> <\/td>\n<td> 380 \u00b1 25 <\/td>\n<td> &lt; 2.0 <\/td>\n<td> 3.8 \u2013 4.5 <\/td>\n<\/tr>\n<tr>\n<td> XYSIL200P <\/td>\n<td> 200 \u00b1 25 <\/td>\n<td> &lt; 1.5 <\/td>\n<td> 3.8 \u2013 4.5 <\/td>\n<\/tr>\n<tr>\n<td> XYSIL300P <\/td>\n<td> 300 \u00b1 25 <\/td>\n<td> &lt; 1.5 <\/td>\n<td> 3.8 \u2013 4.5 <\/td>\n<\/tr>\n<tr>\n<td> XYSIL200LS <\/td>\n<td> 220 \u00b1 25 <\/td>\n<td> &lt; 1.5 <\/td>\n<td> 3.8 \u2013 4.5 <\/td>\n<\/tr>\n<\/tbody>\n<\/table>\n<p><script type=\"text\/javascript\">jQuery(document).ready(function () { jQuery('#fumedsilica').DataTable({\nsearching: false,\nresponsive: true,\npaging: false,\nbInfo : false,\nordering: false,\n                columnDefs: [{\n                        responsivePriority: 0,\n                        targets: 0\n                    },\n                    {\n                        responsivePriority: 0,\n                        targets: 1\n                    }\n                ],\n}); });<\/script><\/p>\n<h3> TDS ET FDS <\/h3>\n<ul>\n<li>Fiche signal\u00e9tique (MSDS): <a href=\"\/fr\/downloads\/MSDS-hydrophilic-fumed-silica_xunyuchem.pdf\" title=\"Click to download the Material Safety Data Sheet of Xunyu Chemical hydrophilic fumed silica\">MSDS(Anglais)<\/a><\/li>\n<li>Fiche technique (TDS): <a href=\"\/fr\/downloads\/TDS-XYSIL150_rev06-Xunyu-Fumed-Silica.pdf\">XYSIL150<\/a>, <a href=\"\/fr\/downloads\/TDS-XYSIL200_rev06-Xunyu-Fumed-Silica.pdf\" >XYSIL200<\/a>, <a href=\"\/fr\/downloads\/TDS-XYSIL200LS_rev06-Xunyu-Fumed-Silica.pdf\" >XYSIL200LS<\/a>, <a href=\"\/fr\/downloads\/TDS-XYSIL300_rev06-Xunyu-Fumed-Silica.pdf\" >XYSIL300<\/a>, <a href=\"\/fr\/downloads\/TDS-XYSIL380_rev06-Xunyu-Fumed-Silica.pdf\" >XYSIL380<\/a><\/li>\n<\/ul>\n<p>En outre, vous pouvez obtenir plus d&rsquo;informations sur la <strong> silice pyrog\u00e9n\u00e9e <\/strong> dans le centre de service, <a href = \"\/ fr \/ support-center \/\" title = \"entrer dans le centre de service pour obtenir plus d'informations sur la silice pyrog\u00e9n\u00e9e\" > Centre de service <\/a>; s&rsquo;il n&rsquo;y a pas de documents disponibles, veuillez <a href=\"\/fr\/contact-us\" title=\"contacter xunyu Chemical \u00e0 propos des documents sur les produits de silice pyrog\u00e9n\u00e9e XYSIL\"> nous contacter <\/a><\/p>\n<h3>Galerie de Silice Pyrog\u00e9n\u00e9e<\/h3>\n<p>Sur la page galerie, vous pouvez voir directement les diff\u00e9rentes images sur l&#8217;emballage de la silice pyrog\u00e9n\u00e9e, les conditions de transport et d&rsquo;\u00e9chantillonnage, etc.<br \/>\n<a href=\"\/fr\/fumed-silica-gallery\/\" title=\"fumed silica gallery donne une vision directionnelle de la situation g\u00e9n\u00e9rale\"> Entrez dans la galerie de XYSIL silice pyrog\u00e9n\u00e9e <\/a>.<\/p>\n","protected":false},"excerpt":{"rendered":"<p>La silice pyrog\u00e9n\u00e9e hydrophile XYSIL \u00ae produite par Henan Xunyu Chemical est une silice pyrog\u00e9n\u00e9e amorphe synth\u00e9tique avec une surface BET de 150 \u00e0 380 m2\/g. C&rsquo;est un nanomat\u00e9riau \u00e0 forte hygroscopicit\u00e9 (absorption d&rsquo;humidit\u00e9). Il peut \u00eatre mouill\u00e9 par l&rsquo;eau et dispers\u00e9 dans l&rsquo;eau formant une suspension. La silice pyrog\u00e9n\u00e9e XYSIL \u00ae est produite \u00e0\u2026<\/p>\n","protected":false},"author":2,"featured_media":0,"parent":11,"menu_order":110,"comment_status":"closed","ping_status":"closed","template":"","meta":{"_exactmetrics_skip_tracking":false,"_exactmetrics_sitenote_active":false,"_exactmetrics_sitenote_note":"","_exactmetrics_sitenote_category":0},"psp_head":"<title>XYSIL\u00ae Hydrophile Silice Pyrog\u00e9n\u00e9e \u2013 XYSIL\u00ae Silice Pyrog\u00e9n\u00e9e- XUNYU CHEM<\/title>\r\n<meta name=\"description\" content=\"La silice pyrog\u00e9n\u00e9e hydrophile XYSIL\u00ae est une silice amorphe synth\u00e9tique d&#039;une surface BET de 150 \u00e0 380 m2\/g.\" \/>\r\n<meta name=\"robots\" content=\"index,follow\" \/>\r\n<link rel=\"canonical\" href=\"https:\/\/fumed-silica.net\/fr\/products\/hydrophilic-fumed-silica\/\" \/>\r\n","_links":{"self":[{"href":"https:\/\/fumed-silica.net\/fr\/wp-json\/wp\/v2\/pages\/17"}],"collection":[{"href":"https:\/\/fumed-silica.net\/fr\/wp-json\/wp\/v2\/pages"}],"about":[{"href":"https:\/\/fumed-silica.net\/fr\/wp-json\/wp\/v2\/types\/page"}],"author":[{"embeddable":true,"href":"https:\/\/fumed-silica.net\/fr\/wp-json\/wp\/v2\/users\/2"}],"replies":[{"embeddable":true,"href":"https:\/\/fumed-silica.net\/fr\/wp-json\/wp\/v2\/comments?post=17"}],"version-history":[{"count":35,"href":"https:\/\/fumed-silica.net\/fr\/wp-json\/wp\/v2\/pages\/17\/revisions"}],"predecessor-version":[{"id":8745,"href":"https:\/\/fumed-silica.net\/fr\/wp-json\/wp\/v2\/pages\/17\/revisions\/8745"}],"up":[{"embeddable":true,"href":"https:\/\/fumed-silica.net\/fr\/wp-json\/wp\/v2\/pages\/11"}],"wp:attachment":[{"href":"https:\/\/fumed-silica.net\/fr\/wp-json\/wp\/v2\/media?parent=17"}],"curies":[{"name":"wp","href":"https:\/\/api.w.org\/{rel}","templated":true}]}}