{"id":1678,"date":"2018-05-21T09:05:43","date_gmt":"2018-05-21T09:05:43","guid":{"rendered":"https:\/\/fumed-silica.net\/?page_id=1678"},"modified":"2021-01-08T03:02:08","modified_gmt":"2021-01-08T03:02:08","slug":"xysil-300","status":"publish","type":"page","link":"https:\/\/fumed-silica.net\/fr\/products\/hydrophilic-fumed-silica\/xysil-300\/","title":{"rendered":"XYSIL 300"},"content":{"rendered":"<p>XYSIL <sup>\u00ae<\/sup>300 est une silice pyrog\u00e9n\u00e9e hydrophile d&rsquo;une surface sp\u00e9cifique de 300 m<sup>2<\/sup>\/g, et c&rsquo;est une silice amorphe synth\u00e9tique, hydrophile, produite par hydrolyse \u00e0 la flamme.<\/p>\n<div class=\"su-row\"><div class=\"su-column su-column-size-2-3\"><div class=\"su-column-inner su-u-clearfix su-u-trim\">\n<h4>Characteristic:<\/h4>\n<ul>\n<li> Surface sp\u00e9cifique \u00e9lev\u00e9e <\/li>\n<li> Haute puret\u00e9 <\/li>\n<li> Structure agr\u00e9g\u00e9e <\/li>\n<li> Taille des particules submicroniques <\/li>\n<li> Faible densit\u00e9 apparente <\/li>\n<li> Chimie de surface hydrophile <\/li>\n<\/ul>\n<h4> Application: <\/h4>\n<ul>\n<li> Caoutchouc silicone HTV, caoutchouc silicone liquide <\/li>\n<li> Peintures et rev\u00eatements, encres, pigments <\/li>\n<li> R\u00e9sines polyester insatur\u00e9es <\/li>\n<li> Adh\u00e9sif et scellant <\/li>\n<\/ul>\n<h4> Fonctions: <\/h4>\n<ul>\n<li> Contr\u00f4le de la rh\u00e9ologie et de la thixotropie <\/li>\n<li> Utilis\u00e9 comme agent anti-s\u00e9dimentation, \u00e9paississant et anti-affaissement <\/li>\n<li> Libre circulation et suspension <\/li>\n<li> Renfort en caoutchouc silicone HTV, caoutchouc silicone liquide <\/li>\n<li> Excellente transparence <\/li>\n<\/ul>\n<h4> Emballage et stockage: <\/h4>\n<ul>\n<li> Emball\u00e9 dans du papier kraft multicouche <\/li>\n<li> Sacs de 10 kg sur palette <\/li>\n<li> Doit \u00eatre conserv\u00e9 dans son emballage d&rsquo;origine au sec <\/li>\n<li> Prot\u00e9g\u00e9 contre les substances volatiles <\/li>\n<\/ul>\n<\/div><\/div>\n<div class=\"su-column su-column-size-1-3\"><div class=\"su-column-inner su-u-clearfix su-u-trim\">\n<div class=\"su-spoiler su-spoiler-style-fancy su-spoiler-icon-folder-1\" data-scroll-offset=\"0\" data-anchor-in-url=\"no\"><div class=\"su-spoiler-title\" tabindex=\"0\" role=\"button\"><span class=\"su-spoiler-icon\"><\/span>TDS &amp; MSDS<\/div><div class=\"su-spoiler-content su-u-clearfix su-u-trim\">\n<a href=\"\/downloads\/TDS-XYSIL300_rev06-Xunyu-Fumed-Silica.pdf\" rel=\"noopener noreferrer\" target=\"_blank\">TDS(Anglais)<\/a><br \/>\n<a href=\"\/downloads\/MSDS-hydrophilic-fumed-silica_xunyuchem.pdf\" rel=\"noopener noreferrer\" target=\"_blank\">MSDS(Anglais)<\/a><br \/>\n<\/div><\/div>\n<div class=\"su-accordion su-u-trim\">\n<div class=\"su-spoiler su-spoiler-style-fancy su-spoiler-icon-folder-1\" data-scroll-offset=\"0\" data-anchor-in-url=\"no\"><div class=\"su-spoiler-title\" tabindex=\"0\" role=\"button\"><span class=\"su-spoiler-icon\"><\/span>Galerie<\/div><div class=\"su-spoiler-content su-u-clearfix su-u-trim\">\n<div id=\"su_slider_69dec47932976\" class=\"su-slider su-slider-centered su-slider-pages-no su-slider-responsive-yes\" style=\"width:100%\" data-autoplay=\"3000\" data-speed=\"600\" data-mousewheel=\"true\"><div class=\"su-slider-slides\"><div class=\"su-slider-slide\"><a><img src=\"https:\/\/fumed-silica.net\/fr\/wp-content\/uploads\/2018\/04\/Fumed-Silica-Transport-07-600x600.jpg\" alt=\"Fumed-Silica-Transport-07\" \/><\/a><\/div><div class=\"su-slider-slide\"><a><img src=\"https:\/\/fumed-silica.net\/fr\/wp-content\/uploads\/2018\/04\/fumed-silica-factory-02-600x600.jpg\" alt=\"fumed-silica-factory-02\" \/><\/a><\/div><div class=\"su-slider-slide\"><a><img src=\"https:\/\/fumed-silica.net\/fr\/wp-content\/uploads\/2018\/04\/fumed-silica-facility-06-600x600.jpg\" alt=\"fumed-silica-facility-06\" \/><\/a><\/div><div class=\"su-slider-slide\"><a><img src=\"https:\/\/fumed-silica.net\/fr\/wp-content\/uploads\/2018\/04\/Test-Lab-Equipments-04-600x600.jpg\" alt=\"Test-Lab-Equipments-04\" \/><\/a><\/div><div class=\"su-slider-slide\"><a><img src=\"https:\/\/fumed-silica.net\/fr\/wp-content\/uploads\/2018\/04\/Fumed-Silica-Warehouse-04-600x600.jpg\" alt=\"Fumed-Silica-Warehouse-04\" \/><\/a><\/div><div class=\"su-slider-slide\"><a><img src=\"https:\/\/fumed-silica.net\/fr\/wp-content\/uploads\/2018\/04\/Fumed-Silica-Transport-01-600x600.jpg\" alt=\"Fumed-Silica-Transport-01\" \/><\/a><\/div><\/div><div class=\"su-slider-nav\"><div class=\"su-slider-direction\"><span class=\"su-slider-prev\"><\/span><span class=\"su-slider-next\"><\/span><\/div><div class=\"su-slider-pagination\"><\/div><\/div><\/div>\n<\/div><\/div>\n<div class=\"su-spoiler su-spoiler-style-fancy su-spoiler-icon-folder-1 inquiry su-spoiler-closed\" data-scroll-offset=\"0\" data-anchor-in-url=\"no\"><div class=\"su-spoiler-title\" tabindex=\"0\" role=\"button\"><span class=\"su-spoiler-icon\"><\/span>ENQU\u00caTE<\/div><div class=\"su-spoiler-content su-u-clearfix su-u-trim\">\n\n<div class=\"wpcf7 no-js\" id=\"wpcf7-f1308-o1\" lang=\"en-US\" dir=\"ltr\">\n<div class=\"screen-reader-response\"><p role=\"status\" aria-live=\"polite\" aria-atomic=\"true\"><\/p> <ul><\/ul><\/div>\n<form action=\"\/fr\/wp-json\/wp\/v2\/pages\/1678#wpcf7-f1308-o1\" method=\"post\" class=\"wpcf7-form init\" aria-label=\"Contact form\" novalidate=\"novalidate\" data-status=\"init\">\n<div style=\"display: none;\">\n<input type=\"hidden\" name=\"_wpcf7\" value=\"1308\" \/>\n<input type=\"hidden\" name=\"_wpcf7_version\" value=\"5.7.7\" \/>\n<input type=\"hidden\" name=\"_wpcf7_locale\" value=\"en_US\" \/>\n<input type=\"hidden\" name=\"_wpcf7_unit_tag\" value=\"wpcf7-f1308-o1\" \/>\n<input type=\"hidden\" name=\"_wpcf7_container_post\" value=\"0\" \/>\n<input type=\"hidden\" name=\"_wpcf7_posted_data_hash\" value=\"\" \/>\n<\/div>\n<p><label>Nom (required)<span class=\"wpcf7-form-control-wrap\" data-name=\"your-name\"><input size=\"40\" class=\"wpcf7-form-control wpcf7-text wpcf7-validates-as-required\" aria-required=\"true\" aria-invalid=\"false\" value=\"\" type=\"text\" name=\"your-name\" \/><\/span><\/label><label>Email (required)<span class=\"wpcf7-form-control-wrap\" data-name=\"your-email\"><input size=\"40\" class=\"wpcf7-form-control wpcf7-text wpcf7-email wpcf7-validates-as-required wpcf7-validates-as-email\" aria-required=\"true\" aria-invalid=\"false\" value=\"\" type=\"email\" name=\"your-email\" \/><\/span><\/label><label>Cell phone (required)<span class=\"wpcf7-form-control-wrap\" data-name=\"your-mobile-phone\"><input size=\"40\" class=\"wpcf7-form-control wpcf7-text wpcf7-tel wpcf7-validates-as-required wpcf7-validates-as-tel\" aria-required=\"true\" aria-invalid=\"false\" value=\"\" type=\"tel\" name=\"your-mobile-phone\" \/><\/span><\/label><label>Mati\u00e8re (required)<span class=\"wpcf7-form-control-wrap\" data-name=\"your-subject\"><input size=\"40\" class=\"wpcf7-form-control wpcf7-text wpcf7-validates-as-required\" aria-required=\"true\" aria-invalid=\"false\" value=\"\" type=\"text\" name=\"your-subject\" \/><\/span><\/label><label>Message<span class=\"wpcf7-form-control-wrap\" data-name=\"your-message\"><textarea cols=\"40\" rows=\"4\" class=\"wpcf7-form-control wpcf7-textarea wpcf7-validates-as-required\" aria-required=\"true\" aria-invalid=\"false\" name=\"your-message\"><\/textarea><\/span> <\/label><input class=\"wpcf7-form-control has-spinner wpcf7-submit\" type=\"submit\" value=\"Send\" \/>\n<\/p><p style=\"display: none !important;\" class=\"akismet-fields-container\" data-prefix=\"_wpcf7_ak_\"><label>&#916;<textarea name=\"_wpcf7_ak_hp_textarea\" cols=\"45\" rows=\"8\" maxlength=\"100\"><\/textarea><\/label><input type=\"hidden\" id=\"ak_js_1\" name=\"_wpcf7_ak_js\" value=\"194\"\/><script>document.getElementById( \"ak_js_1\" ).setAttribute( \"value\", ( new Date() ).getTime() );<\/script><\/p><div class=\"wpcf7-response-output\" aria-hidden=\"true\"><\/div>\n<\/form>\n<\/div>\n\n<\/div><\/div>\n<\/div>\n<\/div><\/div>\n<\/div>\n<style type=\"text\/css\">\n.wpcf7 label,textarea,input\n{\nfont-size: 100% !important;\nfont-weight: 200 !important;\nmargin: 0 !important;\npadding: 2% !important; \n}\n<\/style>\n<h4> Donn\u00e9es physico-chimiques <\/h4>\n<table id=\"xysil300\"  class=\"display nowrap\" style=\"width:100%\">\n<thead>\n<tr>\n<th> Propri\u00e9t\u00e9s <\/th>\n<th> Valeur typique <\/th>\n<th> Normalisation <\/th>\n<\/tr>\n<\/thead>\n<tbody>\n<tr>\n<td> Surface BET [m2\/g] <\/td>\n<td>300 \u00b1 25<\/td>\n<td>GB\/T10722<\/td>\n<\/tr>\n<tr>\n<td> Perte au s\u00e9chage [%] <\/td>\n<td>&lt; 1.5<\/td>\n<td>GB\/T1717<\/td>\n<\/tr>\n<tr>\n<td> valeur pH <\/td>\n<td>3.8 \u2013 4.5<\/td>\n<td>GB\/T5211.3<\/td>\n<\/tr>\n<tr>\n<td> Contenu SiO2 <\/td>\n<td>\u226599.8<\/td>\n<td>GB\/T20020<\/td>\n<\/tr>\n<tr>\n<td> Densit\u00e9 tass\u00e9e [g\/L] <\/td>\n<td>25 ~ 60<\/td>\n<td>GB\/T5211.14<\/td>\n<\/tr>\n<tr>\n<td> Perte au contact <\/td>\n<td>\u2264 2.5<\/td>\n<td>GB\/T20020<\/td>\n<\/tr>\n<tr>\n<td> R\u00e9sidu de tamis (45\u00b5m) (%) <\/td>\n<td>&lt;0.05<\/td>\n<td>GB\/T5211.4<\/td>\n<\/tr>\n<tr>\n<td> Teneur en carbone [wt%] <\/td>\n<td>&lt;0.2<\/td>\n<td>GB\/T20020<\/td>\n<\/tr>\n<\/tbody>\n<\/table>\n<p><script type=\"text\/javascript\">jQuery(document).ready(function () { jQuery('#xysil380').DataTable({\nsearching: false,\nresponsive: true,\npaging: false,\nbInfo : false,\nordering: false,\n                columnDefs: [{\n                        responsivePriority: 0,\n                        targets: 0\n                    },\n                    {\n                        responsivePriority: 0,\n                        targets: 1\n                    }\n                ],\n}); });<\/script><\/p>\n","protected":false},"excerpt":{"rendered":"<p>XYSIL \u00ae300 est une silice pyrog\u00e9n\u00e9e hydrophile d&rsquo;une surface sp\u00e9cifique de 300 m2\/g, et c&rsquo;est une silice amorphe synth\u00e9tique, hydrophile, produite par hydrolyse \u00e0 la flamme. Donn\u00e9es physico-chimiques Propri\u00e9t\u00e9s Valeur typique Normalisation Surface BET [m2\/g] 300 \u00b1 25 GB\/T10722 Perte au s\u00e9chage [%] &lt; 1.5 GB\/T1717 valeur pH 3.8 \u2013 4.5 GB\/T5211.3 Contenu SiO2 \u226599.8\u2026<\/p>\n","protected":false},"author":2,"featured_media":0,"parent":17,"menu_order":113,"comment_status":"closed","ping_status":"closed","template":"","meta":{"_exactmetrics_skip_tracking":false,"_exactmetrics_sitenote_active":false,"_exactmetrics_sitenote_note":"","_exactmetrics_sitenote_category":0},"psp_head":"<title>XYSIL\u00ae 300 - silice pyrog\u00e9n\u00e9e hydrophile 300 \u2013 XYSIL\u00ae Silice Pyrog\u00e9n\u00e9e- XUNYU CHEM<\/title>\r\n<meta name=\"description\" content=\"XYSIL\u00ae 300 est une silice pyrog\u00e9n\u00e9e avec une surface BET de 300 m\/g, utilis\u00e9e dans le mastic silicone RTV et le caoutchouc silicone HTV offrant un bon renforcement et une bonne thixotropie\" \/>\r\n<meta name=\"robots\" content=\"index,follow\" \/>\r\n<link rel=\"canonical\" href=\"https:\/\/fumed-silica.net\/fr\/products\/hydrophilic-fumed-silica\/xysil-300\/\" \/>\r\n","_links":{"self":[{"href":"https:\/\/fumed-silica.net\/fr\/wp-json\/wp\/v2\/pages\/1678"}],"collection":[{"href":"https:\/\/fumed-silica.net\/fr\/wp-json\/wp\/v2\/pages"}],"about":[{"href":"https:\/\/fumed-silica.net\/fr\/wp-json\/wp\/v2\/types\/page"}],"author":[{"embeddable":true,"href":"https:\/\/fumed-silica.net\/fr\/wp-json\/wp\/v2\/users\/2"}],"replies":[{"embeddable":true,"href":"https:\/\/fumed-silica.net\/fr\/wp-json\/wp\/v2\/comments?post=1678"}],"version-history":[{"count":9,"href":"https:\/\/fumed-silica.net\/fr\/wp-json\/wp\/v2\/pages\/1678\/revisions"}],"predecessor-version":[{"id":8742,"href":"https:\/\/fumed-silica.net\/fr\/wp-json\/wp\/v2\/pages\/1678\/revisions\/8742"}],"up":[{"embeddable":true,"href":"https:\/\/fumed-silica.net\/fr\/wp-json\/wp\/v2\/pages\/17"}],"wp:attachment":[{"href":"https:\/\/fumed-silica.net\/fr\/wp-json\/wp\/v2\/media?parent=1678"}],"curies":[{"name":"wp","href":"https:\/\/api.w.org\/{rel}","templated":true}]}}