{"id":1392,"date":"2018-04-19T10:10:18","date_gmt":"2018-04-19T10:10:18","guid":{"rendered":"https:\/\/fumed-silica.net\/?page_id=1392"},"modified":"2021-01-12T06:10:43","modified_gmt":"2021-01-12T06:10:43","slug":"silicone-rubber","status":"publish","type":"page","link":"https:\/\/fumed-silica.net\/fr\/applications\/silicone-rubber\/","title":{"rendered":"Caoutchouc en silicone"},"content":{"rendered":"<p><!-- Original silicone cable picture\n<img decoding=\"async\" loading=\"lazy\" src=\"\/fr\/wp-content\/uploads\/2018\/04\/silicone-rubber-cable.jpg\" alt=\"\" width=\"1200\" height=\"323\" class=\"aligncenter size-full wp-image-1402\" srcset=\"https:\/\/fumed-silica.net\/fr\/wp-content\/uploads\/2018\/04\/silicone-rubber-cable.jpg 1200w, https:\/\/fumed-silica.net\/fr\/wp-content\/uploads\/2018\/04\/silicone-rubber-cable-300x81.jpg 300w, https:\/\/fumed-silica.net\/fr\/wp-content\/uploads\/2018\/04\/silicone-rubber-cable-768x207.jpg 768w, https:\/\/fumed-silica.net\/fr\/wp-content\/uploads\/2018\/04\/silicone-rubber-cable-1024x276.jpg 1024w\" sizes=\"(max-width: 1200px) 100vw, 1200px\" \/>\n--><\/p>\n<div class=\"su-row\">\n<div class=\"su-column su-column-size-1-3\"><div class=\"su-column-inner su-u-clearfix su-u-trim\"><figure id=\"attachment_1874\" aria-describedby=\"caption-attachment-1874\" style=\"width: 300px\" class=\"wp-caption alignnone\"><img decoding=\"async\" loading=\"lazy\"\n    src=\"\/wp-content\/uploads\/2018\/07\/silicone_tubes-300x296.jpg\" alt=\"\" width=\"300\" height=\"296\"\n    class=\"size-medium wp-image-1874\" \/><figcaption id=\"caption-attachment-1874\" class=\"wp-caption-text\">Tubes en silicone<\/figcaption><\/figure><\/div><\/div>\n<div class=\"su-column su-column-size-1-3\"><div class=\"su-column-inner su-u-clearfix su-u-trim\"><figure id=\"attachment_1882\" aria-describedby=\"caption-attachment-1882\" style=\"width: 300px\" class=\"wp-caption alignnone\"><img decoding=\"async\" loading=\"lazy\"\n    src=\"\/wp-content\/uploads\/2018\/07\/htv_silicone-300x300.jpg\" alt=\"\" width=\"300\" height=\"300\"\n    class=\"size-medium wp-image-1882\" \/><figcaption id=\"caption-attachment-1882\" class=\"wp-caption-text\">Silicone HTV<\/figcaption><\/figure> <\/div><\/div>\n<div class=\"su-column su-column-size-1-3\"><div class=\"su-column-inner su-u-clearfix su-u-trim\"><figure id=\"attachment_1873\" aria-describedby=\"caption-attachment-1873\" style=\"width: 300px\" class=\"wp-caption alignnone\"><img decoding=\"async\" loading=\"lazy\"\n    src=\"\/wp-content\/uploads\/2018\/07\/silicone_teat-300x300.jpg\" alt=\"\" width=\"300\" height=\"300\"\n    class=\"size-medium wp-image-1873\" \/><figcaption id=\"caption-attachment-1873\" class=\"wp-caption-text\">T\u00e9tine en silicone<\/figcaption><\/figure><\/div><\/div>\n<\/div>\n<h5> La silice pyrog\u00e9n\u00e9e XYSIL\u00ae est un additif efficace de renforcement et de contr\u00f4le de la rh\u00e9ologie pour le caoutchouc de silicone. <\/h5>\n<p>Lorsque la surface de la silice pyrog\u00e9n\u00e9e augmente, l&rsquo;\u00e9paississement et le renforcement augmentent \u00e9galement. Cependant,<br \/>\nla silice pyrog\u00e9n\u00e9e XYSIL\u00ae de grande surface n\u00e9cessite un \u00e9quipement de dispersion \u00e0 cisaillement \u00e9lev\u00e9 pour obtenir des<br \/>\nperformances optimales. En g\u00e9n\u00e9ral, XYSIL\u00ae 150 est utilis\u00e9 dans le mastic silicone RTV; XYSIL\u00ae 200 et XYSIL\u00ae 300 sont<br \/>\nutilis\u00e9s dans le caoutchouc silicone HTV et le LSR.<\/p>\n<ul>\n<li> <strong> Dans un mastic silicone RTV <\/strong><br \/>\n        La silice pyrog\u00e9n\u00e9e XYSIL<sup>\u00ae<\/sup> fournit une thixotropie et un renforcement pour les mastics silicone<br \/>\n        RTV, tandis que sa propri\u00e9t\u00e9 d&rsquo;amincissement au cisaillement offre une r\u00e9sistance \u00e0 l&rsquo;\u00e9paississement et \u00e0<br \/>\n        l&rsquo;affaissement au repos ou \u00e0 un faible cisaillement et un amincissement \u00e0 fort cisaillement pour une application<br \/>\n        facile. <\/li>\n<li> <strong> En caoutchouc silicone HTV et LSR <\/strong><br \/>\n        La silice pyrog\u00e9n\u00e9e XYSIL<sup>\u00ae<\/sup> renforce le caoutchouc durci, augmentant la duret\u00e9, le module, la<br \/>\n        r\u00e9sistance \u00e0 la traction et la r\u00e9sistance \u00e0 la d\u00e9chirure. Contrairement aux autres charges renfor\u00e7antes, la<br \/>\n        silice pyrog\u00e9n\u00e9e XYSIL<sup>\u00ae<\/sup> peut \u00eatre utilis\u00e9e dans des applications transparentes ou claires. <\/li>\n<\/ul>\n<h4> silice pyrog\u00e9n\u00e9e dans du caoutchouc de silicone <\/h4>\n<table id=\"siliconerubber\" class=\"display nowrap\" style=\"width: 100%\">\n<thead>\n<tr>\n<th> Sytem <\/th>\n<th> XYSIL<sup>\u00ae<\/sup>Grade <\/th>\n<th> Concentration en poids% <\/th>\n<th data-hide=\"phone, tablet\"> Effet <\/th>\n<\/tr>\n<\/thead>\n<tbody>\n<tr>\n<td> Mastic silicone RTV-1 <\/td>\n<td> XYSIL<sup>\u00ae<\/sup>150 <\/td>\n<td> 3.0-30 <\/td>\n<td> Armature, Thixotropie <\/td>\n<\/tr>\n<tr>\n<td> P\u00e2te \u00e0 mouler RTV (2 composants) <\/td>\n<td> XYSIL<sup>\u00ae<\/sup>200 <\/td>\n<td> 3-30 <\/td>\n<td> Armature, Thixotropie <\/td>\n<\/tr>\n<tr>\n<td> Caoutchouc de silicone HTV <\/td>\n<td> XYSIL<sup>\u00ae<\/sup>200 <\/td>\n<td> 5,0-35 <\/td>\n<td> Renforcement, r\u00e9sistance \u00e0 l\u2019affaissement, dispersabilit\u00e9, qualit\u00e9 de surface, dur\u00e9e de vie <\/td>\n<\/tr>\n<tr>\n<td> Caoutchouc de silicone liquide <\/td>\n<td> XYSIL<sup>\u00ae<\/sup>200<\/p>\n<p>                XYSIL<sup>\u00ae<\/sup>300 <\/td>\n<td> 5-30 <\/td>\n<td> Contr\u00f4le de rh\u00e9ologie, r\u00e9sistance \u00e0 l\u2019affaissement, renforcement, anti-tassement <\/td>\n<\/tr>\n<\/tbody>\n<\/table>\n<p><script type=\"text\/javascript\">jQuery(document).ready(function () { jQuery('#siliconerubber').DataTable({\nsearching: false,\nresponsive: true,\npaging: false,\n                columnDefs: [{\n                        responsivePriority: 0,\n                        targets: 0\n                    },\n                    {\n                        responsivePriority: 0,\n                        targets: 1\n                    }\n                ],\n}); });<\/script><\/p>\n","protected":false},"excerpt":{"rendered":"<p>La silice pyrog\u00e9n\u00e9e XYSIL\u00ae est un additif efficace de renforcement et de contr\u00f4le de la rh\u00e9ologie pour le caoutchouc de silicone. Lorsque la surface de la silice pyrog\u00e9n\u00e9e augmente, l&rsquo;\u00e9paississement et le renforcement augmentent \u00e9galement. Cependant, la silice pyrog\u00e9n\u00e9e XYSIL\u00ae de grande surface n\u00e9cessite un \u00e9quipement de dispersion \u00e0 cisaillement \u00e9lev\u00e9 pour obtenir des performances\u2026<\/p>\n","protected":false},"author":2,"featured_media":0,"parent":21,"menu_order":306,"comment_status":"closed","ping_status":"closed","template":"","meta":{"_exactmetrics_skip_tracking":false,"_exactmetrics_sitenote_active":false,"_exactmetrics_sitenote_note":"","_exactmetrics_sitenote_category":0},"psp_head":"<title>Silice pyrog\u00e9n\u00e9e en caoutchouc de silicone \u2013 XYSIL\u00ae Silice Pyrog\u00e9n\u00e9e- XUNYU CHEM<\/title>\r\n<meta name=\"description\" content=\"La silice pyrog\u00e9n\u00e9e XYSIL\u00ae est un additif efficace de renforcement et de contr\u00f4le de la rh\u00e9ologie pour le caoutchouc de silicone\" \/>\r\n<meta name=\"robots\" content=\"index,follow\" \/>\r\n<link rel=\"canonical\" href=\"https:\/\/fumed-silica.net\/fr\/applications\/silicone-rubber\/\" \/>\r\n","_links":{"self":[{"href":"https:\/\/fumed-silica.net\/fr\/wp-json\/wp\/v2\/pages\/1392"}],"collection":[{"href":"https:\/\/fumed-silica.net\/fr\/wp-json\/wp\/v2\/pages"}],"about":[{"href":"https:\/\/fumed-silica.net\/fr\/wp-json\/wp\/v2\/types\/page"}],"author":[{"embeddable":true,"href":"https:\/\/fumed-silica.net\/fr\/wp-json\/wp\/v2\/users\/2"}],"replies":[{"embeddable":true,"href":"https:\/\/fumed-silica.net\/fr\/wp-json\/wp\/v2\/comments?post=1392"}],"version-history":[{"count":23,"href":"https:\/\/fumed-silica.net\/fr\/wp-json\/wp\/v2\/pages\/1392\/revisions"}],"predecessor-version":[{"id":8792,"href":"https:\/\/fumed-silica.net\/fr\/wp-json\/wp\/v2\/pages\/1392\/revisions\/8792"}],"up":[{"embeddable":true,"href":"https:\/\/fumed-silica.net\/fr\/wp-json\/wp\/v2\/pages\/21"}],"wp:attachment":[{"href":"https:\/\/fumed-silica.net\/fr\/wp-json\/wp\/v2\/media?parent=1392"}],"curies":[{"name":"wp","href":"https:\/\/api.w.org\/{rel}","templated":true}]}}