{"id":1373,"date":"2018-04-17T09:31:41","date_gmt":"2018-04-17T09:31:41","guid":{"rendered":"https:\/\/fumed-silica.net\/?page_id=1373"},"modified":"2021-01-12T04:02:34","modified_gmt":"2021-01-12T04:02:34","slug":"paints-and-coatings","status":"publish","type":"page","link":"https:\/\/fumed-silica.net\/fr\/applications\/paints-and-coatings\/","title":{"rendered":"Peintures et rev\u00eatements"},"content":{"rendered":"<p><img decoding=\"async\" loading=\"lazy\" src=\"\/fr\/wp-content\/uploads\/2018\/04\/paints.jpg\" alt=\"\" width=\"1125\" height=\"290\" class=\"aligncenter size-full wp-image-1275\" \/><\/p>\n<h5>La silice pyrog\u00e9n\u00e9e XYSIL<sup>\u00ae<\/sup> est principalement utilis\u00e9e dans les peintures et les rev\u00eatements comme agent thixotrope et anti-d\u00e9cantant<\/h5>\n<p>Il est utilis\u00e9 pour contr\u00f4ler les caract\u00e9ristiques rh\u00e9ologiques, aide \u00e0 pr\u00e9venir la rouille et la corrosion. Les produits XYSIL<sup>\u00ae<\/sup> doivent \u00eatre ajout\u00e9s \u00e0 des concentrations de 0,5 \u00e0 5,0%.<\/p>\n<p>La silice pyrog\u00e9n\u00e9e XYSIL<sup>\u00ae<\/sup> am\u00e9liore les propri\u00e9t\u00e9s thixotropes et rh\u00e9ologiques des rev\u00eatements et des syst\u00e8mes de peinture, conserve la transparence d&rsquo;origine des laques. En outre, l&rsquo;ajout de silice pyrog\u00e9n\u00e9e am\u00e9liore le durcissement du film de rev\u00eatement, l&rsquo;adh\u00e9rence aux surfaces, ainsi que r\u00e9duit le taux de d\u00e9t\u00e9rioration des rev\u00eatements et la d\u00e9coloration des mat\u00e9riaux avec rev\u00eatement sup\u00e9rieur transparent. En outre, il aide \u00e0 emp\u00eacher le ruissellement et l&rsquo;affaissement des peintures appliqu\u00e9es sur des surfaces verticales, assurant ainsi un nivellement de qualit\u00e9 sup\u00e9rieure. La silice pyrog\u00e9n\u00e9e est utilis\u00e9e comme agent de matage des syst\u00e8mes de laque, tandis que l&rsquo;effet souhait\u00e9 peut \u00eatre ajust\u00e9 dans de larges plages.<\/p>\n<h4> silice pyrog\u00e9n\u00e9e XYSIL\u00ae pour peinture &amp; Rev\u00eatement &amp; Encre <\/h4>\n<table id=\"fumedsilica\" class=\"display nowrap\" style=\"width: 100%\">\n<thead>\n<tr>\n<th> Sytem <\/th>\n<th> XYSIL<sup>\u00ae<\/sup> Grade <\/th>\n<th> Concentration en poids. % <\/th>\n<th> Effet <\/th>\n<\/tr>\n<\/thead>\n<tbody>\n<tr>\n<td> Rev\u00eatements en polyester <\/td>\n<td> XYSIL<sup>\u00ae<\/sup>200<br \/>\n                XYSIL<sup>\u00ae<\/sup>300<br \/>\n                XYSIL<sup>\u00ae<\/sup>380 <\/td>\n<td> 0,5-2,5 <\/td>\n<td> Thixotropie, \u00e9paississement, antis\u00e9dimentation, \u00e9coulement libre <\/td>\n<\/tr>\n<tr>\n<td> Rev\u00eatements en r\u00e9sine alkyde <\/td>\n<td> XYSIL<sup>\u00ae<\/sup>200<br \/>\n                XYSIL<sup>\u00ae<\/sup>300<br \/>\n                XYSIL<sup>\u00ae<\/sup>380 <\/td>\n<td> 0,5-5,0 <\/td>\n<td> Thixotropie, \u00e9paississement, antis\u00e9dimentation, \u00e9coulement libre <\/td>\n<\/tr>\n<tr>\n<td> Rev\u00eatements en r\u00e9sine acrylique <\/td>\n<td> XYSIL<sup>\u00ae<\/sup>200 <\/td>\n<td> 1.0-4.0 <\/td>\n<td> Thixotropie, \u00e9paississement, antis\u00e9dimentation, \u00e9coulement libre <\/td>\n<\/tr>\n<tr>\n<td> Peintures riches en Zin <\/td>\n<td> XYSIL<sup>\u00ae<\/sup>200 <\/td>\n<td> 1.0-3.0 <\/td>\n<td> Thixotropie, \u00e9paississement, antis\u00e9dimentation, \u00e9coulement libre <\/td>\n<\/tr>\n<tr>\n<td> Rev\u00eatements en poudre <\/td>\n<td> XYSIL<sup>\u00ae<\/sup>150<br \/>\n                XYSIL<sup>\u00ae<\/sup>200 <\/td>\n<td> 0,8-1,2<br \/>\n                0.8-1.2 <\/td>\n<td> Thixotropie, \u00e9paississement, antis\u00e9dimentation, \u00e9coulement libre <\/td>\n<\/tr>\n<tr>\n<td> Rev\u00eatement durcissant aux UV <\/td>\n<td> XYSIL<sup>\u00ae<\/sup>200 <\/td>\n<td> 2.0-3.0 <\/td>\n<td> Thixotropie, \u00e9paississement, antis\u00e9dimentation, \u00e9coulement libre <\/td>\n<\/tr>\n<tr>\n<td> Encres d&rsquo;impression <\/td>\n<td> XYSIL<sup>\u00ae<\/sup>200 <\/td>\n<td> 1.0-10 <\/td>\n<td> Thixotropie, anti-affaissement. Anti-Settling <\/td>\n<\/tr>\n<\/tbody>\n<\/table>\n<p><script type=\"text\/javascript\">jQuery(document).ready(function () { jQuery('#fumedsilica').DataTable({\nsearching: false,\nresponsive: true,\npaging: false,\n                columnDefs: [{\n                        responsivePriority: 0,\n                        targets: 0\n                    },\n                    {\n                        responsivePriority: 0,\n                        targets: 1\n                    }\n                ],\n}); });<\/script><\/p>\n","protected":false},"excerpt":{"rendered":"<p>La silice pyrog\u00e9n\u00e9e XYSIL\u00ae est principalement utilis\u00e9e dans les peintures et les rev\u00eatements comme agent thixotrope et anti-d\u00e9cantant Il est utilis\u00e9 pour contr\u00f4ler les caract\u00e9ristiques rh\u00e9ologiques, aide \u00e0 pr\u00e9venir la rouille et la corrosion. Les produits XYSIL\u00ae doivent \u00eatre ajout\u00e9s \u00e0 des concentrations de 0,5 \u00e0 5,0%. La silice pyrog\u00e9n\u00e9e XYSIL\u00ae am\u00e9liore les propri\u00e9t\u00e9s thixotropes\u2026<\/p>\n","protected":false},"author":2,"featured_media":0,"parent":21,"menu_order":303,"comment_status":"closed","ping_status":"closed","template":"","meta":{"_exactmetrics_skip_tracking":false,"_exactmetrics_sitenote_active":false,"_exactmetrics_sitenote_note":"","_exactmetrics_sitenote_category":0},"psp_head":"<title>silice pyrog\u00e9n\u00e9e dans les peintures et rev\u00eatements \u2013 XYSIL\u00ae Silice Pyrog\u00e9n\u00e9e- XUNYU CHEM<\/title>\r\n<meta name=\"description\" content=\"silice pyrog\u00e9n\u00e9eutilis\u00e9e comme agent de renforcement, de thixotropie, anti-affaissement et anti-d\u00e9cantant dans les peintures et rev\u00eatements\" \/>\r\n<meta name=\"robots\" content=\"index,follow\" \/>\r\n<link rel=\"canonical\" href=\"https:\/\/fumed-silica.net\/fr\/applications\/paints-and-coatings\/\" \/>\r\n","_links":{"self":[{"href":"https:\/\/fumed-silica.net\/fr\/wp-json\/wp\/v2\/pages\/1373"}],"collection":[{"href":"https:\/\/fumed-silica.net\/fr\/wp-json\/wp\/v2\/pages"}],"about":[{"href":"https:\/\/fumed-silica.net\/fr\/wp-json\/wp\/v2\/types\/page"}],"author":[{"embeddable":true,"href":"https:\/\/fumed-silica.net\/fr\/wp-json\/wp\/v2\/users\/2"}],"replies":[{"embeddable":true,"href":"https:\/\/fumed-silica.net\/fr\/wp-json\/wp\/v2\/comments?post=1373"}],"version-history":[{"count":13,"href":"https:\/\/fumed-silica.net\/fr\/wp-json\/wp\/v2\/pages\/1373\/revisions"}],"predecessor-version":[{"id":8772,"href":"https:\/\/fumed-silica.net\/fr\/wp-json\/wp\/v2\/pages\/1373\/revisions\/8772"}],"up":[{"embeddable":true,"href":"https:\/\/fumed-silica.net\/fr\/wp-json\/wp\/v2\/pages\/21"}],"wp:attachment":[{"href":"https:\/\/fumed-silica.net\/fr\/wp-json\/wp\/v2\/media?parent=1373"}],"curies":[{"name":"wp","href":"https:\/\/api.w.org\/{rel}","templated":true}]}}