{"id":1362,"date":"2018-04-17T08:25:36","date_gmt":"2018-04-17T08:25:36","guid":{"rendered":"https:\/\/fumed-silica.net\/?page_id=1362"},"modified":"2021-01-12T03:43:22","modified_gmt":"2021-01-12T03:43:22","slug":"adhesives-and-sealants","status":"publish","type":"page","link":"https:\/\/fumed-silica.net\/fr\/applications\/adhesives-and-sealants\/","title":{"rendered":"Adh\u00e9sifs et scellants"},"content":{"rendered":"<p><img decoding=\"async\" loading=\"lazy\" src=\"\/wp-content\/uploads\/2018\/04\/adhesives-and-sealants.jpg\" alt=\"\" width=\"1189\" height=\"306\" class=\"aligncenter size-full wp-image-1265\" \/><\/p>\n<h5>XYSIL<sup>\u00ae<\/sup> la silice pyrog\u00e9n\u00e9e est principalement utilis\u00e9e comme additifs pour l&rsquo;anti-affaissement, le contr\u00f4le de la rh\u00e9ologie et l&rsquo;anti-d\u00e9cantation<\/h5>\n<p>Il est \u00e9galement utilis\u00e9 comme agent de contr\u00f4le de la rh\u00e9ologie et de renforcement dans les mastics et am\u00e9liore la stabilit\u00e9 au stockage et la capacit\u00e9 de traitement des adh\u00e9sifs et des mastics.<br \/>\nXYSIL<sup>\u00ae<\/sup> la silice pyrog\u00e9n\u00e9e est largement utilis\u00e9e dans toutes sortes d&rsquo;industries d&rsquo;adh\u00e9sifs et de mastics, par ex. mastic silicone, mastic PVC-plastisol, mastic polyacrylate, adh\u00e9sif \u00e9poxy, adh\u00e9sif polyur\u00e9thane, polyester insatur\u00e9, adh\u00e9sif polyur\u00e9thane \u00e0 base d&rsquo;eau, etc.<\/p>\n<h4> Silice pyrog\u00e9n\u00e9e dans les adh\u00e9sifs et les mastics <\/h4>\n<table id=\"fumedsilica\" class=\"display nowrap\" style=\"width: 100%\">\n<thead>\n<tr>\n<th> Sytem <\/th>\n<th> XYSIL<sup>\u00ae<\/sup>Grade <\/th>\n<th> Concentration en poids% <\/th>\n<th> Effet <\/th>\n<\/tr>\n<\/thead>\n<tbody>\n<tr>\n<td> Mastic silicone RTV-1 <\/td>\n<td> XYSIL<sup>\u00ae<\/sup>150 <\/td>\n<td> 7-10 <\/td>\n<td> Renforcement, Thixotropie, Anti-affaissement <\/td>\n<\/tr>\n<tr>\n<td> Scellant polyacrylate <\/td>\n<td> XYSIL<sup>\u00ae<\/sup>200 <\/td>\n<td> 0.8-3 <\/td>\n<td> Renforcement, Thixotropie, Anti-Sag, Anti-Settling <\/td>\n<\/tr>\n<tr>\n<td> Scellant polysulfure <\/td>\n<td> XYSIL<sup>\u00ae<\/sup>200 <\/td>\n<td> 1-4 <\/td>\n<td> Renforcement, Thixotropie, Anti-affaissement <\/td>\n<\/tr>\n<tr>\n<td> Scellant butyle <\/td>\n<td> XYSIL<sup>\u00ae<\/sup>200 <\/td>\n<td> 1-3 <\/td>\n<td> Renforcement, Thixotropie, Anti-affaissement <\/td>\n<\/tr>\n<tr>\n<td> Scellant Pvc-Plastisol <\/td>\n<td> XYSIL<sup>\u00ae<\/sup>200<br \/>\n                XYSIL<sup>\u00ae<\/sup>300 <\/td>\n<td> 0,8-1,2<br \/>\n                0.8-1.2 <\/td>\n<td> Thixotropie, anti-affaissement <\/td>\n<\/tr>\n<tr>\n<td> Adh\u00e9sif \u00e9poxy <\/td>\n<td> XYSIL<sup>\u00ae<\/sup>200<br \/>\n                XYSIL<sup>\u00ae<\/sup>380 <\/td>\n<td> 1-10<br \/>\n                1-10 <\/td>\n<td> Thixotropie, anti-affaissement, anti-s\u00e9dimentation <\/td>\n<\/tr>\n<tr>\n<td> Adh\u00e9sif polyur\u00e9thane <\/td>\n<td> XYSIL<sup>\u00ae<\/sup>200 <\/td>\n<td> 1-6 <\/td>\n<td> Thixotropie, anti-affaissement. Anti-Settling <\/td>\n<\/tr>\n<tr>\n<td> Acrylate\/M\u00e9thylacrylate <\/td>\n<td> XYSIL<sup>\u00ae<\/sup>200<br \/>\n                XYSIL<sup>\u00ae<\/sup>300 <\/td>\n<td> 0,5-4<br \/>\n                0.4-4 <\/td>\n<td> Thixotropie, anti-affaissement. Anti-Settling <\/td>\n<\/tr>\n<tr>\n<td> Polyester insatur\u00e9 <\/td>\n<td> XYSIL<sup>\u00ae<\/sup>200<br \/>\n                XYSIL<sup>\u00ae<\/sup>300 <\/td>\n<td> 1,5-7<br \/>\n                1.5-7 <\/td>\n<td> Thixotropie, anti-affaissement, anti-s\u00e9dimentation <\/td>\n<\/tr>\n<tr>\n<td> Adh\u00e9sif silicone <\/td>\n<td> XYSIL<sup>\u00ae<\/sup>200 <\/td>\n<td> 1-6 <\/td>\n<td> Renforcement, Thixotropie, Anti-Sag. Anti-Settling <\/td>\n<\/tr>\n<tr>\n<td> Adh\u00e9sif polychloropr\u00e8ne <\/td>\n<td> XYSIL<sup>\u00ae<\/sup>200 <\/td>\n<td> 3-6 <\/td>\n<td> Thixotropie, anti-affaissement, pr\u00e9vention des cha\u00eenes <\/td>\n<\/tr>\n<tr>\n<td> Adh\u00e9sif polychlorure de vinyle <\/td>\n<td> XYSIL<sup>\u00ae<\/sup>200 <\/td>\n<td> 0.8-4 <\/td>\n<td> Thixotropie, anti-affaissement, pr\u00e9vention des cha\u00eenes <\/td>\n<\/tr>\n<tr>\n<td> \u00c0 base d&rsquo;eau sensible \u00e0 la pression <\/td>\n<td> XYSIL<sup>\u00ae<\/sup>200 <\/td>\n<td> 0.8-3 <\/td>\n<td> Renforcement, anti-affaissement <\/td>\n<\/tr>\n<tr>\n<td> Hotmelts (polyester, polyamide, polyur\u00e9thane) <\/td>\n<td> XYSIL<sup>\u00ae<\/sup>200 <\/td>\n<td> 0,5-5 <\/td>\n<td> Anti-affaissement, Thixortopie, Stabilisation, Renforcement <\/td>\n<\/tr>\n<tr>\n<td> N\u00e9opr\u00e8ne, \u00e0 base d&rsquo;eau <\/td>\n<td> XYSIL<sup>\u00ae<\/sup>200 <\/td>\n<td> 6-18 <\/td>\n<td> Anti-affaissement, Thixortopie, Stabilisation, Renforcement <\/td>\n<\/tr>\n<tr>\n<td> Acrylate \u00e0 base d&rsquo;eau <\/td>\n<td> XYSIL<sup>\u00ae<\/sup>200 <\/td>\n<td> 2-5 <\/td>\n<td> Anti-affaissement, Thixortopy, Renfort <\/td>\n<\/tr>\n<\/tbody>\n<\/table>\n<p><script type=\"text\/javascript\">jQuery(document).ready(function () { jQuery('#fumedsilica').DataTable({\nsearching: false,\nresponsive: true,\npaging: false,\n                columnDefs: [{\n                        responsivePriority: 0,\n                        targets: 0\n                    },\n                    {\n                        responsivePriority: 0,\n                        targets: 1\n                    }\n                ],\n}); });<\/script><\/p>\n","protected":false},"excerpt":{"rendered":"<p>XYSIL\u00ae la silice pyrog\u00e9n\u00e9e est principalement utilis\u00e9e comme additifs pour l&rsquo;anti-affaissement, le contr\u00f4le de la rh\u00e9ologie et l&rsquo;anti-d\u00e9cantation Il est \u00e9galement utilis\u00e9 comme agent de contr\u00f4le de la rh\u00e9ologie et de renforcement dans les mastics et am\u00e9liore la stabilit\u00e9 au stockage et la capacit\u00e9 de traitement des adh\u00e9sifs et des mastics. XYSIL\u00ae la silice pyrog\u00e9n\u00e9e\u2026<\/p>\n","protected":false},"author":2,"featured_media":0,"parent":21,"menu_order":301,"comment_status":"closed","ping_status":"closed","template":"","meta":{"_exactmetrics_skip_tracking":false,"_exactmetrics_sitenote_active":false,"_exactmetrics_sitenote_note":"","_exactmetrics_sitenote_category":0},"psp_head":"<title>Silice pyrog\u00e9n\u00e9e dans les adh\u00e9sifs et les mastics \u2013 XYSIL\u00ae Silice Pyrog\u00e9n\u00e9e- XUNYU CHEM<\/title>\r\n<meta name=\"description\" content=\"Silice pyrog\u00e9n\u00e9e XYSIL\u00ae utilis\u00e9e comme additif pour l&#039;anti-affaissement, le contr\u00f4le de la rh\u00e9ologie et l&#039;anti-s\u00e9dimentation dans les adh\u00e9sifs et les mastics\" \/>\r\n<meta name=\"robots\" content=\"index,follow\" \/>\r\n<link rel=\"canonical\" href=\"https:\/\/fumed-silica.net\/fr\/applications\/adhesives-and-sealants\/\" \/>\r\n","_links":{"self":[{"href":"https:\/\/fumed-silica.net\/fr\/wp-json\/wp\/v2\/pages\/1362"}],"collection":[{"href":"https:\/\/fumed-silica.net\/fr\/wp-json\/wp\/v2\/pages"}],"about":[{"href":"https:\/\/fumed-silica.net\/fr\/wp-json\/wp\/v2\/types\/page"}],"author":[{"embeddable":true,"href":"https:\/\/fumed-silica.net\/fr\/wp-json\/wp\/v2\/users\/2"}],"replies":[{"embeddable":true,"href":"https:\/\/fumed-silica.net\/fr\/wp-json\/wp\/v2\/comments?post=1362"}],"version-history":[{"count":15,"href":"https:\/\/fumed-silica.net\/fr\/wp-json\/wp\/v2\/pages\/1362\/revisions"}],"predecessor-version":[{"id":8771,"href":"https:\/\/fumed-silica.net\/fr\/wp-json\/wp\/v2\/pages\/1362\/revisions\/8771"}],"up":[{"embeddable":true,"href":"https:\/\/fumed-silica.net\/fr\/wp-json\/wp\/v2\/pages\/21"}],"wp:attachment":[{"href":"https:\/\/fumed-silica.net\/fr\/wp-json\/wp\/v2\/media?parent=1362"}],"curies":[{"name":"wp","href":"https:\/\/api.w.org\/{rel}","templated":true}]}}