{"id":11,"date":"2010-08-22T02:35:52","date_gmt":"2010-08-22T02:35:52","guid":{"rendered":"https:\/\/fumed-silica.net\/en"},"modified":"2021-01-08T08:24:36","modified_gmt":"2021-01-08T08:24:36","slug":"products","status":"publish","type":"page","link":"https:\/\/fumed-silica.net\/fr\/products\/","title":{"rendered":"Produits"},"content":{"rendered":"<h2>XYSIL<sup>\u00ae<\/sup> SILICE PYROG\u00c9N\u00c9E<\/h2>\n<p><a href=\"\/fr\/warehouse-gallery\/\" title=\"entrer dans la galerie de silice pyrog\u00e9n\u00e9e  pour avoir une impression directe de stockage\"> <img decoding=\"async\" loading=\"lazy\" src=\"\/fr\/wp-content\/uploads\/2010\/08\/pallets-in-warehouse-300x226.jpg\" alt=\"Palettes de silice pyrog\u00e9n\u00e9e  XYSIL dans l'entrep\u00f4t\" width=\"300\" height=\"226\" class=\"alignright size-medium wp-image-824\" srcset=\"https:\/\/fumed-silica.net\/fr\/wp-content\/uploads\/2010\/08\/pallets-in-warehouse-300x226.jpg 300w, https:\/\/fumed-silica.net\/fr\/wp-content\/uploads\/2010\/08\/pallets-in-warehouse-1024x773.jpg 1024w\" sizes=\"(max-width: 300px) 100vw, 300px\" \/><\/a> XYSIL<sup>\u00ae<\/sup> la silice pyrog\u00e9n\u00e9e  hydrophile est une poudre chimique fine blanche, inoffensive, insipide et amorphe.<\/p>\n<p>XYSIL<sup>\u00ae<\/sup> silice pyrog\u00e9n\u00e9e  avec des caract\u00e9ristiques telles qu&rsquo;une petite taille de particules, une grande surface BET, une activit\u00e9 de surface \u00e9lev\u00e9e et une grande puret\u00e9. La taille de particule d&rsquo;origine peut \u00eatre de 7 \u00e0 40 nm selon le r\u00e9glage du syst\u00e8me, et la surface BET est de 100 \u00e0 400 m2\/g. En raison de l&rsquo;effet nanom\u00e9trique, la silice pyrog\u00e9n\u00e9e  XYSIL exerce une excellente nature de renforcement, d&rsquo;\u00e9paississement, de thixotropie, d&rsquo;isolation, de tapis, de r\u00e9sistance \u00e0 l&rsquo;affaissement, et elle est largement utilis\u00e9e dans le caoutchouc de silicone HTV et le mastic silicone RTV, le rev\u00eatement, la peinture, le polyester insatur\u00e9 (UP), l&rsquo;isolation domaines industriels des mat\u00e9riaux, des adh\u00e9sifs et des scellants, de l&rsquo;agriculture et des macromol\u00e9cules m\u00e9dicales.<\/br><\/p>\n<p><a href=\"\/fr\/warehouse-gallery\" title=\"entrer dans la galerie de silice pyrog\u00e9n\u00e9e  pour avoir une impression directe de stockage\"><img decoding=\"async\" loading=\"lazy\" src=\"\/fr\/wp-content\/uploads\/2010\/08\/XYSIL200-on-pallet_s-300x197.jpg\" alt=\"XYSIL200 sur palettes\" width=\"300\" height=\"197\" class=\"alignleft size-medium wp-image-827\" srcset=\"https:\/\/fumed-silica.net\/fr\/wp-content\/uploads\/2010\/08\/XYSIL200-on-pallet_s-300x197.jpg 300w, https:\/\/fumed-silica.net\/fr\/wp-content\/uploads\/2010\/08\/XYSIL200-on-pallet_s.jpg 769w\" sizes=\"(max-width: 300px) 100vw, 300px\" \/><\/a>Depuis 2006, Xunyu Chemical produit de la silice pyrog\u00e9n\u00e9e  <strong> hydrophile <\/strong> et poursuit ses recherches et son d\u00e9veloppement. D\u00e9sormais, les principales qualit\u00e9s de silice pyrog\u00e9n\u00e9e  hydrophile sont <a href=\"\/fr\/products\/hydrophilic-fumed-silica\/\">XYSIL <sup> \u00ae <\/sup> 150, XYSIL <sup> \u00ae <\/sup> 200, XYSIL <sup> \u00ae <\/sup> 300 et XYSIL <sup> \u00ae <\/sup> 380<\/a>. Notre produit a \u00e9t\u00e9 export\u00e9 aux \u00c9tats-Unis, au Mexique, en Espagne, en Italie, en Cor\u00e9e du Sud, au Japon, en Inde, aux \u00c9mirats arabes unis et dans plus de 30 pays, appliqu\u00e9 au caoutchouc de silicone et au mastic silicone RTV, rev\u00eatement, peinture, polyester insatur\u00e9 (UP) , mat\u00e9riau isolant, adh\u00e9sif, etc. Avec une qualit\u00e9 stable et un prix comp\u00e9titif, la silice pyrog\u00e9n\u00e9e  hydrophile XYSIL gagne une solide r\u00e9putation sur le march\u00e9 international.<\/p>\n<p>Sur la base d&rsquo;une vaste exp\u00e9rience des produits hydrophiles, nous avons d\u00e9velopp\u00e9 des grades <strong> hydrophobes <\/strong> pour r\u00e9pondre aux besoins du march\u00e9. Les produits hydrophobes XYSIL <sup> \u00ae <\/sup> sont \u00e0 base de grades hydrophiles, post-trait\u00e9s avec du HMDS (hexam\u00e9thyldisilazane) et du DDS (Dim\u00e9thyldichlorosilane), ou structur\u00e9s modifi\u00e9s. Les principales qualit\u00e9s hydrophobes sont <a href=\"\/fr\/products\/hydrophobic-fumed-silica\" title=\"d\u00e9tails des produits de silice pyrog\u00e9n\u00e9e hydrophobe XYSIL\u00ae\"> XYSIL <sup> \u00ae <\/sup> R120, XYSIL <sup> \u00ae <\/sup> R170 et XYSIL <sup> \u00ae <\/sup> R200 <\/a>. B\u00e9n\u00e9ficiant de notre projet de silice pyrog\u00e9n\u00e9e  hydrophile, nous pouvons fournir des produits hydrophobes de haute qualit\u00e9 \u00e0 un prix comp\u00e9titif. Nous ne recherchons pas de partenaire pour la recherche d&rsquo;application et la commercialisation de produits hydrophobes.<\/p>\n<p>Depuis 2016, Xunyu Chem a \u00e9galement d\u00e9velopp\u00e9 et fourni de l &lsquo;<a href=\"\/fr\/products\/fumed-alumina\/\" rel=\"noopener noreferrer\" target=\"_blank\">alumine fum\u00e9e<\/a> sur le march\u00e9. L&rsquo;alumine fum\u00e9e est largement utilis\u00e9e dans l&rsquo;industrie de l&rsquo;\u00e9clairage, le rev\u00eatement en poudre, le toner et le papier photographique, etc.<\/p>\n","protected":false},"excerpt":{"rendered":"<p>XYSIL\u00ae SILICE PYROG\u00c9N\u00c9E XYSIL\u00ae la silice pyrog\u00e9n\u00e9e hydrophile est une poudre chimique fine blanche, inoffensive, insipide et amorphe. XYSIL\u00ae silice pyrog\u00e9n\u00e9e avec des caract\u00e9ristiques telles qu&rsquo;une petite taille de particules, une grande surface BET, une activit\u00e9 de surface \u00e9lev\u00e9e et une grande puret\u00e9. La taille de particule d&rsquo;origine peut \u00eatre de 7 \u00e0 40 nm\u2026<\/p>\n","protected":false},"author":2,"featured_media":1483,"parent":0,"menu_order":0,"comment_status":"closed","ping_status":"open","template":"","meta":{"_exactmetrics_skip_tracking":false,"_exactmetrics_sitenote_active":false,"_exactmetrics_sitenote_note":"","_exactmetrics_sitenote_category":0},"psp_head":"<title>silice pyrog\u00e9n\u00e9e \u00e0 prix comp\u00e9titif de haute qualit\u00e9 \u00e0 Aerosil et Cabosil; Alumine fum\u00e9e \u2013 XYSIL\u00ae Silice Pyrog\u00e9n\u00e9e- XUNYU CHEM<\/title>\r\n<meta name=\"description\" content=\"La silice pyrog\u00e9n\u00e9e XYSIL\u00ae similaire \u00e0 Aerosil et Cabosil avec une qualit\u00e9 \u00e9lev\u00e9e et un prix comp\u00e9titif et peut remplacer Aerosil et Cabosil dans certaines applications.\" \/>\r\n<meta name=\"robots\" content=\"index,follow\" \/>\r\n<link rel=\"canonical\" href=\"https:\/\/fumed-silica.net\/fr\/products\/\" \/>\r\n","_links":{"self":[{"href":"https:\/\/fumed-silica.net\/fr\/wp-json\/wp\/v2\/pages\/11"}],"collection":[{"href":"https:\/\/fumed-silica.net\/fr\/wp-json\/wp\/v2\/pages"}],"about":[{"href":"https:\/\/fumed-silica.net\/fr\/wp-json\/wp\/v2\/types\/page"}],"author":[{"embeddable":true,"href":"https:\/\/fumed-silica.net\/fr\/wp-json\/wp\/v2\/users\/2"}],"replies":[{"embeddable":true,"href":"https:\/\/fumed-silica.net\/fr\/wp-json\/wp\/v2\/comments?post=11"}],"version-history":[{"count":9,"href":"https:\/\/fumed-silica.net\/fr\/wp-json\/wp\/v2\/pages\/11\/revisions"}],"predecessor-version":[{"id":8750,"href":"https:\/\/fumed-silica.net\/fr\/wp-json\/wp\/v2\/pages\/11\/revisions\/8750"}],"wp:featuredmedia":[{"embeddable":true,"href":"https:\/\/fumed-silica.net\/fr\/wp-json\/wp\/v2\/media\/1483"}],"wp:attachment":[{"href":"https:\/\/fumed-silica.net\/fr\/wp-json\/wp\/v2\/media?parent=11"}],"curies":[{"name":"wp","href":"https:\/\/api.w.org\/{rel}","templated":true}]}}