{"id":972,"date":"2016-11-09T10:24:37","date_gmt":"2016-11-09T10:24:37","guid":{"rendered":"http:\/\/fumed-silica.net\/?page_id=972"},"modified":"2020-11-20T07:58:40","modified_gmt":"2020-11-20T07:58:40","slug":"home-page","status":"publish","type":"page","link":"https:\/\/fumed-silica.net\/es\/","title":{"rendered":"Inicio"},"content":{"rendered":"<div id=\"pl-972\"  class=\"panel-layout\" ><div id=\"pg-972-0\"  class=\"panel-grid panel-no-style\" ><div id=\"pgc-972-0-0\"  class=\"panel-grid-cell\" ><div id=\"panel-972-0-0-1\" class=\"so-panel widget widget_sow-features panel-last-child\" data-index=\"1\" ><div\n\t\t\t\n\t\t\tclass=\"so-widget-sow-features so-widget-sow-features-default-00569ef648d7-972\"\n\t\t\t\n\t\t><ul\n\tclass=\"sow-features-list\n\tsow-features-responsive\">\n\n\t\t\t<li\n\t\t\tclass=\"sow-features-feature sow-icon-container-position-top\"\n\t\t\tstyle=\"display: flex; flex-direction: column; width: calc(33.333% - 25px);\"\n\t\t>\n\t\t\t\n\t\t\t\t\t\t<div\t\t\t\tclass=\"sow-icon-container sow-container-rounded-square\"\n\t\t\t\tstyle=\"color: #404040; \"\n\t\t\t\t\n\t\t\t\t\t\t\t>\n\t\t\t\t<span class=\"sow-icon-elegantline\" data-sow-icon=\"&#xe02b;\"\n\t\tstyle=\"font-size: 34px; color: #FFFFFF\" \n\t\taria-hidden=\"true\"><\/span>\t\t\t<\/div>\n\n\t\t\t<div class=\"textwidget\">\n\t\t\t\t\n\t\t\t\t\t\t\t\t\t<h5 class=\"sow-features-feature-title\">\n\t\t\t\t\t\tTECNOLOG\u00cdA AVANZADA\t\t\t\t\t<\/h5>\n\t\t\t\t\n\t\t\t\t\t\t\t\t\t<div class=\"sow-features-feature-text\">\n\t\t\t\t\tTecnolog\u00eda avanzada introducida y desarrollada, productos de alta calidad de gama completa en comparaci\u00f3n con los mejores fabricantes.\n<a href=\"\/technique-quality\/technique\/\">M\u00e1s<\/a>\t\t\t\t\t<\/div>\n\t\t\t\t\t\t\t\t<\/div>\n\t\t\t\t\t\t\t\t<\/li>\n\n\t\t\t<li\n\t\t\tclass=\"sow-features-feature sow-icon-container-position-top\"\n\t\t\tstyle=\"display: flex; flex-direction: column; width: calc(33.333% - 25px);\"\n\t\t>\n\t\t\t\n\t\t\t\t\t\t<div\t\t\t\tclass=\"sow-icon-container sow-container-rounded-square\"\n\t\t\t\tstyle=\"color: #404040; \"\n\t\t\t\t\n\t\t\t\t\t\t\t>\n\t\t\t\t<span class=\"sow-icon-fontawesome sow-fas\" data-sow-icon=\"&#xf0c3;\"\n\t\tstyle=\"font-size: 34px\" \n\t\taria-hidden=\"true\"><\/span>\t\t\t<\/div>\n\n\t\t\t<div class=\"textwidget\">\n\t\t\t\t\n\t\t\t\t\t\t\t\t\t<h5 class=\"sow-features-feature-title\">\n\t\t\t\t\t\tCONTROL DE CALIDAD ESTRICTO\t\t\t\t\t<\/h5>\n\t\t\t\t\n\t\t\t\t\t\t\t\t\t<div class=\"sow-features-feature-text\">\n\t\t\t\t\tLos equipos de an\u00e1lisis, la pol\u00edtica estandarizada y los excelentes t\u00e9cnicos garantizan la alta calidad de cada lote.\n<a href=\"\/technique-quality\/quality-control\/\">M\u00e1s<\/a>\t\t\t\t\t<\/div>\n\t\t\t\t\t\t\t\t<\/div>\n\t\t\t\t\t\t\t\t<\/li>\n\n\t\t\t<li\n\t\t\tclass=\"sow-features-feature sow-icon-container-position-top\"\n\t\t\tstyle=\"display: flex; flex-direction: column; width: calc(33.333% - 25px);\"\n\t\t>\n\t\t\t\n\t\t\t\t\t\t<div\t\t\t\tclass=\"sow-icon-container sow-container-rounded-square\"\n\t\t\t\tstyle=\"color: #404040; \"\n\t\t\t\t\n\t\t\t\t\t\t\t>\n\t\t\t\t<span class=\"sow-icon-fontawesome sow-fas\" data-sow-icon=\"&#xf0c0;\"\n\t\tstyle=\"font-size: 34px\" \n\t\taria-hidden=\"true\"><\/span>\t\t\t<\/div>\n\n\t\t\t<div class=\"textwidget\">\n\t\t\t\t\n\t\t\t\t\t\t\t\t\t<h5 class=\"sow-features-feature-title\">\n\t\t\t\t\t\tPRECIO COMPETITIVO\t\t\t\t\t<\/h5>\n\t\t\t\t\n\t\t\t\t\t\t\t\t\t<div class=\"sow-features-feature-text\">\n\t\t\t\t\tEl precio competitivo de nuestro producto de alta calidad garantiza su competitividad y la de sus clientes en el mercado.\n<a href=\"\/products\/introduction\/\">M\u00e1s<\/a>\t\t\t\t\t<\/div>\n\t\t\t\t\t\t\t\t<\/div>\n\t\t\t\t\t\t\t\t<\/li>\n\n\t<\/ul>\n<\/div><\/div><\/div><\/div><div id=\"pg-972-1\"  class=\"panel-grid panel-has-style\" ><div class=\"siteorigin-panels-stretch panel-row-style panel-row-style-for-972-1\" data-stretch-type=\"full\" ><div id=\"pgc-972-1-0\"  class=\"panel-grid-cell\" ><div id=\"panel-972-1-0-0\" class=\"so-panel widget widget_black-studio-tinymce widget_black_studio_tinymce panel-first-child panel-last-child\" data-index=\"2\" ><div class=\"panel-widget-style panel-widget-style-for-972-1-0-0\" ><div class=\"textwidget\"><p><\/br><\/p>\n<h3 style=\"text-align: center;\">S\u00edlice Pir\u00f3gena PRO<\/h3>\n<hr style=\"max-width: 400px;\" \/>\n<h6 style=\"font-weight: normal; text-align: center;\">Proporciona s\u00edlice pir\u00f3genade alta calidad desde 2006<\/h6>\n<p><\/br><\/br><\/p>\n<\/div><\/div><\/div><\/div><\/div><\/div><div id=\"pg-972-2\"  class=\"panel-grid panel-no-style\" ><div id=\"pgc-972-2-0\"  class=\"panel-grid-cell\" ><div id=\"panel-972-2-0-0\" class=\"so-panel widget widget_sow-post-carousel panel-first-child panel-last-child\" data-index=\"3\" ><div\n\t\t\t\n\t\t\tclass=\"so-widget-sow-post-carousel so-widget-sow-post-carousel-base-16185f985534-972\"\n\t\t\t\n\t\t>\t<div\n\t\tclass=\"sow-post-carousel-wrapper sow-post-carousel-theme-base\"\n\t\tstyle=\"overflow: hidden; max-width: 100%; min-height: 182px\"\n\t>\n\t\t<div class=\"sow-carousel-title has-title\">\n\t<h3 class=\"widget-title\">M\u00e1s detalles<\/h3>\t\t<div class=\"sow-carousel-navigation \">\n\t\t\t\t\t\t<a href=\"#\" class=\"sow-carousel-next\" title=\"Siguiente\" aria-label=\"Entradas siguientes\" role=\"button\"><\/a>\n\t\t\t\t\t\t<a href=\"#\" class=\"sow-carousel-previous\" title=\"Anterior\" aria-label=\"Entradas anteriores\" role=\"button\"><\/a>\n\t\t\t\t\t<\/div>\n\t<\/div>\n\n<div class=\"sow-carousel-container \">\n\t\t<div class=\"sow-carousel-wrapper\"\n\t\tdata-dir=\"ltr\"\n\t\tstyle=\"opacity: 0;\"\n\t\tdata-widget=\"post\" data-fetching=\"false\" data-page=\"1\" data-ajax-url=\"https:\/\/fumed-silica.net\/es\/wp-admin\/admin-ajax.php?_widgets_nonce=49d309cb08\" data-item_count=\"6\" data-carousel_settings=\"{&quot;loop&quot;:true,&quot;animation&quot;:&quot;Ease&quot;,&quot;animation_speed&quot;:400,&quot;autoplay&quot;:&quot;&quot;,&quot;pauseOnHover&quot;:&quot;&quot;,&quot;autoplaySpeed&quot;:8000,&quot;item_overflow&quot;:true,&quot;autoplay_continuous_scroll&quot;:false}\" data-responsive=\"{&quot;desktop_slides_to_scroll&quot;:1,&quot;tablet_landscape_breakpoint&quot;:1366,&quot;tablet_landscape_slides_to_scroll&quot;:2,&quot;tablet_portrait_breakpoint&quot;:1025,&quot;tablet_portrait_slides_to_scroll&quot;:2,&quot;mobile_breakpoint&quot;:480,&quot;mobile_slides_to_scroll&quot;:1}\" data-variable_width=\"true\" \t>\n\t\t<div\n\t\t\tclass=\"sow-carousel-items\"\n\t\t\t\t\t>\n\t\t\t\t<div class=\"sow-carousel-item\" tabindex=\"-1\" style=\"float: left;\">\n\t\t<div class=\"sow-carousel-thumbnail\">\n\t\t\t\t\t\t\t<a\n\t\t\t\t\thref=\"https:\/\/fumed-silica.net\/es\/productos\/\"\n\t\t\t\t\t\t\t\t\t\tstyle=\"background-image: url( https:\/\/fumed-silica.net\/es\/wp-content\/uploads\/2018\/04\/Fumed-Silica-Warehouse-06-272x182.jpg )\"\n\t\t\t\t\taria-labelledby=\"sow-carousel-id-11\"\n\t\t\t\t\ttabindex=\"-1\"\n\t\t\t\t>\n\t\t\t\t\t<span class=\"overlay\"><\/span>\n\t\t\t\t<\/a>\n\t\t\t\t\t<\/div>\n\t\t<h3 class=\"sow-carousel-item-title\">\n\t\t\t<a\n\t\t\t\thref=\"https:\/\/fumed-silica.net\/es\/productos\/\"\n\t\t\t\tid=\"sow-carousel-id-11\"\n\t\t\t\t\t\t\t\ttabindex=\"-1\"\n\t\t\t>\n\n\t\t\t\tProductos\t\t\t<\/a>\n\t\t<\/h3>\n\t<\/div>\n\t\t<div class=\"sow-carousel-item\" tabindex=\"-1\" style=\"float: left;\">\n\t\t<div class=\"sow-carousel-thumbnail\">\n\t\t\t\t\t\t\t<a\n\t\t\t\t\thref=\"https:\/\/fumed-silica.net\/es\/galeria-de-instalaciones\/\"\n\t\t\t\t\t\t\t\t\t\tstyle=\"background-image: url( https:\/\/fumed-silica.net\/es\/wp-content\/uploads\/2018\/04\/fumed-silica-factory-272x182.jpg )\"\n\t\t\t\t\taria-labelledby=\"sow-carousel-id-351\"\n\t\t\t\t\ttabindex=\"-1\"\n\t\t\t\t>\n\t\t\t\t\t<span class=\"overlay\"><\/span>\n\t\t\t\t<\/a>\n\t\t\t\t\t<\/div>\n\t\t<h3 class=\"sow-carousel-item-title\">\n\t\t\t<a\n\t\t\t\thref=\"https:\/\/fumed-silica.net\/es\/galeria-de-instalaciones\/\"\n\t\t\t\tid=\"sow-carousel-id-351\"\n\t\t\t\t\t\t\t\ttabindex=\"-1\"\n\t\t\t>\n\n\t\t\t\tGaler\u00eda de instalaciones\t\t\t<\/a>\n\t\t<\/h3>\n\t<\/div>\n\t\t<div class=\"sow-carousel-item\" tabindex=\"-1\" style=\"float: left;\">\n\t\t<div class=\"sow-carousel-thumbnail\">\n\t\t\t\t\t\t\t<a\n\t\t\t\t\thref=\"https:\/\/fumed-silica.net\/es\/galeria-de-entrega\/\"\n\t\t\t\t\t\t\t\t\t\tstyle=\"background-image: url( https:\/\/fumed-silica.net\/es\/wp-content\/uploads\/2018\/04\/fumed-silica-loading-by-trucker_thumb-272x182.jpg )\"\n\t\t\t\t\taria-labelledby=\"sow-carousel-id-465\"\n\t\t\t\t\ttabindex=\"-1\"\n\t\t\t\t>\n\t\t\t\t\t<span class=\"overlay\"><\/span>\n\t\t\t\t<\/a>\n\t\t\t\t\t<\/div>\n\t\t<h3 class=\"sow-carousel-item-title\">\n\t\t\t<a\n\t\t\t\thref=\"https:\/\/fumed-silica.net\/es\/galeria-de-entrega\/\"\n\t\t\t\tid=\"sow-carousel-id-465\"\n\t\t\t\t\t\t\t\ttabindex=\"-1\"\n\t\t\t>\n\n\t\t\t\tGaler\u00eda de entrega\t\t\t<\/a>\n\t\t<\/h3>\n\t<\/div>\n\t\t<div class=\"sow-carousel-item\" tabindex=\"-1\" style=\"float: left;\">\n\t\t<div class=\"sow-carousel-thumbnail\">\n\t\t\t\t\t\t\t<a\n\t\t\t\t\thref=\"https:\/\/fumed-silica.net\/es\/galeria-de-almacen\/\"\n\t\t\t\t\t\t\t\t\t\tstyle=\"background-image: url( https:\/\/fumed-silica.net\/es\/wp-content\/uploads\/2018\/04\/Fumed-Silica-Warehouse-05-272x182.jpg )\"\n\t\t\t\t\taria-labelledby=\"sow-carousel-id-303\"\n\t\t\t\t\ttabindex=\"-1\"\n\t\t\t\t>\n\t\t\t\t\t<span class=\"overlay\"><\/span>\n\t\t\t\t<\/a>\n\t\t\t\t\t<\/div>\n\t\t<h3 class=\"sow-carousel-item-title\">\n\t\t\t<a\n\t\t\t\thref=\"https:\/\/fumed-silica.net\/es\/galeria-de-almacen\/\"\n\t\t\t\tid=\"sow-carousel-id-303\"\n\t\t\t\t\t\t\t\ttabindex=\"-1\"\n\t\t\t>\n\n\t\t\t\tGaler\u00eda de almac\u00e9n de s\u00edlice pir\u00f3gena\t\t\t<\/a>\n\t\t<\/h3>\n\t<\/div>\n\t\t<div class=\"sow-carousel-item\" tabindex=\"-1\" style=\"float: left;\">\n\t\t<div class=\"sow-carousel-thumbnail\">\n\t\t\t\t\t\t\t<a\n\t\t\t\t\thref=\"https:\/\/fumed-silica.net\/es\/perfil\/control-de-calidad\/\"\n\t\t\t\t\t\t\t\t\t\tstyle=\"background-image: url( https:\/\/fumed-silica.net\/es\/wp-content\/uploads\/2018\/04\/fumed-silica-lab_thumb-272x182.jpg )\"\n\t\t\t\t\taria-labelledby=\"sow-carousel-id-28\"\n\t\t\t\t\ttabindex=\"-1\"\n\t\t\t\t>\n\t\t\t\t\t<span class=\"overlay\"><\/span>\n\t\t\t\t<\/a>\n\t\t\t\t\t<\/div>\n\t\t<h3 class=\"sow-carousel-item-title\">\n\t\t\t<a\n\t\t\t\thref=\"https:\/\/fumed-silica.net\/es\/perfil\/control-de-calidad\/\"\n\t\t\t\tid=\"sow-carousel-id-28\"\n\t\t\t\t\t\t\t\ttabindex=\"-1\"\n\t\t\t>\n\n\t\t\t\tControl de calidad\t\t\t<\/a>\n\t\t<\/h3>\n\t<\/div>\n\t\t<div class=\"sow-carousel-item\" tabindex=\"-1\" style=\"float: left;\">\n\t\t<div class=\"sow-carousel-thumbnail\">\n\t\t\t\t\t\t\t<a\n\t\t\t\t\thref=\"https:\/\/fumed-silica.net\/es\/galeria-de-muestras\/\"\n\t\t\t\t\t\t\t\t\t\tstyle=\"background-image: url( https:\/\/fumed-silica.net\/es\/wp-content\/uploads\/2019\/02\/sample-bottle-xysil-fumed-silica-272x182.jpg )\"\n\t\t\t\t\taria-labelledby=\"sow-carousel-id-464\"\n\t\t\t\t\ttabindex=\"-1\"\n\t\t\t\t>\n\t\t\t\t\t<span class=\"overlay\"><\/span>\n\t\t\t\t<\/a>\n\t\t\t\t\t<\/div>\n\t\t<h3 class=\"sow-carousel-item-title\">\n\t\t\t<a\n\t\t\t\thref=\"https:\/\/fumed-silica.net\/es\/galeria-de-muestras\/\"\n\t\t\t\tid=\"sow-carousel-id-464\"\n\t\t\t\t\t\t\t\ttabindex=\"-1\"\n\t\t\t>\n\n\t\t\t\tGaler\u00eda de muestras\t\t\t<\/a>\n\t\t<\/h3>\n\t<\/div>\n\t\t\t<\/div>\n\t\t\t<\/div>\n\n\t<\/div>\n\t\t<input type=\"hidden\" name=\"instance_hash\" value=\"7a6ecc3a\"\/>\n\t<\/div>\n<\/div><\/div><\/div><\/div><\/div>","protected":false},"excerpt":{"rendered":"<p>S\u00edlice Pir\u00f3gena PRO Proporciona s\u00edlice pir\u00f3genade alta calidad desde 2006<\/p>\n","protected":false},"author":2,"featured_media":0,"parent":0,"menu_order":0,"comment_status":"closed","ping_status":"closed","template":"home-panels.php","meta":[],"psp_head":"<title>XYSIL\u00ae S\u00edlice pir\u00f3gena \u2013 XYSIL\u00ae S\u00edlice pir\u00f3gena - XUNYU CHEM<\/title>\r\n<meta name=\"description\" content=\"Xunyuchem produce s\u00edlice pir\u00f3gena hidr\u00f3fila y s\u00edlice pir\u00f3gena hidr\u00f3foba, al\u00famina pir\u00f3gena\" \/>\r\n<meta name=\"robots\" content=\"index,follow\" \/>\r\n<link rel=\"canonical\" href=\"https:\/\/fumed-silica.net\/es\/\" \/>\r\n","_links":{"self":[{"href":"https:\/\/fumed-silica.net\/es\/wp-json\/wp\/v2\/pages\/972"}],"collection":[{"href":"https:\/\/fumed-silica.net\/es\/wp-json\/wp\/v2\/pages"}],"about":[{"href":"https:\/\/fumed-silica.net\/es\/wp-json\/wp\/v2\/types\/page"}],"author":[{"embeddable":true,"href":"https:\/\/fumed-silica.net\/es\/wp-json\/wp\/v2\/users\/2"}],"replies":[{"embeddable":true,"href":"https:\/\/fumed-silica.net\/es\/wp-json\/wp\/v2\/comments?post=972"}],"version-history":[{"count":9,"href":"https:\/\/fumed-silica.net\/es\/wp-json\/wp\/v2\/pages\/972\/revisions"}],"predecessor-version":[{"id":8072,"href":"https:\/\/fumed-silica.net\/es\/wp-json\/wp\/v2\/pages\/972\/revisions\/8072"}],"wp:attachment":[{"href":"https:\/\/fumed-silica.net\/es\/wp-json\/wp\/v2\/media?parent=972"}],"curies":[{"name":"wp","href":"https:\/\/api.w.org\/{rel}","templated":true}]}}