{"id":953,"date":"2016-11-01T03:17:17","date_gmt":"2016-11-01T03:17:17","guid":{"rendered":"https:\/\/fumed-silica.net\/?page_id=953"},"modified":"2021-10-11T06:58:40","modified_gmt":"2021-10-11T06:58:40","slug":"alumina-pirogenica","status":"publish","type":"page","link":"https:\/\/fumed-silica.net\/es\/productos\/alumina-pirogenica\/","title":{"rendered":"Al\u00famina pirog\u00e9nica"},"content":{"rendered":"<p>Basado en el producto de s\u00edlice pir\u00f3gena, Xunyuchem desarroll\u00f3 el producto de Al\u00famina pirog\u00e9nica. XYAL100 es un \u00f3xido de aluminio de alta pureza. Tiene una superficie BET alta y una carga superficial positiva, lo que aporta potentes funciones en diferentes aplicaciones.<\/p>\n<h2> Aplicaci\u00f3n y funciones <\/h2>\n<p><img decoding=\"async\" loading=\"lazy\" src=\"\/es\/wp-content\/uploads\/2014\/11\/XYAL-application-s-300x169.jpg\" alt=\"Aplicaciones de Al\u00famina pirog\u00e9nica XYAL\" width=\"300\" height=\"169\" class=\"alignright size-medium wp-image-964\" srcset=\"https:\/\/fumed-silica.net\/es\/wp-content\/uploads\/2014\/11\/XYAL-application-s-300x169.jpg 300w, https:\/\/fumed-silica.net\/es\/wp-content\/uploads\/2014\/11\/XYAL-application-s.jpg 628w\" sizes=\"(max-width: 300px) 100vw, 300px\" \/><\/p>\n<ul>\n<li> <strong> Industria de la iluminaci\u00f3n <\/strong>: la Al\u00famina pirog\u00e9nica act\u00faa como aglutinante entre los materiales fluorescentes, los materiales fluorescentes y el vidrio, los hace dosificar juntos; como capa protectora, evita que el mercurio penetre en los materiales fluorescentes y el vidrio, mejora el efecto de iluminaci\u00f3n y prolonga la vida \u00fatil del producto<\/li>\n<li> <strong> Recubrimiento en polvo, t\u00f3ner <\/strong>: aumenta la fluidez y la relaci\u00f3n de carga<\/li>\n<li> <strong> Papel fotogr\u00e1fico <\/strong>: aumenta el brillo y la impresionabilidad<\/li>\n<li> <strong> PP y PE <\/strong>: utilizado como agente antibloqueo, evita que la capa de pl\u00e1stico se adhiera<\/li>\n<\/ul>\n<h2> Datos f\u00edsico-qu\u00edmicos de la al\u00famina ahumada <\/h2>\n<table id=\"fumedalumina\"   class=\"display nowrap\" style=\"width:100%\">\n<thead>\n<tr>\n<th>Propiedades<\/th>\n<th>Unidades<\/th>\n<th>Valor t\u00edpico<\/th>\n<th>Estandarizaci\u00f3n<\/th>\n<\/tr>\n<\/thead>\n<tbody>\n<tr>\n<td>\u00c1rea de superficie espec\u00edfica (BET)<\/td>\n<td>m2\/g<\/td>\n<td>100 \u00b1 15<\/td>\n<td>GB\/T10722<\/td>\n<\/tr>\n<tr>\n<td>Valor de pH (en una dispersi\u00f3n del 4%)<\/td>\n<td><\/td>\n<td>3.7-4.5<\/td>\n<td>GB\/T1717<\/td>\n<\/tr>\n<tr>\n<td>P\u00e9rdida por secado, Ex Works (2h@105 \u2103)<\/td>\n<td>wt%<\/td>\n<td>&lt; 1.5<\/td>\n<td>GB\/T5211.3<\/td>\n<\/tr>\n<tr>\n<td>Contenido de al\u00famina (basado en la sustancia calentada a 1000 \u2103 durante 2 h)<\/td>\n<td>wt%<\/td>\n<td>&gt; 99.5<\/td>\n<td>GB\/T20020<\/td>\n<\/tr>\n<tr>\n<td>\u00cdndice de refracci\u00f3n<\/td>\n<td><\/td>\n<td>1.69<\/td>\n<td><\/td>\n<\/tr>\n<\/tbody>\n<\/table>\n<p><script type=\"text\/javascript\">jQuery(document).ready(function () { jQuery('#fumedalumina').DataTable({\nsearching: false,\nresponsive: true,\npaging: false,\n                columnDefs: [{\n                        responsivePriority: 0,\n                        targets: 0\n                    },\n                    {\n                        responsivePriority: 0,\n                        targets: 1\n                    }\n                ],\n}); });<\/script><\/p>\n<h2>TDS Download<\/h2>\n<p>Ficha t\u00e9cnica (TDS): <a href=\"\/downloads\/TDS-XYAL100_rev07-Xunyu-Fumed-Alumina.pdf\">XYAL100 TDS (ingl\u00e9s)<\/a><br \/>\nHoja de datos de seguridad de materiales (MSDS): <a href=\"\/downloads\/MSDS-Fumed-Alumina_xunyuchem.pdf\">XYAL100 MSDS (ingl\u00e9s)<\/a><\/p>\n","protected":false},"excerpt":{"rendered":"<p>Basado en el producto de s\u00edlice pir\u00f3gena, Xunyuchem desarroll\u00f3 el producto de Al\u00famina pirog\u00e9nica. XYAL100 es un \u00f3xido de aluminio de alta pureza. Tiene una superficie BET alta y una carga superficial positiva, lo que aporta potentes funciones en diferentes aplicaciones. Aplicaci\u00f3n y funciones Industria de la iluminaci\u00f3n : la Al\u00famina pirog\u00e9nica act\u00faa como aglutinante&hellip;<\/p>\n","protected":false},"author":2,"featured_media":0,"parent":11,"menu_order":0,"comment_status":"closed","ping_status":"closed","template":"","meta":[],"psp_head":"<title>XYAL100 - Hydrophilic Aluminium Oxide \u2013 XYSIL\u00ae S\u00edlice pir\u00f3gena - XUNYU CHEM<\/title>\r\n<meta name=\"description\" content=\"XYAL100 fumed alumina is a high purity hydrophilic aluminium oxide with ultral small particle size and positive surface charge\" \/>\r\n<meta name=\"robots\" content=\"index,follow\" \/>\r\n<link rel=\"canonical\" href=\"https:\/\/fumed-silica.net\/es\/productos\/alumina-pirogenica\/\" \/>\r\n","_links":{"self":[{"href":"https:\/\/fumed-silica.net\/es\/wp-json\/wp\/v2\/pages\/953"}],"collection":[{"href":"https:\/\/fumed-silica.net\/es\/wp-json\/wp\/v2\/pages"}],"about":[{"href":"https:\/\/fumed-silica.net\/es\/wp-json\/wp\/v2\/types\/page"}],"author":[{"embeddable":true,"href":"https:\/\/fumed-silica.net\/es\/wp-json\/wp\/v2\/users\/2"}],"replies":[{"embeddable":true,"href":"https:\/\/fumed-silica.net\/es\/wp-json\/wp\/v2\/comments?post=953"}],"version-history":[{"count":4,"href":"https:\/\/fumed-silica.net\/es\/wp-json\/wp\/v2\/pages\/953\/revisions"}],"predecessor-version":[{"id":8147,"href":"https:\/\/fumed-silica.net\/es\/wp-json\/wp\/v2\/pages\/953\/revisions\/8147"}],"up":[{"embeddable":true,"href":"https:\/\/fumed-silica.net\/es\/wp-json\/wp\/v2\/pages\/11"}],"wp:attachment":[{"href":"https:\/\/fumed-silica.net\/es\/wp-json\/wp\/v2\/media?parent=953"}],"curies":[{"name":"wp","href":"https:\/\/api.w.org\/{rel}","templated":true}]}}