{"id":7524,"date":"2020-10-12T09:23:35","date_gmt":"2020-10-12T09:23:35","guid":{"rendered":"https:\/\/fumed-silica.net\/?page_id=7524"},"modified":"2020-11-13T08:33:26","modified_gmt":"2020-11-13T08:33:26","slug":"xysil-fumed-silica-for-pharma","status":"publish","type":"page","link":"https:\/\/fumed-silica.net\/es\/aplicaciones\/xysil-fumed-silica-for-pharma\/","title":{"rendered":"Pharma"},"content":{"rendered":"<p>La s\u00edlice pirog\u00e9nica XYSIL <sup> \u00ae <\/sup> es un excipiente clave en una amplia gama de suplementos farmac\u00e9uticos y nutricionales.<\/p>\n<p>Este producto es un aditivo deslizante o de flujo libre para proporcionar eficiencias mejoradas en la producci\u00f3n de tabletas y uniformidad y resistencia de las tabletas. Mejora el flujo libre de polvos y granulados, facilitando el llenado de c\u00e1psulas. Para las c\u00e1psulas de gel blando, XYSIL\u00ae200P proporciona un anti-asentamiento de ingredientes insolubles en el l\u00edquido o gel antes y durante el llenado de la c\u00e1psula.<\/p>\n<h3> APLICACI\u00d3N: <\/h3>\n<h4> En forma de dosificaci\u00f3n s\u00f3lida (tabletas y c\u00e1psulas) <\/h4>\n<div class=\"su-row\">\n<div class=\"su-column su-column-size-2-5\"><div class=\"su-column-inner su-u-clearfix su-u-trim\">\n<ul>\n<li>Flujo de polvo y caracter\u00edsticas de empaque mejoradas<\/li>\n<li>Reduce el apelmazamiento<\/li>\n<li>Mejorar las propiedades de la tableta<\/li>\n<li>Dureza<\/li>\n<li>Uniformidad de peso<\/li>\n<li>Uniformidad de contenido<\/li>\n<li>Mayor resistencia a la tracci\u00f3n<\/li>\n<li>Disoluci\u00f3n mejorada<\/li>\n<li>Operaci\u00f3n de tableta mejorada<\/li>\n<\/ul>\n<h4> En forma de dosificaci\u00f3n semis\u00f3lida <\/h4>\n<ul>\n<li>Espesante inorg\u00e1nico<\/li>\n<li>Potenciador de la viscosidad<\/li>\n<li>Mantiene el ingrediente activo distribuido uniformemente<\/li>\n<\/ul>\n<h4> En forma de dosificaci\u00f3n l\u00edquida <\/h4>\n<ul>\n<li>espesa los medios de baja polaridad<\/li>\n<li>Forma un gel transparente<\/li>\n<li>Ayuda al comportamiento del flujo pseudopl\u00e1stico<\/li>\n<li>Mantiene las part\u00edculas en suspensi\u00f3n<\/li>\n<li>Evita la sedimentaci\u00f3n<\/li>\n<\/ul>\n<\/div><\/div>\n<div class=\"su-column su-column-size-3-5\"><div class=\"su-column-inner su-u-clearfix su-u-trim\">\n<figure id=\"attachment_7531\" aria-describedby=\"caption-attachment-7531\" style=\"width: 821px\" class=\"wp-caption alignleft\"><img decoding=\"async\" loading=\"lazy\" src=\"\/es\/wp-content\/uploads\/2020\/10\/medicine-1024x695.jpg\" alt=\"\" width=\"821\" height=\"557\" class=\"size-large wp-image-7531\" srcset=\"https:\/\/fumed-silica.net\/es\/wp-content\/uploads\/2020\/10\/medicine-1024x695.jpg 1024w, https:\/\/fumed-silica.net\/es\/wp-content\/uploads\/2020\/10\/medicine-300x203.jpg 300w, https:\/\/fumed-silica.net\/es\/wp-content\/uploads\/2020\/10\/medicine-768x521.jpg 768w, https:\/\/fumed-silica.net\/es\/wp-content\/uploads\/2020\/10\/medicine-500x339.jpg 500w, https:\/\/fumed-silica.net\/es\/wp-content\/uploads\/2020\/10\/medicine-1536x1042.jpg 1536w, https:\/\/fumed-silica.net\/es\/wp-content\/uploads\/2020\/10\/medicine.jpg 2048w\" sizes=\"(max-width: 821px) 100vw, 821px\" \/><figcaption id=\"caption-attachment-7531\" class=\"wp-caption-text\">s\u00edlice pir\u00f3gena aplicada en la industria farmac\u00e9utica<\/figcaption><\/figure>\n<\/div><\/div>\n<\/div>\n<hr \/>\n<h3> Funciones en farmacia <\/h3>\n<h4> Higroscopicidad <\/h4>\n<p>Las part\u00edculas de s\u00edlice pir\u00f3gena no son porosas y, por lo general, el contenido de humedad es inferior al 1% en el momento del envasado, que puede eliminarse calentando a 110\u00baC. El tama\u00f1o de part\u00edcula fino y una gran cantidad de grupos hidroxilo superficiales hacen que la s\u00edlice de pir\u00f3lisis sea un desecante excelente. Absorbe la humedad pero no se licua, lo que ayuda a estabilizar los ingredientes sensibles a la humedad en medicamentos, tabletas y c\u00e1psulas, evitando la aglomeraci\u00f3n de mezclas de polvos.<\/p>\n<h4> Propiedades de flujo <\/h4>\n<p>La s\u00edlice pir\u00f3gena se utiliza como agente deslizante y antiaglomerante para mejorar las propiedades de flujo de la granulaci\u00f3n en tabletas y c\u00e1psulas de alta velocidad. El flujo de part\u00edculas tiene un efecto directo sobre la uniformidad del peso y juega un papel importante en la mezcla s\u00f3lido-s\u00f3lido y la homogeneidad del polvo.<\/p>\n<h4> Reduce la fricci\u00f3n entre part\u00edculas<\/p>\n<h4> Mejora el flujo de granulaciones <\/h4>\n<h4> Mejora el relleno de las irregularidades de la superficie en los gr\u00e1nulos <\/h4>\n<h4> Evita la segregaci\u00f3n y separaci\u00f3n de gr\u00e1nulos <\/h4>\n<h4> Ayuda a prevenir las cavitaciones o el aumento repentino de la granulaci\u00f3n de la tableta en una mezcla de polvo <\/h4>\n","protected":false},"excerpt":{"rendered":"<p>La s\u00edlice pirog\u00e9nica XYSIL \u00ae es un excipiente clave en una amplia gama de suplementos farmac\u00e9uticos y nutricionales. Este producto es un aditivo deslizante o de flujo libre para proporcionar eficiencias mejoradas en la producci\u00f3n de tabletas y uniformidad y resistencia de las tabletas. Mejora el flujo libre de polvos y granulados, facilitando el llenado&hellip;<\/p>\n","protected":false},"author":2,"featured_media":0,"parent":21,"menu_order":0,"comment_status":"closed","ping_status":"closed","template":"page-templates\/full-width.php","meta":[],"psp_head":"<title>Pharma \u2013 XYSIL\u00ae S\u00edlice pir\u00f3gena - XUNYU CHEM<\/title>\r\n<meta name=\"description\" content=\"La s\u00edlice pirog\u00e9nica XYSIL \u00ae es un excipiente clave en una amplia gama de suplementos farmac\u00e9uticos y nutricionales. Este producto es un aditivo deslizante o de flujo libre para proporcionar eficiencias mejoradas en la producci\u00f3n de tabletas y uniformidad y resistencia de las tabletas.\" \/>\r\n<meta name=\"robots\" content=\"index,follow\" \/>\r\n<link rel=\"canonical\" href=\"https:\/\/fumed-silica.net\/es\/aplicaciones\/xysil-fumed-silica-for-pharma\/\" \/>\r\n","_links":{"self":[{"href":"https:\/\/fumed-silica.net\/es\/wp-json\/wp\/v2\/pages\/7524"}],"collection":[{"href":"https:\/\/fumed-silica.net\/es\/wp-json\/wp\/v2\/pages"}],"about":[{"href":"https:\/\/fumed-silica.net\/es\/wp-json\/wp\/v2\/types\/page"}],"author":[{"embeddable":true,"href":"https:\/\/fumed-silica.net\/es\/wp-json\/wp\/v2\/users\/2"}],"replies":[{"embeddable":true,"href":"https:\/\/fumed-silica.net\/es\/wp-json\/wp\/v2\/comments?post=7524"}],"version-history":[{"count":2,"href":"https:\/\/fumed-silica.net\/es\/wp-json\/wp\/v2\/pages\/7524\/revisions"}],"predecessor-version":[{"id":8013,"href":"https:\/\/fumed-silica.net\/es\/wp-json\/wp\/v2\/pages\/7524\/revisions\/8013"}],"up":[{"embeddable":true,"href":"https:\/\/fumed-silica.net\/es\/wp-json\/wp\/v2\/pages\/21"}],"wp:attachment":[{"href":"https:\/\/fumed-silica.net\/es\/wp-json\/wp\/v2\/media?parent=7524"}],"curies":[{"name":"wp","href":"https:\/\/api.w.org\/{rel}","templated":true}]}}