{"id":7502,"date":"2020-10-12T05:42:18","date_gmt":"2020-10-12T05:42:18","guid":{"rendered":"https:\/\/fumed-silica.net\/?page_id=7502"},"modified":"2020-11-13T08:35:38","modified_gmt":"2020-11-13T08:35:38","slug":"aislamiento-termico","status":"publish","type":"page","link":"https:\/\/fumed-silica.net\/es\/aplicaciones\/aislamiento-termico\/","title":{"rendered":"Aislamiento t\u00e9rmico"},"content":{"rendered":"<p>XYSIL <sup> \u00ae <\/sup> Fumed Silica es un excelente aislante y permite un grado exponencialmente mayor de aislamiento t\u00e9rmico que el poliestireno y la espuma de poliuretano, as\u00ed como la lana de vidrio o la lana de roca. La s\u00edlice ahumada presenta un excelente aislamiento t\u00e9rmico en un amplio rango de temperatura: desde temperatura ambiente hasta m\u00e1s de 1000 \u00b0 C. La s\u00edlice ahumada se ha convertido popularmente en la soluci\u00f3n de elecci\u00f3n para sistemas de aislamiento ineficientes, etc.<\/p>\n<ul>\n<li>Paneles de aislamiento al vac\u00edo para aislamiento de edificios<\/li>\n<li>Material aislante en vitrocer\u00e1mica<\/li>\n<li>Aislamiento de sistemas de escape de autom\u00f3viles y sistemas arquitect\u00f3nicos de barrera contra incendios<\/li>\n<\/ul>\n<div class=\"su-row\">\n<div class=\"su-column su-column-size-1-2\"><div class=\"su-column-inner su-u-clearfix su-u-trim\">\n<figure id=\"attachment_7504\" aria-describedby=\"caption-attachment-7504\" style=\"width: 350px\" class=\"wp-caption aligncenter\"><img decoding=\"async\" loading=\"lazy\" src=\"\/es\/wp-content\/uploads\/2020\/10\/vacuum-insulation-panel-1.jpg\" alt=\"\" width=\"350\" height=\"367\" class=\"size-full wp-image-7504\" srcset=\"https:\/\/fumed-silica.net\/es\/wp-content\/uploads\/2020\/10\/vacuum-insulation-panel-1.jpg 350w, https:\/\/fumed-silica.net\/es\/wp-content\/uploads\/2020\/10\/vacuum-insulation-panel-1-286x300.jpg 286w\" sizes=\"(max-width: 350px) 100vw, 350px\" \/><figcaption id=\"caption-attachment-7504\" class=\"wp-caption-text\">Panel de aislamiento al vac\u00edo<\/figcaption><\/figure>\n<\/div><\/div>\n<div class=\"su-column su-column-size-1-2\"><div class=\"su-column-inner su-u-clearfix su-u-trim\">\n<figure id=\"attachment_7519\" aria-describedby=\"caption-attachment-7519\" style=\"width: 350px\" class=\"wp-caption alignleft\"><img decoding=\"async\" loading=\"lazy\" src=\"\/es\/wp-content\/uploads\/2020\/10\/Induction-cooker-s6.jpg\" alt=\"\" width=\"350\" height=\"367\" class=\"size-full wp-image-7519\" srcset=\"https:\/\/fumed-silica.net\/es\/wp-content\/uploads\/2020\/10\/Induction-cooker-s6.jpg 350w, https:\/\/fumed-silica.net\/es\/wp-content\/uploads\/2020\/10\/Induction-cooker-s6-286x300.jpg 286w\" sizes=\"(max-width: 350px) 100vw, 350px\" \/><figcaption id=\"caption-attachment-7519\" class=\"wp-caption-text\">Cocina de inducci\u00f3n<\/figcaption><\/figure>\n<\/div><\/div>\n<\/div>\n","protected":false},"excerpt":{"rendered":"<p>XYSIL \u00ae Fumed Silica es un excelente aislante y permite un grado exponencialmente mayor de aislamiento t\u00e9rmico que el poliestireno y la espuma de poliuretano, as\u00ed como la lana de vidrio o la lana de roca. La s\u00edlice ahumada presenta un excelente aislamiento t\u00e9rmico en un amplio rango de temperatura: desde temperatura ambiente hasta m\u00e1s&hellip;<\/p>\n","protected":false},"author":2,"featured_media":0,"parent":21,"menu_order":0,"comment_status":"closed","ping_status":"closed","template":"page-templates\/full-width.php","meta":[],"psp_head":"<title>Aislamiento t\u00e9rmico \u2013 XYSIL\u00ae S\u00edlice pir\u00f3gena - XUNYU CHEM<\/title>\r\n<meta name=\"description\" content=\"XYSIL \u00ae Fumed Silica es un excelente aislante y permite un grado exponencialmente mayor de aislamiento t\u00e9rmico que el poliestireno y la espuma de poliuretano, as\u00ed como la lana de vidrio o la lana de roca.\" \/>\r\n<meta name=\"robots\" content=\"index,follow\" \/>\r\n<link rel=\"canonical\" href=\"https:\/\/fumed-silica.net\/es\/aplicaciones\/aislamiento-termico\/\" \/>\r\n","_links":{"self":[{"href":"https:\/\/fumed-silica.net\/es\/wp-json\/wp\/v2\/pages\/7502"}],"collection":[{"href":"https:\/\/fumed-silica.net\/es\/wp-json\/wp\/v2\/pages"}],"about":[{"href":"https:\/\/fumed-silica.net\/es\/wp-json\/wp\/v2\/types\/page"}],"author":[{"embeddable":true,"href":"https:\/\/fumed-silica.net\/es\/wp-json\/wp\/v2\/users\/2"}],"replies":[{"embeddable":true,"href":"https:\/\/fumed-silica.net\/es\/wp-json\/wp\/v2\/comments?post=7502"}],"version-history":[{"count":1,"href":"https:\/\/fumed-silica.net\/es\/wp-json\/wp\/v2\/pages\/7502\/revisions"}],"predecessor-version":[{"id":8014,"href":"https:\/\/fumed-silica.net\/es\/wp-json\/wp\/v2\/pages\/7502\/revisions\/8014"}],"up":[{"embeddable":true,"href":"https:\/\/fumed-silica.net\/es\/wp-json\/wp\/v2\/pages\/21"}],"wp:attachment":[{"href":"https:\/\/fumed-silica.net\/es\/wp-json\/wp\/v2\/media?parent=7502"}],"curies":[{"name":"wp","href":"https:\/\/api.w.org\/{rel}","templated":true}]}}