{"id":7496,"date":"2020-10-12T05:38:42","date_gmt":"2020-10-12T05:38:42","guid":{"rendered":"https:\/\/fumed-silica.net\/?page_id=7496"},"modified":"2020-11-13T07:53:29","modified_gmt":"2020-11-13T07:53:29","slug":"bateria","status":"publish","type":"page","link":"https:\/\/fumed-silica.net\/es\/aplicaciones\/bateria\/","title":{"rendered":"Bater\u00eda"},"content":{"rendered":"<h3> Para geles de bater\u00eda <\/h3>\n<p>Gelificante \/ Espesante de \u00e1cido sulf\u00farico para acumuladores con S\u00edlice Pir\u00f3gena XYSIL. La s\u00edlice pirog\u00e9nica XYSIL se utiliza en bater\u00edas especiales de plomo-\u00e1cido para gelificar el electrolito (es decir, un espesamiento muy fuerte).<br \/>\n<div class=\"su-row\">\n<div class=\"su-column su-column-size-2-3\"><div class=\"su-column-inner su-u-clearfix su-u-trim\">\n<h4> Principales beneficios <\/h4>\n<ul>\n<li>Aumento significativo de la vida \u00fatil del acumulador mediante la prevenci\u00f3n de la estratificaci\u00f3n \u00e1cida incluso en descargas profundas<\/li>\n<li>Mejora de la resistencia a temperaturas extremas, golpes y vibraciones<\/li>\n<li>Bater\u00eda a prueba de fugas incluso si no est\u00e1 montada en posici\u00f3n vertical<\/li>\n<\/ul>\n<p>Las bater\u00edas de gel fabricadas con s\u00edlice pir\u00f3gena Xysil no requieren mantenimiento con respecto al riego y se pueden utilizar como bater\u00edas de ciclo profundo. Estas propiedades los convierten en una excelente opci\u00f3n para aplicaciones como carretillas elevadoras, barcos, almacenamiento de energ\u00eda verde y suministro de energ\u00eda de respaldo como sistemas de alarma y telecomunicaciones.<\/p>\n<p><strong> Efectos <\/strong>: espesamiento, tixotrop\u00eda, formaci\u00f3n de gel.<br \/>\n<\/div><\/div>\n<div class=\"su-column su-column-size-1-3\"><div class=\"su-column-inner su-u-clearfix su-u-trim\">\n<img decoding=\"async\" loading=\"lazy\" src=\"\/es\/wp-content\/uploads\/2020\/10\/personal-care-products-300x195-2.jpg\" alt=\"\" width=\"400\" height=\"267\" class=\"alignleft size-full wp-image-7497\" srcset=\"https:\/\/fumed-silica.net\/es\/wp-content\/uploads\/2020\/10\/personal-care-products-300x195-2.jpg 400w, https:\/\/fumed-silica.net\/es\/wp-content\/uploads\/2020\/10\/personal-care-products-300x195-2-300x200.jpg 300w, https:\/\/fumed-silica.net\/es\/wp-content\/uploads\/2020\/10\/personal-care-products-300x195-2-272x182.jpg 272w\" sizes=\"(max-width: 400px) 100vw, 400px\" \/><br \/>\n<\/div><\/div>\n<\/div>\n<hr\/ >\n<h3> Para bater\u00edas de iones de litio <\/h3>\n<p>La tecnolog\u00eda de bater\u00edas de iones de litio ofrece distintas ventajas sobre otras bater\u00edas, especialmente su excelente relaci\u00f3n energ\u00eda-peso y baja tasa de autodescarga.<br \/>\n<div class=\"su-row\">\n<div class=\"su-column su-column-size-1-3\"><div class=\"su-column-inner su-u-clearfix su-u-trim\">\n<img decoding=\"async\" loading=\"lazy\" src=\"\/es\/wp-content\/uploads\/2020\/10\/Lithium-Battery.jpg\" alt=\"\" width=\"400\" height=\"284\" class=\"alignleft size-full wp-image-7498\" srcset=\"https:\/\/fumed-silica.net\/es\/wp-content\/uploads\/2020\/10\/Lithium-Battery.jpg 400w, https:\/\/fumed-silica.net\/es\/wp-content\/uploads\/2020\/10\/Lithium-Battery-300x213.jpg 300w\" sizes=\"(max-width: 400px) 100vw, 400px\" \/><br \/>\n<\/div><\/div>\n<div class=\"su-column su-column-size-2-3\"><div class=\"su-column-inner su-u-clearfix su-u-trim\">\nPor lo tanto, son m\u00e1s delgadas, m\u00e1s livianas y generalmente alcanzan tiempos de operaci\u00f3n m\u00e1s largos que muchas otras bater\u00edas recargables. Las bater\u00edas de pol\u00edmero de litio son una subclase de bater\u00edas de iones de litio, con un electrolito s\u00f3lido o gelificado, no inflamable y a prueba de derrames. Las bater\u00edas de iones de litio (LIB) se utilizan para diversas aplicaciones, incluida la electr\u00f3nica de consumo y las herramientas el\u00e9ctricas, pero tambi\u00e9n como conjuntos de bater\u00edas grandes en el nuevo mercado emergente de veh\u00edculos el\u00e9ctricos.<\/p>\n<h4> Principales beneficios <\/h4>\n<ul>\n<li>Aumento de la capacidad de la bater\u00eda y la capacidad de velocidad<\/li>\n<li>Mejora de la eficiencia de la bater\u00eda a temperaturas de trabajo m\u00e1s bajas<\/li>\n<li>Aumento de la duraci\u00f3n de la bater\u00eda<\/li>\n<\/ul>\n<p><strong> Efecto <\/strong>: estabilidad t\u00e9rmica, resistencia mec\u00e1nica, humectabilidad de electrolitos<br \/>\n<\/div><\/div>\n<\/div>\n","protected":false},"excerpt":{"rendered":"<p>Para geles de bater\u00eda Gelificante \/ Espesante de \u00e1cido sulf\u00farico para acumuladores con S\u00edlice Pir\u00f3gena XYSIL. La s\u00edlice pirog\u00e9nica XYSIL se utiliza en bater\u00edas especiales de plomo-\u00e1cido para gelificar el electrolito (es decir, un espesamiento muy fuerte). Para bater\u00edas de iones de litio La tecnolog\u00eda de bater\u00edas de iones de litio ofrece distintas ventajas sobre&hellip;<\/p>\n","protected":false},"author":2,"featured_media":0,"parent":21,"menu_order":0,"comment_status":"closed","ping_status":"closed","template":"page-templates\/full-width.php","meta":[],"psp_head":"<title>Bater\u00eda \u2013 XYSIL\u00ae S\u00edlice pir\u00f3gena - XUNYU CHEM<\/title>\r\n<meta name=\"description\" content=\"Para geles de bater\u00eda Gelificante \/ Espesante de \u00e1cido sulf\u00farico para acumuladores con S\u00edlice Pir\u00f3gena XYSIL. La s\u00edlice pirog\u00e9nica XYSIL se utiliza en bater\u00edas especiales de plomo-\u00e1cido para gelificar el electrolito (es decir, un espesamiento muy fuerte).\" \/>\r\n<meta name=\"robots\" content=\"index,follow\" \/>\r\n<link rel=\"canonical\" href=\"https:\/\/fumed-silica.net\/es\/aplicaciones\/bateria\/\" \/>\r\n","_links":{"self":[{"href":"https:\/\/fumed-silica.net\/es\/wp-json\/wp\/v2\/pages\/7496"}],"collection":[{"href":"https:\/\/fumed-silica.net\/es\/wp-json\/wp\/v2\/pages"}],"about":[{"href":"https:\/\/fumed-silica.net\/es\/wp-json\/wp\/v2\/types\/page"}],"author":[{"embeddable":true,"href":"https:\/\/fumed-silica.net\/es\/wp-json\/wp\/v2\/users\/2"}],"replies":[{"embeddable":true,"href":"https:\/\/fumed-silica.net\/es\/wp-json\/wp\/v2\/comments?post=7496"}],"version-history":[{"count":2,"href":"https:\/\/fumed-silica.net\/es\/wp-json\/wp\/v2\/pages\/7496\/revisions"}],"predecessor-version":[{"id":8010,"href":"https:\/\/fumed-silica.net\/es\/wp-json\/wp\/v2\/pages\/7496\/revisions\/8010"}],"up":[{"embeddable":true,"href":"https:\/\/fumed-silica.net\/es\/wp-json\/wp\/v2\/pages\/21"}],"wp:attachment":[{"href":"https:\/\/fumed-silica.net\/es\/wp-json\/wp\/v2\/media?parent=7496"}],"curies":[{"name":"wp","href":"https:\/\/api.w.org\/{rel}","templated":true}]}}