{"id":7483,"date":"2020-10-12T05:11:36","date_gmt":"2020-10-12T05:11:36","guid":{"rendered":"https:\/\/fumed-silica.net\/?page_id=7483"},"modified":"2020-11-13T07:48:35","modified_gmt":"2020-11-13T07:48:35","slug":"cuidado-personal-y-alimentacion","status":"publish","type":"page","link":"https:\/\/fumed-silica.net\/es\/aplicaciones\/cuidado-personal-y-alimentacion\/","title":{"rendered":"Cuidado personal y alimentaci\u00f3n"},"content":{"rendered":"<h3> En cuidado personal y cosm\u00e9ticos <\/h3>\n<div class=\"su-row\">\n<div class=\"su-column su-column-size-1-3\"><div class=\"su-column-inner su-u-clearfix su-u-trim\">\n<img decoding=\"async\" loading=\"lazy\" src=\"\/es\/wp-content\/uploads\/2020\/10\/personal-care-products-300x195-1.jpg\" alt=\"\" width=\"300\" height=\"195\" class=\"alignleft size-full wp-image-7488\" \/><br \/>\n<\/div><\/div>\n<div class=\"su-column su-column-size-2-3\"><div class=\"su-column-inner su-u-clearfix su-u-trim\">\nLa s\u00edlice pir\u00f3gena es una materia prima importante para el cuidado personal y los campos de la cosm\u00e9tica. Jab\u00f3n, Champ\u00fa, Desodorante, Crema Facial, Maquillaje, L\u00e1piz Labial, etc. Es un formador de gel efectivo que puede aumentar la viscosidad de aceites, ceras y emulsiones mejorando as\u00ed la estructura y estabilidad de cremas, lociones, l\u00e1pices labiales y preparaciones de maquillaje de manera significativa. Es un coadyuvante de flujo eficaz, beneficioso en la producci\u00f3n y aplicaci\u00f3n de polvos y productos para el cuidado del cabello. La s\u00edlice pir\u00f3gena Xysil tambi\u00e9n facilita el procesamiento de pigmentos y evita la sedimentaci\u00f3n de componentes s\u00f3lidos de las suspensiones.<br \/>\nLa s\u00edlice pirog\u00e9nica son sustancias inorg\u00e1nicas (minerales); Estos productos completamente amorfos satisfacen los requisitos de los consumidores de materias primas fiables y seguras.<br \/>\n<\/div><\/div>\n<\/div>\n<hr>\n<h3> En la industria alimentaria <\/h3>\n<div class=\"su-row\">\n<div class=\"su-column su-column-size-2-3\"><div class=\"su-column-inner su-u-clearfix su-u-trim\">\nAhora todos los tipos de alimentos convenientes son muy populares, en este alimento conveniente, los ingredientes en polvo (como sal, especias, condimentos, huevo o leche en polvo) se utilizan ampliamente. Pero debido a su tama\u00f1o de part\u00edculas finas o pegajosidad, algunos polvos muestran propiedades de flujo deficientes y se apelmazan durante el almacenamiento, lo que dificulta la manipulaci\u00f3n y la dosificaci\u00f3n adecuadas. La s\u00edlice pirog\u00e9nica ofrece una forma eficiente y econ\u00f3mica de afrontar este desaf\u00edo. Asegura la calidad del producto y mejora la productividad.<br \/>\n<\/div><\/div>\n<div class=\"su-column su-column-size-1-3\"><div class=\"su-column-inner su-u-clearfix su-u-trim\">\n<img decoding=\"async\" loading=\"lazy\" src=\"\/es\/wp-content\/uploads\/2020\/10\/convenient-food-300x200-1.jpg\" alt=\"\" width=\"300\" height=\"200\" class=\"alignleft size-full wp-image-7489\" srcset=\"https:\/\/fumed-silica.net\/es\/wp-content\/uploads\/2020\/10\/convenient-food-300x200-1.jpg 300w, https:\/\/fumed-silica.net\/es\/wp-content\/uploads\/2020\/10\/convenient-food-300x200-1-272x182.jpg 272w\" sizes=\"(max-width: 300px) 100vw, 300px\" \/><br \/>\n<\/div><\/div>\n<\/div>\n<div class=\"su-row\">\n<div class=\"su-column su-column-size-1-2\"><div class=\"su-column-inner su-u-clearfix su-u-trim\">\n<h4> Aplicaciones <\/h4>\n<p>     \u2022 Sabores<br \/>\n     \u2022 Fruta en polvo<br \/>\n     \u2022 Polvo de ajo<br \/>\n     \u2022 Bebida instant\u00e1nea<br \/>\n     \u2022 Cebolla en polvo<br \/>\n     \u2022 Polvo de piment\u00f3n<br \/>\n     \u2022 Concentrado de prote\u00ednas<br \/>\n     \u2022 Mezcla de especias<br \/>\n     \u2022 Tomate en polvo<br \/>\n     \u2022 Polvo vegetal<br \/>\n     \u2022 Chile en polvo<br \/>\n<\/div><\/div>\n<div class=\"su-column su-column-size-1-2\"><div class=\"su-column-inner su-u-clearfix su-u-trim\">\n<h4> Funciones <\/h4>\n<p>     \u2022 Mejor fluidez del polvo<br \/>\n     \u2022 Menor tendencia al apelmazamiento<br \/>\n     \u2022 Dosificaci\u00f3n exacta<br \/>\n     \u2022 Estabilidad de almacenamiento mejorada<br \/>\n     \u2022 Productividad incrementada<br \/>\n     \u2022 Calidad constante<br \/>\n     \u2022 Generaci\u00f3n de polvo minimizada<br \/>\n     \u2022 Calidad de s\u00edlice de grado alimenticio confiable<br \/>\n     \u2022 Alta pureza<br \/>\n     \u2022 Ahorro de costes<\/p>\n<\/div><\/div>\n<\/div>\n","protected":false},"excerpt":{"rendered":"<p>En cuidado personal y cosm\u00e9ticos En la industria alimentaria<\/p>\n","protected":false},"author":2,"featured_media":0,"parent":21,"menu_order":0,"comment_status":"closed","ping_status":"closed","template":"","meta":[],"psp_head":"<title>Cuidado personal y alimentaci\u00f3n \u2013 XYSIL\u00ae S\u00edlice pir\u00f3gena - XUNYU CHEM<\/title>\r\n<meta name=\"description\" content=\"En cuidado personal y cosm\u00e9ticos [su_row] [su_column size=&quot;1\/3&quot;] [\/su_column] [su_column size=&quot;2\/3&quot;] La s\u00edlice pir\u00f3gena es una materia prima importante para el cuidado personal y los campos de la cosm\u00e9tica.\" \/>\r\n<meta name=\"robots\" content=\"index,follow\" \/>\r\n<link rel=\"canonical\" href=\"https:\/\/fumed-silica.net\/es\/aplicaciones\/cuidado-personal-y-alimentacion\/\" \/>\r\n","_links":{"self":[{"href":"https:\/\/fumed-silica.net\/es\/wp-json\/wp\/v2\/pages\/7483"}],"collection":[{"href":"https:\/\/fumed-silica.net\/es\/wp-json\/wp\/v2\/pages"}],"about":[{"href":"https:\/\/fumed-silica.net\/es\/wp-json\/wp\/v2\/types\/page"}],"author":[{"embeddable":true,"href":"https:\/\/fumed-silica.net\/es\/wp-json\/wp\/v2\/users\/2"}],"replies":[{"embeddable":true,"href":"https:\/\/fumed-silica.net\/es\/wp-json\/wp\/v2\/comments?post=7483"}],"version-history":[{"count":2,"href":"https:\/\/fumed-silica.net\/es\/wp-json\/wp\/v2\/pages\/7483\/revisions"}],"predecessor-version":[{"id":8007,"href":"https:\/\/fumed-silica.net\/es\/wp-json\/wp\/v2\/pages\/7483\/revisions\/8007"}],"up":[{"embeddable":true,"href":"https:\/\/fumed-silica.net\/es\/wp-json\/wp\/v2\/pages\/21"}],"wp:attachment":[{"href":"https:\/\/fumed-silica.net\/es\/wp-json\/wp\/v2\/media?parent=7483"}],"curies":[{"name":"wp","href":"https:\/\/api.w.org\/{rel}","templated":true}]}}