{"id":683,"date":"2014-11-28T05:53:40","date_gmt":"2014-11-28T05:53:40","guid":{"rendered":"https:\/\/fumed-silica.net\/?page_id=683"},"modified":"2020-11-13T08:59:43","modified_gmt":"2020-11-13T08:59:43","slug":"historia-y-desarrollo","status":"publish","type":"page","link":"https:\/\/fumed-silica.net\/es\/perfil\/historia-y-desarrollo\/","title":{"rendered":"Historia y desarrollo"},"content":{"rendered":"<p><strong> 2006 <\/strong><br \/>\nSe estableci\u00f3 la empresa. La construcci\u00f3n del primer proyecto (2000 toneladas de capacidad anual) comenz\u00f3 en junio y se complet\u00f3 en diciembre. Se produce el primer lote de producto calificado.<br \/>\n<strong> 2007 <\/strong><br \/>\nLa capacidad real anual alcanz\u00f3 las 1850 toneladas. Los principales modelos de producto son XYSIL150 y XYSIL200. La calidad del producto hab\u00eda sido aceptada en el mercado nacional y los productos se hab\u00edan vendido bien en el mercado chino, principalmente para usuarios finales con un paquete neutral.<\/p>\n<p><a href=\"https:\/\/fumed-silica.net\/es\/wp-content\/uploads\/2014\/11\/image089.jpg\"><img decoding=\"async\" loading=\"lazy\" src=\"https:\/\/fumed-silica.net\/es\/wp-content\/uploads\/2014\/11\/image089-300x174.jpg\" alt=\"domestic and international sale percentage\" width=\"300\" height=\"174\" class=\"alignright size-medium wp-image-697\" srcset=\"https:\/\/fumed-silica.net\/es\/wp-content\/uploads\/2014\/11\/image089-300x174.jpg 300w, https:\/\/fumed-silica.net\/es\/wp-content\/uploads\/2014\/11\/image089.jpg 597w\" sizes=\"(max-width: 300px) 100vw, 300px\" \/><\/a><\/p>\n<p><strong> 2008 <\/strong><br \/>\nIntrodujo un conjunto completo de equipos avanzados de control de calidad y una parte mejorada del equipo de producci\u00f3n para mejorar la calidad de los productos.<br \/>\n<strong> 2009 <\/strong><br \/>\nColabor\u00f3 con reconocidos institutos de dise\u00f1o nacionales para actualizar la tecnolog\u00eda y aumentar la productividad. Se produjeron XYSIL300 y XYSIL380 y se form\u00f3 la l\u00ednea de productos de gama completa.<br \/>\n<strong> 2010 <\/strong><br \/>\nLa capacidad hab\u00eda alcanzado las 3.000 toneladas \/ a\u00f1o. La calidad puede ser comparable con marcas de fama internacional. Comenz\u00f3 a ingresar al mercado internacional (principalmente en el Lejano Oriente), la calidad del producto hab\u00eda sido aceptada por los usuarios internacionales. Particip\u00f3 en International Coatings Show en Dubai.<br \/>\n<strong> 2011 <\/strong><br \/>\nExpansi\u00f3n del mercado internacional a Italia, Espa\u00f1a, India y otros pa\u00edses. Poco a poco se estableci\u00f3 la red de ventas y comenz\u00f3 a designar agencias regionales.<\/p>\n<p><a href=\"https:\/\/fumed-silica.net\/es\/wp-content\/uploads\/2014\/11\/geo.png\"><img decoding=\"async\" loading=\"lazy\" src=\"https:\/\/fumed-silica.net\/es\/wp-content\/uploads\/2014\/11\/geo-300x150.png\" alt=\"client geo chart\" width=\"300\" height=\"150\" class=\"alignright size-medium wp-image-704\" srcset=\"https:\/\/fumed-silica.net\/es\/wp-content\/uploads\/2014\/11\/geo-300x150.png 300w, https:\/\/fumed-silica.net\/es\/wp-content\/uploads\/2014\/11\/geo-1024x513.png 1024w, https:\/\/fumed-silica.net\/es\/wp-content\/uploads\/2014\/11\/geo.png 1257w\" sizes=\"(max-width: 300px) 100vw, 300px\" \/><\/a><\/p>\n<p><strong> 2012 <\/strong><br \/>\nIdentificado como marcas conocidas y empresas de la industria de alta tecnolog\u00eda por la provincia de Henan.<br \/>\n<strong> 2013 <\/strong><br \/>\nCooperado con algunas empresas internacionales conocidas. Xysil hab\u00eda ocupado una cierta cuota de mercado en muchos pa\u00edses. Se inici\u00f3 la construcci\u00f3n del segundo proyecto (3000 toneladas \/ a\u00f1o) y la l\u00ednea de producci\u00f3n hidrof\u00f3bica.<br \/>\n<strong> 2014 <\/strong><br \/>\nCompletar la construcci\u00f3n del segundo proyecto, logrando 6.000 toneladas de capacidad. Los modelos hidrof\u00f3bicos ganaron el reconocimiento de m\u00e1s clientes y mercados.<br \/>\nAgentes y su red comercial en m\u00e1s de 20 pa\u00edses. Empiece a construir la 3\u00aa fase (5000 toneladas \/ a\u00f1o).<br \/>\n<strong> 2016 <\/strong><br \/>\nDesarroll\u00f3 el producto de al\u00famina pir\u00f3gena, XYAL100.<br \/>\nIntrodujo la nueva bolsa a granel (capacidad de 150 kg) para productos de s\u00edlice pir\u00f3gena.<\/p>\n","protected":false},"excerpt":{"rendered":"<p>2006 Se estableci\u00f3 la empresa. La construcci\u00f3n del primer proyecto (2000 toneladas de capacidad anual) comenz\u00f3 en junio y se complet\u00f3 en diciembre. Se produce el primer lote de producto calificado. 2007 La capacidad real anual alcanz\u00f3 las 1850 toneladas. Los principales modelos de producto son XYSIL150 y XYSIL200. La calidad del producto hab\u00eda sido&hellip;<\/p>\n","protected":false},"author":2,"featured_media":0,"parent":2,"menu_order":0,"comment_status":"closed","ping_status":"closed","template":"","meta":[],"psp_head":"<title>Historia y desarrollo de Henan Xunyu Chemical Co., Ltd. \u2013 XYSIL\u00ae S\u00edlice pir\u00f3gena - XUNYU CHEM<\/title>\r\n<meta name=\"description\" content=\"Historia y desarrollo de Henan Xunyu Chemical Co., Ltd.\" \/>\r\n<meta name=\"robots\" content=\"index,follow\" \/>\r\n<link rel=\"canonical\" href=\"https:\/\/fumed-silica.net\/es\/perfil\/historia-y-desarrollo\/\" \/>\r\n","_links":{"self":[{"href":"https:\/\/fumed-silica.net\/es\/wp-json\/wp\/v2\/pages\/683"}],"collection":[{"href":"https:\/\/fumed-silica.net\/es\/wp-json\/wp\/v2\/pages"}],"about":[{"href":"https:\/\/fumed-silica.net\/es\/wp-json\/wp\/v2\/types\/page"}],"author":[{"embeddable":true,"href":"https:\/\/fumed-silica.net\/es\/wp-json\/wp\/v2\/users\/2"}],"replies":[{"embeddable":true,"href":"https:\/\/fumed-silica.net\/es\/wp-json\/wp\/v2\/comments?post=683"}],"version-history":[{"count":2,"href":"https:\/\/fumed-silica.net\/es\/wp-json\/wp\/v2\/pages\/683\/revisions"}],"predecessor-version":[{"id":8034,"href":"https:\/\/fumed-silica.net\/es\/wp-json\/wp\/v2\/pages\/683\/revisions\/8034"}],"up":[{"embeddable":true,"href":"https:\/\/fumed-silica.net\/es\/wp-json\/wp\/v2\/pages\/2"}],"wp:attachment":[{"href":"https:\/\/fumed-silica.net\/es\/wp-json\/wp\/v2\/media?parent=683"}],"curies":[{"name":"wp","href":"https:\/\/api.w.org\/{rel}","templated":true}]}}