{"id":641,"date":"2014-11-04T05:50:04","date_gmt":"2014-11-04T05:50:04","guid":{"rendered":"https:\/\/fumed-silica.net\/?page_id=641"},"modified":"2021-07-27T08:37:33","modified_gmt":"2021-07-27T08:37:33","slug":"silice-ahumada-hidrofobica","status":"publish","type":"page","link":"https:\/\/fumed-silica.net\/es\/productos\/silice-ahumada-hidrofobica\/","title":{"rendered":"S\u00edlice ahumada hidrof\u00f3bica"},"content":{"rendered":"<p>La s\u00edlice pir\u00f3gena hidr\u00f3foba XYSIL <sup> \u00ae <\/sup> se basa en productos de s\u00edlice pir\u00f3gena hidr\u00f3fila despu\u00e9s de tratada con HMDS (hexametildisilazano) y DDS (dimetildiclorosilano) tratamiento superficial a base o estructura modificada.<\/p>\n<table id=\"fumedsilica\"  class=\"display nowrap\" style=\"width:100%\">\n<thead>\n<th> Grado <\/th>\n<th> Superficie APUESTA <\/br> [m2 \/ g] <\/th>\n<th> P\u00e9rdida por desecaci\u00f3n <\/br> [%] <\/th>\n<th> valor de pH <\/th>\n<th> Contenido de carbono <\/br> [%] <\/th>\n<th> Modificaci\u00f3n de superficie <\/th>\n<\/thead>\n<tbody>\n<tr>\n<td>XYSIL<sup>\u00ae<\/sup> R120H<\/td>\n<td>120 \u00b1 20<\/td>\n<td>\u2264 0.5<\/td>\n<td>4.5-6.5<\/td>\n<td>3.5-5.5<\/td>\n<td>PDMS<\/td>\n<\/tr>\n<tr>\n<td>XYSIL<sup>\u00ae<\/sup> R120B<\/td>\n<td>120 \u00b1 20<\/td>\n<td>\u2264 0.7<\/td>\n<td>3.7-4.5<\/td>\n<td>0.6-1.2<\/td>\n<td>DDS<\/td>\n<\/tr>\n<tr>\n<td>XYSIL<sup>\u00ae<\/sup> R170H<\/td>\n<td>170 \u00b1 20<\/td>\n<td>\u2264 0.7<\/td>\n<td>3.7-4.5<\/td>\n<td>0.7-1.5<\/td>\n<td>DDS<\/td>\n<\/tr>\n<tr>\n<td>XYSIL<sup>\u00ae<\/sup> R170B<\/td>\n<td>170 \u00b1 20<\/td>\n<td>\u2264 0.9<\/td>\n<td>5.0-8.0<\/td>\n<td>2.0-4.0<\/td>\n<td>HMDS<\/td>\n<\/tr>\n<tr>\n<td>XYSIL<sup>\u00ae<\/sup> R230<\/td>\n<td>260 \u00b1 20<\/td>\n<td>\u2264 0.5<\/td>\n<td>5.5-8.0<\/td>\n<td>2.5-4.0<\/td>\n<td>HMDS<\/td>\n<\/tr>\n<\/tbody>\n<\/table>\n<p><script type=\"text\/javascript\">jQuery(document).ready(function () { jQuery('#fumedsilica').DataTable({\nsearching: false,\nresponsive: true,\npaging: false,\nbInfo : false,\nordering: false,\n                columnDefs: [{\n                        responsivePriority: 0,\n                        targets: 0\n                    },\n                    {\n                        responsivePriority: 0,\n                        targets: 1\n                    }\n                ],\n}); });<\/script><\/p>\n<h3> DESCARGA DE TDS Y MSDS <\/h3>\n<ul>\n<li>Ficha de datos de seguridad de materiales (MSDS): <a href=\"\/downloads\/MSDS-hydrophobic-fumed-silica_xunyuchem.pdf\" >MSDS Download<\/a><\/li>\n<li>Ficha t\u00e9cnica (TDS): <a href=\"\/downloads\/TDS-XYSILR120H_rev09-Xunyu-Fumed-Silica.pdf\">XYSILR120H<\/a>,        <a href=\"\/downloads\/TDS-XYSILR120B_rev06-Xunyu-Fumed-Silica.pdf\">XYSILR120B<\/a>,        <a href=\"\/downloads\/TDS-XYSIL_R170H_rev06-Xunyu-Fumed-Silica.pdf\">XYSILR170H<\/a>,        <a href=\"\/downloads\/TDS-XYSILR170B_rev06-Xunyu-Fumed-Silica.pdf\">XYSILR170B<\/a>,        <a href=\"\/downloads\/rev07\/TDS-XYSIL_R230-Xunyu-Fumed-Silica.pdf\">XYSILR230<\/a><\/li>\n<\/ul>\n<p>Adem\u00e1s, puede obtener m\u00e1s informaci\u00f3n sobre la <strong> s\u00edlice pir\u00f3gena <\/strong> en el centro de servicio, <a href=\"\/es\/support-center\/\">Centro de servicio<\/a>; si hay alg\u00fan documento no disponible, <a href=\"\/es\/contact-us\/\" rel=\"noopener noreferrer\" target=\"_blank\">cont\u00e1ctenos<\/a><\/p>\n<h3>Galer\u00eda de s\u00edlice pir\u00f3gena<\/h3>\n<p>En la p\u00e1gina de la galer\u00eda puede ver directamente las diferentes im\u00e1genes sobre el embalaje de la s\u00edlice pirog\u00e9nica, las condiciones de transporte y muestra, etc.<br \/>\n<a href=\"\/es\/fumed-silica-gallery\/\">Ingrese a la galer\u00eda de s\u00edlice pir\u00f3gena de XYSIL <sup> \u00ae <\/sup><\/a>.<\/p>\n","protected":false},"excerpt":{"rendered":"<p>La s\u00edlice pir\u00f3gena hidr\u00f3foba XYSIL \u00ae se basa en productos de s\u00edlice pir\u00f3gena hidr\u00f3fila despu\u00e9s de tratada con HMDS (hexametildisilazano) y DDS (dimetildiclorosilano) tratamiento superficial a base o estructura modificada. Grado Superficie APUESTA [m2 \/ g] P\u00e9rdida por desecaci\u00f3n [%] valor de pH Contenido de carbono [%] Modificaci\u00f3n de superficie XYSIL\u00ae R120H 120 \u00b1 20&hellip;<\/p>\n","protected":false},"author":2,"featured_media":0,"parent":11,"menu_order":2,"comment_status":"closed","ping_status":"closed","template":"","meta":[],"psp_head":"<title>S\u00edlice ahumada hidrof\u00f3bica XYSIL\u00ae \u2013 XYSIL\u00ae S\u00edlice pir\u00f3gena - XUNYU CHEM<\/title>\r\n<meta name=\"description\" content=\"La s\u00edlice pir\u00f3gena hidr\u00f3foba XYSIL\u00ae se basa en productos de s\u00edlice pir\u00f3gena hidr\u00f3fila, modificaci\u00f3n de superficie o estructura modificada\" \/>\r\n<meta name=\"robots\" content=\"index,follow\" \/>\r\n<link rel=\"canonical\" href=\"https:\/\/fumed-silica.net\/es\/productos\/silice-ahumada-hidrofobica\/\" \/>\r\n","_links":{"self":[{"href":"https:\/\/fumed-silica.net\/es\/wp-json\/wp\/v2\/pages\/641"}],"collection":[{"href":"https:\/\/fumed-silica.net\/es\/wp-json\/wp\/v2\/pages"}],"about":[{"href":"https:\/\/fumed-silica.net\/es\/wp-json\/wp\/v2\/types\/page"}],"author":[{"embeddable":true,"href":"https:\/\/fumed-silica.net\/es\/wp-json\/wp\/v2\/users\/2"}],"replies":[{"embeddable":true,"href":"https:\/\/fumed-silica.net\/es\/wp-json\/wp\/v2\/comments?post=641"}],"version-history":[{"count":7,"href":"https:\/\/fumed-silica.net\/es\/wp-json\/wp\/v2\/pages\/641\/revisions"}],"predecessor-version":[{"id":8132,"href":"https:\/\/fumed-silica.net\/es\/wp-json\/wp\/v2\/pages\/641\/revisions\/8132"}],"up":[{"embeddable":true,"href":"https:\/\/fumed-silica.net\/es\/wp-json\/wp\/v2\/pages\/11"}],"wp:attachment":[{"href":"https:\/\/fumed-silica.net\/es\/wp-json\/wp\/v2\/media?parent=641"}],"curies":[{"name":"wp","href":"https:\/\/api.w.org\/{rel}","templated":true}]}}