{"id":464,"date":"2011-10-20T03:43:12","date_gmt":"2011-10-20T03:43:12","guid":{"rendered":"https:\/\/fumed-silica.net\/support-center\/fumed-silica-gallery\/samples"},"modified":"2020-11-12T09:38:09","modified_gmt":"2020-11-12T09:38:09","slug":"galeria-de-muestras","status":"publish","type":"page","link":"https:\/\/fumed-silica.net\/es\/galeria-de-muestras\/","title":{"rendered":"Galer\u00eda de muestras"},"content":{"rendered":"<p>Detalles de las botellas y bolsas de muestras de s\u00edlice pir\u00f3gena.<\/p>\n<br \/>\n<b>Warning<\/b>:  Trying to access array offset on value of type bool in <b>\/var\/www\/2018.fumed-silica.net\/es\/wp-content\/plugins\/ultimate-responsive-image-slider\/ultimate-responsive-image-slider-short-code.php<\/b> on line <b>20<\/b><br \/>\n<br \/>\n<b>Warning<\/b>:  Undefined variable $WRIS_L3_Slide_Order in <b>\/var\/www\/2018.fumed-silica.net\/es\/wp-content\/plugins\/ultimate-responsive-image-slider\/uris-layout.php<\/b> on line <b>6<\/b><br \/>\n<br \/>\n<b>Warning<\/b>:  Undefined variable $WRIS_L3_Slide_Order in <b>\/var\/www\/2018.fumed-silica.net\/es\/wp-content\/plugins\/ultimate-responsive-image-slider\/uris-layout.php<\/b> on line <b>17<\/b><br \/>\n<br \/>\n<b>Warning<\/b>:  Undefined variable $WRIS_L3_Slide_Order in <b>\/var\/www\/2018.fumed-silica.net\/es\/wp-content\/plugins\/ultimate-responsive-image-slider\/uris-layout.php<\/b> on line <b>20<\/b><br \/>\n<script type=\"text\/javascript\">\r\ndocument.addEventListener(\"DOMContentLoaded\", function(event) { \r\n\tjQuery( '#example3_1490' ).sliderPro({\r\n\t\t\/\/width\r\n\t\t<br \/>\n<b>Warning<\/b>:  Undefined variable $WRIS_L3_Width in <b>\/var\/www\/2018.fumed-silica.net\/es\/wp-content\/plugins\/ultimate-responsive-image-slider\/uris-layout.php<\/b> on line <b>31<\/b><br \/>\n<br \/>\n<b>Warning<\/b>:  Undefined variable $WRIS_L3_Width in <b>\/var\/www\/2018.fumed-silica.net\/es\/wp-content\/plugins\/ultimate-responsive-image-slider\/uris-layout.php<\/b> on line <b>33<\/b><br \/>\n<br \/>\n<b>Warning<\/b>:  Undefined variable $WRIS_L3_Width in <b>\/var\/www\/2018.fumed-silica.net\/es\/wp-content\/plugins\/ultimate-responsive-image-slider\/uris-layout.php<\/b> on line <b>35<\/b><br \/>\n\t\t\r\n\t\t\/\/height\r\n\t\t<br \/>\n<b>Warning<\/b>:  Undefined variable $WRIS_L3_Height in <b>\/var\/www\/2018.fumed-silica.net\/es\/wp-content\/plugins\/ultimate-responsive-image-slider\/uris-layout.php<\/b> on line <b>40<\/b><br \/>\n\t\tautoHeight: true,\r\n\t\t\t\t\r\n\t\t\/\/autoplay\r\n\t\t<br \/>\n<b>Warning<\/b>:  Undefined variable $WRIS_L3_Auto_Slideshow in <b>\/var\/www\/2018.fumed-silica.net\/es\/wp-content\/plugins\/ultimate-responsive-image-slider\/uris-layout.php<\/b> on line <b>47<\/b><br \/>\n\t\t<br \/>\n<b>Warning<\/b>:  Undefined variable $WRIS_L3_Auto_Slideshow in <b>\/var\/www\/2018.fumed-silica.net\/es\/wp-content\/plugins\/ultimate-responsive-image-slider\/uris-layout.php<\/b> on line <b>51<\/b><br \/>\n\t\t<br \/>\n<b>Warning<\/b>:  Undefined variable $WRIS_L3_Auto_Slideshow in <b>\/var\/www\/2018.fumed-silica.net\/es\/wp-content\/plugins\/ultimate-responsive-image-slider\/uris-layout.php<\/b> on line <b>55<\/b><br \/>\n\t\tautoplayDelay: <br \/>\n<b>Warning<\/b>:  Undefined variable $WRIS_L3_Transition_Speed in <b>\/var\/www\/2018.fumed-silica.net\/es\/wp-content\/plugins\/ultimate-responsive-image-slider\/uris-layout.php<\/b> on line <b>58<\/b><br \/>\n5000,\r\n\t\t\r\n\t\t\r\n\t\tarrows: <br \/>\n<b>Warning<\/b>:  Undefined variable $WRIS_L3_Sliding_Arrow in <b>\/var\/www\/2018.fumed-silica.net\/es\/wp-content\/plugins\/ultimate-responsive-image-slider\/uris-layout.php<\/b> on line <b>61<\/b><br \/>\nfalse,\r\n\t\tbuttons: <br \/>\n<b>Warning<\/b>:  Undefined variable $WRIS_L3_Navigation_Button in <b>\/var\/www\/2018.fumed-silica.net\/es\/wp-content\/plugins\/ultimate-responsive-image-slider\/uris-layout.php<\/b> on line <b>62<\/b><br \/>\nfalse,\r\n\t\tsmallSize: 500,\r\n\t\tmediumSize: 1000,\r\n\t\tlargeSize: 3000,\r\n\t\tfade: <br \/>\n<b>Warning<\/b>:  Undefined variable $WRIS_L3_Transition in <b>\/var\/www\/2018.fumed-silica.net\/es\/wp-content\/plugins\/ultimate-responsive-image-slider\/uris-layout.php<\/b> on line <b>66<\/b><br \/>\nfalse,\r\n\t\t\r\n\t\t\/\/thumbnail\r\n\t\tthumbnailArrows: true,\r\n\t\tthumbnailWidth: <br \/>\n<b>Warning<\/b>:  Undefined variable $WRIS_L3_Thumbnail_Width in <b>\/var\/www\/2018.fumed-silica.net\/es\/wp-content\/plugins\/ultimate-responsive-image-slider\/uris-layout.php<\/b> on line <b>70<\/b><br \/>\n120,\r\n\t\tthumbnailHeight: <br \/>\n<b>Warning<\/b>:  Undefined variable $WRIS_L3_Thumbnail_Height in <b>\/var\/www\/2018.fumed-silica.net\/es\/wp-content\/plugins\/ultimate-responsive-image-slider\/uris-layout.php<\/b> on line <b>71<\/b><br \/>\n100,\r\n\t\t<br \/>\n<b>Warning<\/b>:  Undefined variable $WRIS_L3_Navigation_Position in <b>\/var\/www\/2018.fumed-silica.net\/es\/wp-content\/plugins\/ultimate-responsive-image-slider\/uris-layout.php<\/b> on line <b>72<\/b><br \/>\n\t\t<br \/>\n<b>Warning<\/b>:  Undefined variable $WRIS_L3_Navigation_Position in <b>\/var\/www\/2018.fumed-silica.net\/es\/wp-content\/plugins\/ultimate-responsive-image-slider\/uris-layout.php<\/b> on line <b>75<\/b><br \/>\n\t\t<br \/>\n<b>Warning<\/b>:  Undefined variable $WRIS_L3_Thumbnail_Style in <b>\/var\/www\/2018.fumed-silica.net\/es\/wp-content\/plugins\/ultimate-responsive-image-slider\/uris-layout.php<\/b> on line <b>78<\/b><br \/>\n\t\tcenterImage: true,\r\n\t\timageScaleMode: '<br \/>\n<b>Warning<\/b>:  Undefined variable $WRIS_L3_Slider_Scale_Mode in <b>\/var\/www\/2018.fumed-silica.net\/es\/wp-content\/plugins\/ultimate-responsive-image-slider\/uris-layout.php<\/b> on line <b>82<\/b><br \/>\n',\r\n\t\tallowScaleUp: <br \/>\n<b>Warning<\/b>:  Undefined variable $WRIS_L3_Slider_Auto_Scale in <b>\/var\/www\/2018.fumed-silica.net\/es\/wp-content\/plugins\/ultimate-responsive-image-slider\/uris-layout.php<\/b> on line <b>83<\/b><br \/>\nfalse,\r\n\t\t<br \/>\n<b>Warning<\/b>:  Undefined variable $WRIS_L3_Slide_Order in <b>\/var\/www\/2018.fumed-silica.net\/es\/wp-content\/plugins\/ultimate-responsive-image-slider\/uris-layout.php<\/b> on line <b>84<\/b><br \/>\n\t\tstartSlide: 0,\r\n\t\tloop: true,\r\n\t\tslideDistance: <br \/>\n<b>Warning<\/b>:  Undefined variable $WRIS_L3_Slide_Distance in <b>\/var\/www\/2018.fumed-silica.net\/es\/wp-content\/plugins\/ultimate-responsive-image-slider\/uris-layout.php<\/b> on line <b>89<\/b><br \/>\n5,\r\n\t\tautoplayDirection: 'normal',\r\n\t\ttouchSwipe: true,\r\n\t\tfullScreen: <br \/>\n<b>Warning<\/b>:  Undefined variable $WRIS_L3_Fullscreeen in <b>\/var\/www\/2018.fumed-silica.net\/es\/wp-content\/plugins\/ultimate-responsive-image-slider\/uris-layout.php<\/b> on line <b>92<\/b><br \/>\nfalse,\r\n\t});\r\n});\r\n<\/script>\r\n<style>\r\n\/* Layout 3 *\/\r\n\/* border *\/\r\n<br \/>\n<b>Warning<\/b>:  Undefined variable $WRIS_L3_Thumbnail_Style in <b>\/var\/www\/2018.fumed-silica.net\/es\/wp-content\/plugins\/ultimate-responsive-image-slider\/uris-layout.php<\/b> on line <b>99<\/b><br \/>\n\r\n\/* font + color *\/\r\n.title-in  {\r\n\tfont-family: <br \/>\n<b>Warning<\/b>:  Undefined variable $WRIS_L3_Font_Style in <b>\/var\/www\/2018.fumed-silica.net\/es\/wp-content\/plugins\/ultimate-responsive-image-slider\/uris-layout.php<\/b> on line <b>107<\/b><br \/>\n !important;\r\n\tcolor: <br \/>\n<b>Warning<\/b>:  Undefined variable $WRIS_L3_Title_Color in <b>\/var\/www\/2018.fumed-silica.net\/es\/wp-content\/plugins\/ultimate-responsive-image-slider\/uris-layout.php<\/b> on line <b>108<\/b><br \/>\n !important;\r\n\tbackground-color: <br \/>\n<b>Warning<\/b>:  Undefined variable $WRIS_L3_Title_BgColor in <b>\/var\/www\/2018.fumed-silica.net\/es\/wp-content\/plugins\/ultimate-responsive-image-slider\/uris-layout.php<\/b> on line <b>109<\/b><br \/>\n !important;\r\n\topacity: 0.7 !important;\r\n}\r\n.desc-in  {\r\n\tfont-family: <br \/>\n<b>Warning<\/b>:  Undefined variable $WRIS_L3_Font_Style in <b>\/var\/www\/2018.fumed-silica.net\/es\/wp-content\/plugins\/ultimate-responsive-image-slider\/uris-layout.php<\/b> on line <b>113<\/b><br \/>\n !important;\r\n\tcolor: <br \/>\n<b>Warning<\/b>:  Undefined variable $WRIS_L3_Desc_Color in <b>\/var\/www\/2018.fumed-silica.net\/es\/wp-content\/plugins\/ultimate-responsive-image-slider\/uris-layout.php<\/b> on line <b>114<\/b><br \/>\n !important;\r\n\tbackground-color: <br \/>\n<b>Warning<\/b>:  Undefined variable $WRIS_L3_Desc_BgColor in <b>\/var\/www\/2018.fumed-silica.net\/es\/wp-content\/plugins\/ultimate-responsive-image-slider\/uris-layout.php<\/b> on line <b>115<\/b><br \/>\n !important;\r\n\topacity: 0.7 !important;\r\n}\r\n\r\n\/* bullets color *\/\r\n.sp-button  {\r\n\tborder: 2px solid <br \/>\n<b>Warning<\/b>:  Undefined variable $WRIS_L3_Navigation_Bullets_Color in <b>\/var\/www\/2018.fumed-silica.net\/es\/wp-content\/plugins\/ultimate-responsive-image-slider\/uris-layout.php<\/b> on line <b>121<\/b><br \/>\n !important;\r\n}\r\n.sp-selected-button  {\r\n\tbackground-color: <br \/>\n<b>Warning<\/b>:  Undefined variable $WRIS_L3_Navigation_Bullets_Color in <b>\/var\/www\/2018.fumed-silica.net\/es\/wp-content\/plugins\/ultimate-responsive-image-slider\/uris-layout.php<\/b> on line <b>124<\/b><br \/>\n !important;\r\n}\r\n\r\n\/* pointer color - bottom *\/\r\n<br \/>\n<b>Warning<\/b>:  Undefined variable $WRIS_L3_Navigation_Position in <b>\/var\/www\/2018.fumed-silica.net\/es\/wp-content\/plugins\/ultimate-responsive-image-slider\/uris-layout.php<\/b> on line <b>128<\/b><br \/>\n\r\n\/* pointer color - top *\/\r\n<br \/>\n<b>Warning<\/b>:  Undefined variable $WRIS_L3_Navigation_Position in <b>\/var\/www\/2018.fumed-silica.net\/es\/wp-content\/plugins\/ultimate-responsive-image-slider\/uris-layout.php<\/b> on line <b>138<\/b><br \/>\n\r\n\/* full screen icon *\/\r\n.sp-full-screen-button::before {\r\n    color: <br \/>\n<b>Warning<\/b>:  Undefined variable $WRIS_L3_Navigation_Color in <b>\/var\/www\/2018.fumed-silica.net\/es\/wp-content\/plugins\/ultimate-responsive-image-slider\/uris-layout.php<\/b> on line <b>150<\/b><br \/>\n !important;\r\n}\r\n\r\n\/* hover navigation icon color *\/\r\n.sp-next-arrow::after, .sp-next-arrow::before {\r\n\tbackground-color: <br \/>\n<b>Warning<\/b>:  Undefined variable $WRIS_L3_Navigation_Color in <b>\/var\/www\/2018.fumed-silica.net\/es\/wp-content\/plugins\/ultimate-responsive-image-slider\/uris-layout.php<\/b> on line <b>155<\/b><br \/>\n !important;\r\n}\r\n.sp-previous-arrow::after, .sp-previous-arrow::before {\r\n\tbackground-color: <br \/>\n<b>Warning<\/b>:  Undefined variable $WRIS_L3_Navigation_Color in <b>\/var\/www\/2018.fumed-silica.net\/es\/wp-content\/plugins\/ultimate-responsive-image-slider\/uris-layout.php<\/b> on line <b>158<\/b><br \/>\n !important;\r\n}\r\n\r\n#example3_1490 .title-in {\r\n\tcolor: <br \/>\n<b>Warning<\/b>:  Undefined variable $WRIS_L3_Title_Color in <b>\/var\/www\/2018.fumed-silica.net\/es\/wp-content\/plugins\/ultimate-responsive-image-slider\/uris-layout.php<\/b> on line <b>162<\/b><br \/>\n !important;\r\n\tfont-weight: bolder;\r\n\ttext-align: center;\r\n}\r\n\r\n#example3_1490 .title-in-bg {\r\n\tbackground: rgba(255, 255, 255, 0.7); !important;\r\n\twhite-space: unset !important;\r\n\tmax-width: 90%;\r\n\tmin-width: 40%;\r\n\ttransform: initial !important;\r\n\t-webkit-transform: initial !important;\r\n\tfont-size: 14px !important;\r\n}\r\n\r\n#example3_1490 .desc-in {\r\n\tcolor: <br \/>\n<b>Warning<\/b>:  Undefined variable $WRIS_L3_Desc_Color in <b>\/var\/www\/2018.fumed-silica.net\/es\/wp-content\/plugins\/ultimate-responsive-image-slider\/uris-layout.php<\/b> on line <b>178<\/b><br \/>\n !important;\r\n\ttext-align: center;\r\n}\r\n#example3_1490 .desc-in-bg {\r\n\tbackground: rgba(<br \/>\n<b>Warning<\/b>:  Undefined variable $WRIS_L3_Desc_BgColor in <b>\/var\/www\/2018.fumed-silica.net\/es\/wp-content\/plugins\/ultimate-responsive-image-slider\/uris-layout.php<\/b> on line <b>182<\/b><br \/>\n, 0.7) !important;\r\n\twhite-space: unset !important;\r\n\twidth: 80% !important;\r\n\tmin-width: 30%;\r\n\ttransform: initial !important;\r\n\t-webkit-transform: initial !important;\r\n\tfont-size: 13px !important;\r\n}\r\n\r\n.uris-title{\r\n\tfont-family: <br \/>\n<b>Warning<\/b>:  Undefined variable $WRIS_L3_Font_Style in <b>\/var\/www\/2018.fumed-silica.net\/es\/wp-content\/plugins\/ultimate-responsive-image-slider\/uris-layout.php<\/b> on line <b>192<\/b><br \/>\n;\r\n\t<br \/>\n<b>Warning<\/b>:  Undefined variable $WRIS_L3_Title_Align in <b>\/var\/www\/2018.fumed-silica.net\/es\/wp-content\/plugins\/ultimate-responsive-image-slider\/uris-layout.php<\/b> on line <b>194<\/b><br \/>\n<br \/>\n<b>Warning<\/b>:  Undefined variable $WRIS_L3_Title_Align in <b>\/var\/www\/2018.fumed-silica.net\/es\/wp-content\/plugins\/ultimate-responsive-image-slider\/uris-layout.php<\/b> on line <b>196<\/b><br \/>\n\ttext-align: right;\r\n}\r\n\r\n@media (max-width: 640px) {\r\n\t#example3_1490 .hide-small-screen {\r\n\t\tdisplay: none;\r\n\t}\r\n}\r\n\r\n@media (max-width: 860px) {\r\n\t#example3_1490 .sp-layer {\r\n\t\tfont-size: 18px;\r\n\t}\r\n\t\r\n\t#example3_1490 .hide-medium-screen {\r\n\t\tdisplay: none;\r\n\t}\r\n}\r\n.fnf{\r\n\tbackground-color: #a92929;\r\n\tborder-radius: 5px;\r\n\tcolor: #fff;\r\n\tfont-family: initial;\r\n\ttext-align: center;\r\n\tpadding:12px;\r\n}\r\n\/* Custom CSS *\/\r\n<br \/>\n<b>Warning<\/b>:  Undefined variable $WRIS_L3_Custom_CSS in <b>\/var\/www\/2018.fumed-silica.net\/es\/wp-content\/plugins\/ultimate-responsive-image-slider\/uris-layout.php<\/b> on line <b>229<\/b><br \/>\n<\/style>\r\n<br \/>\n<b>Warning<\/b>:  Undefined variable $WRIS_L3_Slide_Title in <b>\/var\/www\/2018.fumed-silica.net\/es\/wp-content\/plugins\/ultimate-responsive-image-slider\/uris-layout.php<\/b> on line <b>231<\/b><br \/>\n\t\t<div id=\"example3_1490\" class=\"slider-pro\">\r\n\t\t\t<!---- slides div start ---->\r\n\t\t\t<div class=\"sp-slides\">\r\n\t\t\t\t\t\t\t\r\n\t\t\t\t\t\t<div class=\"sp-slide\">\r\n\t\t\t\t\t\t\t<img class=\"sp-image\" alt=\"sample bottle xysil fumed silica\" src=\"https:\/\/fumed-silica.net\/es\/wp-content\/plugins\/ultimate-responsive-image-slider\/css\/images\/blank.gif\" data-src=\"https:\/\/fumed-silica.net\/wp-content\/uploads\/2019\/02\/sample-bottle-xysil-fumed-silica.jpg\" \/>\r\n\r\n\t\t\t\t\t\t\t\r\n\t\t\t\t\t\t\t<br \/>\n<b>Warning<\/b>:  Undefined variable $WRIS_L3_Set_slide_Title in <b>\/var\/www\/2018.fumed-silica.net\/es\/wp-content\/plugins\/ultimate-responsive-image-slider\/uris-layout.php<\/b> on line <b>291<\/b><br \/>\n\r\n\t\t\t\t\t\t\t\t\t\t\t\t\t<\/div>\r\n\t\t\t\t\t\t\t\t\t\r\n\t\t\t\t\t\t<div class=\"sp-slide\">\r\n\t\t\t\t\t\t\t<img class=\"sp-image\" alt=\"sample box xysil fumed silica_01\" src=\"https:\/\/fumed-silica.net\/es\/wp-content\/plugins\/ultimate-responsive-image-slider\/css\/images\/blank.gif\" data-src=\"https:\/\/fumed-silica.net\/wp-content\/uploads\/2019\/02\/sample-box-xysil-fumed-silica_01.jpg\" \/>\r\n\r\n\t\t\t\t\t\t\t\r\n\t\t\t\t\t\t\t<br \/>\n<b>Warning<\/b>:  Undefined variable $WRIS_L3_Set_slide_Title in <b>\/var\/www\/2018.fumed-silica.net\/es\/wp-content\/plugins\/ultimate-responsive-image-slider\/uris-layout.php<\/b> on line <b>291<\/b><br \/>\n\r\n\t\t\t\t\t\t\t\t\t\t\t\t\t<\/div>\r\n\t\t\t\t\t\t\t\t\t\r\n\t\t\t\t\t\t<div class=\"sp-slide\">\r\n\t\t\t\t\t\t\t<img class=\"sp-image\" alt=\"sample box xysil fumed silica_01\" src=\"https:\/\/fumed-silica.net\/es\/wp-content\/plugins\/ultimate-responsive-image-slider\/css\/images\/blank.gif\" data-src=\"https:\/\/2018.fumed-silica.net\/wp-content\/uploads\/2018\/04\/sample-bottle.jpg\" \/>\r\n\r\n\t\t\t\t\t\t\t\r\n\t\t\t\t\t\t\t<br \/>\n<b>Warning<\/b>:  Undefined variable $WRIS_L3_Set_slide_Title in <b>\/var\/www\/2018.fumed-silica.net\/es\/wp-content\/plugins\/ultimate-responsive-image-slider\/uris-layout.php<\/b> on line <b>291<\/b><br \/>\n\r\n\t\t\t\t\t\t\t\t\t\t\t\t\t<\/div>\r\n\t\t\t\t\t\t\t\t\t\r\n\t\t\t\t\t\t<div class=\"sp-slide\">\r\n\t\t\t\t\t\t\t<img class=\"sp-image\" alt=\"1kg sample bags\" src=\"https:\/\/fumed-silica.net\/es\/wp-content\/plugins\/ultimate-responsive-image-slider\/css\/images\/blank.gif\" data-src=\"https:\/\/fumed-silica.net\/wp-content\/uploads\/2020\/09\/1kg-sample-bags.png\" \/>\r\n\r\n\t\t\t\t\t\t\t\r\n\t\t\t\t\t\t\t<br \/>\n<b>Warning<\/b>:  Undefined variable $WRIS_L3_Set_slide_Title in <b>\/var\/www\/2018.fumed-silica.net\/es\/wp-content\/plugins\/ultimate-responsive-image-slider\/uris-layout.php<\/b> on line <b>291<\/b><br \/>\n\r\n\t\t\t\t\t\t\t\t\t\t\t\t\t<\/div>\r\n\t\t\t\t\t\t\t\t\r\n\t\t\t<\/div>\r\n\t\t\t\r\n\t\t\t<!---- slides div end ---->\r\n\t\t\t<br \/>\n<b>Warning<\/b>:  Undefined variable $WRIS_L3_Slider_Navigation in <b>\/var\/www\/2018.fumed-silica.net\/es\/wp-content\/plugins\/ultimate-responsive-image-slider\/uris-layout.php<\/b> on line <b>330<\/b><br \/>\n\t\t\t<!-- slides thumbnails div end -->\t\r\n\t\t<\/div>\r\n\n<ol>\n<li><strong> Bolsa de 1 kg de s\u00edlice pir\u00f3gena <\/strong>: capacidad de 1kg; La altura es de 20cm, la longitud es de 53cm y el ancho es de 21cm.<\/li>\n<li><strong> Botella de muestra de s\u00edlice pir\u00f3gena <\/strong>: botella redondeada de 3000ml de capacidad, lata contiene aproximadamente 130g de s\u00edlice pir\u00f3gena. La altura es de 22cm y el ancho es de 14cm.<\/li>\n<\/ol>\n","protected":false},"excerpt":{"rendered":"<p>Detalles de las botellas y bolsas de muestras de s\u00edlice pir\u00f3gena. Bolsa de 1 kg de s\u00edlice pir\u00f3gena : capacidad de 1kg; La altura es de 20cm, la longitud es de 53cm y el ancho es de 21cm. Botella de muestra de s\u00edlice pir\u00f3gena : botella redondeada de 3000ml de capacidad, lata contiene aproximadamente 130g&hellip;<\/p>\n","protected":false},"author":2,"featured_media":3185,"parent":0,"menu_order":0,"comment_status":"closed","ping_status":"closed","template":"","meta":[],"psp_head":"<title>Galer\u00eda de muestras de Fumed Silica \u2013 XYSIL\u00ae S\u00edlice pir\u00f3gena - XUNYU CHEM<\/title>\r\n<meta name=\"description\" content=\"La botella de muestra de s\u00edlice pir\u00f3gena XYSIL\u00ae es una botella redondeada de capacidad de 3000ml, puede cargar aproximadamente 130g de s\u00edlice pir\u00f3gena\" \/>\r\n<meta name=\"robots\" content=\"index,follow\" \/>\r\n<link rel=\"canonical\" href=\"https:\/\/fumed-silica.net\/es\/galeria-de-muestras\/\" \/>\r\n","_links":{"self":[{"href":"https:\/\/fumed-silica.net\/es\/wp-json\/wp\/v2\/pages\/464"}],"collection":[{"href":"https:\/\/fumed-silica.net\/es\/wp-json\/wp\/v2\/pages"}],"about":[{"href":"https:\/\/fumed-silica.net\/es\/wp-json\/wp\/v2\/types\/page"}],"author":[{"embeddable":true,"href":"https:\/\/fumed-silica.net\/es\/wp-json\/wp\/v2\/users\/2"}],"replies":[{"embeddable":true,"href":"https:\/\/fumed-silica.net\/es\/wp-json\/wp\/v2\/comments?post=464"}],"version-history":[{"count":3,"href":"https:\/\/fumed-silica.net\/es\/wp-json\/wp\/v2\/pages\/464\/revisions"}],"predecessor-version":[{"id":7972,"href":"https:\/\/fumed-silica.net\/es\/wp-json\/wp\/v2\/pages\/464\/revisions\/7972"}],"wp:featuredmedia":[{"embeddable":true,"href":"https:\/\/fumed-silica.net\/es\/wp-json\/wp\/v2\/media\/3185"}],"wp:attachment":[{"href":"https:\/\/fumed-silica.net\/es\/wp-json\/wp\/v2\/media?parent=464"}],"curies":[{"name":"wp","href":"https:\/\/api.w.org\/{rel}","templated":true}]}}