{"id":4,"date":"2010-08-22T02:30:14","date_gmt":"2010-08-22T02:30:14","guid":{"rendered":"https:\/\/fumed-silica.net\/en"},"modified":"2020-11-13T09:04:06","modified_gmt":"2020-11-13T09:04:06","slug":"cultura-empresarial","status":"publish","type":"page","link":"https:\/\/fumed-silica.net\/es\/perfil\/cultura-empresarial\/","title":{"rendered":"Cultura Empresarial"},"content":{"rendered":"<h3> Credibilidad, creatividad, cooperaci\u00f3n <\/h3>\n<p><strong> Filosof\u00eda de la empresa: <\/strong> apostamos por el esp\u00edritu de credibilidad, creatividad, cooperaci\u00f3n y lo integramos en el funcionamiento diario de la empresa. Adem\u00e1s, perseguimos el crecimiento y el avance propio, centr\u00e1ndonos en la I + D de los nuevos productos; seguir promoviendo la calidad de los productos; as\u00ed como el desarrollo del mercado y la prestaci\u00f3n de servicios.<\/p>\n<h3> Creando incesantemente el nuevo valor para el cliente <\/h3>\n<p><strong> Objetivo de la empresa: <\/strong> Nuestro objetivo es crear incesantemente nuevos valores para los clientes. Tomamos la demanda de los clientes como la ra\u00edz del desarrollo, desde la promoci\u00f3n de productos hasta el servicio al cliente, as\u00ed como la I + D y la fabricaci\u00f3n de productos.<\/p>\n<h3> Mundialmente famoso, sirva a la sociedad <\/h3>\n<p><strong> Objetivo de la empresa: <\/strong> Tenemos un desarrollo estable y construiremos el centro de distribuci\u00f3n en todo el mundo gradualmente. Integramos el esp\u00edritu de innovaci\u00f3n, mejor calidad y servicio a la operaci\u00f3n global. e intente ser la empresa de fama mundial en la industria. Conocemos sinceramente la responsabilidad de la sociedad, por lo que seguiremos buscando la brillantez y contribuiremos tanto como sea posible al desarrollo de la sociedad.<\/p>\n","protected":false},"excerpt":{"rendered":"<p>Credibilidad, creatividad, cooperaci\u00f3n Filosof\u00eda de la empresa: apostamos por el esp\u00edritu de credibilidad, creatividad, cooperaci\u00f3n y lo integramos en el funcionamiento diario de la empresa. Adem\u00e1s, perseguimos el crecimiento y el avance propio, centr\u00e1ndonos en la I + D de los nuevos productos; seguir promoviendo la calidad de los productos; as\u00ed como el desarrollo del&hellip;<\/p>\n","protected":false},"author":2,"featured_media":0,"parent":2,"menu_order":2,"comment_status":"closed","ping_status":"closed","template":"","meta":[],"psp_head":"<title>Cultura empresarial - Henan Xunyu Chemical Co., Ltd. \u2013 XYSIL\u00ae S\u00edlice pir\u00f3gena - XUNYU CHEM<\/title>\r\n<meta name=\"description\" content=\"Credibilidad, creatividad, cooperaci\u00f3n Filosof\u00eda de la empresa: apostamos por el esp\u00edritu de credibilidad, creatividad, cooperaci\u00f3n y lo integramos en el funcionamiento diario de la empresa. Adem\u00e1s, perseguimos el crecimiento y el avance propio, centr\u00e1ndonos en la I + D de los nuevos productos; seguir promoviendo la calidad de los productos; as\u00ed como el desarrollo del mercado y la prestaci\u00f3n de servicios.\" \/>\r\n<meta name=\"robots\" content=\"index,follow\" \/>\r\n<link rel=\"canonical\" href=\"https:\/\/fumed-silica.net\/es\/perfil\/cultura-empresarial\/\" \/>\r\n","_links":{"self":[{"href":"https:\/\/fumed-silica.net\/es\/wp-json\/wp\/v2\/pages\/4"}],"collection":[{"href":"https:\/\/fumed-silica.net\/es\/wp-json\/wp\/v2\/pages"}],"about":[{"href":"https:\/\/fumed-silica.net\/es\/wp-json\/wp\/v2\/types\/page"}],"author":[{"embeddable":true,"href":"https:\/\/fumed-silica.net\/es\/wp-json\/wp\/v2\/users\/2"}],"replies":[{"embeddable":true,"href":"https:\/\/fumed-silica.net\/es\/wp-json\/wp\/v2\/comments?post=4"}],"version-history":[{"count":3,"href":"https:\/\/fumed-silica.net\/es\/wp-json\/wp\/v2\/pages\/4\/revisions"}],"predecessor-version":[{"id":8039,"href":"https:\/\/fumed-silica.net\/es\/wp-json\/wp\/v2\/pages\/4\/revisions\/8039"}],"up":[{"embeddable":true,"href":"https:\/\/fumed-silica.net\/es\/wp-json\/wp\/v2\/pages\/2"}],"wp:attachment":[{"href":"https:\/\/fumed-silica.net\/es\/wp-json\/wp\/v2\/media?parent=4"}],"curies":[{"name":"wp","href":"https:\/\/api.w.org\/{rel}","templated":true}]}}