{"id":32,"date":"2010-08-22T02:45:17","date_gmt":"2010-08-22T02:45:17","guid":{"rendered":"https:\/\/fumed-silica.net\/en"},"modified":"2020-11-13T09:29:53","modified_gmt":"2020-11-13T09:29:53","slug":"contacto","status":"publish","type":"page","link":"https:\/\/fumed-silica.net\/es\/contacto\/","title":{"rendered":"Contacto"},"content":{"rendered":"<h3>Oficina<\/h3>\n<p><strong>Oficina<\/strong>: No.18, Shangwu Waihuan Road, Zhengdong New District, Zhengzhou, Henan Province, P.R.China<br \/>\n<strong>Tel.<\/strong>: +86 (0)371-69176282<br \/>\n<strong>Fax.<\/strong>: +86 (0)371-69176283<br \/>\n<strong>Email<\/strong>: marketing@xunyuchem.com<\/p>\n<div class=\"su-row\">\n<div class=\"su-column su-column-size-2-5\"><div class=\"su-column-inner su-u-clearfix su-u-trim\">\n<h4>Formulario de contacto<\/h4>\n\n<div class=\"wpcf7 no-js\" id=\"wpcf7-f1308-o1\" lang=\"en-US\" dir=\"ltr\">\n<div class=\"screen-reader-response\"><p role=\"status\" aria-live=\"polite\" aria-atomic=\"true\"><\/p> <ul><\/ul><\/div>\n<form action=\"\/es\/wp-json\/wp\/v2\/pages\/32#wpcf7-f1308-o1\" method=\"post\" class=\"wpcf7-form init\" aria-label=\"Contact form\" novalidate=\"novalidate\" data-status=\"init\">\n<div style=\"display: none;\">\n<input type=\"hidden\" name=\"_wpcf7\" value=\"1308\" \/>\n<input type=\"hidden\" name=\"_wpcf7_version\" value=\"5.7.7\" \/>\n<input type=\"hidden\" name=\"_wpcf7_locale\" value=\"en_US\" \/>\n<input type=\"hidden\" name=\"_wpcf7_unit_tag\" value=\"wpcf7-f1308-o1\" \/>\n<input type=\"hidden\" name=\"_wpcf7_container_post\" value=\"0\" \/>\n<input type=\"hidden\" name=\"_wpcf7_posted_data_hash\" value=\"\" \/>\n<\/div>\n<p><label>Nombre (*)<span class=\"wpcf7-form-control-wrap\" data-name=\"your-name\"><input size=\"40\" class=\"wpcf7-form-control wpcf7-text wpcf7-validates-as-required\" aria-required=\"true\" aria-invalid=\"false\" value=\"\" type=\"text\" name=\"your-name\" \/><\/span><\/label><label>Email (*)<span class=\"wpcf7-form-control-wrap\" data-name=\"your-email\"><input size=\"40\" class=\"wpcf7-form-control wpcf7-text wpcf7-email wpcf7-validates-as-required wpcf7-validates-as-email\" aria-required=\"true\" aria-invalid=\"false\" value=\"\" type=\"email\" name=\"your-email\" \/><\/span><\/label><label>Tel\u00e9fono m\u00f3vil (*)<span class=\"wpcf7-form-control-wrap\" data-name=\"your-mobile-phone\"><input size=\"40\" class=\"wpcf7-form-control wpcf7-text wpcf7-tel wpcf7-validates-as-required wpcf7-validates-as-tel\" aria-required=\"true\" aria-invalid=\"false\" value=\"\" type=\"tel\" name=\"your-mobile-phone\" \/><\/span><\/label><label>Sujeto (*)<span class=\"wpcf7-form-control-wrap\" data-name=\"your-subject\"><input size=\"40\" class=\"wpcf7-form-control wpcf7-text wpcf7-validates-as-required\" aria-required=\"true\" aria-invalid=\"false\" value=\"\" type=\"text\" name=\"your-subject\" \/><\/span><\/label><label>Mensaje (*)<span class=\"wpcf7-form-control-wrap\" data-name=\"your-message\"><textarea cols=\"40\" rows=\"4\" class=\"wpcf7-form-control wpcf7-textarea wpcf7-validates-as-required\" aria-required=\"true\" aria-invalid=\"false\" name=\"your-message\"><\/textarea><\/span> <\/label><input class=\"wpcf7-form-control has-spinner wpcf7-submit\" type=\"submit\" value=\"Enviar\" \/>\n<\/p><p style=\"display: none !important;\" class=\"akismet-fields-container\" data-prefix=\"_wpcf7_ak_\"><label>&#916;<textarea name=\"_wpcf7_ak_hp_textarea\" cols=\"45\" rows=\"8\" maxlength=\"100\"><\/textarea><\/label><input type=\"hidden\" id=\"ak_js_1\" name=\"_wpcf7_ak_js\" value=\"139\"\/><script>document.getElementById( \"ak_js_1\" ).setAttribute( \"value\", ( new Date() ).getTime() );<\/script><\/p><div class=\"wpcf7-response-output\" aria-hidden=\"true\"><\/div>\n<\/form>\n<\/div>\n\n<\/div><\/div>\n<div class=\"su-column su-column-size-3-5\"><div class=\"su-column-inner su-u-clearfix su-u-trim\">\n<div class=\"su-gmap su-u-responsive-media-yes\"><iframe width=\"600\" height=\"400\" src=\"\/\/maps.google.com\/maps?q=%E4%B8%AD%E5%9B%BD%E6%B2%B3%E5%8D%97%E7%9C%81%E9%83%91%E5%B7%9E%E5%B8%82%E9%87%91%E6%B0%B4%E5%8C%BA%E6%A0%BC%E6%8B%89%E5%A7%86%E5%9B%BD%E9%99%85%E4%B8%AD%E5%BF%83&amp;output=embed\" title=\"\"><\/iframe><\/div><\/div><\/div>\n<\/div>\n","protected":false},"excerpt":{"rendered":"<p>Oficina Oficina: No.18, Shangwu Waihuan Road, Zhengdong New District, Zhengzhou, Henan Province, P.R.China Tel.: +86 (0)371-69176282 Fax.: +86 (0)371-69176283 Email: marketing@xunyuchem.com<\/p>\n","protected":false},"author":2,"featured_media":0,"parent":0,"menu_order":5,"comment_status":"closed","ping_status":"closed","template":"","meta":[],"psp_head":"<title>Cont\u00e1ctenos para s\u00edlice pir\u00f3gena \u2013 XYSIL\u00ae S\u00edlice pir\u00f3gena - XUNYU CHEM<\/title>\r\n<meta name=\"description\" content=\"P\u00f3ngase en contacto con xunyuchem para obtener asistencia sobre s\u00edlice pir\u00f3gena por correo electr\u00f3nico, tel\u00e9fono, fax o encu\u00e9ntrenos en google map\" \/>\r\n<meta name=\"robots\" content=\"index,follow\" \/>\r\n<link rel=\"canonical\" href=\"https:\/\/fumed-silica.net\/es\/contacto\/\" \/>\r\n","_links":{"self":[{"href":"https:\/\/fumed-silica.net\/es\/wp-json\/wp\/v2\/pages\/32"}],"collection":[{"href":"https:\/\/fumed-silica.net\/es\/wp-json\/wp\/v2\/pages"}],"about":[{"href":"https:\/\/fumed-silica.net\/es\/wp-json\/wp\/v2\/types\/page"}],"author":[{"embeddable":true,"href":"https:\/\/fumed-silica.net\/es\/wp-json\/wp\/v2\/users\/2"}],"replies":[{"embeddable":true,"href":"https:\/\/fumed-silica.net\/es\/wp-json\/wp\/v2\/comments?post=32"}],"version-history":[{"count":3,"href":"https:\/\/fumed-silica.net\/es\/wp-json\/wp\/v2\/pages\/32\/revisions"}],"predecessor-version":[{"id":8052,"href":"https:\/\/fumed-silica.net\/es\/wp-json\/wp\/v2\/pages\/32\/revisions\/8052"}],"wp:attachment":[{"href":"https:\/\/fumed-silica.net\/es\/wp-json\/wp\/v2\/media?parent=32"}],"curies":[{"name":"wp","href":"https:\/\/api.w.org\/{rel}","templated":true}]}}