{"id":28,"date":"2010-08-22T02:42:59","date_gmt":"2010-08-22T02:42:59","guid":{"rendered":"https:\/\/fumed-silica.net\/en"},"modified":"2020-11-13T09:01:42","modified_gmt":"2020-11-13T09:01:42","slug":"control-de-calidad","status":"publish","type":"page","link":"https:\/\/fumed-silica.net\/es\/perfil\/control-de-calidad\/","title":{"rendered":"Control de calidad"},"content":{"rendered":"<p><img decoding=\"async\" loading=\"lazy\" src=\"https:\/\/fumed-silica.net\/es\/wp-content\/uploads\/2018\/04\/fumed-silica-lab_thumb-300x200.jpg\" alt=\"\" width=\"300\" height=\"200\" class=\"alignright size-medium wp-image-1305\" srcset=\"https:\/\/fumed-silica.net\/es\/wp-content\/uploads\/2018\/04\/fumed-silica-lab_thumb-300x200.jpg 300w, https:\/\/fumed-silica.net\/es\/wp-content\/uploads\/2018\/04\/fumed-silica-lab_thumb-272x182.jpg 272w, https:\/\/fumed-silica.net\/es\/wp-content\/uploads\/2018\/04\/fumed-silica-lab_thumb.jpg 640w\" sizes=\"(max-width: 300px) 100vw, 300px\" \/>Xunyu Chemical tiene el conjunto completo de equipos, operaci\u00f3n estandarizada del sistema de gesti\u00f3n de calidad, excelentes t\u00e9cnicos e instrumentos de inspecci\u00f3n avanzados para garantizar la alta calidad y estabilidad de nuestros productos.<\/p>\n<p>Tenemos el quemador de titanio, la torre de desacidificaci\u00f3n, el equipo de clasificaci\u00f3n del tama\u00f1o de part\u00edculas, la m\u00e1quina de envasado al vac\u00edo y presentamos el instrumento de prueba avanzado, como el analizador de \u00e1rea de superficie, el analizador de humedad y otros equipos.<\/p>\n<p>En todo el proceso de producci\u00f3n, desde el pretratamiento de la materia prima hasta la combinaci\u00f3n por una determinada escala \/ proporci\u00f3n, desde la acumulaci\u00f3n de las part\u00edculas primarias hasta la separaci\u00f3n de SiO2 y gas residual, y desacidificar el progreso, el Centro de Control siempre monitorea y registra todos los datos.<\/p>\n","protected":false},"excerpt":{"rendered":"<p>Xunyu Chemical tiene el conjunto completo de equipos, operaci\u00f3n estandarizada del sistema de gesti\u00f3n de calidad, excelentes t\u00e9cnicos e instrumentos de inspecci\u00f3n avanzados para garantizar la alta calidad y estabilidad de nuestros productos. Tenemos el quemador de titanio, la torre de desacidificaci\u00f3n, el equipo de clasificaci\u00f3n del tama\u00f1o de part\u00edculas, la m\u00e1quina de envasado al&hellip;<\/p>\n","protected":false},"author":2,"featured_media":1305,"parent":2,"menu_order":0,"comment_status":"closed","ping_status":"closed","template":"","meta":[],"psp_head":"<title>El estricto control de calidad garantiza la alta calidad de la s\u00edlice pirog\u00e9nica XYSIL\u00ae \u2013 XYSIL\u00ae S\u00edlice pir\u00f3gena - XUNYU CHEM<\/title>\r\n<meta name=\"description\" content=\"El estricto proceso de control de calidad y el conjunto completo de equipos avanzados garantizan la alta calidad de la s\u00edlice pir\u00f3gena XYSIL\u00ae\" \/>\r\n<meta name=\"robots\" content=\"index,follow\" \/>\r\n<link rel=\"canonical\" href=\"https:\/\/fumed-silica.net\/es\/perfil\/control-de-calidad\/\" \/>\r\n","_links":{"self":[{"href":"https:\/\/fumed-silica.net\/es\/wp-json\/wp\/v2\/pages\/28"}],"collection":[{"href":"https:\/\/fumed-silica.net\/es\/wp-json\/wp\/v2\/pages"}],"about":[{"href":"https:\/\/fumed-silica.net\/es\/wp-json\/wp\/v2\/types\/page"}],"author":[{"embeddable":true,"href":"https:\/\/fumed-silica.net\/es\/wp-json\/wp\/v2\/users\/2"}],"replies":[{"embeddable":true,"href":"https:\/\/fumed-silica.net\/es\/wp-json\/wp\/v2\/comments?post=28"}],"version-history":[{"count":3,"href":"https:\/\/fumed-silica.net\/es\/wp-json\/wp\/v2\/pages\/28\/revisions"}],"predecessor-version":[{"id":8036,"href":"https:\/\/fumed-silica.net\/es\/wp-json\/wp\/v2\/pages\/28\/revisions\/8036"}],"up":[{"embeddable":true,"href":"https:\/\/fumed-silica.net\/es\/wp-json\/wp\/v2\/pages\/2"}],"wp:featuredmedia":[{"embeddable":true,"href":"https:\/\/fumed-silica.net\/es\/wp-json\/wp\/v2\/media\/1305"}],"wp:attachment":[{"href":"https:\/\/fumed-silica.net\/es\/wp-json\/wp\/v2\/media?parent=28"}],"curies":[{"name":"wp","href":"https:\/\/api.w.org\/{rel}","templated":true}]}}