{"id":25,"date":"2010-08-22T02:42:15","date_gmt":"2010-08-22T02:42:15","guid":{"rendered":"https:\/\/fumed-silica.net\/en"},"modified":"2020-11-13T09:18:18","modified_gmt":"2020-11-13T09:18:18","slug":"tecnica","status":"publish","type":"page","link":"https:\/\/fumed-silica.net\/es\/perfil\/tecnica\/","title":{"rendered":"T\u00e9cnica"},"content":{"rendered":"<p>Xunyu Chemical presenta la t\u00e9cnica de fabricaci\u00f3n en fase gaseosa, que incluye siete cursos: Pretratamiento de materia prima, Agregado, Mezcla, Separaci\u00f3n Gas-S\u00f3lidos, Desacidificaci\u00f3n, Empaque, Tratamiento de gases residuales.<\/p>\n<p><img decoding=\"async\" loading=\"lazy\" src=\"\/wp-content\/uploads\/2010\/08\/process-flow.jpg\" alt=\"Proceso de producci\u00f3n de s\u00edlice ahumado\"  width=\"520\" height=\"161\" class=\"alignright size-full wp-image-55\" \/><\/p>\n<p>Al hidrolizar SiCl4 (un subproducto en la producci\u00f3n de polisilicio) en llama de oxihidr\u00f3geno a alta temperatura, obtenemos las part\u00edculas primarias, una part\u00edcula de 7-40 nm. Las part\u00edculas primarias del aglomerado medidas por micra, despu\u00e9s de haber sido acumuladas y colisionadas, y luego, el aglomerado y el gas residual producido en la producci\u00f3n de part\u00edculas primarias a alta temperatura, pasan al separador de alta eficiencia, que se denomina gas-s\u00f3lido. separaci\u00f3n. Luego, el SiO2 de la parte inferior del Separador de alta eficiencia ingresa a la Torre de desacidificaci\u00f3n para desacidificar, luego de eso, los productos ingresan al contenedor de almacenamiento para ser empaquetados. El gas residual de la parte superior del separador de alta eficiencia vuelve a entrar en el sistema de tratamiento de gas de cola. El gas no contaminado pasa directamente al aire.<\/p>\n<p><strong>La ecuaci\u00f3n qu\u00edmica de la siguiente manera<\/strong>: 2H<sub>2<\/sub> + O<sub>2<\/sub> + SiCl<sub>4<\/sub> \u2192 SiO<sub>2<\/sub> + 4HCl<\/p>\n","protected":false},"excerpt":{"rendered":"<p>Xunyu Chemical presenta la t\u00e9cnica de fabricaci\u00f3n en fase gaseosa, que incluye siete cursos: Pretratamiento de materia prima, Agregado, Mezcla, Separaci\u00f3n Gas-S\u00f3lidos, Desacidificaci\u00f3n, Empaque, Tratamiento de gases residuales. Al hidrolizar SiCl4 (un subproducto en la producci\u00f3n de polisilicio) en llama de oxihidr\u00f3geno a alta temperatura, obtenemos las part\u00edculas primarias, una part\u00edcula de 7-40 nm. Las&hellip;<\/p>\n","protected":false},"author":2,"featured_media":0,"parent":2,"menu_order":0,"comment_status":"closed","ping_status":"closed","template":"","meta":[],"psp_head":"<title>Proceso t\u00e9cnico de producci\u00f3n de s\u00edlice pirog\u00e9nica XYSIL\u00ae \u2013 XYSIL\u00ae S\u00edlice pir\u00f3gena - XUNYU CHEM<\/title>\r\n<meta name=\"description\" content=\"Proceso de t\u00e9cnica general de producci\u00f3n de s\u00edlice pirog\u00e9nica XYSIL\u00ae\" \/>\r\n<meta name=\"robots\" content=\"index,follow\" \/>\r\n<link rel=\"canonical\" href=\"https:\/\/fumed-silica.net\/es\/perfil\/tecnica\/\" \/>\r\n","_links":{"self":[{"href":"https:\/\/fumed-silica.net\/es\/wp-json\/wp\/v2\/pages\/25"}],"collection":[{"href":"https:\/\/fumed-silica.net\/es\/wp-json\/wp\/v2\/pages"}],"about":[{"href":"https:\/\/fumed-silica.net\/es\/wp-json\/wp\/v2\/types\/page"}],"author":[{"embeddable":true,"href":"https:\/\/fumed-silica.net\/es\/wp-json\/wp\/v2\/users\/2"}],"replies":[{"embeddable":true,"href":"https:\/\/fumed-silica.net\/es\/wp-json\/wp\/v2\/comments?post=25"}],"version-history":[{"count":3,"href":"https:\/\/fumed-silica.net\/es\/wp-json\/wp\/v2\/pages\/25\/revisions"}],"predecessor-version":[{"id":8048,"href":"https:\/\/fumed-silica.net\/es\/wp-json\/wp\/v2\/pages\/25\/revisions\/8048"}],"up":[{"embeddable":true,"href":"https:\/\/fumed-silica.net\/es\/wp-json\/wp\/v2\/pages\/2"}],"wp:attachment":[{"href":"https:\/\/fumed-silica.net\/es\/wp-json\/wp\/v2\/media?parent=25"}],"curies":[{"name":"wp","href":"https:\/\/api.w.org\/{rel}","templated":true}]}}