{"id":21,"date":"2010-08-22T02:40:52","date_gmt":"2010-08-22T02:40:52","guid":{"rendered":"https:\/\/fumed-silica.net\/en"},"modified":"2020-11-12T10:02:06","modified_gmt":"2020-11-12T10:02:06","slug":"aplicaciones","status":"publish","type":"page","link":"https:\/\/fumed-silica.net\/es\/aplicaciones\/","title":{"rendered":"Aplicaciones"},"content":{"rendered":"<p>XYSIL, una s\u00edlice pirog\u00e9nica (ahumada) amorfa sint\u00e9tica, se aplica como agente espesante y tixotr\u00f3pico en muchos sistemas org\u00e1nicos, p. en Poli\u00e9steres Insaturados, Recubrimientos, Pintura, Tintas de Impresi\u00f3n, Adhesivos, Selladores y otros. Se utiliza como relleno de refuerzo en elast\u00f3meros, principalmente silicona RTV y silicona HTV. Act\u00faa como aditivo de flujo libre en la producci\u00f3n de polvos t\u00e9cnicos.<\/p>\n<p>La s\u00edlice pir\u00f3gena XYSIL se puede utilizar en diferentes aplicaciones y puede reemplazar los productos hidr\u00f3filos de Aerosil y Cabosil en algunos campos. Para obtener m\u00e1s detalles, comun\u00edquese con nosotros o descargue <a href=\"https:\/\/fumed-silica.net\/es\/downloads\/XYSIL-Fumed -Silica-Application-And-Selection-Guide_rev01.pdf \"target=\"_blank\"rel=\"noopener noreferrer\"> Gu\u00eda de selecci\u00f3n y aplicaci\u00f3n de s\u00edlice pirog\u00e9nica XYSIL(ingl\u00e9s) <\/a><\/p>\n<h3> Funciones <\/h3>\n<div class=\"su-row\">\n<div class=\"su-column su-column-size-3-5\"><div class=\"su-column-inner su-u-clearfix su-u-trim\">\n<ul>\n<li>Refuerzo<\/li>\n<li>Facilidad de composici\u00f3n<\/li>\n<li>Resistencia al alargamiento<\/li>\n<li>Tixotrop\u00eda<\/li>\n<li>Dispersabilidad<\/li>\n<li>Control de reolog\u00eda<\/li>\n<li>Goma de silicona HTV<\/li>\n<li>Engrosamiento<\/li>\n<li>Anti-sedimentaci\u00f3n<\/li>\n<li>Flujo libre<\/li>\n<li>Aislamiento t\u00e9rmico y ac\u00fastico<\/li>\n<li>Antideslizante<\/li>\n<li>Estabilidad t\u00e9rmica<\/li>\n<\/ul>\n<\/div><\/div>\n<div class=\"su-column su-column-size-2-5\"><div class=\"su-column-inner su-u-clearfix su-u-trim\">\n<img decoding=\"async\" loading=\"lazy\" src=\"\/es\/wp-content\/uploads\/2020\/10\/xysil-fumed-silica-powder_11.jpg\" alt=\"\" width=\"800\" height=\"533\" class=\"alignleft size-full wp-image-7442\" srcset=\"https:\/\/fumed-silica.net\/es\/wp-content\/uploads\/2020\/10\/xysil-fumed-silica-powder_11.jpg 800w, https:\/\/fumed-silica.net\/es\/wp-content\/uploads\/2020\/10\/xysil-fumed-silica-powder_11-300x200.jpg 300w, https:\/\/fumed-silica.net\/es\/wp-content\/uploads\/2020\/10\/xysil-fumed-silica-powder_11-768x512.jpg 768w, https:\/\/fumed-silica.net\/es\/wp-content\/uploads\/2020\/10\/xysil-fumed-silica-powder_11-500x333.jpg 500w, https:\/\/fumed-silica.net\/es\/wp-content\/uploads\/2020\/10\/xysil-fumed-silica-powder_11-272x182.jpg 272w\" sizes=\"(max-width: 800px) 100vw, 800px\" \/><br \/>\n<\/div><\/div>\n<\/div>\n<hr>\n<h3> Aplicaciones <\/h3>\n<div class=\"su-row\">\n<div class=\"su-column su-column-size-3-5\"><div class=\"su-column-inner su-u-clearfix su-u-trim\">\n<ul>\n<li>Pinturas y tintas de revestimiento e impresi\u00f3n<\/li>\n<li>Resinas de poli\u00e9ster insaturadas<\/li>\n<li>Goma de silicona HTV<\/li>\n<li>Goma de silicona l\u00edquida<\/li>\n<li>Sellador de silicona RTV<\/li>\n<li>Adhesivo, p. ej. pegamento instant\u00e1neo y adhesivos termofusibles<\/li>\n<li>Toners para fotocopiadoras<\/li>\n<li>Material de aislamiento t\u00e9rmico<\/li>\n<li>Panel de aislamiento al vac\u00edo<\/li>\n<li>Aislante el\u00e9ctrico<\/li>\n<li>Bater\u00eda de almacenamiento<\/li>\n<li>Compuestos de cables<\/li>\n<li>Productos qu\u00edmicos agr\u00edcolas<\/li>\n<li>Pulido mec\u00e1nico<\/li>\n<li>Productos farmac\u00e9uticos<\/li>\n<li>Cosm\u00e9tico<\/li>\n<li>Alimentos<\/li>\n<\/ul>\n<\/div><\/div>\n<div class=\"su-column su-column-size-2-5\"><div class=\"su-column-inner su-u-clearfix su-u-trim\">\n<img decoding=\"async\" loading=\"lazy\" src=\"\/es\/wp-content\/uploads\/2018\/07\/applications.jpg\" alt=\"\" width=\"600\" height=\"600\" class=\"alignleft size-full wp-image-1886\" srcset=\"https:\/\/fumed-silica.net\/es\/wp-content\/uploads\/2018\/07\/applications.jpg 2000w, https:\/\/fumed-silica.net\/es\/wp-content\/uploads\/2018\/07\/applications-150x150.jpg 150w, https:\/\/fumed-silica.net\/es\/wp-content\/uploads\/2018\/07\/applications-300x300.jpg 300w, https:\/\/fumed-silica.net\/es\/wp-content\/uploads\/2018\/07\/applications-768x768.jpg 768w, https:\/\/fumed-silica.net\/es\/wp-content\/uploads\/2018\/07\/applications-1024x1024.jpg 1024w, https:\/\/fumed-silica.net\/es\/wp-content\/uploads\/2018\/07\/applications-500x500.jpg 500w\" sizes=\"(max-width: 600px) 100vw, 600px\" \/><br \/>\n<\/div><\/div>\n<\/div>\n<hr>\n<p>En nuestro centro de investigaci\u00f3n, la t\u00e9cnica siempre mejora la calidad y explora nuevas caracter\u00edsticas para las diferentes \u00e1reas de aplicaci\u00f3n. La s\u00edlice pirog\u00e9nica XYSIL\u00ae muestra funciones m\u00e1s excelentes en tantos campos de aplicaci\u00f3n, pero estamos seguros de que muchas funciones se encuentran en otras tierras incognitas.<\/p>\n","protected":false},"excerpt":{"rendered":"<p>XYSIL, una s\u00edlice pirog\u00e9nica (ahumada) amorfa sint\u00e9tica, se aplica como agente espesante y tixotr\u00f3pico en muchos sistemas org\u00e1nicos, p. en Poli\u00e9steres Insaturados, Recubrimientos, Pintura, Tintas de Impresi\u00f3n, Adhesivos, Selladores y otros. Se utiliza como relleno de refuerzo en elast\u00f3meros, principalmente silicona RTV y silicona HTV. Act\u00faa como aditivo de flujo libre en la producci\u00f3n de&hellip;<\/p>\n","protected":false},"author":2,"featured_media":0,"parent":0,"menu_order":4,"comment_status":"closed","ping_status":"closed","template":"","meta":[],"psp_head":"<title>Caracter\u00edsticas y aplicaciones de la s\u00edlice pirog\u00e9nica \u2013 XYSIL\u00ae S\u00edlice pir\u00f3gena - XUNYU CHEM<\/title>\r\n<meta name=\"description\" content=\"La s\u00edlice pir\u00f3gena XYSIL se puede utilizar en diferentes aplicaciones y puede reemplazar los productos hidr\u00f3filos de aerosil y cabosil en algunos campos\" \/>\r\n<meta name=\"robots\" content=\"index,follow\" \/>\r\n<link rel=\"canonical\" href=\"https:\/\/fumed-silica.net\/es\/aplicaciones\/\" \/>\r\n","_links":{"self":[{"href":"https:\/\/fumed-silica.net\/es\/wp-json\/wp\/v2\/pages\/21"}],"collection":[{"href":"https:\/\/fumed-silica.net\/es\/wp-json\/wp\/v2\/pages"}],"about":[{"href":"https:\/\/fumed-silica.net\/es\/wp-json\/wp\/v2\/types\/page"}],"author":[{"embeddable":true,"href":"https:\/\/fumed-silica.net\/es\/wp-json\/wp\/v2\/users\/2"}],"replies":[{"embeddable":true,"href":"https:\/\/fumed-silica.net\/es\/wp-json\/wp\/v2\/comments?post=21"}],"version-history":[{"count":3,"href":"https:\/\/fumed-silica.net\/es\/wp-json\/wp\/v2\/pages\/21\/revisions"}],"predecessor-version":[{"id":7976,"href":"https:\/\/fumed-silica.net\/es\/wp-json\/wp\/v2\/pages\/21\/revisions\/7976"}],"wp:attachment":[{"href":"https:\/\/fumed-silica.net\/es\/wp-json\/wp\/v2\/media?parent=21"}],"curies":[{"name":"wp","href":"https:\/\/api.w.org\/{rel}","templated":true}]}}