{"id":2,"date":"2010-02-15T18:43:48","date_gmt":"2010-02-15T18:43:48","guid":{"rendered":"https:\/\/fumed-silica.net\/global\/?page_id=2"},"modified":"2020-11-13T08:54:55","modified_gmt":"2020-11-13T08:54:55","slug":"perfil","status":"publish","type":"page","link":"https:\/\/fumed-silica.net\/es\/perfil\/","title":{"rendered":"Perfil de la Compa"},"content":{"rendered":"<p><strong> Henan Xunyu Chemical Co., Ltd. <\/strong> es una empresa de alta tecnolog\u00eda dedicada a la investigaci\u00f3n, fabricaci\u00f3n y comercializaci\u00f3n de s\u00edlice pir\u00f3gena. Incorporamos t\u00e9cnicas de fabricaci\u00f3n avanzadas y tenemos un sistema de producci\u00f3n completo, equipos de laboratorio de primera clase y productos redondeados. Con el esfuerzo constante de todo el personal, ahora Xunyu ya ha sido el proveedor famoso en China, y ofrece s\u00edlice pir\u00f3gena a Europa, Am\u00e9rica, India, Medio Oriente y otros pa\u00edses \/ regiones, y gana una reputaci\u00f3n en el mercado internacional.<\/p>\n<p>El producto principal es la s\u00edlice ahumada hidr\u00f3fila, y la capacidad anual es de 6.000 Mt. El modelo principal de s\u00edlice de pir\u00f3lisis hidr\u00f3fila es XYSIL150, XYSIL200, XYSIL300 y XYSIL380, y la s\u00edlice de pir\u00f3lisis hidr\u00f3foba es XYSIL R120, XYSIL R170 y XYSIL R200. Estos productos son de alta calidad a un precio muy competitivo, que puede ser el reemplazo de algunos productos famosos. La s\u00edlice pir\u00f3gena XYSIL se usa ampliamente en industrias qu\u00edmicas como caucho de silicona, revestimientos y resinas, etc. Adem\u00e1s, Xunyu Chemical tiene un equipo de trabajo t\u00e9cnico en la investigaci\u00f3n y desarrollo de nuevos productos y las aplicaciones de productos, brindando soporte completo en Campos de aplicaci\u00f3n.<\/p>\n<p>El m\u00e9todo de fase de vapor que usamos es avanzado y la tecnolog\u00eda de producci\u00f3n est\u00e1 madura; todo el sistema de producci\u00f3n est\u00e1 avanzado con monitoreo de datos digitales a trav\u00e9s de la l\u00ednea de producci\u00f3n. Este perfecto sistema de control de calidad asegura la estabilidad de la calidad del producto.<\/p>\n<p>Todas las cosas en Xunyu Chemical tienen el principio de \u00abDebemos practicar lo que prometemos; practicar solo lo que es bueno\u00bb, proporcionando constantemente productos de alta calidad y un servicio completo para satisfacer las diferentes necesidades de los clientes de todo el mundo.<\/p>\n<p>Bienvenidos, todos los clientes a visitar y cooperar, y anhelamos cooperar con otras organizaciones de I + D para mejorar los productos, descubrir nuevas aplicaciones y algunas otras investigaciones.<\/p>\n","protected":false},"excerpt":{"rendered":"<p>Henan Xunyu Chemical Co., Ltd. es una empresa de alta tecnolog\u00eda dedicada a la investigaci\u00f3n, fabricaci\u00f3n y comercializaci\u00f3n de s\u00edlice pir\u00f3gena. Incorporamos t\u00e9cnicas de fabricaci\u00f3n avanzadas y tenemos un sistema de producci\u00f3n completo, equipos de laboratorio de primera clase y productos redondeados. Con el esfuerzo constante de todo el personal, ahora Xunyu ya ha sido&hellip;<\/p>\n","protected":false},"author":2,"featured_media":0,"parent":0,"menu_order":4,"comment_status":"closed","ping_status":"closed","template":"page-templates\/full-width.php","meta":[],"psp_head":"<title>Perfil de la Compa \u2013 XYSIL\u00ae S\u00edlice pir\u00f3gena - XUNYU CHEM<\/title>\r\n<meta name=\"description\" content=\"Henan Xunyu Chemical Co., Ltd. es una empresa de alta tecnolog\u00eda dedicada a la investigaci\u00f3n, fabricaci\u00f3n y comercializaci\u00f3n de s\u00edlice pir\u00f3gena. Incorporamos t\u00e9cnicas de fabricaci\u00f3n avanzadas y tenemos un sistema de producci\u00f3n completo, equipos de laboratorio de primera clase y productos redondeados.\" \/>\r\n<meta name=\"robots\" content=\"index,follow\" \/>\r\n<link rel=\"canonical\" href=\"https:\/\/fumed-silica.net\/es\/perfil\/\" \/>\r\n","_links":{"self":[{"href":"https:\/\/fumed-silica.net\/es\/wp-json\/wp\/v2\/pages\/2"}],"collection":[{"href":"https:\/\/fumed-silica.net\/es\/wp-json\/wp\/v2\/pages"}],"about":[{"href":"https:\/\/fumed-silica.net\/es\/wp-json\/wp\/v2\/types\/page"}],"author":[{"embeddable":true,"href":"https:\/\/fumed-silica.net\/es\/wp-json\/wp\/v2\/users\/2"}],"replies":[{"embeddable":true,"href":"https:\/\/fumed-silica.net\/es\/wp-json\/wp\/v2\/comments?post=2"}],"version-history":[{"count":4,"href":"https:\/\/fumed-silica.net\/es\/wp-json\/wp\/v2\/pages\/2\/revisions"}],"predecessor-version":[{"id":8031,"href":"https:\/\/fumed-silica.net\/es\/wp-json\/wp\/v2\/pages\/2\/revisions\/8031"}],"wp:attachment":[{"href":"https:\/\/fumed-silica.net\/es\/wp-json\/wp\/v2\/media?parent=2"}],"curies":[{"name":"wp","href":"https:\/\/api.w.org\/{rel}","templated":true}]}}