{"id":19,"date":"2010-08-22T02:40:10","date_gmt":"2010-08-22T02:40:10","guid":{"rendered":"https:\/\/fumed-silica.net\/en"},"modified":"2020-11-12T09:33:06","modified_gmt":"2020-11-12T09:33:06","slug":"almacenamiento-y-transporte","status":"publish","type":"page","link":"https:\/\/fumed-silica.net\/es\/productos\/almacenamiento-y-transporte\/","title":{"rendered":"Almacenamiento y transporte"},"content":{"rendered":"<h2> Almacenamiento de s\u00edlice pir\u00f3gena <\/h2>\n<div class=\"su-row\">\n<div class=\"su-column su-column-size-1-2\"><div class=\"su-column-inner su-u-clearfix su-u-trim\">\n<ul>\n<li> El gran volumen requiere un almac\u00e9n espec\u00edfico. <\/li>\n<li> Requiere ventilaci\u00f3n seca y excelente. <\/li>\n<li> Mantenga el paquete completo antes de usarlo. <\/li>\n<\/ul>\n<\/div><\/div>\n<div class=\"su-column su-column-size-1-2\"><div class=\"su-column-inner su-u-clearfix su-u-trim\"><a href=\"\/es\/warehouse-gallery\/\" title=\"enter the fumed silica gallery to have a direct impression of storage\"> <img decoding=\"async\" loading=\"lazy\" src=\"\/es\/wp-content\/uploads\/2010\/08\/pallets-in-warehouse-300x226.jpg\" alt=\"XYSIL fumed silica pallets in warehouse\" width=\"300\" height=\"226\" class=\"aligncenter size-medium wp-image-824\" srcset=\"https:\/\/fumed-silica.net\/es\/wp-content\/uploads\/2010\/08\/pallets-in-warehouse-300x226.jpg 300w, https:\/\/fumed-silica.net\/es\/wp-content\/uploads\/2010\/08\/pallets-in-warehouse-1024x773.jpg 1024w\" sizes=\"(max-width: 300px) 100vw, 300px\" \/><\/a><br \/>\n<\/div><\/div>\n<\/div>\n<h2> Embalaje de 10 KG <\/h2>\n<div class=\"su-row\">\n<div class=\"su-column su-column-size-1-2\"><div class=\"su-column-inner su-u-clearfix su-u-trim\">\nEmbalaje: envasado al vac\u00edo, con papel kraft de m\u00faltiples capas, 10KG \/ bolsa.<\/p>\n<p><strong> Transporte <\/strong><\/p>\n<ul>\n<li> Transporte terrestre (para uso dom\u00e9stico): producto de 10 capas \/ palet, 200Kg \/ palet; la cantidad m\u00ednima de entrega es de 3Mt. <\/li>\n<li> Por mar:\n<ol>\n<li> 20&#8217;GP: 1.8 toneladas, 10 paletas, 180 kg \/ paleta <\/li>\n<li> 40&#8217;GP: 3.6 toneladas, 20 paletas, 180 kg \/ paleta <\/li>\n<li> 40&#8217;HQ: 4.0 toneladas, 20 paletas, 200 kg \/ paleta <\/li>\n<\/ol>\n<\/li>\n<\/ul>\n<p>* La cantidad m\u00ednima sugerida para la entrega es de 1.8Mt para pedidos por lotes<br \/>\n<\/div><\/div>\n<div class=\"su-column su-column-size-1-2\"><div class=\"su-column-inner su-u-clearfix su-u-trim\">\n<a href=\"\/es\/delivery-gallery\/\"><img decoding=\"async\" loading=\"lazy\" src=\"\/es\/wp-content\/uploads\/2018\/04\/Fumed-Silica-Transport-06-300x225.jpg\" alt=\"\" width=\"300\" height=\"225\" class=\"aligncenter size-medium wp-image-1459\" srcset=\"https:\/\/fumed-silica.net\/es\/wp-content\/uploads\/2018\/04\/Fumed-Silica-Transport-06-300x225.jpg 300w, https:\/\/fumed-silica.net\/es\/wp-content\/uploads\/2018\/04\/Fumed-Silica-Transport-06-500x375.jpg 500w, https:\/\/fumed-silica.net\/es\/wp-content\/uploads\/2018\/04\/Fumed-Silica-Transport-06.jpg 720w\" sizes=\"(max-width: 300px) 100vw, 300px\" \/><\/a><br \/>\n<\/div><\/div>\n<\/div>\n<h2> Saco a granel de 150 KG <\/h2>\n<div class=\"su-row\">\n<div class=\"su-column su-column-size-1-2\"><div class=\"su-column-inner su-u-clearfix su-u-trim\">\nA partir de 2016, presentamos una nueva l\u00ednea de envasado y podemos envasar 150 KG de s\u00edlice pir\u00f3gena en una bolsa. Hay un conjunto de descarga en el fondo que permite descargar la cantidad a granel de s\u00edlice pir\u00f3gena en poco tiempo.<\/p>\n<ul>\n<li> TAMA\u00d1O: 1050 * 1050 * 2500 mm \/ 41.34 * 41.34 * 98.43 pulgadas <\/li>\n<li> Capacidad: 150 kg \/ 330,69 libras por bolsa, 1 bolsa por paleta <\/li>\n<li> En contenedor: 20 tarimas (3Mt) cada 40&#8217;HQ <\/li>\n<li> Descarga entera: \u00d8 500 mm (19,69 pulgadas) <\/li>\n<\/ul>\n<\/div><\/div>\n<div class=\"su-column su-column-size-1-2\"><div class=\"su-column-inner su-u-clearfix su-u-trim\">\n<figure id=\"attachment_936\" aria-describedby=\"caption-attachment-936\" style=\"width: 294px\" class=\"wp-caption aligncenter\"><img decoding=\"async\" loading=\"lazy\" src=\"\/es\/wp-content\/uploads\/2010\/08\/fumed-silica-150kg-bag-294x300.jpg\" alt=\"s\u00edlice pir\u00f3gena en bolsa de 150kg\" width=\"294\" height=\"300\" class=\"size-medium wp-image-936\" srcset=\"https:\/\/fumed-silica.net\/es\/wp-content\/uploads\/2010\/08\/fumed-silica-150kg-bag-294x300.jpg 294w, https:\/\/fumed-silica.net\/es\/wp-content\/uploads\/2010\/08\/fumed-silica-150kg-bag-768x782.jpg 768w, https:\/\/fumed-silica.net\/es\/wp-content\/uploads\/2010\/08\/fumed-silica-150kg-bag.jpg 800w\" sizes=\"(max-width: 294px) 100vw, 294px\" \/><figcaption id=\"caption-attachment-936\" class=\"wp-caption-text\">s\u00edlice pir\u00f3gena en la bolsa (capacidad 150 kg)<\/figcaption><\/figure>\n<\/div><\/div>\n<\/div>\n<p>M\u00e1s detalles sobre el embalaje y el transporte, por favor  <a href=\"\/es\/contact_us\/\">cont\u00e1ctenos<\/a>.<\/p>\n","protected":false},"excerpt":{"rendered":"<p>Almacenamiento de s\u00edlice pir\u00f3gena Embalaje de 10 KG Saco a granel de 150 KG M\u00e1s detalles sobre el embalaje y el transporte, por favor cont\u00e1ctenos.<\/p>\n","protected":false},"author":2,"featured_media":0,"parent":11,"menu_order":5,"comment_status":"closed","ping_status":"closed","template":"","meta":[],"psp_head":"<title>Embalaje, almacenamiento y transporte de s\u00edlice pirog\u00e9nica XYSIL \u2013 XYSIL\u00ae S\u00edlice pir\u00f3gena - XUNYU CHEM<\/title>\r\n<meta name=\"description\" content=\"detalles sobre el paquete, almacenamiento y transporte del producto de s\u00edlice pirog\u00e9nica XYSIL\" \/>\r\n<meta name=\"robots\" content=\"index,follow\" \/>\r\n<link rel=\"canonical\" href=\"https:\/\/fumed-silica.net\/es\/productos\/almacenamiento-y-transporte\/\" \/>\r\n","_links":{"self":[{"href":"https:\/\/fumed-silica.net\/es\/wp-json\/wp\/v2\/pages\/19"}],"collection":[{"href":"https:\/\/fumed-silica.net\/es\/wp-json\/wp\/v2\/pages"}],"about":[{"href":"https:\/\/fumed-silica.net\/es\/wp-json\/wp\/v2\/types\/page"}],"author":[{"embeddable":true,"href":"https:\/\/fumed-silica.net\/es\/wp-json\/wp\/v2\/users\/2"}],"replies":[{"embeddable":true,"href":"https:\/\/fumed-silica.net\/es\/wp-json\/wp\/v2\/comments?post=19"}],"version-history":[{"count":2,"href":"https:\/\/fumed-silica.net\/es\/wp-json\/wp\/v2\/pages\/19\/revisions"}],"predecessor-version":[{"id":7969,"href":"https:\/\/fumed-silica.net\/es\/wp-json\/wp\/v2\/pages\/19\/revisions\/7969"}],"up":[{"embeddable":true,"href":"https:\/\/fumed-silica.net\/es\/wp-json\/wp\/v2\/pages\/11"}],"wp:attachment":[{"href":"https:\/\/fumed-silica.net\/es\/wp-json\/wp\/v2\/media?parent=19"}],"curies":[{"name":"wp","href":"https:\/\/api.w.org\/{rel}","templated":true}]}}