{"id":17,"date":"2010-08-22T02:38:57","date_gmt":"2010-08-22T02:38:57","guid":{"rendered":"https:\/\/fumed-silica.net\/en"},"modified":"2020-11-09T09:16:03","modified_gmt":"2020-11-09T09:16:03","slug":"silice-pirogena-hidrofila","status":"publish","type":"page","link":"https:\/\/fumed-silica.net\/es\/productos\/silice-pirogena-hidrofila\/","title":{"rendered":"S\u00edlice Pir\u00f3gena Hidr\u00f3fila"},"content":{"rendered":"<p>XYSIL <sup> \u00ae <\/sup> <strong> s\u00edlice de pir\u00f3lisis <\/strong> hidr\u00f3fila producida por Henan Xunyu Chemical es s\u00edlice de pir\u00f3lisis amorfa sint\u00e9tica con un \u00e1rea de superficie BET de 150 a 380 m2\/g.<br \/>\nLa s\u00edlice pirog\u00e9nica XYSIL <sup> \u00ae <\/sup> se produce por llama sin tratamiento superficial. Nuestros productos se clasifican en cuatro grados principalmente seg\u00fan el \u00e1rea de superficie BET: XYSIL150, XYSIL200, XYSIL300 y XYSIL380.<\/p>\n<p>Elija los productos adecuados de acuerdo con <a href = \"https:\/\/fumed-silica.net\/es\/downloads\/XYSIL-Fumed-Silica-Application-And-Selection-Guide_rev01.pdf\" title = \"una breve direcci\u00f3n de c\u00f3mo seleccionar S\u00edlice pirog\u00e9nica XYSIL para su producto, incluida la aplicaci\u00f3n, los criterios de rendimiento primarios, sugerir grado y sugerir adici\u00f3n \"target =\" _ blank \"rel =\" noopener noreferrer \"> Gu\u00eda de selecci\u00f3n y aplicaci\u00f3n de s\u00edlice pirog\u00e9nica XYSIL <\/a><\/p>\n<h3>Especificaciones de la s\u00edlice pir\u00f3gena hidr\u00f3fila:<\/h3>\n<ul>\n<li> N\u00famero CAS: 112945-52-5 <\/li>\n<li> Nombre qu\u00edmico: di\u00f3xido de silicio, s\u00edlice pirog\u00e9nica, s\u00edlice pirog\u00e9nica, SiO2 pirog\u00e9nico <\/li>\n<li> F\u00f3rmula qu\u00edmica: SiO2 <\/li>\n<li> C\u00f3digo HS: 28112200 <\/li>\n<li> Aspecto: polvo s\u00f3lido blanco <\/li>\n<\/ul>\n<table id=\"fumedsilica\"  class=\"display nowrap\" style=\"width:100%\">\n<thead>\n<tr>\n<th> Grados <\/th>\n<th> Superficie APUESTA [m2 \/ g] <\/th>\n<th> P\u00e9rdida por desecaci\u00f3n [%] <\/th>\n<th> valor de pH <\/th>\n<\/tr>\n<\/thead>\n<tbody>\n<tr>\n<td> <a href=\"\/es\/productos\/silice-pirogena-hidrofila\/xysil-150\/\" rel=\"noopener noreferrer\" target=\"_blank\">XYSIL150<\/a> <\/td>\n<td> 150 \u00b1 25 <\/td>\n<td> &lt; 1.5 <\/td>\n<td> 3.8 \u2013 4.5 <\/td>\n<\/tr>\n<tr>\n<td> <a href=\"\/es\/productos\/silice-pirogena-hidrofila\/xysil-200\/\" rel=\"noopener noreferrer\" target=\"_blank\">XYSIL200<\/a> <\/td>\n<td> 200 \u00b1 25 <\/td>\n<td> &lt; 1.5 <\/td>\n<td> 3.8 \u2013 4.5 <\/td>\n<\/tr>\n<tr>\n<td> <a href=\"\/es\/productos\/silice-pirogena-hidrofila\/xysil-300\/\" rel=\"noopener noreferrer\" target=\"_blank\">XYSIL300<\/a> <\/td>\n<td> 300 \u00b1 25 <\/td>\n<td> &lt; 1.5 <\/td>\n<td> 3.8 \u2013 4.5 <\/td>\n<\/tr>\n<tr>\n<td> <a href=\"\/es\/productos\/silice-pirogena-hidrofila\/xysil-380\/\" rel=\"noopener noreferrer\" target=\"_blank\">XYSIL380<\/a> <\/td>\n<td> 380 \u00b1 25 <\/td>\n<td> &lt; 2.0 <\/td>\n<td> 3.8 \u2013 4.5 <\/td>\n<\/tr>\n<tr>\n<td> XYSIL200P <\/td>\n<td> 200 \u00b1 25 <\/td>\n<td> &lt; 1.5 <\/td>\n<td> 3.8 \u2013 4.5 <\/td>\n<\/tr>\n<tr>\n<td> XYSIL300P <\/td>\n<td> 300 \u00b1 25 <\/td>\n<td> &lt; 1.5 <\/td>\n<td> 3.8 \u2013 4.5 <\/td>\n<\/tr>\n<tr>\n<td> XYSIL200LS <\/td>\n<td> 220 \u00b1 25 <\/td>\n<td> &lt; 1.5 <\/td>\n<td> 3.8 \u2013 4.5 <\/td>\n<\/tr>\n<\/tbody>\n<\/table>\n<p><script type=\"text\/javascript\">jQuery(document).ready(function () { jQuery('#fumedsilica').DataTable({\nsearching: false,\nresponsive: true,\npaging: false,\nbInfo : false,\n                columnDefs: [{\n                        responsivePriority: 0,\n                        targets: 0\n                    },\n                    {\n                        responsivePriority: 0,\n                        targets: 1\n                    }\n                ],\n}); });<\/script><\/p>\n<h3>TDS &#038; MSDS<\/h3>\n<ul>\n<li>Material Safety Data Sheet (MSDS): <a href=\"\/downloads\/MSDS-hydrophilic-fumed-silica_xunyuchem.pdf\" \/es\/products\/silice-pirogena-hidrofila\/>MSDS Download<\/a><\/li>\n<li>Technical Data Sheet (TDS): <a href=\"\/downloads\/TDS-XYSIL150_rev06-Xunyu-Fumed-Silica.pdf\" \/es\/products\/silice-pirogena-hidrofila\/>XYSIL150<\/a>, <a href=\"\/downloads\/TDS-XYSIL200_rev06-Xunyu-Fumed-Silica.pdf\" \/es\/products\/silice-pirogena-hidrofila\/>XYSIL200<\/a>, <a href=\"\/downloads\/TDS-XYSIL200LS_rev06-Xunyu-Fumed-Silica.pdf\" \/es\/products\/silice-pirogena-hidrofila\/>XYSIL200LS<\/a>, <a href=\"\/downloads\/TDS-XYSIL300_rev06-Xunyu-Fumed-Silica.pdf\" \/es\/products\/silice-pirogena-hidrofila\/>XYSIL300<\/a>, <a href=\"\/downloads\/TDS-XYSIL380_rev06-Xunyu-Fumed-Silica.pdf\" \/es\/products\/silice-pirogena-hidrofila\/>XYSIL380<\/a><\/li>\n<\/ul>\n<p>Adem\u00e1s, puede obtener m\u00e1s informaci\u00f3n sobre la <strong> s\u00edlice pir\u00f3gena <\/strong> en el centro de servicio, <a href=\"\/support-center\/\" \/es\/products\/silice-pirogena-hidrofila\/>Centro de servicio<\/a>; si hay alg\u00fan documento no disponible, por favor <a href=\"\/contact-us\" \/es\/products\/silice-pirogena-hidrofila\/>contactar<\/a><\/p>\n<h3>Fumed Silica Gallery<\/h3>\n<p>En la p\u00e1gina de la galer\u00eda, puede ver directamente las diferentes im\u00e1genes en el embalaje de la s\u00edlice pir\u00f3gena, las condiciones de transporte y de muestra, etc.<br \/>\n<a href=\"\/es\/factory-gallery\/\" >Galer\u00eda de s\u00edlice pir\u00f3gena XYSIL<\/a>.<\/p>\n","protected":false},"excerpt":{"rendered":"<p>XYSIL \u00ae s\u00edlice de pir\u00f3lisis hidr\u00f3fila producida por Henan Xunyu Chemical es s\u00edlice de pir\u00f3lisis amorfa sint\u00e9tica con un \u00e1rea de superficie BET de 150 a 380 m2\/g. La s\u00edlice pirog\u00e9nica XYSIL \u00ae se produce por llama sin tratamiento superficial. Nuestros productos se clasifican en cuatro grados principalmente seg\u00fan el \u00e1rea de superficie BET: XYSIL150,&hellip;<\/p>\n","protected":false},"author":2,"featured_media":0,"parent":11,"menu_order":1,"comment_status":"closed","ping_status":"closed","template":"","meta":[],"psp_head":"<title>XYSIL\u00ae S\u00edlice Pir\u00f3gena Hidr\u00f3fila \u2013 XYSIL\u00ae S\u00edlice pir\u00f3gena - XUNYU CHEM<\/title>\r\n<meta name=\"description\" content=\"La s\u00edlice pir\u00f3gena hidr\u00f3fila XYSIL\u00ae es s\u00edlice amorfa sint\u00e9tica con un \u00e1rea de superficie BET de 150 a 380 m2\/g.\" \/>\r\n<meta name=\"robots\" content=\"index,follow\" \/>\r\n<link rel=\"canonical\" href=\"https:\/\/fumed-silica.net\/es\/productos\/silice-pirogena-hidrofila\/\" \/>\r\n","_links":{"self":[{"href":"https:\/\/fumed-silica.net\/es\/wp-json\/wp\/v2\/pages\/17"}],"collection":[{"href":"https:\/\/fumed-silica.net\/es\/wp-json\/wp\/v2\/pages"}],"about":[{"href":"https:\/\/fumed-silica.net\/es\/wp-json\/wp\/v2\/types\/page"}],"author":[{"embeddable":true,"href":"https:\/\/fumed-silica.net\/es\/wp-json\/wp\/v2\/users\/2"}],"replies":[{"embeddable":true,"href":"https:\/\/fumed-silica.net\/es\/wp-json\/wp\/v2\/comments?post=17"}],"version-history":[{"count":7,"href":"https:\/\/fumed-silica.net\/es\/wp-json\/wp\/v2\/pages\/17\/revisions"}],"predecessor-version":[{"id":7945,"href":"https:\/\/fumed-silica.net\/es\/wp-json\/wp\/v2\/pages\/17\/revisions\/7945"}],"up":[{"embeddable":true,"href":"https:\/\/fumed-silica.net\/es\/wp-json\/wp\/v2\/pages\/11"}],"wp:attachment":[{"href":"https:\/\/fumed-silica.net\/es\/wp-json\/wp\/v2\/media?parent=17"}],"curies":[{"name":"wp","href":"https:\/\/api.w.org\/{rel}","templated":true}]}}