{"id":1681,"date":"2018-05-21T09:05:17","date_gmt":"2018-05-21T09:05:17","guid":{"rendered":"https:\/\/fumed-silica.net\/?page_id=1681"},"modified":"2020-11-12T08:12:06","modified_gmt":"2020-11-12T08:12:06","slug":"xysil-380","status":"publish","type":"page","link":"https:\/\/fumed-silica.net\/es\/productos\/silice-pirogena-hidrofila\/xysil-380\/","title":{"rendered":"XYSIL 380"},"content":{"rendered":"<p>XYSIL <sup>\u00ae<\/sup> 300 es una s\u00edlice de pir\u00f3lisis hidr\u00f3fila con una superficie espec\u00edfica de 300m2\/g, y es s\u00edlice sint\u00e9tica, hidr\u00f3fila y amorfa, producida mediante hidr\u00f3lisis a la llama.<\/p>\n<div class=\"su-row\"><div class=\"su-column su-column-size-2-3\"><div class=\"su-column-inner su-u-clearfix su-u-trim\">\n<h4>Caracter\u00edstica:<\/h4>\n<ul>\n<li> Gran superficie espec\u00edfica <\/li>\n<li> Alta pureza <\/li>\n<li> Estructura agregada <\/li>\n<li> Tama\u00f1o de part\u00edcula submicr\u00f3nico <\/li>\n<li> Baja densidad aparente <\/li>\n<li> Qu\u00edmica de la superficie hidrof\u00edlica <\/li>\n<\/ul>\n<h4> Aplicaci\u00f3n: <\/h4>\n<ul>\n<li> Caucho de silicona HTV, caucho de silicona l\u00edquida <\/li>\n<li> Pinturas y revestimientos, tintas, pigmentos <\/li>\n<li> Resinas de poli\u00e9ster insaturadas <\/li>\n<li> Adhesivo y sellador <\/li>\n<\/ul>\n<h4> Funciones: <\/h4>\n<ul>\n<li> Control de reolog\u00eda y tixotrop\u00eda <\/li>\n<li> Se utiliza como agente anti-sedimentaci\u00f3n, espesante y anti-flacidez <\/li>\n<li> Flujo libre y suspensi\u00f3n <\/li>\n<li> Refuerzo en caucho de silicona HTV, caucho de silicona l\u00edquida <\/li>\n<li> Excelente transparencia <\/li>\n<\/ul>\n<h4> Embalaje y almacenamiento: <\/h4>\n<ul>\n<li> Empaquetado en papel kraft de varias capas <\/li>\n<li> Sacos de 10 kg en palet <\/li>\n<li> Debe almacenarse en su empaque original en seco <\/li>\n<li> Protegido de sustancias vol\u00e1tiles <\/li>\n<\/ul>\n<\/div><\/div>\n<div class=\"su-column su-column-size-1-3\"><div class=\"su-column-inner su-u-clearfix su-u-trim\">\n<div class=\"su-spoiler su-spoiler-style-fancy su-spoiler-icon-folder-1\" data-scroll-offset=\"0\" data-anchor-in-url=\"no\"><div class=\"su-spoiler-title\" tabindex=\"0\" role=\"button\"><span class=\"su-spoiler-icon\"><\/span>TDS &amp; MSDS<\/div><div class=\"su-spoiler-content su-u-clearfix su-u-trim\">\n<a href=\"\/downloads\/TDS-XYSIL380_rev06-Xunyu-Fumed-Silica.pdf\" rel=\"noopener noreferrer\" target=\"_blank\">TDS(ingl\u00e9s)<\/a><br \/>\n<a href=\"\/downloads\/MSDS-hydrophilic-fumed-silica_xunyuchem.pdf\" rel=\"noopener noreferrer\" target=\"_blank\">MSDS(ingl\u00e9s)<\/a><br \/>\n<\/div><\/div>\n<div class=\"su-accordion su-u-trim\">\n<div class=\"su-spoiler su-spoiler-style-fancy su-spoiler-icon-folder-1\" data-scroll-offset=\"0\" data-anchor-in-url=\"no\"><div class=\"su-spoiler-title\" tabindex=\"0\" role=\"button\"><span class=\"su-spoiler-icon\"><\/span>Gallery<\/div><div class=\"su-spoiler-content su-u-clearfix su-u-trim\">\n<div id=\"su_slider_69d4c60c2efea\" class=\"su-slider su-slider-centered su-slider-pages-no su-slider-responsive-yes\" style=\"width:100%\" data-autoplay=\"3000\" data-speed=\"600\" data-mousewheel=\"true\"><div class=\"su-slider-slides\"><div class=\"su-slider-slide\"><a><img src=\"https:\/\/fumed-silica.net\/es\/wp-content\/uploads\/2018\/04\/Fumed-Silica-Transport-07-600x600.jpg\" alt=\"Fumed-Silica-Transport-07\" \/><\/a><\/div><div class=\"su-slider-slide\"><a><img src=\"https:\/\/fumed-silica.net\/es\/wp-content\/uploads\/2018\/04\/fumed-silica-factory-02-600x600.jpg\" alt=\"fumed-silica-factory-02\" \/><\/a><\/div><div class=\"su-slider-slide\"><a><img src=\"https:\/\/fumed-silica.net\/es\/wp-content\/uploads\/2018\/04\/fumed-silica-facility-06-600x600.jpg\" alt=\"fumed-silica-facility-06\" \/><\/a><\/div><div class=\"su-slider-slide\"><a><img src=\"https:\/\/fumed-silica.net\/es\/wp-content\/uploads\/2018\/04\/Test-Lab-Equipments-04-600x600.jpg\" alt=\"Test-Lab-Equipments-04\" \/><\/a><\/div><div class=\"su-slider-slide\"><a><img src=\"https:\/\/fumed-silica.net\/es\/wp-content\/uploads\/2018\/04\/Fumed-Silica-Warehouse-04-600x600.jpg\" alt=\"Fumed-Silica-Warehouse-04\" \/><\/a><\/div><div class=\"su-slider-slide\"><a><img src=\"https:\/\/fumed-silica.net\/es\/wp-content\/uploads\/2018\/04\/Fumed-Silica-Transport-01-600x600.jpg\" alt=\"Fumed-Silica-Transport-01\" \/><\/a><\/div><\/div><div class=\"su-slider-nav\"><div class=\"su-slider-direction\"><span class=\"su-slider-prev\"><\/span><span class=\"su-slider-next\"><\/span><\/div><div class=\"su-slider-pagination\"><\/div><\/div><\/div>\n<\/div><\/div>\n<div class=\"su-spoiler su-spoiler-style-fancy su-spoiler-icon-folder-1 inquiry su-spoiler-closed\" data-scroll-offset=\"0\" data-anchor-in-url=\"no\"><div class=\"su-spoiler-title\" tabindex=\"0\" role=\"button\"><span class=\"su-spoiler-icon\"><\/span>CONSULTAR AHORA<\/div><div class=\"su-spoiler-content su-u-clearfix su-u-trim\">\n\n<div class=\"wpcf7 no-js\" id=\"wpcf7-f1308-o1\" lang=\"en-US\" dir=\"ltr\">\n<div class=\"screen-reader-response\"><p role=\"status\" aria-live=\"polite\" aria-atomic=\"true\"><\/p> <ul><\/ul><\/div>\n<form action=\"\/es\/wp-json\/wp\/v2\/pages\/1681#wpcf7-f1308-o1\" method=\"post\" class=\"wpcf7-form init\" aria-label=\"Contact form\" novalidate=\"novalidate\" data-status=\"init\">\n<div style=\"display: none;\">\n<input type=\"hidden\" name=\"_wpcf7\" value=\"1308\" \/>\n<input type=\"hidden\" name=\"_wpcf7_version\" value=\"5.7.7\" \/>\n<input type=\"hidden\" name=\"_wpcf7_locale\" value=\"en_US\" \/>\n<input type=\"hidden\" name=\"_wpcf7_unit_tag\" value=\"wpcf7-f1308-o1\" \/>\n<input type=\"hidden\" name=\"_wpcf7_container_post\" value=\"0\" \/>\n<input type=\"hidden\" name=\"_wpcf7_posted_data_hash\" value=\"\" \/>\n<\/div>\n<p><label>Nombre (*)<span class=\"wpcf7-form-control-wrap\" data-name=\"your-name\"><input size=\"40\" class=\"wpcf7-form-control wpcf7-text wpcf7-validates-as-required\" aria-required=\"true\" aria-invalid=\"false\" value=\"\" type=\"text\" name=\"your-name\" \/><\/span><\/label><label>Email (*)<span class=\"wpcf7-form-control-wrap\" data-name=\"your-email\"><input size=\"40\" class=\"wpcf7-form-control wpcf7-text wpcf7-email wpcf7-validates-as-required wpcf7-validates-as-email\" aria-required=\"true\" aria-invalid=\"false\" value=\"\" type=\"email\" name=\"your-email\" \/><\/span><\/label><label>Tel\u00e9fono m\u00f3vil (*)<span class=\"wpcf7-form-control-wrap\" data-name=\"your-mobile-phone\"><input size=\"40\" class=\"wpcf7-form-control wpcf7-text wpcf7-tel wpcf7-validates-as-required wpcf7-validates-as-tel\" aria-required=\"true\" aria-invalid=\"false\" value=\"\" type=\"tel\" name=\"your-mobile-phone\" \/><\/span><\/label><label>Sujeto (*)<span class=\"wpcf7-form-control-wrap\" data-name=\"your-subject\"><input size=\"40\" class=\"wpcf7-form-control wpcf7-text wpcf7-validates-as-required\" aria-required=\"true\" aria-invalid=\"false\" value=\"\" type=\"text\" name=\"your-subject\" \/><\/span><\/label><label>Mensaje (*)<span class=\"wpcf7-form-control-wrap\" data-name=\"your-message\"><textarea cols=\"40\" rows=\"4\" class=\"wpcf7-form-control wpcf7-textarea wpcf7-validates-as-required\" aria-required=\"true\" aria-invalid=\"false\" name=\"your-message\"><\/textarea><\/span> <\/label><input class=\"wpcf7-form-control has-spinner wpcf7-submit\" type=\"submit\" value=\"Enviar\" \/>\n<\/p><p style=\"display: none !important;\" class=\"akismet-fields-container\" data-prefix=\"_wpcf7_ak_\"><label>&#916;<textarea name=\"_wpcf7_ak_hp_textarea\" cols=\"45\" rows=\"8\" maxlength=\"100\"><\/textarea><\/label><input type=\"hidden\" id=\"ak_js_1\" name=\"_wpcf7_ak_js\" value=\"183\"\/><script>document.getElementById( \"ak_js_1\" ).setAttribute( \"value\", ( new Date() ).getTime() );<\/script><\/p><div class=\"wpcf7-response-output\" aria-hidden=\"true\"><\/div>\n<\/form>\n<\/div>\n\n<\/div><\/div>\n<\/div>\n<\/div><\/div>\n<\/div>\n<style type=\"text\/css\">\n.wpcf7 label,textarea,input\n{\nfont-size: 100% !important;\nfont-weight: 200 !important;\nmargin: 0 !important;\npadding: 2% !important; \n}\n<\/style>\n<h4>Datos fisicoqu\u00edmicos<\/h4>\n<table id=\"xysil380\"  class=\"display nowrap\" style=\"width:100%\">\n<thead>\n<th> Propiedades <\/th>\n<th> Valor t\u00edpico <\/th>\n<th> Estandarizaci\u00f3n <\/th>\n<\/thead>\n<tbody>\n<tr>\n<td> Superficie APUESTA [m2\/g] <\/td>\n<td>380 \u00b1 25<\/td>\n<td>GB\/T10722<\/td>\n<\/tr>\n<tr>\n<td>P\u00e9rdida por secado [%]<\/td>\n<td>&lt; 2.0<\/td>\n<td>GB\/T1717<\/td>\n<\/tr>\n<tr>\n<td>valor de pH<\/td>\n<td>3.8 \u2013 4.5<\/td>\n<td>GB\/T5211.3<\/td>\n<\/tr>\n<tr>\n<td>Contenido de SiO2<\/td>\n<td>\u226599.8<\/td>\n<td>GB\/T20020<\/td>\n<\/tr>\n<tr>\n<td>Densidad manipulada [g\/L]<\/td>\n<td>25 ~ 60<\/td>\n<td>GB\/T5211.14<\/td>\n<\/tr>\n<tr>\n<td>P\u00e9rdida por ignici\u00f3n<\/td>\n<td>\u2264 2.5<\/td>\n<td>GB\/T20020<\/td>\n<\/tr>\n<tr>\n<td>Tamiz de residuos (45\u00b5m)(%)<\/td>\n<td>&lt;0.05<\/td>\n<td>GB\/T5211.4<\/td>\n<\/tr>\n<tr>\n<td>Contenido de carbon [wt%]<\/td>\n<td>&lt;0.2<\/td>\n<td>GB\/T20020<\/td>\n<\/tr>\n<\/tbody>\n<\/table>\n<p><script type=\"text\/javascript\">jQuery(document).ready(function () { jQuery('#xysil380').DataTable({\nsearching: false,\nresponsive: true,\npaging: false,\nbInfo : false,\nordering: false,\n                columnDefs: [{\n                        responsivePriority: 0,\n                        targets: 0\n                    },\n                    {\n                        responsivePriority: 0,\n                        targets: 1\n                    }\n                ],\n}); });<\/script><\/p>\n","protected":false},"excerpt":{"rendered":"<p>XYSIL \u00ae 300 es una s\u00edlice de pir\u00f3lisis hidr\u00f3fila con una superficie espec\u00edfica de 300m2\/g, y es s\u00edlice sint\u00e9tica, hidr\u00f3fila y amorfa, producida mediante hidr\u00f3lisis a la llama. Datos fisicoqu\u00edmicos Propiedades Valor t\u00edpico Estandarizaci\u00f3n Superficie APUESTA [m2\/g] 380 \u00b1 25 GB\/T10722 P\u00e9rdida por secado [%] &lt; 2.0 GB\/T1717 valor de pH 3.8 \u2013 4.5 GB\/T5211.3&hellip;<\/p>\n","protected":false},"author":2,"featured_media":0,"parent":17,"menu_order":0,"comment_status":"closed","ping_status":"closed","template":"","meta":[],"psp_head":"<title>XYSIL\u00ae 380 - s\u00edlice pir\u00f3gena hidr\u00f3fila 380 \u2013 XYSIL\u00ae S\u00edlice pir\u00f3gena - XUNYU CHEM<\/title>\r\n<meta name=\"description\" content=\"S\u00edlice pir\u00f3gena 380 - XYSIL\u00ae 380 es una s\u00edlice pir\u00f3gena hidr\u00f3fila con un \u00e1rea de superficie apostada de 380 m2 \/ g, espesante, agente anti-sedimentaci\u00f3n en el adhesivo, sellador, caucho de silicona y pinturas \/ revestimientos.\" \/>\r\n<meta name=\"robots\" content=\"index,follow\" \/>\r\n<link rel=\"canonical\" href=\"https:\/\/fumed-silica.net\/es\/productos\/silice-pirogena-hidrofila\/xysil-380\/\" \/>\r\n","_links":{"self":[{"href":"https:\/\/fumed-silica.net\/es\/wp-json\/wp\/v2\/pages\/1681"}],"collection":[{"href":"https:\/\/fumed-silica.net\/es\/wp-json\/wp\/v2\/pages"}],"about":[{"href":"https:\/\/fumed-silica.net\/es\/wp-json\/wp\/v2\/types\/page"}],"author":[{"embeddable":true,"href":"https:\/\/fumed-silica.net\/es\/wp-json\/wp\/v2\/users\/2"}],"replies":[{"embeddable":true,"href":"https:\/\/fumed-silica.net\/es\/wp-json\/wp\/v2\/comments?post=1681"}],"version-history":[{"count":2,"href":"https:\/\/fumed-silica.net\/es\/wp-json\/wp\/v2\/pages\/1681\/revisions"}],"predecessor-version":[{"id":7958,"href":"https:\/\/fumed-silica.net\/es\/wp-json\/wp\/v2\/pages\/1681\/revisions\/7958"}],"up":[{"embeddable":true,"href":"https:\/\/fumed-silica.net\/es\/wp-json\/wp\/v2\/pages\/17"}],"wp:attachment":[{"href":"https:\/\/fumed-silica.net\/es\/wp-json\/wp\/v2\/media?parent=1681"}],"curies":[{"name":"wp","href":"https:\/\/api.w.org\/{rel}","templated":true}]}}