{"id":1392,"date":"2018-04-19T10:10:18","date_gmt":"2018-04-19T10:10:18","guid":{"rendered":"https:\/\/fumed-silica.net\/?page_id=1392"},"modified":"2020-11-13T07:45:29","modified_gmt":"2020-11-13T07:45:29","slug":"goma-de-silicona","status":"publish","type":"page","link":"https:\/\/fumed-silica.net\/es\/aplicaciones\/goma-de-silicona\/","title":{"rendered":"Goma de silicona"},"content":{"rendered":"<p><!-- Original silicone cable picture\n<img decoding=\"async\" loading=\"lazy\" src=\"\/es\/wp-content\/uploads\/2018\/04\/silicone-rubber-cable.jpg\" alt=\"\" width=\"1200\" height=\"323\" class=\"aligncenter size-full wp-image-1402\" srcset=\"https:\/\/fumed-silica.net\/es\/wp-content\/uploads\/2018\/04\/silicone-rubber-cable.jpg 1200w, https:\/\/fumed-silica.net\/es\/wp-content\/uploads\/2018\/04\/silicone-rubber-cable-300x81.jpg 300w, https:\/\/fumed-silica.net\/es\/wp-content\/uploads\/2018\/04\/silicone-rubber-cable-768x207.jpg 768w, https:\/\/fumed-silica.net\/es\/wp-content\/uploads\/2018\/04\/silicone-rubber-cable-1024x276.jpg 1024w\" sizes=\"(max-width: 1200px) 100vw, 1200px\" \/>\n--><\/p>\n<div class=\"su-row\">\n<div class=\"su-column su-column-size-1-3\"><div class=\"su-column-inner su-u-clearfix su-u-trim\"><figure id=\"attachment_1874\" aria-describedby=\"caption-attachment-1874\" style=\"width: 300px\" class=\"wp-caption alignnone\"><img decoding=\"async\" loading=\"lazy\" src=\"\/wp-content\/uploads\/2018\/07\/silicone_tubes-300x296.jpg\" alt=\"\" width=\"300\" height=\"296\" class=\"size-medium wp-image-1874\" srcset=\"https:\/\/fumed-silica.net\/es\/wp-content\/uploads\/2018\/07\/silicone_tubes-300x296.jpg 300w, https:\/\/fumed-silica.net\/es\/wp-content\/uploads\/2018\/07\/silicone_tubes.jpg 345w\" sizes=\"(max-width: 300px) 100vw, 300px\" \/><figcaption id=\"caption-attachment-1874\" class=\"wp-caption-text\">Tubos de silicona<\/figcaption><\/figure><\/div><\/div>\n<div class=\"su-column su-column-size-1-3\"><div class=\"su-column-inner su-u-clearfix su-u-trim\"><figure id=\"attachment_1882\" aria-describedby=\"caption-attachment-1882\" style=\"width: 300px\" class=\"wp-caption alignnone\"><img decoding=\"async\" loading=\"lazy\" src=\"\/wp-content\/uploads\/2018\/07\/htv_silicone-300x300.jpg\" alt=\"\" width=\"300\" height=\"300\" class=\"size-medium wp-image-1882\" srcset=\"https:\/\/fumed-silica.net\/es\/wp-content\/uploads\/2018\/07\/htv_silicone-300x300.jpg 300w, https:\/\/fumed-silica.net\/es\/wp-content\/uploads\/2018\/07\/htv_silicone-150x150.jpg 150w, https:\/\/fumed-silica.net\/es\/wp-content\/uploads\/2018\/07\/htv_silicone-500x499.jpg 500w, https:\/\/fumed-silica.net\/es\/wp-content\/uploads\/2018\/07\/htv_silicone.jpg 703w\" sizes=\"(max-width: 300px) 100vw, 300px\" \/><figcaption id=\"caption-attachment-1882\" class=\"wp-caption-text\">Silicona HTV<\/figcaption><\/figure> <\/div><\/div>\n<div class=\"su-column su-column-size-1-3\"><div class=\"su-column-inner su-u-clearfix su-u-trim\"><figure id=\"attachment_1873\" aria-describedby=\"caption-attachment-1873\" style=\"width: 300px\" class=\"wp-caption alignnone\"><img decoding=\"async\" loading=\"lazy\" src=\"\/wp-content\/uploads\/2018\/07\/silicone_teat-300x300.jpg\" alt=\"\" width=\"300\" height=\"300\" class=\"size-medium wp-image-1873\" srcset=\"https:\/\/fumed-silica.net\/es\/wp-content\/uploads\/2018\/07\/silicone_teat-300x300.jpg 300w, https:\/\/fumed-silica.net\/es\/wp-content\/uploads\/2018\/07\/silicone_teat-150x150.jpg 150w, https:\/\/fumed-silica.net\/es\/wp-content\/uploads\/2018\/07\/silicone_teat.jpg 320w\" sizes=\"(max-width: 300px) 100vw, 300px\" \/><figcaption id=\"caption-attachment-1873\" class=\"wp-caption-text\">Tetina de silicona<\/figcaption><\/figure><\/div><\/div>\n<\/div>\n<h5>La s\u00edlice pirog\u00e9nica XYSIL\u00ae es un refuerzo eficaz y aditivos de control reol\u00f3gico para caucho de silicona.<\/h5>\n<p>A medida que aumenta el \u00e1rea de superficie de la s\u00edlice pir\u00f3gena, tambi\u00e9n lo hace el espesamiento y el refuerzo. Sin embargo, la s\u00edlice pirog\u00e9nica XYSIL\u00ae de gran superficie requiere un equipo de dispersi\u00f3n de alto cizallamiento para lograr un rendimiento \u00f3ptimo. En general, XYSIL\u00ae 150 se usa en sellador de silicona RTV; XYSIL\u00ae 200 y XYSIL\u00ae 300 se utilizan en caucho de silicona HTV y LSR.<\/p>\n<ul>\n<li> <strong> En sellador de silicona RTV <\/strong><br \/>\n\t\tLa s\u00edlice pirog\u00e9nica XYSIL <sup> \u00ae <\/sup> proporciona tixotrop\u00eda y refuerzo para los selladores de silicona RTV, mientras que su propiedad de adelgazamiento proporciona espesamiento y resistencia al pandeo en reposo o bajo corte y adelgazamiento a alto corte para una f\u00e1cil aplicaci\u00f3n.<\/li>\n<li> <strong> En caucho de silicona HTV y LSR <\/strong><br \/>\n\t\tLa s\u00edlice pirog\u00e9nica XYSIL <sup> \u00ae <\/sup> fortalece el caucho curado, aumentando la dureza, el m\u00f3dulo, la resistencia a la tracci\u00f3n y la resistencia al desgarro. A diferencia de otros rellenos de refuerzo, la s\u00edlice pir\u00f3gena XYSIL <sup> \u00ae <\/sup> se puede utilizar en aplicaciones transparentes o transparentes.<\/li>\n<\/ul>\n<h4> S\u00edlice pir\u00f3gena en caucho de silicona <\/h4>\n<table id=\"siliconerubber\" class=\"display nowrap\" style=\"width:100%\">\n<thead>\n<tr>\n<th>Sistema<\/th>\n<th>XYSIL<sup>\u00ae<\/sup>Grado<\/th>\n<th>Concentraci\u00f3n en% en peso<\/th>\n<th data-hide=\"phone, tablet\">Efecto<\/th>\n<\/tr>\n<\/thead>\n<tbody>\n<tr>\n<td>Sellador de silicona RTV-1<\/td>\n<td>XYSIL<sup>\u00ae<\/sup>150<\/td>\n<td>3.0-30<\/td>\n<td>Refuerzo, tixotrop\u00eda<\/td>\n<\/tr>\n<tr>\n<td>Compuesto de moldeo RTV<\/br>(2 componentes)<\/td>\n<td>XYSIL<sup>\u00ae<\/sup>200<\/td>\n<td>3-30<\/td>\n<td>Refuerzo, tixotrop\u00eda<\/td>\n<\/tr>\n<tr>\n<td>Caucho de silicona HTV<\/td>\n<td>XYSIL<sup>\u00ae<\/sup>200<\/td>\n<td>5.0-35<\/td>\n<td>Refuerzo, resistencia al pandeo, dispersabilidad, calidad de la superficie, duraci\u00f3n<\/td>\n<\/tr>\n<tr>\n<td>Caucho de silicona l\u00edquida<\/td>\n<td>XYSIL<sup>\u00ae<\/sup>200<\/br>XYSIL<sup>\u00ae<\/sup>300<\/td>\n<td>5-30<\/td>\n<td>Control de reolog\u00eda, resistencia al pandeo, refuerzo, anti-sedimentaci\u00f3n<\/td>\n<\/tr>\n<\/tbody>\n<\/table>\n<p><script type=\"text\/javascript\">jQuery(document).ready(function () { jQuery('#siliconerubber').DataTable({\nsearching: false,\nresponsive: true,\npaging: false,\n\"info\":     false,\n\"ordering\": false,\n                columnDefs: [{\n                        responsivePriority: 0,\n                        targets: 0\n                    },\n                    {\n                        responsivePriority: 0,\n                        targets: 1\n                    }\n                ],\n}); });<\/script><\/p>\n","protected":false},"excerpt":{"rendered":"<p>La s\u00edlice pirog\u00e9nica XYSIL\u00ae es un refuerzo eficaz y aditivos de control reol\u00f3gico para caucho de silicona. A medida que aumenta el \u00e1rea de superficie de la s\u00edlice pir\u00f3gena, tambi\u00e9n lo hace el espesamiento y el refuerzo. Sin embargo, la s\u00edlice pirog\u00e9nica XYSIL\u00ae de gran superficie requiere un equipo de dispersi\u00f3n de alto cizallamiento para&hellip;<\/p>\n","protected":false},"author":2,"featured_media":0,"parent":21,"menu_order":0,"comment_status":"closed","ping_status":"closed","template":"","meta":[],"psp_head":"<title>S\u00edlice de pir\u00f3lisis en caucho de silicona \u2013 XYSIL\u00ae S\u00edlice pir\u00f3gena - XUNYU CHEM<\/title>\r\n<meta name=\"description\" content=\"La s\u00edlice pirog\u00e9nica XYSIL\u00ae es un refuerzo eficaz y aditivos de control reol\u00f3gico para caucho de silicona.\" \/>\r\n<meta name=\"robots\" content=\"index,follow\" \/>\r\n<link rel=\"canonical\" href=\"https:\/\/fumed-silica.net\/es\/aplicaciones\/goma-de-silicona\/\" \/>\r\n","_links":{"self":[{"href":"https:\/\/fumed-silica.net\/es\/wp-json\/wp\/v2\/pages\/1392"}],"collection":[{"href":"https:\/\/fumed-silica.net\/es\/wp-json\/wp\/v2\/pages"}],"about":[{"href":"https:\/\/fumed-silica.net\/es\/wp-json\/wp\/v2\/types\/page"}],"author":[{"embeddable":true,"href":"https:\/\/fumed-silica.net\/es\/wp-json\/wp\/v2\/users\/2"}],"replies":[{"embeddable":true,"href":"https:\/\/fumed-silica.net\/es\/wp-json\/wp\/v2\/comments?post=1392"}],"version-history":[{"count":7,"href":"https:\/\/fumed-silica.net\/es\/wp-json\/wp\/v2\/pages\/1392\/revisions"}],"predecessor-version":[{"id":8005,"href":"https:\/\/fumed-silica.net\/es\/wp-json\/wp\/v2\/pages\/1392\/revisions\/8005"}],"up":[{"embeddable":true,"href":"https:\/\/fumed-silica.net\/es\/wp-json\/wp\/v2\/pages\/21"}],"wp:attachment":[{"href":"https:\/\/fumed-silica.net\/es\/wp-json\/wp\/v2\/media?parent=1392"}],"curies":[{"name":"wp","href":"https:\/\/api.w.org\/{rel}","templated":true}]}}