{"id":1373,"date":"2018-04-17T09:31:41","date_gmt":"2018-04-17T09:31:41","guid":{"rendered":"https:\/\/fumed-silica.net\/?page_id=1373"},"modified":"2020-11-12T10:12:14","modified_gmt":"2020-11-12T10:12:14","slug":"pinturas-y-recubrimientos","status":"publish","type":"page","link":"https:\/\/fumed-silica.net\/es\/aplicaciones\/pinturas-y-recubrimientos\/","title":{"rendered":"Pinturas y Recubrimientos"},"content":{"rendered":"<p><img decoding=\"async\" loading=\"lazy\" src=\"\/wp-content\/uploads\/2018\/04\/paints.jpg\" alt=\"\" width=\"1125\" height=\"290\" class=\"aligncenter size-full wp-image-1275\" \/><\/p>\n<h5>La s\u00edlice pirog\u00e9nica XYSIL<sup>\u00ae<\/sup> se utiliza principalmente en pinturas y revestimientos como agente tixotr\u00f3pico y agente anti-sedimentaci\u00f3n <\/h5>\n<p>Se utiliza para controlar las caracter\u00edsticas reol\u00f3gicas, ayuda en la prevenci\u00f3n del \u00f3xido y la corrosi\u00f3n. Los productos XYSIL <sup> \u00ae <\/sup> deben agregarse en concentraciones de 0.5\u20135.0%.<\/p>\n<p>La s\u00edlice pirog\u00e9nica XYSIL <sup> \u00ae <\/sup> mejora las propiedades tixotr\u00f3picas y reol\u00f3gicas de los revestimientos y sistemas de pintura, conserva la transparencia original de las lacas. Adem\u00e1s, la adici\u00f3n de s\u00edlice de pir\u00f3lisis mejora el endurecimiento de la pel\u00edcula de revestimiento, la adhesi\u00f3n a las superficies y reduce la tasa de deterioro de los revestimientos y la decoloraci\u00f3n de los materiales con revestimiento superior transparente. Adem\u00e1s, ayuda a prevenir escurrimientos y combaduras de las pinturas aplicadas en superficies verticales, asegurando as\u00ed una nivelaci\u00f3n de m\u00e1xima calidad. La s\u00edlice de pir\u00f3lisis se usa como agente matificante de los sistemas de laca, mientras que el efecto deseado se puede ajustar dentro de amplios rangos.<\/p>\n<h4> S\u00edlice pir\u00f3gena XYSIL\u00ae para pintura y Revestimiento y Tinta <\/h4>\n<table id=\"fumedsilica\" class=\"display nowrap\" style=\"width:100%\">\n<thead>\n<tr>\n<th>Sistema<\/th>\n<th>XYSIL <sup> \u00ae <\/sup> Grado<\/th>\n<th>Concentraci\u00f3n en peso %<\/th>\n<th>Efecto<\/th>\n<\/tr>\n<\/thead>\n<tbody>\n<tr>\n<td>Recubrimientos de poli\u00e9ster<\/td>\n<td>XYSIL<sup>\u00ae<\/sup>200, XYSIL<sup>\u00ae<\/sup>300, XYSIL<sup>\u00ae<\/sup>380<\/td>\n<td>0.5-2.5<\/td>\n<td>Tixotrop\u00eda, espesamiento, antisedimentaci\u00f3n, flujo libre<\/td>\n<\/tr>\n<tr>\n<td>Recubrimientos de resina alqu\u00eddica<\/td>\n<td>XYSIL<sup>\u00ae<\/sup>200, XYSIL<sup>\u00ae<\/sup>300, XYSIL<sup>\u00ae<\/sup>380<\/td>\n<td>0.5-5.0<\/td>\n<td>Tixotrop\u00eda, espesamiento, antisedimentaci\u00f3n, flujo libre<\/td>\n<\/tr>\n<tr>\n<td>Recubrimientos de resina acr\u00edlica<\/td>\n<td>XYSIL<sup>\u00ae<\/sup>200<\/td>\n<td>1.0-4.0<\/td>\n<td>Tixotrop\u00eda, espesamiento, antisedimentaci\u00f3n, flujo libre<\/td>\n<\/tr>\n<tr>\n<td>Pinturas ricas en zinc<\/td>\n<td>XYSIL<sup>\u00ae<\/sup>200<\/td>\n<td>1.0-3.0<\/td>\n<td>Tixotrop\u00eda, espesamiento, antisedimentaci\u00f3n, flujo libre<\/td>\n<\/tr>\n<tr>\n<td>Recubrimientos en polvo<\/td>\n<td>XYSIL<sup>\u00ae<\/sup>150, XYSIL<sup>\u00ae<\/sup>200<\/td>\n<td>0.8-1.2, 0.8-1.2<\/td>\n<td>Tixotrop\u00eda, espesamiento, antisedimentaci\u00f3n, flujo libre<\/td>\n<\/tr>\n<tr>\n<td>Recubrimiento de curado UV<\/td>\n<td>XYSIL<sup>\u00ae<\/sup>200<\/td>\n<td>2.0-3.0<\/td>\n<td>Tixotrop\u00eda, espesamiento, antisedimentaci\u00f3n, flujo libre<\/td>\n<\/tr>\n<tr>\n<td>Tintas de impresi\u00f3n<\/td>\n<td>XYSIL<sup>\u00ae<\/sup>200<\/td>\n<td>1.0-10<\/td>\n<td>Tixotrop\u00eda, Anti-Sag. Anti-asentamiento<\/td>\n<\/tr>\n<\/tbody>\n<\/table>\n<p><script type=\"text\/javascript\">jQuery(document).ready(function () { jQuery('#fumedsilica').DataTable({\nsearching: false,\nresponsive: true,\npaging: false,\nbInfo : false,\n                columnDefs: [{\n                        responsivePriority: 0,\n                        targets: 0\n                    },\n                    {\n                        responsivePriority: 0,\n                        targets: 1\n                    }\n                ],\n}); });<\/script><\/p>\n","protected":false},"excerpt":{"rendered":"<p>La s\u00edlice pirog\u00e9nica XYSIL\u00ae se utiliza principalmente en pinturas y revestimientos como agente tixotr\u00f3pico y agente anti-sedimentaci\u00f3n Se utiliza para controlar las caracter\u00edsticas reol\u00f3gicas, ayuda en la prevenci\u00f3n del \u00f3xido y la corrosi\u00f3n. Los productos XYSIL \u00ae deben agregarse en concentraciones de 0.5\u20135.0%. La s\u00edlice pirog\u00e9nica XYSIL \u00ae mejora las propiedades tixotr\u00f3picas y reol\u00f3gicas de&hellip;<\/p>\n","protected":false},"author":2,"featured_media":0,"parent":21,"menu_order":0,"comment_status":"closed","ping_status":"closed","template":"","meta":[],"psp_head":"<title>S\u00edlice de pir\u00f3lisis en pinturas y revestimientos \u2013 XYSIL\u00ae S\u00edlice pir\u00f3gena - XUNYU CHEM<\/title>\r\n<meta name=\"description\" content=\"S\u00edlice de pir\u00f3lisis utilizada como agente de refuerzo, tixotrop\u00eda, anti-pandeo y anti-sedimentaci\u00f3n en pinturas y revestimientos\" \/>\r\n<meta name=\"robots\" content=\"index,follow\" \/>\r\n<link rel=\"canonical\" href=\"https:\/\/fumed-silica.net\/es\/aplicaciones\/pinturas-y-recubrimientos\/\" \/>\r\n","_links":{"self":[{"href":"https:\/\/fumed-silica.net\/es\/wp-json\/wp\/v2\/pages\/1373"}],"collection":[{"href":"https:\/\/fumed-silica.net\/es\/wp-json\/wp\/v2\/pages"}],"about":[{"href":"https:\/\/fumed-silica.net\/es\/wp-json\/wp\/v2\/types\/page"}],"author":[{"embeddable":true,"href":"https:\/\/fumed-silica.net\/es\/wp-json\/wp\/v2\/users\/2"}],"replies":[{"embeddable":true,"href":"https:\/\/fumed-silica.net\/es\/wp-json\/wp\/v2\/comments?post=1373"}],"version-history":[{"count":9,"href":"https:\/\/fumed-silica.net\/es\/wp-json\/wp\/v2\/pages\/1373\/revisions"}],"predecessor-version":[{"id":7985,"href":"https:\/\/fumed-silica.net\/es\/wp-json\/wp\/v2\/pages\/1373\/revisions\/7985"}],"up":[{"embeddable":true,"href":"https:\/\/fumed-silica.net\/es\/wp-json\/wp\/v2\/pages\/21"}],"wp:attachment":[{"href":"https:\/\/fumed-silica.net\/es\/wp-json\/wp\/v2\/media?parent=1373"}],"curies":[{"name":"wp","href":"https:\/\/api.w.org\/{rel}","templated":true}]}}