{"id":1362,"date":"2018-04-17T08:25:36","date_gmt":"2018-04-17T08:25:36","guid":{"rendered":"https:\/\/fumed-silica.net\/?page_id=1362"},"modified":"2020-11-12T11:15:50","modified_gmt":"2020-11-12T11:15:50","slug":"adhesivos-y-selladores","status":"publish","type":"page","link":"https:\/\/fumed-silica.net\/es\/aplicaciones\/adhesivos-y-selladores\/","title":{"rendered":"Adhesivos y selladores"},"content":{"rendered":"<p><img decoding=\"async\" loading=\"lazy\" src=\"\/es\/wp-content\/uploads\/2018\/04\/adhesives-and-sealants.jpg\" alt=\"\" width=\"1189\" height=\"306\" class=\"aligncenter size-full wp-image-1265\" \/><\/p>\n<h5>XYSIL<sup>\u00ae<\/sup> La s\u00edlice pir\u00f3gena se utiliza principalmente como aditivos para anti-pandeo, control de reolog\u00eda y anti-sedimentaci\u00f3n.<\/h5>\n<p>Tambi\u00e9n se utiliza como agente de control y refuerzo de la reolog\u00eda en selladores y mejora la estabilidad de almacenamiento y la procesabilidad de adhesivos y selladores.<br \/>\nLa s\u00edlice pir\u00f3gena XYSIL <sup>\u00ae<\/sup> se usa ampliamente en todo tipo de industrias de adhesivos y selladores, p. selladores de silicona, sellador de PVC-plastisol, sellador de poliacrilato, adhesivo epoxi, adhesivo de poliuretano, poli\u00e9ster insaturado, adhesivo de poliuretano al agua, etc.<\/p>\n<h4>S\u00edlice pir\u00f3gena en adhesivos y selladores<\/h4>\n<table id=\"fumedsilica\" class=\"display nowrap\" style=\"width:100%\">\n<thead>\n<th>Sistema<\/th>\n<th>XYSIL<sup>\u00ae<\/sup>Grado<\/th>\n<th>Concentraci\u00f3n en% en peso<\/th>\n<th>Efecto<\/th>\n<\/thead>\n<tbody>\n<tr>\n<td>Sellador de silicona RTV-1<\/td>\n<td>XYSIL<sup>\u00ae<\/sup>150<\/td>\n<td>7-10<\/td>\n<td>Refuerzo, tixotrop\u00eda, antideslizamiento<\/td>\n<\/tr>\n<tr>\n<td>Sellador de poliacrilato<\/td>\n<td>XYSIL<sup>\u00ae<\/sup>200<\/td>\n<td>0.8-3<\/td>\n<td>Refuerzo, tixotrop\u00eda, anti-combadura, anti-sedimentaci\u00f3n<\/td>\n<\/tr>\n<tr>\n<td>Sellador de polisulfuro<\/td>\n<td>XYSIL<sup>\u00ae<\/sup>200<\/td>\n<td>1-4<\/td>\n<td>Refuerzo, tixotrop\u00eda, antideslizamiento<\/td>\n<\/tr>\n<tr>\n<td>Sellador de butilo<\/td>\n<td>XYSIL<sup>\u00ae<\/sup>200<\/td>\n<td>1-3<\/td>\n<td>Refuerzo, tixotrop\u00eda, antideslizamiento<\/td>\n<\/tr>\n<tr>\n<td>Sellador de Pvc-Plastisol<\/td>\n<td>XYSIL<sup>\u00ae<\/sup>200 XYSIL<sup>\u00ae<\/sup>300<\/td>\n<td>0.8-1.2 0.8-1.2<\/td>\n<td>Tixotrop\u00eda, anti-hundimiento<\/td>\n<\/tr>\n<tr>\n<td>Adhesivo epoxi<\/td>\n<td>XYSIL<sup>\u00ae<\/sup>200 XYSIL<sup>\u00ae<\/sup>380<\/td>\n<td>1-10 1-10<\/td>\n<td>Tixotrop\u00eda, Anti-Descuelgue, Anti-sedimentaci\u00f3n<\/td>\n<\/tr>\n<tr>\n<td>Adhesivo de poliuretano<\/td>\n<td>XYSIL<sup>\u00ae<\/sup>200<\/td>\n<td>1-6<\/td>\n<td>Tixotrop\u00eda, Anti-Sag. Anti-asentamiento<\/td>\n<\/tr>\n<tr>\n<td>Acrilato \/ Metilacrilato<\/td>\n<td>XYSIL<sup>\u00ae<\/sup>200 XYSIL<sup>\u00ae<\/sup>300<\/td>\n<td>0.5-4 0.4-4<\/td>\n<td>Tixotrop\u00eda, Anti-Sag. Anti-asentamiento<\/td>\n<\/tr>\n<tr>\n<td>Poli\u00e9ster insaturado<\/td>\n<td>XYSIL<sup>\u00ae<\/sup>200 XYSIL<sup>\u00ae<\/sup>300<\/td>\n<td>1.5-7 1.5-7<\/td>\n<td>Tixotrop\u00eda, anti-hundimiento, anti-sedimentaci\u00f3n<\/td>\n<\/tr>\n<tr>\n<td>Adhesivo de silicona<\/td>\n<td>XYSIL<sup>\u00ae<\/sup>200<\/td>\n<td>1-6<\/td>\n<td>Refuerzo, Tixotrop\u00eda, Antideslizante. Anti-asentamiento<\/td>\n<\/tr>\n<tr>\n<td>Adhesivo de policloropreno<\/td>\n<td>XYSIL<sup>\u00ae<\/sup>200<\/td>\n<td>3-6<\/td>\n<td>Tixotrop\u00eda, Anti-Sag, Prevenci\u00f3n de cuerdas<\/td>\n<\/tr>\n<tr>\n<td>Adhesivo de cloruro de polivinilo<\/td>\n<td>XYSIL<sup>\u00ae<\/sup>200<\/td>\n<td>0.8-4<\/td>\n<td>Tixotrop\u00eda, Anti-Sag, Prevenci\u00f3n de cuerdas<\/td>\n<\/tr>\n<tr>\n<td>A base de agua sensible a la presi\u00f3n<\/td>\n<td>XYSIL<sup>\u00ae<\/sup>200<\/td>\n<td>0.8-3<\/td>\n<td>Refuerzo, anti-hundimiento<\/td>\n<\/tr>\n<tr>\n<td>Hotmelts (poli\u00e9ster, poliamida, poliuretano)<\/td>\n<td>XYSIL<sup>\u00ae<\/sup>200<\/td>\n<td>0.5-5<\/td>\n<td>Antideslizante, Thixortopy, Estabilizador, Refuerzo<\/td>\n<\/tr>\n<tr>\n<td>Neopreno, a base de agua<\/td>\n<td>XYSIL<sup>\u00ae<\/sup>200<\/td>\n<td>6-18<\/td>\n<td>Antideslizante, Thixortopy, Estabilizador, Refuerzo<\/td>\n<\/tr>\n<tr>\n<td>Acrilato, a base de agua<\/td>\n<td>XYSIL<sup>\u00ae<\/sup>200<\/td>\n<td>2-5<\/td>\n<td>Antideslizante, Thixortopy, Refuerzo<\/td>\n<\/tr>\n<\/tbody>\n<\/table>\n<p><script type=\"text\/javascript\">jQuery(document).ready(function () { jQuery('#fumedsilica').DataTable({\nsearching: false,\nresponsive: true,\npaging: false,\nbInfo : false,\n                columnDefs: [{\n                        responsivePriority: 0,\n                        targets: 0\n                    },\n                    {\n                        responsivePriority: 0,\n                        targets: 1\n                    }\n                ],\n}); });<\/script><\/p>\n","protected":false},"excerpt":{"rendered":"<p>XYSIL\u00ae La s\u00edlice pir\u00f3gena se utiliza principalmente como aditivos para anti-pandeo, control de reolog\u00eda y anti-sedimentaci\u00f3n. Tambi\u00e9n se utiliza como agente de control y refuerzo de la reolog\u00eda en selladores y mejora la estabilidad de almacenamiento y la procesabilidad de adhesivos y selladores. La s\u00edlice pir\u00f3gena XYSIL \u00ae se usa ampliamente en todo tipo de&hellip;<\/p>\n","protected":false},"author":2,"featured_media":0,"parent":21,"menu_order":0,"comment_status":"closed","ping_status":"closed","template":"page-templates\/full-width.php","meta":[],"psp_head":"<title>Fumed Silica in Adhesives and Sealants \u2013 XYSIL\u00ae S\u00edlice pir\u00f3gena - XUNYU CHEM<\/title>\r\n<meta name=\"description\" content=\"XYSIL\u00ae fumed silica used as additives for anti-sag, rheology control and anti-settling in adhesives and sealants\" \/>\r\n<meta name=\"robots\" content=\"index,follow\" \/>\r\n<link rel=\"canonical\" href=\"https:\/\/fumed-silica.net\/es\/aplicaciones\/adhesivos-y-selladores\/\" \/>\r\n","_links":{"self":[{"href":"https:\/\/fumed-silica.net\/es\/wp-json\/wp\/v2\/pages\/1362"}],"collection":[{"href":"https:\/\/fumed-silica.net\/es\/wp-json\/wp\/v2\/pages"}],"about":[{"href":"https:\/\/fumed-silica.net\/es\/wp-json\/wp\/v2\/types\/page"}],"author":[{"embeddable":true,"href":"https:\/\/fumed-silica.net\/es\/wp-json\/wp\/v2\/users\/2"}],"replies":[{"embeddable":true,"href":"https:\/\/fumed-silica.net\/es\/wp-json\/wp\/v2\/comments?post=1362"}],"version-history":[{"count":9,"href":"https:\/\/fumed-silica.net\/es\/wp-json\/wp\/v2\/pages\/1362\/revisions"}],"predecessor-version":[{"id":7995,"href":"https:\/\/fumed-silica.net\/es\/wp-json\/wp\/v2\/pages\/1362\/revisions\/7995"}],"up":[{"embeddable":true,"href":"https:\/\/fumed-silica.net\/es\/wp-json\/wp\/v2\/pages\/21"}],"wp:attachment":[{"href":"https:\/\/fumed-silica.net\/es\/wp-json\/wp\/v2\/media?parent=1362"}],"curies":[{"name":"wp","href":"https:\/\/api.w.org\/{rel}","templated":true}]}}