{"id":11,"date":"2010-08-22T02:35:52","date_gmt":"2010-08-22T02:35:52","guid":{"rendered":"https:\/\/fumed-silica.net\/en"},"modified":"2020-11-20T07:30:29","modified_gmt":"2020-11-20T07:30:29","slug":"productos","status":"publish","type":"page","link":"https:\/\/fumed-silica.net\/es\/productos\/","title":{"rendered":"Productos"},"content":{"rendered":"<h2>XYSIL<sup>\u00ae<\/sup> S\u00edlice Pir\u00f3gena<\/h2>\n<p> <img decoding=\"async\" loading=\"lazy\" src=\"\/es\/wp-content\/uploads\/2010\/08\/pallets-in-warehouse-300x226.jpg\" width=\"300\" height=\"226\" class=\"alignright size-medium wp-image-824\" srcset=\"https:\/\/fumed-silica.net\/es\/wp-content\/uploads\/2010\/08\/pallets-in-warehouse-300x226.jpg 300w, https:\/\/fumed-silica.net\/es\/wp-content\/uploads\/2010\/08\/pallets-in-warehouse-1024x773.jpg 1024w\" sizes=\"(max-width: 300px) 100vw, 300px\" \/><br \/>\nLa s\u00edlice ahumada hidr\u00f3fila XYSIL <sup> \u00ae <\/sup> es un polvo qu\u00edmico fino amorfo, blanco, inofensivo, ins\u00edpido. S\u00edlice pirog\u00e9nica XYSIL <sup> \u00ae <\/sup> con caracter\u00edsticas tales como tama\u00f1o de part\u00edcula peque\u00f1o, \u00e1rea de superficie BET grande, alta actividad superficial y alta pureza. El tama\u00f1o de part\u00edcula original puede ser de 7 a 40 nm seg\u00fan la configuraci\u00f3n del sistema, y el \u00e1rea de superficie BET es de 100 a 400 m2\/g. Debido al efecto nan\u00f3metro, la s\u00edlice pir\u00f3gena XYSIL tiene una excelente naturaleza de refuerzo, espesamiento, tixotrop\u00eda, aislamiento, estera, resistencia a la flacidez, y se usa ampliamente en caucho de silicona HTV y sellador de silicona RTV, revestimiento, pintura, poli\u00e9ster insaturado (UP), aislamiento. materiales, adhesivos y selladores, agricultura y campos industriales de macromol\u00e9culas m\u00e9dicas. <\/br><\/p>\n<p><img decoding=\"async\" loading=\"lazy\" src=\"\/es\/wp-content\/uploads\/2010\/08\/XYSIL200-on-pallet_s-300x197.jpg\" width=\"300\" height=\"197\" class=\"alignleft size-medium wp-image-827\" srcset=\"https:\/\/fumed-silica.net\/es\/wp-content\/uploads\/2010\/08\/XYSIL200-on-pallet_s-300x197.jpg 300w, https:\/\/fumed-silica.net\/es\/wp-content\/uploads\/2010\/08\/XYSIL200-on-pallet_s.jpg 769w\" sizes=\"(max-width: 300px) 100vw, 300px\" \/> Desde 2006, Xunyu Chemical ha estado produciendo s\u00edlice de pir\u00f3lisis <strong> hidr\u00f3fila <\/strong> y sigue investigando y desarroll\u00e1ndose. Ahora, los principales grados de s\u00edlice de pir\u00f3lisis hidr\u00f3fila son <a href=\"\/es\/productos\/silice-pirogena-hidrofila\/\" title=\"detalles de los productos de s\u00edlice de pir\u00f3lisis hidr\u00f3fila XYSIL\u00ae\"> XYSIL <sup> \u00ae <\/sup> 150, XYSIL <sup> \u00ae <\/sup> 200, XYSIL <sup> \u00ae <\/sup> 300 y XYSIL <sup> \u00ae <\/sup> 380. <\/a> Nuestro producto ha sido exportado a EE.UU., M\u00e9xico, Espa\u00f1a, Italia, Corea del Sur, Jap\u00f3n, India, Emiratos \u00c1rabes Unidos y otros m\u00e1s de 30 pa\u00edses, aplicado a caucho de silicona y sellador de silicona RTV, revestimiento, pintura, poli\u00e9ster insaturado (UP), material de aislamiento, adhesivo, etc. la s\u00edlice gana una s\u00f3lida reputaci\u00f3n en el mercado internacional.<\/p>\n<p>Bas\u00e1ndonos en una amplia experiencia en productos hidrof\u00edlicos, desarrollamos grados <strong> hidrof\u00f3bicos <\/strong> para las necesidades del mercado. Los productos hidrof\u00f3bicos XYSIL <sup> \u00ae <\/sup> se basan en grados hidrof\u00edlicos, postratados con HMDS (hexametildisilazano) y DDS (Dimethyldichlorosilane), o estructurado modificado. Los principales grados hidr\u00f3fobos son <a href=\"\/es\/productos\/silice-ahumada-hidrofobica\/\" title=\"details of XYSIL\u00ae hidrof\u00f3bica de s\u00edlice pirog\u00e9nica\"> XYSIL <sup> \u00ae <\/sup> R120, XYSIL <sup> \u00ae <\/sup> R170 y XYSIL <sup> \u00ae <\/sup> R200 <\/a>. Benefici\u00e1ndonos de nuestro proyecto de s\u00edlice pir\u00f3gena hidr\u00f3fila, podemos ofrecer productos hidr\u00f3fobos de alta calidad a un precio competitivo. No buscamos un socio para la investigaci\u00f3n y el marketing de aplicaciones de productos hidrof\u00f3bicos.<\/p>\n<p>Desde 2016, Xunyu Chem tambi\u00e9n desarroll\u00f3 y proporcion\u00f3 <a href=\"\/es\/productos\/alumina-pirogenica\/\" rel=\"noopener noreferrer\" target=\"_blank\"> al\u00famina pir\u00f3gena <\/a> al mercado. La al\u00famina pir\u00f3gena se utiliza ampliamente en la industria de la iluminaci\u00f3n, revestimiento en polvo, t\u00f3ner y papel fotogr\u00e1fico, etc.<\/p>\n","protected":false},"excerpt":{"rendered":"<p>XYSIL\u00ae S\u00edlice Pir\u00f3gena La s\u00edlice ahumada hidr\u00f3fila XYSIL \u00ae es un polvo qu\u00edmico fino amorfo, blanco, inofensivo, ins\u00edpido. S\u00edlice pirog\u00e9nica XYSIL \u00ae con caracter\u00edsticas tales como tama\u00f1o de part\u00edcula peque\u00f1o, \u00e1rea de superficie BET grande, alta actividad superficial y alta pureza. El tama\u00f1o de part\u00edcula original puede ser de 7 a 40 nm seg\u00fan la&hellip;<\/p>\n","protected":false},"author":2,"featured_media":1483,"parent":0,"menu_order":0,"comment_status":"closed","ping_status":"open","template":"","meta":[],"psp_head":"<title>S\u00edlice pirog\u00e9nica de alta calidad a precio competitivo para aerosil y Cabosil; Al\u00famina pir\u00f3gena \u2013 XYSIL\u00ae S\u00edlice pir\u00f3gena - XUNYU CHEM<\/title>\r\n<meta name=\"description\" content=\"S\u00edlice pir\u00f3gena XYSIL\u00ae similar a aerosil y cabosil con alta calidad y precio competitivo y puede ser un reemplazo del aerosil y cabosil en algunas aplicaciones.\" \/>\r\n<meta name=\"robots\" content=\"index,follow\" \/>\r\n<link rel=\"canonical\" href=\"https:\/\/fumed-silica.net\/es\/productos\/\" \/>\r\n","_links":{"self":[{"href":"https:\/\/fumed-silica.net\/es\/wp-json\/wp\/v2\/pages\/11"}],"collection":[{"href":"https:\/\/fumed-silica.net\/es\/wp-json\/wp\/v2\/pages"}],"about":[{"href":"https:\/\/fumed-silica.net\/es\/wp-json\/wp\/v2\/types\/page"}],"author":[{"embeddable":true,"href":"https:\/\/fumed-silica.net\/es\/wp-json\/wp\/v2\/users\/2"}],"replies":[{"embeddable":true,"href":"https:\/\/fumed-silica.net\/es\/wp-json\/wp\/v2\/comments?post=11"}],"version-history":[{"count":6,"href":"https:\/\/fumed-silica.net\/es\/wp-json\/wp\/v2\/pages\/11\/revisions"}],"predecessor-version":[{"id":8063,"href":"https:\/\/fumed-silica.net\/es\/wp-json\/wp\/v2\/pages\/11\/revisions\/8063"}],"wp:featuredmedia":[{"embeddable":true,"href":"https:\/\/fumed-silica.net\/es\/wp-json\/wp\/v2\/media\/1483"}],"wp:attachment":[{"href":"https:\/\/fumed-silica.net\/es\/wp-json\/wp\/v2\/media?parent=11"}],"curies":[{"name":"wp","href":"https:\/\/api.w.org\/{rel}","templated":true}]}}